{"id":2162,"date":"2026-01-06T08:48:32","date_gmt":"2026-01-06T08:48:32","guid":{"rendered":"https:\/\/lyfilter.com\/?post_type=product&#038;p=2162"},"modified":"2026-01-06T08:48:33","modified_gmt":"2026-01-06T08:48:33","slug":"best-price-20-40-inch-ppf-water-filter-cartridge-5-micron-40-inch-1-micron-pp-water-filter-candle","status":"publish","type":"product","link":"https:\/\/lyfilter.com\/tr\/best-price-20-40-inch-ppf-water-filter-cartridge-5-micron-40-inch-1-micron-pp-water-filter-candle\/","title":{"rendered":"En iyi fiyat 20 40 in\u00e7 ppf su filtresi kartu\u015fu 5 mikron \/ 40 in\u00e7 1 mikron pp su filtresi mumu"},"content":{"rendered":"<table>\n<thead>\n<tr>\n<th>\u00d6\u011fe<\/th>\n<th>DETAYLAR<\/th>\n<\/tr>\n<\/thead>\n<tbody>\n<tr>\n<td>men\u015fe yeri<\/td>\n<td>guangdong, \u00e7i\u0307n<\/td>\n<\/tr>\n<tr>\n<td>marka ad\u0131<\/td>\n<td>lvyuan \/ oem<\/td>\n<\/tr>\n<tr>\n<td>model numaras\u0131<\/td>\n<td>ly-pp<\/td>\n<\/tr>\n<tr>\n<td>g\u00fc\u00e7 (w)<\/td>\n<td>0<\/td>\n<\/tr>\n<tr>\n<td>Gerilim (v)<\/td>\n<td>0<\/td>\n<\/tr>\n<tr>\n<td>BELGELEND\u0130RME<\/td>\n<td>ce; gs; rohs; bv<\/td>\n<\/tr>\n<tr>\n<td>tip<\/td>\n<td>\u00f6n fi\u0307ltreleme<\/td>\n<\/tr>\n<tr>\n<td>kullan\u0131m<\/td>\n<td>g\u00fcvenlik filtresi muhafazas\u0131<\/td>\n<\/tr>\n<tr>\n<td>do\u011fruluk<\/td>\n<td>1-100 mikron<\/td>\n<\/tr>\n<tr>\n<td>uzunluk<\/td>\n<td>10\u2033 (254mm); 20\u2033 (508mm); 30\u2033 (762mm); 40\u2033 (1016mm)<\/td>\n<\/tr>\n<tr>\n<td>d\u0131\u015f \u00e7ap<\/td>\n<td>60-65 mm<\/td>\n<\/tr>\n<tr>\n<td>i\u00e7 \u00e7ap<\/td>\n<td>28 mm \/ 30 mm<\/td>\n<\/tr>\n<tr>\n<td>filtre tipi<\/td>\n<td>oluk; kabartma; noktalar; \u015firket logosu<\/td>\n<\/tr>\n<tr>\n<td>filtre aray\u00fcz\u00fc<\/td>\n<td>d\u00fcz tip; tip 222; tip 226; tip 215<\/td>\n<\/tr>\n<tr>\n<td>en y\u00fcksek s\u0131cakl\u0131k<\/td>\n<td>80\u2103<\/td>\n<\/tr>\n<tr>\n<td>i\u015f bas\u0131nc\u0131 d\u00fc\u015f\u00fc\u015f\u00fc<\/td>\n<td>0,1 kgf\/c\u33a1<\/td>\n<\/tr>\n<tr>\n<td>en y\u00fcksek kapal\u0131<\/td>\n<td>5 kgf\/c\u33a1<\/td>\n<\/tr>\n<tr>\n<td>maksimum bas\u0131n\u00e7 d\u00fc\u015f\u00fc\u015f\u00fc<\/td>\n<td>3 kgf\/c\u33a1<\/td>\n<\/tr>\n<tr>\n<td>tedarik yetene\u011fi<\/td>\n<td>G\u00fcnde 1000 adet\/adet<\/td>\n<\/tr>\n<\/tbody>\n<\/table>\n<div class=\"pro_aliData\">\n<div class=\"detail-box\">\n<div class=\"scc-wrapper detail-module module-productSpecification\" data-spm=\"pronpeci14\">\n<div id=\"J-rich-text-description\" class=\"richtext richtext-detail rich-text-description\">\n<p>Giri\u015f:<\/p>\n<p>PP eriyik \u00fcflemeli filtre kartu\u015fu (PPF) polipropilen malzemeden yap\u0131lm\u0131\u015ft\u0131r.<\/p>\n<p>As\u0131l\u0131 maddeleri, partik\u00fclleri ve pas\u0131 etkili bir \u015fekilde temizleyebilir.<\/p>\n<p>Bu t\u00fcr bir kartu\u015f, di\u011ferlerini korumak i\u00e7in \u00f6n filtre kartu\u015fu i\u00e7in kullan\u0131l\u0131r.<\/p>\n<p>&nbsp;<\/p>\n<p>&nbsp;<\/p>\n<p>&nbsp;<\/p>\n<p>&nbsp;<\/p>\n<p>Parametreler:<\/p>\n<div class=\"table-responsive\">\n<table class=\"aliDataTable\">\n<tbody>\n<tr align=\"left\">\n<td valign=\"top\">\u00dcr\u00fcn<\/td>\n<td valign=\"top\">PP \u00e7ekirdekli 5 mikron spun polipropilen filtre kartu\u015fu<\/td>\n<\/tr>\n<tr align=\"left\">\n<td valign=\"top\">Malzeme<\/td>\n<td valign=\"top\">PP, polipropilen<\/td>\n<\/tr>\n<tr align=\"left\">\n<td valign=\"top\">Stil<\/td>\n<td valign=\"top\">Oluk, Bas\u0131n\u00e7 noktalar\u0131, D\u00fcz, \u00c7aprazlama<\/td>\n<\/tr>\n<tr align=\"left\">\n<td valign=\"top\">Hassas filtreleme<\/td>\n<td valign=\"top\">1~100 mikron<\/td>\n<\/tr>\n<tr align=\"left\">\n<td valign=\"top\">D\u0131\u015f \u00e7ap<\/td>\n<td valign=\"top\">60~65mm<\/td>\n<\/tr>\n<tr align=\"left\">\n<td valign=\"top\">\u0130\u00e7 \u00e7ap<\/td>\n<td valign=\"top\">28mm veya 30mm<\/td>\n<\/tr>\n<tr align=\"left\">\n<td valign=\"top\">Aray\u00fcz<\/td>\n<td valign=\"top\">D\u00fcz, ge\u00e7meli, vidal\u0131<\/td>\n<\/tr>\n<tr align=\"left\">\n<td valign=\"top\">U\u00e7 kapa\u011f\u0131 tipi<\/td>\n<td valign=\"top\">222flat, 222fin, 226flat, 226fin, 215flat, 215fin<\/td>\n<\/tr>\n<tr align=\"left\">\n<td valign=\"top\">Uzunluk<\/td>\n<td valign=\"top\">5\u201d,10\u201d,20\u201d,30\u201d,40\u201d,50\u2033, 60\u2033<\/td>\n<\/tr>\n<tr align=\"left\">\n<td valign=\"top\">Maksimum diferansiyel bas\u0131n\u00e7<\/td>\n<td valign=\"top\">3 kgf\/cm\u00b2<\/td>\n<\/tr>\n<tr align=\"left\">\n<td valign=\"top\">Maksimum \u00e7al\u0131\u015fma s\u0131cakl\u0131\u011f\u0131<\/td>\n<td valign=\"top\">80\u00b0c<\/td>\n<\/tr>\n<tr align=\"left\">\n<td valign=\"top\">\u00c7al\u0131\u015fma diferansiyel bas\u0131nc\u0131<\/td>\n<td valign=\"top\">0.1kgf\/cm2<\/td>\n<\/tr>\n<tr align=\"left\">\n<td valign=\"top\">Marka<\/td>\n<td valign=\"top\">Lvyuan\/OEM<\/td>\n<\/tr>\n<tr align=\"left\">\n<td valign=\"top\">Ortak a\u011f\u0131rl\u0131k<\/td>\n<td valign=\"top\">100- 120g\/10\u2033 (\u00d6zelle\u015ftirilebilir)<\/td>\n<\/tr>\n<\/tbody>\n<\/table>\n<\/div>\n<p>&nbsp;<\/p>\n<p>&nbsp;<\/p>\n<p>&nbsp;<\/p>\n<p>&nbsp;<\/p>\n<p>\u00d6zellikler :<\/p>\n<p>1. As\u0131l\u0131 maddeleri, partik\u00fclleri ve pas\u0131 etkili bir \u015fekilde ta\u015f\u0131y\u0131n.<\/p>\n<p>2. Su \u00f6n filtreleme<\/p>\n<p>3. Geni\u015f kimyasal uyumluluk<\/p>\n<p>4. Bas\u0131n\u00e7 ge\u00e7irmez<\/p>\n<p>5. Y\u00fcksek kimyasal diren\u00e7.<\/p>\n<p>6. Her t\u00fcrl\u00fc adapt\u00f6r mevcuttur<\/p>\n<p>7. Y\u00fcksek kirletici tutma kapasitesi ve uzun servis \u00f6mr\u00fc.<\/p>\n<p>&nbsp;<\/p>\n<p>&nbsp;<\/p>\n<p>&nbsp;<\/p>\n<p>&nbsp;<\/p>\n<p>Kapsam:<\/p>\n<p>\u00d6n filtrasyon veya RO sistemi, solvent, kimya end\u00fcstrisi, petrol end\u00fcstrisi,<\/p>\n<p>i\u00e7me suyu ar\u0131tma, elektronik ve enerji end\u00fcstrileri, kaplama,<\/p>\n<p>yiyecek ve i\u00e7ecek, \u015farap, vb.<\/p>\n<p>&nbsp;<\/p>\n<p>&nbsp;<\/p>\n<p>&nbsp;<\/p>\n<p>Paketleme Detay\u0131: 10 \u2033: 50 ADET \/ CTN; 20 \u2033: 25 ADET \/ CTN; 30 \u2033: 25 ADET \/ CTN; 40 \u2033: 25 ADET \/ CTN<\/p>\n<p>Teslimat Detay\u0131: 30% depozitosunu ald\u0131ktan sonra 7 g\u00fcn i\u00e7inde<\/p>\n<p>&nbsp;<\/p>\n<p>&nbsp;<\/p>\n<p>&nbsp;<\/p>\n<p>&nbsp;<\/p>\n<p>&nbsp;<\/p>\n<p>\u00dcr\u00fcn G\u00f6sterileri:<\/p>\n<p><img decoding=\"async\" src=\"https:\/\/img.yfisher.com\/m6076\/1725731201we9\/jpg70-t3-scale100.webp\" alt=\"En iyi fiyat 20 40 in\u00e7 ppf su filtresi kartu\u015fu 5 mikron \/ 40 in\u00e7 1 mikron pp su filtresi mum 7\" data-alt=\"Best price 20 40 inch ppf water filter cartridge 5 micron\/40 inch 1 micron pp water filter candle\" data-=\"\" data-lazy=\"2\" title=\"\"><\/p>\n<p><img decoding=\"async\" src=\"https:\/\/img.yfisher.com\/m6076\/1725727044jk0\/jpg70-t3-scale100.webp\" alt=\"En iyi fiyat 20 40 in\u00e7 ppf su filtresi kartu\u015fu 5 mikron \/ 40 in\u00e7 1 mikron pp su filtresi mum 9\" data-alt=\"Best price 20 40 inch ppf water filter cartridge 5 micron\/40 inch 1 micron pp water filter candle\" data-=\"\" data-lazy=\"2\" title=\"\"><\/p>\n<p><img decoding=\"async\" src=\"https:\/\/img.yfisher.com\/m6076\/1725727044ad0\/jpg70-t3-scale100.webp\" alt=\"En iyi fiyat 20 40 in\u00e7 ppf su filtresi kartu\u015fu 5 mikron \/ 40 in\u00e7 1 mikron pp su filtresi mum 11\" data-alt=\"Best price 20 40 inch ppf water filter cartridge 5 micron\/40 inch 1 micron pp water filter candle\" data-=\"\" data-lazy=\"2\" title=\"\"><\/p>\n<p><img decoding=\"async\" src=\"https:\/\/img.yfisher.com\/m6076\/1725727044yry\/jpg70-t3-scale100.webp\" alt=\"En iyi fiyat 20 40 in\u00e7 ppf su filtresi kartu\u015fu 5 mikron \/ 40 in\u00e7 1 mikron pp su filtresi mum 13\" data-alt=\"Best price 20 40 inch ppf water filter cartridge 5 micron\/40 inch 1 micron pp water filter candle\" data-=\"\" data-lazy=\"2\" title=\"\"><\/p>\n<p><img decoding=\"async\" src=\"https:\/\/img.yfisher.com\/m6076\/17257312014p8\/jpg70-t3-scale100.webp\" alt=\"En iyi fiyat 20 40 in\u00e7 ppf su filtresi kartu\u015fu 5 mikron \/ 40 in\u00e7 1 mikron pp su filtresi mum 15\" data-alt=\"Best price 20 40 inch ppf water filter cartridge 5 micron\/40 inch 1 micron pp water filter candle\" data-=\"\" data-lazy=\"2\" title=\"\"><\/p>\n<p><img decoding=\"async\" src=\"https:\/\/img.yfisher.com\/m6076\/17257270449f1\/jpg70-t3-scale100.webp\" alt=\"En iyi fiyat 20 40 in\u00e7 ppf su filtresi kartu\u015fu 5 mikron \/ 40 in\u00e7 1 mikron pp su filtresi mum 17\" data-alt=\"Best price 20 40 inch ppf water filter cartridge 5 micron\/40 inch 1 micron pp water filter candle\" data-=\"\" data-lazy=\"2\" title=\"\"><\/p>\n<p><img decoding=\"async\" src=\"https:\/\/img.yfisher.com\/m6076\/1725727044bwm\/jpg70-t3-scale100.webp\" alt=\"En iyi fiyat 20 40 in\u00e7 ppf su filtresi kartu\u015fu 5 mikron \/ 40 in\u00e7 1 mikron pp su filtresi mum 19\" data-alt=\"Best price 20 40 inch ppf water filter cartridge 5 micron\/40 inch 1 micron pp water filter candle\" data-=\"\" data-lazy=\"2\" title=\"\"><\/p>\n<p>&nbsp;<\/p>\n<p>&nbsp;<\/p>\n<p>&nbsp;<\/p>\n<p>&nbsp;<\/p>\n<p>Pls daha fazla ayr\u0131nt\u0131 veya teklif i\u00e7in bizimle ileti\u015fime ge\u00e7mekten \u00e7ekinmeyin<\/p>\n<p>\u00dcr\u00fcnlerimizle veya \u015firketimizle ilgileniyorsan\u0131z : )<\/p>\n<p>&nbsp;<\/p>\n<p>&nbsp;<\/p>\n<p>&nbsp;<\/p>\n<p><strong>\u0130leti\u015fim Bilgilerim --<\/strong><\/p>\n<p><img decoding=\"async\" src=\"https:\/\/img.yfisher.com\/m6076\/172572799710g\/jpg70-t3-scale100.webp\" alt=\"En iyi fiyat 20 40 in\u00e7 ppf su filtresi kartu\u015fu 5 mikron \/ 40 in\u00e7 1 mikron pp su filtresi mum 21\" data-alt=\"Best price 20 40 inch ppf water filter cartridge 5 micron\/40 inch 1 micron pp water filter candle\" data-=\"\" data-lazy=\"2\" title=\"\"><\/p>\n<\/div>\n<\/div>\n<div data-module=\"detailMarketPackage\"><\/div>\n<div data-module=\"productAuth\"><\/div>\n<\/div>\n<\/div>\n<div class=\"diffStatement\">Di\u011ferleri ile kar\u015f\u0131la\u015ft\u0131r\u0131ld\u0131\u011f\u0131nda\u00a0<a href=\"https:\/\/lyfilter.com\/tr\/products.html\/\">su fi\u0307ltre kartu\u015flari<\/a>\u00a0Guangzhou Lvyuan Su Ar\u0131tma Equipment Co, Ltd. daha teknik, daha de\u011fer bilincine sahip ve \u00e7ok say\u0131da se\u00e7kin Ar-Ge yetene\u011fine sahiptir. \u00d6zel gereksinimlere uyacak \u015fekilde \u00f6zelle\u015ftirilmi\u015f u\u00e7 kapak konfig\u00fcrasyonlar\u0131 mevcuttur Guangzhou Lvyuan Su Ar\u0131tma Equipment Co, Ltd. su filtresi kartu\u015flar\u0131nda \u00c7in'deki di\u011ferlerinden daha fazla avantaja sahiptir. \u00d6zel gereksinimlere uyacak \u015fekilde \u00f6zelle\u015ftirilmi\u015f u\u00e7 kapak konfig\u00fcrasyonlar\u0131 mevcuttur<\/div>","protected":false},"excerpt":{"rendered":"<p>\u0130htiyac\u0131n\u0131z olan uzunlu\u011fu se\u00e7in, do\u011fru aray\u00fczle e\u015fle\u015ftirin ve kolay, tutarl\u0131 bir de\u011fi\u015fim i\u00e7in oluklu\/kabartmal\u0131 bir y\u00fczey veya logonuzu ekleyin.<\/p>","protected":false},"featured_media":2170,"comment_status":"open","ping_status":"closed","template":"","meta":{"_gspb_post_css":""},"product_brand":[],"product_cat":[23,17],"product_tag":[910,911,909,669,913,912],"class_list":{"0":"post-2162","1":"product","2":"type-product","3":"status-publish","4":"has-post-thumbnail","6":"product_cat-pp-filter-cartridge","7":"product_cat-sediment-filter","8":"product_tag-1-100-micron-pre-filtration","9":"product_tag-10-40-inch-pp-cartridge","10":"product_tag-ly-pp-filter-cartridge","11":"product_tag-pp-sediment-filter-cartridge","12":"product_tag-security-filter-housing-prefilter","13":"product_tag-type-222-226-215-interface","15":"first","16":"instock","17":"shipping-taxable","18":"product-type-simple"},"_links":{"self":[{"href":"https:\/\/lyfilter.com\/tr\/wp-json\/wp\/v2\/product\/2162","targetHints":{"allow":["GET"]}}],"collection":[{"href":"https:\/\/lyfilter.com\/tr\/wp-json\/wp\/v2\/product"}],"about":[{"href":"https:\/\/lyfilter.com\/tr\/wp-json\/wp\/v2\/types\/product"}],"replies":[{"embeddable":true,"href":"https:\/\/lyfilter.com\/tr\/wp-json\/wp\/v2\/comments?post=2162"}],"wp:featuredmedia":[{"embeddable":true,"href":"https:\/\/lyfilter.com\/tr\/wp-json\/wp\/v2\/media\/2170"}],"wp:attachment":[{"href":"https:\/\/lyfilter.com\/tr\/wp-json\/wp\/v2\/media?parent=2162"}],"wp:term":[{"taxonomy":"product_brand","embeddable":true,"href":"https:\/\/lyfilter.com\/tr\/wp-json\/wp\/v2\/product_brand?post=2162"},{"taxonomy":"product_cat","embeddable":true,"href":"https:\/\/lyfilter.com\/tr\/wp-json\/wp\/v2\/product_cat?post=2162"},{"taxonomy":"product_tag","embeddable":true,"href":"https:\/\/lyfilter.com\/tr\/wp-json\/wp\/v2\/product_tag?post=2162"}],"curies":[{"name":"wp","href":"https:\/\/api.w.org\/{rel}","templated":true}]}}