{"id":2155,"date":"2026-01-06T08:46:08","date_gmt":"2026-01-06T08:46:08","guid":{"rendered":"https:\/\/lyfilter.com\/?post_type=product&#038;p=2155"},"modified":"2026-01-06T08:46:08","modified_gmt":"2026-01-06T08:46:08","slug":"various-dimension-micropore-water-filter-pp-sediment-cartridge-for-liquid-purification","status":"publish","type":"product","link":"https:\/\/lyfilter.com\/tr\/various-dimension-micropore-water-filter-pp-sediment-cartridge-for-liquid-purification\/","title":{"rendered":"S\u0131v\u0131 ar\u0131tma i\u00e7in \u00e7e\u015fitli boyutlarda mikro g\u00f6zenekli su filtresi PP tortu kartu\u015fu"},"content":{"rendered":"<table>\n<thead>\n<tr>\n<th>\u00d6\u011fe<\/th>\n<th>DETAYLAR<\/th>\n<\/tr>\n<\/thead>\n<tbody>\n<tr>\n<td>durum<\/td>\n<td>yeni<\/td>\n<\/tr>\n<tr>\n<td>uygulanabi\u0307li\u0307r sekt\u00f6rler<\/td>\n<td>oteller; konfeksiyon ma\u011fazalar\u0131; yap\u0131 malzemesi ma\u011fazalar\u0131; \u00fcretim tesisi; makine tamir at\u00f6lyeleri; yiyecek ve i\u00e7ecek fabrikas\u0131; \u00e7iftlikler; restoran; ev kullan\u0131m\u0131; perakende; g\u0131da ma\u011fazas\u0131; matbaalar; in\u015faat i\u015fleri; enerji ve madencilik; yiyecek ve i\u00e7ecek ma\u011fazalar\u0131; reklam \u015firketi<\/td>\n<\/tr>\n<tr>\n<td>men\u015fe yeri<\/td>\n<td>guangdong, \u00e7i\u0307n<\/td>\n<\/tr>\n<tr>\n<td>marka ad\u0131<\/td>\n<td>lvyuan \/ oem<\/td>\n<\/tr>\n<tr>\n<td>malzeme<\/td>\n<td>karton<\/td>\n<\/tr>\n<tr>\n<td>a\u011f\u0131rl\u0131k<\/td>\n<td>ba\u011fl\u0131d\u0131r<\/td>\n<\/tr>\n<tr>\n<td>boyut<\/td>\n<td>istek olarak<\/td>\n<\/tr>\n<tr>\n<td>g\u00fc\u00e7<\/td>\n<td>0<\/td>\n<\/tr>\n<tr>\n<td>Garanti<\/td>\n<td>Kullan\u0131lamaz<\/td>\n<\/tr>\n<tr>\n<td>\u00dcR\u00dcN ADI<\/td>\n<td>eriyik \u00fcflemeli pp filtre kartu\u015fu<\/td>\n<\/tr>\n<tr>\n<td>mikron oran\u0131<\/td>\n<td>1, 3, 5, 10 mikron<\/td>\n<\/tr>\n<tr>\n<td>BELGELEND\u0130RME<\/td>\n<td>ce; sgs<\/td>\n<\/tr>\n<tr>\n<td>uygulama<\/td>\n<td>su fi\u0307ltresi\u0307 par\u00e7alari; ters osmoz (ro)<\/td>\n<\/tr>\n<tr>\n<td>kullan\u0131m<\/td>\n<td>s\u0131v\u0131 kartu\u015f filtre<\/td>\n<\/tr>\n<tr>\n<td>filtre malzemesi<\/td>\n<td>poli\u0307propi\u0307len (pp) membran<\/td>\n<\/tr>\n<tr>\n<td>uzunluk<\/td>\n<td>5\u2033, 10\u2033, 20\u2033, 30\u2033, 40\u2033, 50\u2033 in\u00e7<\/td>\n<\/tr>\n<tr>\n<td>u\u00e7 kapak se\u00e7enekleri\u0307<\/td>\n<td>doe; 222 + fin; 222 + flat; 226 + fin; 226 + flat<\/td>\n<\/tr>\n<tr>\n<td>conta \/ o-ring malzemesi<\/td>\n<td>silikon; epdm; viton<\/td>\n<\/tr>\n<tr>\n<td>i\u00e7 \u00e7ekirdek<\/td>\n<td>pp veya hi\u00e7biri<\/td>\n<\/tr>\n<tr>\n<td>sat\u0131\u015f sonras\u0131 hizmet sa\u011fland\u0131<\/td>\n<td>online destek<\/td>\n<\/tr>\n<tr>\n<td>tedarik yetene\u011fi<\/td>\n<td>G\u00fcnde 5000 adet\/adet (mikro g\u00f6zenekli su filtresi)<\/td>\n<\/tr>\n<\/tbody>\n<\/table>","protected":false},"excerpt":{"rendered":"<p>\u0130nce tortular\u0131 tutmaya ve ro veya su sisteminizi korumaya yard\u0131mc\u0131 olan g\u00fcvenilir bir eriyik \u00fcflemeli pp kartu\u015f elde edersiniz. 1-10 mikron de\u011ferlerini, do\u011fru uzunlu\u011fu ve muhafazan\u0131za uyan u\u00e7 kapa\u011f\u0131 stilini se\u00e7in.<\/p>","protected":false},"featured_media":2163,"comment_status":"open","ping_status":"closed","template":"","meta":{"_gspb_post_css":""},"product_brand":[],"product_cat":[23,17],"product_tag":[905,908,683,661,907,871],"class_list":{"0":"post-2155","1":"product","2":"type-product","3":"status-publish","4":"has-post-thumbnail","6":"product_cat-pp-filter-cartridge","7":"product_cat-sediment-filter","8":"product_tag-1-10-micron-sediment-filter","9":"product_tag-ce-sgs-certified-filter","10":"product_tag-doe-222-226-end-caps","11":"product_tag-melt-blown-pp-filter-cartridge","12":"product_tag-polypropylene-pp-cartridge","13":"product_tag-ro-water-filter-cartridge","15":"first","16":"instock","17":"shipping-taxable","18":"product-type-simple"},"_links":{"self":[{"href":"https:\/\/lyfilter.com\/tr\/wp-json\/wp\/v2\/product\/2155","targetHints":{"allow":["GET"]}}],"collection":[{"href":"https:\/\/lyfilter.com\/tr\/wp-json\/wp\/v2\/product"}],"about":[{"href":"https:\/\/lyfilter.com\/tr\/wp-json\/wp\/v2\/types\/product"}],"replies":[{"embeddable":true,"href":"https:\/\/lyfilter.com\/tr\/wp-json\/wp\/v2\/comments?post=2155"}],"wp:featuredmedia":[{"embeddable":true,"href":"https:\/\/lyfilter.com\/tr\/wp-json\/wp\/v2\/media\/2163"}],"wp:attachment":[{"href":"https:\/\/lyfilter.com\/tr\/wp-json\/wp\/v2\/media?parent=2155"}],"wp:term":[{"taxonomy":"product_brand","embeddable":true,"href":"https:\/\/lyfilter.com\/tr\/wp-json\/wp\/v2\/product_brand?post=2155"},{"taxonomy":"product_cat","embeddable":true,"href":"https:\/\/lyfilter.com\/tr\/wp-json\/wp\/v2\/product_cat?post=2155"},{"taxonomy":"product_tag","embeddable":true,"href":"https:\/\/lyfilter.com\/tr\/wp-json\/wp\/v2\/product_tag?post=2155"}],"curies":[{"name":"wp","href":"https:\/\/api.w.org\/{rel}","templated":true}]}}