{"id":2141,"date":"2026-01-06T08:38:36","date_gmt":"2026-01-06T08:38:36","guid":{"rendered":"https:\/\/lyfilter.com\/?post_type=product&#038;p=2141"},"modified":"2026-01-06T08:38:36","modified_gmt":"2026-01-06T08:38:36","slug":"pp-cto-udf-water-micro-filter-cartridge-for-reverse-osmosis","status":"publish","type":"product","link":"https:\/\/lyfilter.com\/tr\/pp-cto-udf-water-micro-filter-cartridge-for-reverse-osmosis\/","title":{"rendered":"Ters Osmoz \u0130\u00e7in PP CTO UDF Su Mikro Filtre Kartu\u015fu"},"content":{"rendered":"<p><strong>PP CTO UDF Su Mikro Filtre Kartu\u015fu \u00dcr\u00fcn A\u00e7\u0131klamas\u0131<\/strong><\/p>\n<p>&nbsp;<\/p>\n<p>PP, CTO ve UDF, su filtresi kartu\u015funun temel bile\u015fenleridir.\u00a0\u00a0<strong>PP (Polipropilen) su filtresi<\/strong>\u00a0genellikle ilk a\u015fama, g\u00f6zenek boyutlar\u0131 tipik olarak 3-5 mikron aras\u0131nda olan pas, kum ve d\u00f6k\u00fcnt\u00fc gibi daha b\u00fcy\u00fck par\u00e7ac\u0131klar\u0131 yakalayan e\u011frilmi\u015f bir elyaf a\u011fd\u0131r.\u00a0<strong>CTO (S\u0131k\u0131\u015ft\u0131r\u0131lm\u0131\u015f Karbon Blok) filtresi<\/strong>, genellikle ikinci veya \u00fc\u00e7\u00fcnc\u00fc a\u015fama, yo\u011fun \u015fekilde paketlenmi\u015f bir aktif karbon kartu\u015fudur. Kloru, k\u00f6t\u00fc tatlar\u0131, kokular\u0131 etkili bir \u015fekilde giderir ve ince g\u00f6zenekler de k\u00fc\u00e7\u00fck kirleri yakalar.\u00a0<strong>UDF (Gran\u00fcl Aktif Karbon) filtre<\/strong>, Sistem tasar\u0131m\u0131na ba\u011fl\u0131 olarak CTO'dan \u00f6nce veya sonra yerle\u015ftirilebilen UDF, kirleticileri adsorbe etmek ve kalan kirleri ve kokular\u0131 ortadan kald\u0131rarak suyu daha da ar\u0131tmak i\u00e7in gev\u015fek karbon gran\u00fclleri kullan\u0131r. CTO'nun aksine, UDF biraz daha h\u0131zl\u0131 ak\u0131\u015f h\u0131zlar\u0131na sahip olabilir, ancak karbon partik\u00fcllerinin hareketi nedeniyle potansiyel olarak daha az tutarl\u0131 filtreleme sa\u011flar. Bu PP UDF CTO filtreleri kullan\u0131larak kirleticiler etkili bir \u015fekilde filtrelenebilir, su kalitesi iyile\u015ftirilebilir ve g\u00fcvenli i\u00e7me sa\u011flanabilir.<\/p>\n<p>&nbsp;<\/p>\n<table class=\"aliDataTable\">\n<tbody>\n<tr class=\"firstRow\">\n<td>\n<div><strong>\u00dcr\u00fcn<\/strong><\/div>\n<\/td>\n<td>\n<div>Eriyik \u00dcflemeli PP UDF tortu filtre kartu\u015fu<\/div>\n<\/td>\n<\/tr>\n<tr>\n<td>\n<div><strong>Uzunluk<\/strong><\/div>\n<\/td>\n<td>\n<div>5\u2033, 10\u2033, 20\u2033, 30\u2033, 40\u2033, 50\u201d, 60\u201d in\u00e7<\/div>\n<\/td>\n<\/tr>\n<tr>\n<td>\n<div><strong>Mikron Oran\u0131<\/strong><\/div>\n<\/td>\n<td>\n<div>1~100 mikron \u00f6zelle\u015ftirilmi\u015f, \u00f6zellikle 1, 3, 5, 10 mikron<\/div>\n<\/td>\n<\/tr>\n<tr>\n<td>\n<div><strong>U\u00e7 Kapa\u011f\u0131<\/strong><\/div>\n<\/td>\n<td>\n<div>DOE, 222+Fin, 222+Flat, 226+Fin, 226+Flat<\/div>\n<\/td>\n<\/tr>\n<tr>\n<td>\n<div><strong>\u0130\u00e7 \u00c7ap<\/strong><\/div>\n<\/td>\n<td>\n<div>28~30mm<\/div>\n<\/td>\n<\/tr>\n<tr>\n<td>\n<div><strong>D\u0131\u015f \u00c7ap<\/strong><\/div>\n<\/td>\n<td>\n<div>60~65mm, Jumbo 110~115mm<\/div>\n<\/td>\n<\/tr>\n<tr>\n<td>\n<div><strong>Conta\/O halka malzemesi<\/strong><\/div>\n<\/td>\n<td>\n<div>Silikon\/EPDM\/NBR\/Viton<\/div>\n<\/td>\n<\/tr>\n<tr>\n<td>\n<div><strong>Malzeme<\/strong><\/div>\n<\/td>\n<td>\n<div>PP \/ polipropilen<\/div>\n<\/td>\n<\/tr>\n<tr>\n<td>\n<div><strong>Stil<\/strong><\/div>\n<\/td>\n<td>\n<div>Oluk, Bas\u0131n\u00e7 noktalar\u0131, D\u00fcz, \u00c7aprazlama<\/div>\n<\/td>\n<\/tr>\n<tr>\n<td>\n<div><strong>\u0130\u00e7 \u00e7ekirdek<\/strong><\/div>\n<\/td>\n<td>\n<div>PP veya Yok<\/div>\n<\/td>\n<\/tr>\n<tr>\n<td>\n<div><strong>Aray\u00fcz<\/strong><\/div>\n<\/td>\n<td>\n<div>D\u00fcz, ekleme<\/div>\n<\/td>\n<\/tr>\n<tr>\n<td>\n<div><strong>Maksimum diferansiyel bas\u0131n\u00e7<\/strong><\/div>\n<\/td>\n<td>\n<div>3 kgf\/cm\u00b2<\/div>\n<\/td>\n<\/tr>\n<tr>\n<td>\n<div><strong>Maksimum \u00e7al\u0131\u015fma s\u0131cakl\u0131\u011f\u0131<\/strong><\/div>\n<\/td>\n<td>\n<div>80\u00b0c<\/div>\n<\/td>\n<\/tr>\n<tr>\n<td>\n<div><strong>\u00c7al\u0131\u015fma diferansiyel bas\u0131nc\u0131<\/strong><\/div>\n<\/td>\n<td>\n<div>0.1kgf\/cm2<\/div>\n<\/td>\n<\/tr>\n<tr>\n<td>\n<div><strong>Ortak a\u011f\u0131rl\u0131k<\/strong><\/div>\n<\/td>\n<td>\n<div>100- 120g\/10\u2033 (\u00d6zelle\u015ftirilebilir)<\/div>\n<\/td>\n<\/tr>\n<\/tbody>\n<\/table>","protected":false},"excerpt":{"rendered":"<table>\n<thead>\n<tr>\n<th>\u00d6\u011fe<\/th>\n<th>DETAYLAR<\/th>\n<\/tr>\n<\/thead>\n<tbody>\n<tr>\n<td>marka<\/td>\n<td>oem \/ \u00f6zelle\u015ftirilmi\u015f<\/td>\n<\/tr>\n<tr>\n<td>model<\/td>\n<td>lvyuan-<\/td>\n<\/tr>\n<tr>\n<td>BELGELEND\u0130RME<\/td>\n<td>sgs<\/td>\n<\/tr>\n<tr>\n<td>ba\u015flang\u0131\u00e7 portu<\/td>\n<td>guangzhou<\/td>\n<\/tr>\n<tr>\n<td>men\u015fe yeri<\/td>\n<td>guangzhou \/ shenzhen<\/td>\n<\/tr>\n<tr>\n<td>\u00fcreti\u0307m kapasi\u0307tesi\u0307<\/td>\n<td>10.000 adet\/ay<\/td>\n<\/tr>\n<tr>\n<td>moq<\/td>\n<td>1 adet<\/td>\n<\/tr>\n<tr>\n<td>TESL\u0130MAT S\u00dcRES\u0130<\/td>\n<td>15-20 g\u00fcn<\/td>\n<\/tr>\n<tr>\n<td>\u00f6deme<\/td>\n<td>t\/t; western union; alibaba ti\u0307caret g\u00fcvencesi\u0307<\/td>\n<\/tr>\n<\/tbody>\n<\/table>","protected":false},"featured_media":2149,"comment_status":"open","ping_status":"closed","template":"","meta":{"_gspb_post_css":""},"product_brand":[],"product_cat":[17,23],"product_tag":[903,904,286,285,902,302],"class_list":{"0":"post-2141","1":"product","2":"type-product","3":"status-publish","4":"has-post-thumbnail","6":"product_cat-sediment-filter","7":"product_cat-pp-filter-cartridge","8":"product_tag-10000-pcs-per-month-capacity","9":"product_tag-15-20-days-delivery","10":"product_tag-guangzhou-start-port","11":"product_tag-moq-1-pcs","12":"product_tag-oem-customized-filter-element","13":"product_tag-sgs-certified-filter","15":"first","16":"instock","17":"shipping-taxable","18":"product-type-simple"},"_links":{"self":[{"href":"https:\/\/lyfilter.com\/tr\/wp-json\/wp\/v2\/product\/2141","targetHints":{"allow":["GET"]}}],"collection":[{"href":"https:\/\/lyfilter.com\/tr\/wp-json\/wp\/v2\/product"}],"about":[{"href":"https:\/\/lyfilter.com\/tr\/wp-json\/wp\/v2\/types\/product"}],"replies":[{"embeddable":true,"href":"https:\/\/lyfilter.com\/tr\/wp-json\/wp\/v2\/comments?post=2141"}],"wp:featuredmedia":[{"embeddable":true,"href":"https:\/\/lyfilter.com\/tr\/wp-json\/wp\/v2\/media\/2149"}],"wp:attachment":[{"href":"https:\/\/lyfilter.com\/tr\/wp-json\/wp\/v2\/media?parent=2141"}],"wp:term":[{"taxonomy":"product_brand","embeddable":true,"href":"https:\/\/lyfilter.com\/tr\/wp-json\/wp\/v2\/product_brand?post=2141"},{"taxonomy":"product_cat","embeddable":true,"href":"https:\/\/lyfilter.com\/tr\/wp-json\/wp\/v2\/product_cat?post=2141"},{"taxonomy":"product_tag","embeddable":true,"href":"https:\/\/lyfilter.com\/tr\/wp-json\/wp\/v2\/product_tag?post=2141"}],"curies":[{"name":"wp","href":"https:\/\/api.w.org\/{rel}","templated":true}]}}