{"id":2134,"date":"2026-01-06T08:35:27","date_gmt":"2026-01-06T08:35:27","guid":{"rendered":"https:\/\/lyfilter.com\/?post_type=product&#038;p=2134"},"modified":"2026-01-06T08:35:27","modified_gmt":"2026-01-06T08:35:27","slug":"10-20-inch-jumbo-big-pp-melt-blown-filter-making-machine-1-to-100-micron-cartridge","status":"publish","type":"product","link":"https:\/\/lyfilter.com\/tr\/10-20-inch-jumbo-big-pp-melt-blown-filter-making-machine-1-to-100-micron-cartridge\/","title":{"rendered":"10 20 in\u00e7 Jumbo B\u00fcy\u00fck PP eriyik \u00fcflemeli filtre yapma makinesi 1 ila 100 mikron Kartu\u015f"},"content":{"rendered":"<table>\n<thead>\n<tr>\n<th>\u00d6\u011fe<\/th>\n<th>DETAYLAR<\/th>\n<\/tr>\n<\/thead>\n<tbody>\n<tr>\n<td>durum<\/td>\n<td>yeni<\/td>\n<\/tr>\n<tr>\n<td>uygulanabi\u0307li\u0307r sekt\u00f6rler<\/td>\n<td>oteller; konfeksiyon ma\u011fazalar\u0131; yap\u0131 malzemesi ma\u011fazalar\u0131; \u00fcretim tesisi; makine tamir at\u00f6lyeleri; yiyecek ve i\u00e7ecek fabrikas\u0131; \u00e7iftlikler; restoran; ev kullan\u0131m\u0131; perakende; g\u0131da ma\u011fazas\u0131; matbaalar; in\u015faat i\u015fleri; enerji ve madencilik; yiyecek ve i\u00e7ecek ma\u011fazalar\u0131; reklam \u015firketi<\/td>\n<\/tr>\n<tr>\n<td>men\u015fe yeri<\/td>\n<td>guangdong, \u00e7i\u0307n<\/td>\n<\/tr>\n<tr>\n<td>marka ad\u0131<\/td>\n<td>lvyuan \/ oem<\/td>\n<\/tr>\n<tr>\n<td>malzeme<\/td>\n<td>karton<\/td>\n<\/tr>\n<tr>\n<td>a\u011f\u0131rl\u0131k<\/td>\n<td>ba\u011fl\u0131d\u0131r<\/td>\n<\/tr>\n<tr>\n<td>boyut<\/td>\n<td>ba\u011fl\u0131d\u0131r<\/td>\n<\/tr>\n<tr>\n<td>g\u00fc\u00e7<\/td>\n<td>0<\/td>\n<\/tr>\n<tr>\n<td>Garanti<\/td>\n<td>Kullan\u0131lamaz<\/td>\n<\/tr>\n<tr>\n<td>garanti\u0307 sonrasi hi\u0307zmet<\/td>\n<td>online destek<\/td>\n<\/tr>\n<tr>\n<td>yerel hi\u0307zmet yeri\u0307<\/td>\n<td>Hi\u00e7biri<\/td>\n<\/tr>\n<tr>\n<td>showroom konumu<\/td>\n<td>Hi\u00e7biri<\/td>\n<\/tr>\n<tr>\n<td>\u00dcR\u00dcN ADI<\/td>\n<td>pp eriyik \u00fcflemeli filtre yapma makinesi<\/td>\n<\/tr>\n<tr>\n<td>mikron oran\u0131 (kartu\u015f)<\/td>\n<td>1, 3, 5, 10, 20 mikron<\/td>\n<\/tr>\n<tr>\n<td>BELGELEND\u0130RME<\/td>\n<td>ce; sgs<\/td>\n<\/tr>\n<tr>\n<td>uygulama<\/td>\n<td>su filtresi par\u00e7alar\u0131; ters osmoz<\/td>\n<\/tr>\n<tr>\n<td>uzunluk (kartu\u015f)<\/td>\n<td>5\u2033, 10\u2033, 20\u2033, 30\u2033, 40\u2033, 50\u2033 in\u00e7<\/td>\n<\/tr>\n<tr>\n<td>filtre malzemesi<\/td>\n<td>poli\u0307propi\u0307len (pp) membran<\/td>\n<\/tr>\n<tr>\n<td>u\u00e7 kapak se\u00e7enekleri\u0307<\/td>\n<td>doe; 222 + fin; 222 + flat; 226 + fin; 226 + flat<\/td>\n<\/tr>\n<tr>\n<td>conta \/ o-ring malzemesi<\/td>\n<td>silikon; epdm; viton<\/td>\n<\/tr>\n<tr>\n<td>kullan\u0131m<\/td>\n<td>s\u0131v\u0131 kartu\u015f filtre<\/td>\n<\/tr>\n<tr>\n<td>i\u00e7 \u00e7ekirdek<\/td>\n<td>pp veya hi\u00e7biri<\/td>\n<\/tr>\n<tr>\n<td>sat\u0131\u015f birimleri<\/td>\n<td>tek \u00fcr\u00fcn<\/td>\n<\/tr>\n<tr>\n<td>tek paket boyutu<\/td>\n<td>55 \u00d7 15 \u00d7 15 cm<\/td>\n<\/tr>\n<tr>\n<td>tek br\u00fct a\u011f\u0131rl\u0131k<\/td>\n<td>2.000 kg<\/td>\n<\/tr>\n<tr>\n<td>paket t\u00fcr\u00fc<\/td>\n<td>10 in\u00e7: 50 adet\/ctn 400\u00d7400\u00d7685mm; 20 in\u00e7: 25 adet\/ctn 400\u00d7400\u00d7685mm; 30 in\u00e7: 25 adet\/ctn 835\u00d7435\u00d7425mm; 40 in\u00e7: 25 adet\/ctn 1100\u00d7395\u00d7400mm<\/td>\n<\/tr>\n<tr>\n<td>teslim s\u00fcresi (1-50000 adet)<\/td>\n<td>15 g\u00fcn<\/td>\n<\/tr>\n<tr>\n<td>teslim s\u00fcresi (&gt;50000 adet)<\/td>\n<td>m\u00fczakere edilecek<\/td>\n<\/tr>\n<\/tbody>\n<\/table>","protected":false},"excerpt":{"rendered":"<p>S\u0131v\u0131 filtrasyonu i\u00e7in pp eriyik \u00fcflemeli filtre kartu\u015flar\u0131 \u00fcretimini destekleyen yeni, fabrikada haz\u0131r bir makineye sahip olursunuz. Y\u00fcksek hacimli \u00e7al\u0131\u015fma i\u00e7in \u00fcretilmi\u015ftir ve garantiden sonra \u00e7evrimi\u00e7i destek ile birlikte gelir, b\u00f6ylece i\u015fleri tek ba\u015f\u0131n\u0131za \u00e7\u00f6zmek zorunda kalmazs\u0131n\u0131z.<\/p>","protected":false},"featured_media":2142,"comment_status":"open","ping_status":"closed","template":"","meta":{"_gspb_post_css":""},"product_brand":[],"product_cat":[17,23],"product_tag":[899,900,897,901,898,896],"class_list":{"0":"post-2134","1":"product","2":"type-product","3":"status-publish","4":"has-post-thumbnail","6":"product_cat-sediment-filter","7":"product_cat-pp-filter-cartridge","8":"product_tag-1-20-micron-cartridge-making","9":"product_tag-ce-sgs-filter-machine","10":"product_tag-filter-cartridge-making-machine","11":"product_tag-lvyuan-oem-equipment","12":"product_tag-pp-filter-production-line","13":"product_tag-pp-melt-blown-filter-machine","15":"first","16":"instock","17":"shipping-taxable","18":"product-type-simple"},"_links":{"self":[{"href":"https:\/\/lyfilter.com\/tr\/wp-json\/wp\/v2\/product\/2134","targetHints":{"allow":["GET"]}}],"collection":[{"href":"https:\/\/lyfilter.com\/tr\/wp-json\/wp\/v2\/product"}],"about":[{"href":"https:\/\/lyfilter.com\/tr\/wp-json\/wp\/v2\/types\/product"}],"replies":[{"embeddable":true,"href":"https:\/\/lyfilter.com\/tr\/wp-json\/wp\/v2\/comments?post=2134"}],"wp:featuredmedia":[{"embeddable":true,"href":"https:\/\/lyfilter.com\/tr\/wp-json\/wp\/v2\/media\/2142"}],"wp:attachment":[{"href":"https:\/\/lyfilter.com\/tr\/wp-json\/wp\/v2\/media?parent=2134"}],"wp:term":[{"taxonomy":"product_brand","embeddable":true,"href":"https:\/\/lyfilter.com\/tr\/wp-json\/wp\/v2\/product_brand?post=2134"},{"taxonomy":"product_cat","embeddable":true,"href":"https:\/\/lyfilter.com\/tr\/wp-json\/wp\/v2\/product_cat?post=2134"},{"taxonomy":"product_tag","embeddable":true,"href":"https:\/\/lyfilter.com\/tr\/wp-json\/wp\/v2\/product_tag?post=2134"}],"curies":[{"name":"wp","href":"https:\/\/api.w.org\/{rel}","templated":true}]}}