{"id":2127,"date":"2026-01-06T08:33:10","date_gmt":"2026-01-06T08:33:10","guid":{"rendered":"https:\/\/lyfilter.com\/?post_type=product&#038;p=2127"},"modified":"2026-01-06T08:33:48","modified_gmt":"2026-01-06T08:33:48","slug":"oem-professional-poly-spun-bonded-filters-pp-melt-blown-cartridge","status":"publish","type":"product","link":"https:\/\/lyfilter.com\/tr\/oem-professional-poly-spun-bonded-filters-pp-melt-blown-cartridge\/","title":{"rendered":"OEM Profesyonel Poly Spun ba\u011fl\u0131 filtreler PP eriyik \u00fcflemeli kartu\u015f"},"content":{"rendered":"<table>\n<thead>\n<tr>\n<th>\u00d6\u011fe<\/th>\n<th>DETAYLAR<\/th>\n<\/tr>\n<\/thead>\n<tbody>\n<tr>\n<td>men\u015fe yeri<\/td>\n<td>guangdong, \u00e7i\u0307n<\/td>\n<\/tr>\n<tr>\n<td>marka ad\u0131<\/td>\n<td>lvyuan \/ oem<\/td>\n<\/tr>\n<tr>\n<td>model numaras\u0131<\/td>\n<td>ly-ppf seri\u0307si\u0307<\/td>\n<\/tr>\n<tr>\n<td>\u00dcR\u00dcN ADI<\/td>\n<td>spun bonded fi\u0307ltreler<\/td>\n<\/tr>\n<tr>\n<td>mikron oran\u0131<\/td>\n<td>1, 3, 5, 10, 20 mikron<\/td>\n<\/tr>\n<tr>\n<td>BELGELEND\u0130RME<\/td>\n<td>ce; sgs<\/td>\n<\/tr>\n<tr>\n<td>uygulama<\/td>\n<td>su fi\u0307ltresi\u0307 par\u00e7alari; ters osmoz (ro)<\/td>\n<\/tr>\n<tr>\n<td>kullan\u0131m<\/td>\n<td>s\u0131v\u0131 kartu\u015f filtre<\/td>\n<\/tr>\n<tr>\n<td>filtre malzemesi<\/td>\n<td>poli\u0307propi\u0307len (pp) membran<\/td>\n<\/tr>\n<tr>\n<td>uzunluk<\/td>\n<td>5\u2033, 10\u2033, 20\u2033, 30\u2033, 40\u2033, 50\u2033 in\u00e7<\/td>\n<\/tr>\n<tr>\n<td>u\u00e7 kapak se\u00e7enekleri\u0307<\/td>\n<td>doe; 222 + fin; 222 + flat; 226 + fin; 226 + flat<\/td>\n<\/tr>\n<tr>\n<td>conta \/ o-ring malzemesi<\/td>\n<td>silikon; epdm; viton<\/td>\n<\/tr>\n<tr>\n<td>i\u00e7 \u00e7ekirdek<\/td>\n<td>pp veya hi\u00e7biri<\/td>\n<\/tr>\n<tr>\n<td>tedarik yetene\u011fi<\/td>\n<td>G\u00fcnde 5000 adet\/par\u00e7a (e\u011frilerek ba\u011flanm\u0131\u015f filtreler)<\/td>\n<\/tr>\n<\/tbody>\n<\/table>","protected":false},"excerpt":{"rendered":"<p>S\u0131v\u0131lardaki tortuyu gidermeye yard\u0131mc\u0131 olan ve ro veya su sisteminizin sorunsuz \u00e7al\u0131\u015fmas\u0131n\u0131 sa\u011flayan g\u00fcvenilir bir e\u011frilerek ba\u011flanm\u0131\u015f pp kartu\u015f elde edersiniz. Mikron de\u011ferini, uzunlu\u011fu ve u\u00e7 kapa\u011f\u0131 stilini se\u00e7in, b\u00f6ylece muhafazan\u0131za sorunsuz bir \u015fekilde uysun.<\/p>","protected":false},"featured_media":2135,"comment_status":"open","ping_status":"closed","template":"","meta":{"_gspb_post_css":""},"product_brand":[],"product_cat":[23,17],"product_tag":[828,683,894,895,826,893],"class_list":{"0":"post-2127","1":"product","2":"type-product","3":"status-publish","4":"has-post-thumbnail","6":"product_cat-pp-filter-cartridge","7":"product_cat-sediment-filter","8":"product_tag-1-20-micron-sediment-filter","9":"product_tag-doe-222-226-end-caps","10":"product_tag-ly-ppf-filter-cartridge","11":"product_tag-polypropylene-cartridge-filter","12":"product_tag-ro-water-filter-parts","13":"product_tag-spun-bonded-pp-filter","15":"first","16":"instock","17":"shipping-taxable","18":"product-type-simple"},"_links":{"self":[{"href":"https:\/\/lyfilter.com\/tr\/wp-json\/wp\/v2\/product\/2127","targetHints":{"allow":["GET"]}}],"collection":[{"href":"https:\/\/lyfilter.com\/tr\/wp-json\/wp\/v2\/product"}],"about":[{"href":"https:\/\/lyfilter.com\/tr\/wp-json\/wp\/v2\/types\/product"}],"replies":[{"embeddable":true,"href":"https:\/\/lyfilter.com\/tr\/wp-json\/wp\/v2\/comments?post=2127"}],"wp:featuredmedia":[{"embeddable":true,"href":"https:\/\/lyfilter.com\/tr\/wp-json\/wp\/v2\/media\/2135"}],"wp:attachment":[{"href":"https:\/\/lyfilter.com\/tr\/wp-json\/wp\/v2\/media?parent=2127"}],"wp:term":[{"taxonomy":"product_brand","embeddable":true,"href":"https:\/\/lyfilter.com\/tr\/wp-json\/wp\/v2\/product_brand?post=2127"},{"taxonomy":"product_cat","embeddable":true,"href":"https:\/\/lyfilter.com\/tr\/wp-json\/wp\/v2\/product_cat?post=2127"},{"taxonomy":"product_tag","embeddable":true,"href":"https:\/\/lyfilter.com\/tr\/wp-json\/wp\/v2\/product_tag?post=2127"}],"curies":[{"name":"wp","href":"https:\/\/api.w.org\/{rel}","templated":true}]}}