{"id":2120,"date":"2026-01-06T08:31:33","date_gmt":"2026-01-06T08:31:33","guid":{"rendered":"https:\/\/lyfilter.com\/?post_type=product&#038;p=2120"},"modified":"2026-01-06T08:31:33","modified_gmt":"2026-01-06T08:31:33","slug":"ppf-melt-blown-water-filter-cartridge-sgs-water-quality-association-certification","status":"publish","type":"product","link":"https:\/\/lyfilter.com\/tr\/ppf-melt-blown-water-filter-cartridge-sgs-water-quality-association-certification\/","title":{"rendered":"PPF Eriyik \u00dcflemeli Su Filtresi Kartu\u015fu SGS Su Kalitesi Derne\u011fi Sertifikas\u0131"},"content":{"rendered":"<div class=\"pro_aliData\">\n<div class=\"detail-box\">\n<div class=\"scc-wrapper detail-module module-productPackagingAndQuickDetail\" data-spm=\"prilinga1e\">\n<div class=\"widget-detail-overview\">\n<div class=\"do-title\">\n<p>PP eriyik \u00fcflemeli filtre (PPF), \u0131s\u0131tma, eritme ve \u015fekillendirme gibi i\u015flemlerle toksik olmayan ve kokusuz polipropilen partik\u00fcllerinden yap\u0131lm\u0131\u015f boru \u015feklinde bir filtredir; Verimli filtreleme yetene\u011fi nedeniyle bir\u00e7ok alanda yayg\u0131n olarak kullan\u0131lmaktad\u0131r!<\/p>\n<p>&nbsp;<\/p>\n<h2 id=\"-product-overview\">\u2728 \u00dcr\u00fcne Genel Bak\u0131\u015f<\/h2>\n<p>PP eriyik \u00fcflemeli filtre kartu\u015fu (genellikle PP pamuk filtre kartu\u015fu olarak adland\u0131r\u0131l\u0131r), \u0131s\u0131t\u0131l\u0131p eritilen ve \u015fekillendirme gibi ek i\u015flemlerle \u00fcretilen toksik olmayan ve kokusuz g\u0131da s\u0131n\u0131f\u0131 polipropilen par\u00e7ac\u0131klardan yap\u0131lm\u0131\u015f boru \u015feklinde bir filtre kartu\u015fudur. Bu filtre kartu\u015funun \u00fcretim s\u00fcrecinde herhangi bir kimyasal yap\u0131\u015ft\u0131r\u0131c\u0131 kullan\u0131lmaz ve tamamen polipropilen liflerin termal ba\u011flanma \u00f6zelliklerine dayan\u0131r, bu da onu hijyen ve g\u00fcvenli\u011fin y\u00fcksek kalite gerekliliklerine daha uygun hale getirir.<\/p>\n<p>&nbsp;<\/p>\n<p>Benzersizli\u011fi, liflerin d\u00fczensiz g\u00f6zenekli bir a\u011f yap\u0131s\u0131 sundu\u011fu ve lifler aras\u0131ndaki g\u00f6zeneklerin d\u0131\u015ftan i\u00e7e do\u011fru b\u00fcy\u00fckten k\u00fc\u00e7\u00fc\u011fe do\u011fru kademeli olarak azald\u0131\u011f\u0131 a\u015famal\u0131 bir yo\u011funluk yap\u0131s\u0131na (gradyan filtrasyonu olarak da bilinir) sahip oldu\u011fu derin bir filtrasyon yap\u0131s\u0131n\u0131n benimsenmesinde yatmaktad\u0131r! Bu tasar\u0131m, filtre eleman\u0131n\u0131n d\u0131\u015f katmanda daha b\u00fcy\u00fck partik\u00fclleri ve kirleri bar\u0131nd\u0131rmas\u0131n\u0131 sa\u011flayarak h\u0131zl\u0131 t\u0131kan\u0131kl\u0131\u011f\u0131 \u00f6nlerken, i\u00e7 katman k\u00fc\u00e7\u00fck partik\u00fclleri engelleyebilir, filtrasyon do\u011frulu\u011funu sa\u011flayabilir, filtrasyon direncini azaltabilir ve hizmet \u00f6mr\u00fcn\u00fc uzatabilir;<\/p>\n<\/div>\n<\/div>\n<\/div>\n<\/div>\n<\/div>\n<p>&nbsp;<\/p>\n<p><img decoding=\"async\" title=\"PPF Eriyik \u00dcflemeli Sediment Filtre Kartu\u015fu\" src=\"https:\/\/img.yfisher.com\/m6076\/1725727036217\/jpg70-t3-scale100.webp\" alt=\"PPF Eriyik \u00dcflemeli Sediment Filtre Kartu\u015fu\" border=\"0\" vspace=\"0\" data-lazy=\"2\" \/><\/p>\n<div class=\"pro_aliData\">\n<p>&nbsp;<\/p>\n<div class=\"detail-box\">\n<div class=\"scc-wrapper detail-module module-productPackagingAndQuickDetail\" data-spm=\"prilinga1e\">\n<div class=\"widget-detail-overview\">\n<div class=\"do-title\">\n<h2 id=\"-product-parameter-table\">\ud83d\udcca Parametre PP eriyik \u00fcflemeli filtre (PPF)<\/h2>\n<p>A\u015fa\u011f\u0131daki tablo PP eriyik \u00fcflemeli filtre kartu\u015flar\u0131n\u0131n ana teknik parametrelerini \u00f6zetlemektedir:<\/p>\n<p>&nbsp;<\/p>\n<table>\n<thead>\n<tr>\n<th>Parametre Kategorisi<\/th>\n<th>Spesifik Parametreler<\/th>\n<\/tr>\n<\/thead>\n<tbody>\n<tr>\n<td>Uzunluk<\/td>\n<td>5 \u201c, 60\u201d<\/td>\n<\/tr>\n<tr>\n<td>D\u0131\u015f \u00e7ap<\/td>\n<td>60-115 mm (62-65 mm)<\/td>\n<\/tr>\n<tr>\n<td>\u0130\u00e7 \u00e7ap<\/td>\n<td>28 mm veya 30 mm (departman 15-35 mm'yi \u00f6zelle\u015ftirebilir)<\/td>\n<\/tr>\n<tr>\n<td>Performans Parametreleri<\/td>\n<\/tr>\n<tr>\n<td>Filtreleme do\u011frulu\u011fu<\/td>\n<td>0,5-100 \u03bc m (1,50 \u03bc m)<\/td>\n<\/tr>\n<tr>\n<td>Maksimum dayan\u0131m gerilimi<\/td>\n<td>\u2264 0,5 MPa<\/td>\n<\/tr>\n<tr>\n<td>Maksimum bas\u0131n\u00e7 d\u00fc\u015f\u00fc\u015f\u00fc<\/td>\n<td>0,2-0,4 MPa (0,1-0,2 MPa bas\u0131n\u00e7 fark\u0131n\u0131n de\u011fi\u015ftirilmesi \u00f6nerilir)<\/td>\n<\/tr>\n<tr>\n<td>Maksimum \u00e7al\u0131\u015fma s\u0131cakl\u0131\u011f\u0131<\/td>\n<td>\u2264 60-70 \u2103 (k\u0131sa s\u00fcreli 90 \u2103'ye kadar)<\/td>\n<\/tr>\n<tr>\n<td>Uygulanabilir pH aral\u0131\u011f\u0131<\/td>\n<td>1-13<\/td>\n<\/tr>\n<tr>\n<td>Filtreleme uyumlulu\u011fu<\/td>\n<td>\u2265 98% -99%<\/td>\n<\/tr>\n<\/tbody>\n<\/table>\n<h2><\/h2>\n<h2 id=\"-product-structure-and-process-characteristics\">\ud83d\udd2c \u00dcr\u00fcn yap\u0131s\u0131 ve s\u00fcre\u00e7 \u00f6zellikleri<\/h2>\n<p>Yap\u0131sal Tasar\u0131m PP eriyik \u00fcflemeli filtre eleman\u0131n\u0131n temel yap\u0131s\u0131, d\u0131\u015far\u0131dan i\u00e7eriye do\u011fru kademeli bir yo\u011funluk gradyan\u0131 olu\u015fturan boru \u015feklinde bir tasar\u0131md\u0131r; Y\u00fcksek kaliteli \u00fcr\u00fcnler genellikle kabar\u0131k katmanlar, s\u0131k\u0131 katmanlar ve s\u0131k\u0131\u015ft\u0131r\u0131lm\u0131\u015f katmanlar gibi \u00e7ok katmanl\u0131 yap\u0131lar olu\u015fturmak i\u00e7in \u201c\u00fc\u00e7 p\u00fcsk\u00fcrtme i\u015flemi\u201d kullan\u0131larak olu\u015fturulur!<\/p>\n<p>&nbsp;<\/p>\n<p>tandart ve \u0130skelet Tipi: Baz\u0131 PP eriyik \u00fcflemeli filtre kartu\u015flar\u0131, \u00f6zellikle daha uzun \u00f6zellikler (30 \u201c, 40\u201d gibi) veya daha y\u00fcksek bas\u0131n\u00e7 dayan\u0131m\u0131 gerektiren \u00e7al\u0131\u015fma senaryolar\u0131 i\u00e7in uygun olan ve filtre kartu\u015fu deformasyonunu etkili bir \u015fekilde \u00f6nleyebilen yerle\u015fik bir polipropilen iskelete sahiptir. -<em>\u00a0<\/em>B\u00fcy\u00fck Ya\u011f Filtresi: Art\u0131r\u0131lm\u0131\u015f d\u0131\u015f \u00e7ap tasar\u0131m\u0131 ile daha geni\u015f bir filtreleme alan\u0131 ve kir tutma kapasitesi sa\u011flar, y\u00fcksek kirlilik i\u00e7eri\u011fine sahip ortamlar\u0131 filtrelemek i\u00e7in uygundur.<\/p>\n<p>&nbsp;<\/p>\n<p>Proses \u00f6zellikleri \u00dcretim s\u00fcrecinde, elyaf \u00e7ap\u0131 ve bo\u015flu\u011fu kontrol edilerek, k\u00fc\u00e7\u00fck bir i\u00e7 katmana ve b\u00fcy\u00fck bir d\u0131\u015f katmana sahip mikro g\u00f6zenekli bir yap\u0131 olu\u015fturulur, ak\u0131\u015f h\u0131z\u0131 ve kirletici tutma kapasitesi art\u0131r\u0131l\u0131r; Y\u00fcksek kaliteli filtre kartu\u015flar\u0131nda gev\u015fek lifler olmamal\u0131d\u0131r (\u201csa\u00e7 kayb\u0131 yok\u201d), filtre ortam\u0131n\u0131n safl\u0131\u011f\u0131n\u0131 sa\u011flar.<\/p>\n<p>&nbsp;<\/p>\n<h2 id=\"-product-advantages-and-features\">\ud83d\udca1 \u00dcr\u00fcn avantajlar\u0131 ve \u00f6zellikleri<\/h2>\n<div><\/div>\n<ul>\n<li><strong>\u0130yi filtreleme performans\u0131:\u00a0<\/strong>PP eriyik \u00fcflemeli filtre kartu\u015fu, tek tip g\u00f6zenek boyutuna sahip, d\u0131\u015f\u0131 seyrek ve i\u00e7i yo\u011fun derin bir filtrasyon yap\u0131s\u0131na sahiptir ve 98% -99%'nin \u00fczerinde filtrasyon uyumlulu\u011fu sa\u011flayabilir! A\u015famal\u0131 yo\u011funluk yap\u0131s\u0131, y\u00fcksek kirletici ta\u015f\u0131ma kapasitesi, y\u00fcksek ak\u0131\u015f h\u0131z\u0131 ve d\u00fc\u015f\u00fck bas\u0131n\u00e7 d\u00fc\u015f\u00fc\u015f\u00fc \u00f6zelliklerine ula\u015f\u0131r;<\/li>\n<li><strong>\u00dcst\u00fcn kimyasal stabilite:\u00a0<\/strong>\u00dcr\u00fcn aside dayan\u0131kl\u0131d\u0131r, organik \u00e7\u00f6zeltiye dayan\u0131kl\u0131d\u0131r, iyi kimyasal stabiliteye sahiptir, 1-13 uygun pH aral\u0131\u011f\u0131na sahiptir ve \u00e7e\u015fitli kimyasal \u00f6zelliklere sahip s\u0131v\u0131lar\u0131 i\u015fleyebilir!<\/li>\n<li>Fiziksel performans ger\u00e7ekten g\u00fc\u00e7l\u00fcd\u00fcr ve filtrenin giri\u015fi ile \u00e7\u0131k\u0131\u015f\u0131 aras\u0131ndaki su bas\u0131nc\u0131 fark\u0131 0,4Mpa'n\u0131n \u00f6n\u00fcnde oldu\u011funda filtre eleman\u0131 deforme olmaz; S\u0131cakl\u0131k 90 \u2103'nin \u00f6n\u00fcnde oldu\u011funda, filtrasyon verimlili\u011fi d\u00fc\u015fmeyecektir.<\/li>\n<li><strong>G\u00fcvenlik ve hijyen:\u00a0<\/strong>G\u0131da ve ila\u00e7 end\u00fcstrilerinin hijyen ve g\u00fcvenlik gereksinimlerine uygun, herhangi bir kimyasal yap\u0131\u015ft\u0131r\u0131c\u0131 i\u00e7ermeyen, toksik olmayan ve kokusuz polipropilen hammaddelerden yap\u0131lm\u0131\u015ft\u0131r. \u00dcr\u00fcn\u00fcn kendisi y\u00fcksek temizli\u011fe sahiptir ve su kalitesini kirletmez.<\/li>\n<li><strong>Ekonomik ve Pratik:\u00a0<\/strong>Di\u011fer filtreleme malzemeleriyle kar\u015f\u0131la\u015ft\u0131r\u0131ld\u0131\u011f\u0131nda, PP eriyik \u00fcflemeli filtre kartu\u015flar\u0131 nispeten uygun maliyetlidir, ancak g\u00fcvenilir performansa, uzun hizmet \u00f6mr\u00fcne ve y\u00fcksek maliyet etkinli\u011fine sahiptir!<\/li>\n<\/ul>\n<div><\/div>\n<h2 id=\"-maintenance-and-replacement-guide\">\ud83d\udd27 Bak\u0131m ve De\u011fi\u015ftirme K\u0131lavuzu<\/h2>\n<p>Do\u011fru bak\u0131m, PP eriyik \u00fcflemeli filtre kartu\u015flar\u0131n\u0131n hizmet \u00f6mr\u00fcn\u00fc \u00f6nemli \u00f6l\u00e7\u00fcde uzatabilir ve filtrasyon verimlili\u011fini sa\u011flayabilir:<\/p>\n<p>&nbsp;<\/p>\n<p><strong>-<em>\u00a0<\/em>De\u011fi\u015ftirme d\u00f6ng\u00fcs\u00fc de\u011ferlendirmesi: T<\/strong>ap\u0131mc\u0131lar genellikle 3-6 ayl\u0131k bir de\u011fi\u015ftirme d\u00f6ng\u00fcs\u00fc \u00f6nermektedir, ancak ger\u00e7ek d\u00f6ng\u00fcn\u00fcn su kullan\u0131m\u0131, su kalitesi ve su bas\u0131nc\u0131na g\u00f6re ayarlanmas\u0131 gerekir. En bilimsel de\u011ferlendirme y\u00f6ntemi giri\u015f ve \u00e7\u0131k\u0131\u015f bas\u0131n\u00e7 fark\u0131na dayan\u0131r. Bas\u0131n\u00e7 fark\u0131 0,1-0,2 MPa'dan fazla oldu\u011funda, filtre eleman\u0131 temizlenmeli veya de\u011fi\u015ftirilmelidir;<\/p>\n<p><strong>-Temizleme yetene\u011fi:\u00a0<\/strong>Ters y\u0131kamay\u0131 test edebilir ve filtre eleman\u0131n\u0131n d\u0131\u015f duvar\u0131n\u0131 0,2 MPa'dan daha d\u00fc\u015f\u00fck bir bas\u0131n\u00e7 alt\u0131nda temiz su ile temizleyebilir. Bununla birlikte, s\u0131k temizlemenin s\u0131n\u0131rl\u0131 etkinli\u011fe sahip oldu\u011fu unutulmamal\u0131d\u0131r. PP eriyik \u00fcflemeli filtre kartu\u015flar\u0131 esas olarak partik\u00fcl filtrasyonu i\u00e7in tasarlanm\u0131\u015ft\u0131r ve kir emiliminden sonra performanslar\u0131 \u00f6nemli \u00f6l\u00e7\u00fcde bozulur. Bu nedenle, genellikle temizlik yerine do\u011frudan de\u011fi\u015ftirme \u00f6nerilir.<\/p>\n<p><strong>-<em>\u00a0<\/em>Kapatma ayar\u0131:\u00a0<\/strong>Filtre eleman\u0131 \u00e7al\u0131\u015fmad\u0131\u011f\u0131nda, filtre muhafazas\u0131nda saklanabilir ve temiz su veya antibakteriyel su ile doldurulabilir. Yeniden kullan\u0131ld\u0131\u011f\u0131nda, iyice temizlenmesi gerekir.<\/p>\n<p><strong>-<em>\u00a0<\/em>Filtre eleman\u0131 tan\u0131mlamas\u0131:<\/strong>\u00a0Kullan\u0131ld\u0131ktan sonra de\u011fi\u015ftirilen kullan\u0131lm\u0131\u015f filtre eleman\u0131, iyi kalitede \u00fcr\u00fcn b\u00fcy\u00fck miktarda kirlilik al\u0131r ve enine kesitten her katman kirliliklerle dolu olacakt\u0131r. D\u00fc\u015f\u00fck kaliteli filtreler \u00e7o\u011funlukla konturlarda kirlidir ve a\u011f\u0131rl\u0131k olarak daha hafiftir.<\/p>\n<h2><\/h2>\n<h2 id=\"-application-field\">\ud83c\udfed PP eriyik \u00fcflemeli filtre (PPF) uygulamas\u0131<\/h2>\n<p>PP eriyik \u00fcflemeli filtre kartu\u015flar\u0131, m\u00fckemmel \u00f6zellikleri nedeniyle bir\u00e7ok alanda yayg\u0131n olarak kullan\u0131lmaktad\u0131r<\/p>\n<p>&nbsp;<\/p>\n<ul>\n<li><strong>\u0130\u00e7me suyu ve g\u0131da end\u00fcstrisi:\u00a0<\/strong>ar\u0131t\u0131lm\u0131\u015f suyun, alkoll\u00fc i\u00e7eceklerin, farmas\u00f6tikler i\u00e7in steril suyun filtrasyonu ve ar\u0131t\u0131lm\u0131\u015f suyun \u00f6n filtrasyon i\u015flemi. -<em>\u00a0<\/em>Elektronik end\u00fcstrisi: Saf su ve ultra saf suyun \u00f6n filtrasyonu, elektrokaplama \u00e7\u00f6zeltilerinin filtrasyonu!<\/li>\n<li><strong>Petrokimya end\u00fcstrisi:\u00a0<\/strong>\u00e7e\u015fitli organik \u00e7\u00f6z\u00fcc\u00fclerin, alkali \u00e7\u00f6zeltilerin filtrasyonu ve petrol sahas\u0131 su enjeksiyon filtrasyonu.<\/li>\n<li><strong>\u0130la\u00e7 \u00dcretimi:\u00a0<\/strong>\u00c7e\u015fitli enjeksiyonlar\u0131n, t\u0131bbi s\u0131v\u0131lar\u0131n ve enjeksiyon \u015fi\u015fesi y\u0131kama suyunun \u00f6n filtrasyonu, b\u00fcy\u00fck inf\u00fczyon sol\u00fcsyonlar\u0131n\u0131n \u00f6n filtrasyonu, ayr\u0131ca \u00e7e\u015fitli antibiyotikler ve geleneksel \u00c7in t\u0131bb\u0131 enjeksiyonlar\u0131; -<em>\u00a0<\/em>Su ar\u0131tma sistemi : Ters osmoz (RO), nanofiltrasyon (NF) ve di\u011fer sistemler i\u00e7in g\u00fcvenlik filtresi \u00f6nc\u00fcs\u00fc olarak kullan\u0131l\u0131r ve ana membran sistemini etkili bir \u015fekilde korur.<\/li>\n<\/ul>\n<h2 id=\"-faq-frequently-asked-questions-\">\u2753 SSS (S\u0131k\u00e7a Sorulan Sorular)<\/h2>\n<p><strong>1. PP eriyik \u00fcflemeli filtre kartu\u015flar\u0131n\u0131n avantajlar\u0131 ve dezavantajlar\u0131 nas\u0131l ay\u0131rt edilir?\u00a0<\/strong>Y\u00fcksek kaliteli filtre, yumu\u015fak bir d\u0131\u015f ve s\u0131k\u0131 bir i\u00e7 k\u0131s\u0131m ile a\u015famal\u0131 bir yo\u011funluk tasar\u0131m\u0131n\u0131 benimser; Kesitsel de\u011ferlendirme i\u00e7te ve d\u0131\u015fta d\u00fczensiz olmal\u0131d\u0131r. Elyaf filamentleri tek tiptir ve herhangi bir d\u00f6k\u00fclme olgusu yoktur. A\u011f\u0131rl\u0131k da bir referans hedefidir ve daha a\u011f\u0131r olanlar genellikle daha g\u00fc\u00e7l\u00fc kirletici ta\u015f\u0131ma kapasitesine sahiptir.<\/p>\n<p><strong>2. 1 mikron ve 5 mikron filtre kartu\u015flar\u0131 nas\u0131l se\u00e7ilir?\u00a0<\/strong>D\u00fc\u015f\u00fck su bas\u0131nc\u0131 veya su kirlili\u011fi olan alanlarda (yeralt\u0131 suyu ve kuyu suyu gibi), yetersiz bas\u0131n\u00e7 veya kar\u0131\u015f\u0131kl\u0131ktan kaynaklanan bas\u0131n\u00e7 zay\u0131flamas\u0131n\u0131 \u00f6nlemek i\u00e7in 5 mikronluk filtre kartu\u015flar\u0131n\u0131n kullan\u0131lmas\u0131 \u00f6nerilir! Sabit su bas\u0131nc\u0131na sahip \u015febeke suyu ortamlar\u0131nda 1 mikronluk filtre kullan\u0131labilir.<\/p>\n<p><strong>3. Filtre eleman\u0131n\u0131n uzunlu\u011fu uyumlu de\u011filse ne yapmal\u0131y\u0131m?\u00a0<\/strong>\u00c7in'de 10 in\u00e7 filtre \u015fi\u015feleri i\u00e7in birle\u015fik bir standart yoktur ve k\u00fc\u00e7\u00fck ve ince hatalar olabilir! Filtre eleman\u0131n\u0131n uzunlu\u011fu azalt\u0131l\u0131rsa (sadece 252 mm gibi), uyumluluk sorunlar\u0131n\u0131 gidermek i\u00e7in conta eklemek benimsenebilir;<\/p>\n<p><strong>4. \u0130skelet filtre hangi senaryolar i\u00e7in uygundur?\u00a0<\/strong>\u0130skelet polipropilen filtre eleman\u0131 esas olarak bas\u0131n\u00e7 dayan\u0131m\u0131n\u0131 art\u0131rmak, daha uzun filtrelerin (end\u00fcstriyel 40 in\u00e7 uzunlu\u011fundaki filtreler gibi) deformasyonunu \u00f6nlemek i\u00e7in kullan\u0131l\u0131r ve \u00f6zellikle y\u00fcksek ak\u0131\u015f veya bas\u0131n\u00e7 dalgalanmalar\u0131 olan end\u00fcstriyel filtreleme i\u00e7in uygundur!<\/p>\n<p><strong>5. Y\u00fcksek s\u0131cakl\u0131kta s\u0131v\u0131 filtrasyonu i\u00e7in kullan\u0131labilir mi?\u00a0<\/strong>PP eriyik \u00fcflemeli filtre eleman\u0131n\u0131n geleneksel maksimum \u00e7al\u0131\u015fma s\u0131cakl\u0131\u011f\u0131 60-70 \u2103'dir ve k\u0131sa s\u00fcrede 90 \u2103'ye ula\u015fabilir! Daha y\u00fcksek s\u0131cakl\u0131k tolerans\u0131 gerekiyorsa, di\u011fer malzemelerden yap\u0131lm\u0131\u015f filtre \u00fcr\u00fcnlerini veya \u00f6zel olarak kontrol edilen PP filtreleri dikkate almak gerekir!<\/p>\n<\/div>\n<\/div>\n<\/div>\n<\/div>\n<\/div>","protected":false},"excerpt":{"rendered":"<table>\n<thead>\n<tr>\n<th>\u00d6\u011fe<\/th>\n<th>DETAYLAR<\/th>\n<\/tr>\n<\/thead>\n<tbody>\n<tr>\n<td>marka<\/td>\n<td>oem \/ lvyuan<\/td>\n<\/tr>\n<tr>\n<td>BELGELEND\u0130RME<\/td>\n<td>sgs<\/td>\n<\/tr>\n<tr>\n<td>ba\u015flang\u0131\u00e7 portu<\/td>\n<td>huangpu \/ nansha<\/td>\n<\/tr>\n<tr>\n<td>men\u015fe yeri<\/td>\n<td>guangzhou \/ shenzhen<\/td>\n<\/tr>\n<tr>\n<td>\u00fcreti\u0307m kapasi\u0307tesi\u0307<\/td>\n<td>10.000 adet\/ay<\/td>\n<\/tr>\n<tr>\n<td>moq<\/td>\n<td>1 adet<\/td>\n<\/tr>\n<tr>\n<td>TESL\u0130MAT S\u00dcRES\u0130<\/td>\n<td>5-10 g\u00fcn<\/td>\n<\/tr>\n<tr>\n<td>\u00f6deme<\/td>\n<td>t\/t; alibaba ticaret g\u00fcvencesi; paypal<\/td>\n<\/tr>\n<\/tbody>\n<\/table>","protected":false},"featured_media":2128,"comment_status":"open","ping_status":"closed","template":"","meta":{"_gspb_post_css":""},"product_brand":[],"product_cat":[17,23],"product_tag":[892,891,889,890,888,302],"class_list":{"0":"post-2120","1":"product","2":"type-product","3":"status-publish","4":"has-post-thumbnail","6":"product_cat-sediment-filter","7":"product_cat-pp-filter-cartridge","8":"product_tag-5-10-days-delivery","9":"product_tag-huangpu-nansha-shipping","10":"product_tag-lvyuan-filter-supplier","11":"product_tag-moq-1-pc","12":"product_tag-oem-filter-element","13":"product_tag-sgs-certified-filter","15":"first","16":"instock","17":"shipping-taxable","18":"product-type-simple"},"_links":{"self":[{"href":"https:\/\/lyfilter.com\/tr\/wp-json\/wp\/v2\/product\/2120","targetHints":{"allow":["GET"]}}],"collection":[{"href":"https:\/\/lyfilter.com\/tr\/wp-json\/wp\/v2\/product"}],"about":[{"href":"https:\/\/lyfilter.com\/tr\/wp-json\/wp\/v2\/types\/product"}],"replies":[{"embeddable":true,"href":"https:\/\/lyfilter.com\/tr\/wp-json\/wp\/v2\/comments?post=2120"}],"wp:featuredmedia":[{"embeddable":true,"href":"https:\/\/lyfilter.com\/tr\/wp-json\/wp\/v2\/media\/2128"}],"wp:attachment":[{"href":"https:\/\/lyfilter.com\/tr\/wp-json\/wp\/v2\/media?parent=2120"}],"wp:term":[{"taxonomy":"product_brand","embeddable":true,"href":"https:\/\/lyfilter.com\/tr\/wp-json\/wp\/v2\/product_brand?post=2120"},{"taxonomy":"product_cat","embeddable":true,"href":"https:\/\/lyfilter.com\/tr\/wp-json\/wp\/v2\/product_cat?post=2120"},{"taxonomy":"product_tag","embeddable":true,"href":"https:\/\/lyfilter.com\/tr\/wp-json\/wp\/v2\/product_tag?post=2120"}],"curies":[{"name":"wp","href":"https:\/\/api.w.org\/{rel}","templated":true}]}}