{"id":2092,"date":"2026-01-06T08:23:10","date_gmt":"2026-01-06T08:23:10","guid":{"rendered":"https:\/\/lyfilter.com\/?post_type=product&#038;p=2092"},"modified":"2026-01-06T08:23:10","modified_gmt":"2026-01-06T08:23:10","slug":"10-inch-water-filter-1-micron-pp-sediment-replacement-filter-cartridge","status":"publish","type":"product","link":"https:\/\/lyfilter.com\/tr\/10-inch-water-filter-1-micron-pp-sediment-replacement-filter-cartridge\/","title":{"rendered":"10 in\u00e7 su filtresi 1 mikron pp sediment yedek filtre kartu\u015fu"},"content":{"rendered":"<table>\n<thead>\n<tr>\n<th>\u00d6\u011fe<\/th>\n<th>DETAYLAR<\/th>\n<\/tr>\n<\/thead>\n<tbody>\n<tr>\n<td>uygulanabi\u0307li\u0307r sekt\u00f6rler<\/td>\n<td>\u00fcretim tesisi; yiyecek ve i\u00e7ecek fabrikas\u0131; ev kullan\u0131m\u0131; su ar\u0131tma<\/td>\n<\/tr>\n<tr>\n<td>men\u015fe yeri<\/td>\n<td>guangdong, \u00e7i\u0307n<\/td>\n<\/tr>\n<tr>\n<td>marka ad\u0131<\/td>\n<td>lvyuan; oem; odm<\/td>\n<\/tr>\n<tr>\n<td>malzeme<\/td>\n<td>pp<\/td>\n<\/tr>\n<tr>\n<td>hammadde<\/td>\n<td>pp elyaf<\/td>\n<\/tr>\n<tr>\n<td>\u00f6zellik<\/td>\n<td>\u00f6zelle\u015ftirilmi\u015f boyut ve logo; \u00e7elik \u00e7alma<\/td>\n<\/tr>\n<tr>\n<td>BELGELEND\u0130RME<\/td>\n<td>sgs<\/td>\n<\/tr>\n<tr>\n<td>\u015fekil<\/td>\n<td>Silindir<\/td>\n<\/tr>\n<tr>\n<td>kullan\u0131m<\/td>\n<td>su ar\u0131tma<\/td>\n<\/tr>\n<tr>\n<td>uygulama<\/td>\n<td>end\u00fcstri<\/td>\n<\/tr>\n<tr>\n<td>renk<\/td>\n<td>beyaz<\/td>\n<\/tr>\n<tr>\n<td>g\u00f6r\u00fcn\u00fcm<\/td>\n<td>kabartmal\u0131; parlak; vb.<\/td>\n<\/tr>\n<tr>\n<td>uzunluk<\/td>\n<td>5\/10\/20\/30\/40 in\u00e7 veya \u00f6zelle\u015ftirilmi\u015f<\/td>\n<\/tr>\n<tr>\n<td>a\u011f\u0131rl\u0131k<\/td>\n<td>\u00f6zelle\u015ftirilmi\u015f<\/td>\n<\/tr>\n<tr>\n<td>boyut<\/td>\n<td>\u00f6zelle\u015ftirilmi\u015f<\/td>\n<\/tr>\n<tr>\n<td><\/td>\n<td><\/td>\n<\/tr>\n<\/tbody>\n<\/table>","protected":false},"excerpt":{"rendered":"<p>Tortuyu azaltmaya yard\u0131mc\u0131 olan ve sisteminizi koruyan g\u00fcvenilir bir pp fiber kartu\u015f elde edersiniz. 5-40 in\u00e7 uzunluklar\u0131 (veya \u00f6zel) se\u00e7in ve logonuzu ve kaplaman\u0131z\u0131 ekleyin, b\u00f6ylece muhafazan\u0131za ve markan\u0131za uysun.<\/p>","protected":false},"featured_media":2100,"comment_status":"open","ping_status":"closed","template":"","meta":{"_gspb_post_css":""},"product_brand":[],"product_cat":[23,17],"product_tag":[881,882,757,648,302,321],"class_list":{"0":"post-2092","1":"product","2":"type-product","3":"status-publish","4":"has-post-thumbnail","6":"product_cat-pp-filter-cartridge","7":"product_cat-sediment-filter","8":"product_tag-5-40-inch-filter-cartridge","9":"product_tag-custom-logo-filter-element","10":"product_tag-pp-fiber-filter-element","11":"product_tag-pp-filter-cartridge","12":"product_tag-sgs-certified-filter","13":"product_tag-water-treatment-cartridge","15":"first","16":"instock","17":"shipping-taxable","18":"product-type-simple"},"_links":{"self":[{"href":"https:\/\/lyfilter.com\/tr\/wp-json\/wp\/v2\/product\/2092","targetHints":{"allow":["GET"]}}],"collection":[{"href":"https:\/\/lyfilter.com\/tr\/wp-json\/wp\/v2\/product"}],"about":[{"href":"https:\/\/lyfilter.com\/tr\/wp-json\/wp\/v2\/types\/product"}],"replies":[{"embeddable":true,"href":"https:\/\/lyfilter.com\/tr\/wp-json\/wp\/v2\/comments?post=2092"}],"wp:featuredmedia":[{"embeddable":true,"href":"https:\/\/lyfilter.com\/tr\/wp-json\/wp\/v2\/media\/2100"}],"wp:attachment":[{"href":"https:\/\/lyfilter.com\/tr\/wp-json\/wp\/v2\/media?parent=2092"}],"wp:term":[{"taxonomy":"product_brand","embeddable":true,"href":"https:\/\/lyfilter.com\/tr\/wp-json\/wp\/v2\/product_brand?post=2092"},{"taxonomy":"product_cat","embeddable":true,"href":"https:\/\/lyfilter.com\/tr\/wp-json\/wp\/v2\/product_cat?post=2092"},{"taxonomy":"product_tag","embeddable":true,"href":"https:\/\/lyfilter.com\/tr\/wp-json\/wp\/v2\/product_tag?post=2092"}],"curies":[{"name":"wp","href":"https:\/\/api.w.org\/{rel}","templated":true}]}}