{"id":2079,"date":"2026-01-06T08:18:10","date_gmt":"2026-01-06T08:18:10","guid":{"rendered":"https:\/\/lyfilter.com\/?post_type=product&#038;p=2079"},"modified":"2026-01-06T08:18:10","modified_gmt":"2026-01-06T08:18:10","slug":"big-jumbo-diameter-size-5-10-50-microns-sediment-pp-white-filter-polypropylene-water-filter-cartridge-for-water-treatment-plant","status":"publish","type":"product","link":"https:\/\/lyfilter.com\/tr\/big-jumbo-diameter-size-5-10-50-microns-sediment-pp-white-filter-polypropylene-water-filter-cartridge-for-water-treatment-plant\/","title":{"rendered":"B\u00fcy\u00fck jumbo \u00e7ap boyutu 5 10 50 mikron tortu PP beyaz filtre su ar\u0131tma tesisi i\u00e7in polipropilen su filtre kartu\u015fu"},"content":{"rendered":"<table>\n<thead>\n<tr>\n<th>\u00d6\u011fe<\/th>\n<th>DETAYLAR<\/th>\n<\/tr>\n<\/thead>\n<tbody>\n<tr>\n<td>uygulanabi\u0307li\u0307r sekt\u00f6rler<\/td>\n<td>yiyecek ve i\u00e7ecek fabrikas\u0131; \u00e7iftlikler; restoran; ev kullan\u0131m\u0131; yiyecek ve i\u00e7ecek d\u00fckkanlar\u0131<\/td>\n<\/tr>\n<tr>\n<td>men\u015fe yeri<\/td>\n<td>guangdong, \u00e7i\u0307n<\/td>\n<\/tr>\n<tr>\n<td>marka ad\u0131<\/td>\n<td>lvyuan \/ oem<\/td>\n<\/tr>\n<tr>\n<td>malzeme<\/td>\n<td>poli\u0307propi\u0307len (pp)<\/td>\n<\/tr>\n<tr>\n<td>\u00dcR\u00dcN ADI<\/td>\n<td>jumbo sediment pp beyaz filtre polipropilen su filtresi kartu\u015fu<\/td>\n<\/tr>\n<tr>\n<td>filtre tipi \/ kaplama<\/td>\n<td>oluk; kabartma; noktalar; \u015firket logosu<\/td>\n<\/tr>\n<tr>\n<td>filtrasyon do\u011frulu\u011fu<\/td>\n<td>1-100 mikron<\/td>\n<\/tr>\n<tr>\n<td>d\u0131\u015f \u00e7ap<\/td>\n<td>10-200 mm<\/td>\n<\/tr>\n<tr>\n<td>i\u00e7 \u00e7ap<\/td>\n<td>oem<\/td>\n<\/tr>\n<tr>\n<td>fi\u0307ltre adapt\u00f6r\u00fc se\u00e7enekleri\u0307<\/td>\n<td>d\u00fcz tip; tip 222; tip 226; tip 215<\/td>\n<\/tr>\n<tr>\n<td>g\u00fc\u00e7<\/td>\n<td>0<\/td>\n<\/tr>\n<tr>\n<td>en y\u00fcksek s\u0131cakl\u0131k<\/td>\n<td>80\u2103<\/td>\n<\/tr>\n<tr>\n<td>i\u015f bas\u0131nc\u0131 d\u00fc\u015f\u00fc\u015f\u00fc<\/td>\n<td>0,1 kgf\/c\u33a1<\/td>\n<\/tr>\n<tr>\n<td>en y\u00fcksek kapal\u0131<\/td>\n<td>5 kgf\/c\u33a1<\/td>\n<\/tr>\n<tr>\n<td>maksimum bas\u0131n\u00e7 d\u00fc\u015f\u00fc\u015f\u00fc<\/td>\n<td>3 kgf\/c\u33a1<\/td>\n<\/tr>\n<tr>\n<td>Garanti<\/td>\n<td>Kullan\u0131lamaz<\/td>\n<\/tr>\n<tr>\n<td>sati\u015f sonrasi hi\u0307zmet<\/td>\n<td>online destek<\/td>\n<\/tr>\n<tr>\n<td>sat\u0131\u015f birimleri<\/td>\n<td>tek \u00fcr\u00fcn<\/td>\n<\/tr>\n<tr>\n<td>tek paket boyutu<\/td>\n<td>53 \u00d7 33 \u00d7 33 cm<\/td>\n<\/tr>\n<tr>\n<td>tek br\u00fct a\u011f\u0131rl\u0131k<\/td>\n<td>9.000 kg<\/td>\n<\/tr>\n<tr>\n<td>paketleme<\/td>\n<td>ka\u011f\u0131t karton i\u00e7inde paketlenmi\u015f<\/td>\n<\/tr>\n<tr>\n<td>teslim s\u00fcresi (1-100 adet)<\/td>\n<td>3 g\u00fcn<\/td>\n<\/tr>\n<tr>\n<td>teslim s\u00fcresi (101-500 adet)<\/td>\n<td>5 g\u00fcn<\/td>\n<\/tr>\n<tr>\n<td>teslim s\u00fcresi (501-5000 adet)<\/td>\n<td>10 g\u00fcn<\/td>\n<\/tr>\n<tr>\n<td>teslim s\u00fcresi (&gt;5000 adet)<\/td>\n<td>m\u00fczakere edilecek<\/td>\n<\/tr>\n<\/tbody>\n<\/table>","protected":false},"excerpt":{"rendered":"<p>Kum ve ince partik\u00fclleri su hatt\u0131n\u0131zdan uzak tutmaya yard\u0131mc\u0131 olan sa\u011flam, g\u0131da dostu bir tortu filtre kartu\u015fu elde edersiniz. Polipropilenden yap\u0131lm\u0131\u015ft\u0131r ve oluk\/kabartma\/nokta se\u00e7enekleri ve hatta logonuzla \u00f6zelle\u015ftirilebilir (boyut\/a\u011f\u0131rl\u0131k).<\/p>","protected":false},"featured_media":2080,"comment_status":"open","ping_status":"closed","template":"","meta":{"_gspb_post_css":""},"product_brand":[],"product_cat":[23,17],"product_tag":[332,875,874,347,662,321],"class_list":{"0":"post-2079","1":"product","2":"type-product","3":"status-publish","4":"has-post-thumbnail","6":"product_cat-pp-filter-cartridge","7":"product_cat-sediment-filter","8":"product_tag-1-100-micron-filtration","9":"product_tag-222-226-215-adapter","10":"product_tag-jumbo-filter-cartridge","11":"product_tag-polypropylene-water-filter","12":"product_tag-pp-sediment-filter","13":"product_tag-water-treatment-cartridge","15":"first","16":"instock","17":"shipping-taxable","18":"product-type-simple"},"_links":{"self":[{"href":"https:\/\/lyfilter.com\/tr\/wp-json\/wp\/v2\/product\/2079","targetHints":{"allow":["GET"]}}],"collection":[{"href":"https:\/\/lyfilter.com\/tr\/wp-json\/wp\/v2\/product"}],"about":[{"href":"https:\/\/lyfilter.com\/tr\/wp-json\/wp\/v2\/types\/product"}],"replies":[{"embeddable":true,"href":"https:\/\/lyfilter.com\/tr\/wp-json\/wp\/v2\/comments?post=2079"}],"wp:featuredmedia":[{"embeddable":true,"href":"https:\/\/lyfilter.com\/tr\/wp-json\/wp\/v2\/media\/2080"}],"wp:attachment":[{"href":"https:\/\/lyfilter.com\/tr\/wp-json\/wp\/v2\/media?parent=2079"}],"wp:term":[{"taxonomy":"product_brand","embeddable":true,"href":"https:\/\/lyfilter.com\/tr\/wp-json\/wp\/v2\/product_brand?post=2079"},{"taxonomy":"product_cat","embeddable":true,"href":"https:\/\/lyfilter.com\/tr\/wp-json\/wp\/v2\/product_cat?post=2079"},{"taxonomy":"product_tag","embeddable":true,"href":"https:\/\/lyfilter.com\/tr\/wp-json\/wp\/v2\/product_tag?post=2079"}],"curies":[{"name":"wp","href":"https:\/\/api.w.org\/{rel}","templated":true}]}}