{"id":2042,"date":"2026-01-06T03:49:55","date_gmt":"2026-01-06T03:49:55","guid":{"rendered":"https:\/\/lyfilter.com\/?post_type=product&#038;p=2042"},"modified":"2026-01-06T03:49:56","modified_gmt":"2026-01-06T03:49:56","slug":"10-20-30-40-inch-ro-water-filter-cartridge-for-pp-melt-blown-sediment-cartridges-bulk-1-5-10-25-50-100-um-micron","status":"publish","type":"product","link":"https:\/\/lyfilter.com\/tr\/10-20-30-40-inch-ro-water-filter-cartridge-for-pp-melt-blown-sediment-cartridges-bulk-1-5-10-25-50-100-um-micron\/","title":{"rendered":"10 20 30 40 in\u00e7 RO Su Filtresi Kartu\u015fu PP eriyik \u00fcflemeli Sediment Kartu\u015flar\u0131 i\u00e7in toplu 1 5 10 25 50 100 um mikron"},"content":{"rendered":"<table>\n<thead>\n<tr>\n<th>\u00d6\u011fe<\/th>\n<th>Detaylar<\/th>\n<\/tr>\n<\/thead>\n<tbody>\n<tr>\n<td>Durum<\/td>\n<td>Yeni<\/td>\n<\/tr>\n<tr>\n<td>Uygulanabilir sekt\u00f6rler<\/td>\n<td>Oteller, \u00fcretim tesisleri, yiyecek ve i\u00e7ecek fabrikalar\u0131, \u00e7iftlikler, restoranlar, perakende, ev kullan\u0131m\u0131, in\u015faat, enerji ve madencilik, bask\u0131, reklam<\/td>\n<\/tr>\n<tr>\n<td>Men\u015fe yeri<\/td>\n<td>Guangdong, \u00c7in<\/td>\n<\/tr>\n<tr>\n<td>Marka ad\u0131<\/td>\n<td>Lvyuan \/ OEM<\/td>\n<\/tr>\n<tr>\n<td>\u00dcr\u00fcn ad\u0131<\/td>\n<td>RO su filtre kartu\u015fu<\/td>\n<\/tr>\n<tr>\n<td>Malzeme<\/td>\n<td>Polipropilen<\/td>\n<\/tr>\n<tr>\n<td>Filtre ortam\u0131<\/td>\n<td>Polipropilen PP b\u00fck\u00fclm\u00fc\u015f<\/td>\n<\/tr>\n<tr>\n<td>Mikron oran\u0131<\/td>\n<td>1 \/ 3 \/ 5 \/ 10 \/ 25 \/ 50 \/ 75 \/ 100 mikron<\/td>\n<\/tr>\n<tr>\n<td>Uzunluk<\/td>\n<td>5\u2033, 10\u2033, 20\u2033, 30\u2033, 40\u2033, 50\u2033 in\u00e7<\/td>\n<\/tr>\n<tr>\n<td>Boyut<\/td>\n<td>Standart veya \u00f6zelle\u015ftirilmi\u015f<\/td>\n<\/tr>\n<tr>\n<td>A\u011f\u0131rl\u0131k<\/td>\n<td>De\u011fi\u015fir<\/td>\n<\/tr>\n<tr>\n<td>G\u00fc\u00e7<\/td>\n<td>0<\/td>\n<\/tr>\n<tr>\n<td>Uygulama<\/td>\n<td>Su filtresi par\u00e7alar\u0131, ters osmoz<\/td>\n<\/tr>\n<tr>\n<td>Kullan\u0131m<\/td>\n<td>S\u0131v\u0131 kartu\u015f filtre<\/td>\n<\/tr>\n<tr>\n<td>U\u00e7 kapa\u011f\u0131<\/td>\n<td>DOE, 222Fin, 226Fin, 222Flat, 226Flat<\/td>\n<\/tr>\n<tr>\n<td>Conta \/ O-ring malzemesi<\/td>\n<td>Silikon, EPDM, Viton<\/td>\n<\/tr>\n<tr>\n<td>\u0130\u00e7 \u00e7ekirdek<\/td>\n<td>PP, paslanmaz \u00e7elik veya hi\u00e7biri<\/td>\n<\/tr>\n<tr>\n<td>Sertifikasyon<\/td>\n<td>CE, SGS<\/td>\n<\/tr>\n<tr>\n<td>Garanti<\/td>\n<td>Kullan\u0131lam\u0131yor<\/td>\n<\/tr>\n<tr>\n<td>Sat\u0131\u015f sonras\u0131 hizmet<\/td>\n<td>\u00c7evrimi\u00e7i destek<\/td>\n<\/tr>\n<tr>\n<td>Garanti sonras\u0131 servis<\/td>\n<td>\u00c7evrimi\u00e7i destek<\/td>\n<\/tr>\n<tr>\n<td>Yerel hizmet konumu<\/td>\n<td>Hi\u00e7biri<\/td>\n<\/tr>\n<tr>\n<td>Showroom konumu<\/td>\n<td>Hi\u00e7biri<\/td>\n<\/tr>\n<tr>\n<td>Sat\u0131\u015f birimleri<\/td>\n<td>Tek \u00fcr\u00fcn<\/td>\n<\/tr>\n<tr>\n<td>Tek paket boyutu<\/td>\n<td>55 \u00d7 10 \u00d7 10 cm<\/td>\n<\/tr>\n<tr>\n<td>Tek br\u00fct a\u011f\u0131rl\u0131k<\/td>\n<td>2.0 kg<\/td>\n<\/tr>\n<tr>\n<td>Paket tipi<\/td>\n<td>Boyuta g\u00f6re toplu karton ambalaj; spesifikasyonlara g\u00f6re nihai fiyatland\u0131rma<\/td>\n<\/tr>\n<tr>\n<td>Teslim s\u00fcresi (1-2000 adet)<\/td>\n<td>15 g\u00fcn<\/td>\n<\/tr>\n<tr>\n<td>Teslim s\u00fcresi (&gt;2000 adet)<\/td>\n<td>M\u00fczakere edilecek<\/td>\n<\/tr>\n<\/tbody>\n<\/table>","protected":false},"excerpt":{"rendered":"<p>Bu RO su filtresi kartu\u015fu, geni\u015f bir mikron aral\u0131\u011f\u0131ndaki tortuyu giderir. Kararl\u0131, g\u00fcnl\u00fck su filtrasyonu i\u00e7in standart ve \u00f6zel sistemlere uyar.<\/p>","protected":false},"featured_media":2050,"comment_status":"open","ping_status":"closed","template":"","meta":{"_gspb_post_css":""},"product_brand":[],"product_cat":[23,17],"product_tag":[662,872,355,871,873,866],"class_list":{"0":"post-2042","1":"product","2":"type-product","3":"status-publish","4":"has-post-thumbnail","6":"product_cat-pp-filter-cartridge","7":"product_cat-sediment-filter","8":"product_tag-pp-sediment-filter","9":"product_tag-pp-spun-cartridge","10":"product_tag-reverse-osmosis-filter","11":"product_tag-ro-water-filter-cartridge","12":"product_tag-sediment-filter","13":"product_tag-water-filtration-cartridge","15":"first","16":"instock","17":"shipping-taxable","18":"product-type-simple"},"_links":{"self":[{"href":"https:\/\/lyfilter.com\/tr\/wp-json\/wp\/v2\/product\/2042","targetHints":{"allow":["GET"]}}],"collection":[{"href":"https:\/\/lyfilter.com\/tr\/wp-json\/wp\/v2\/product"}],"about":[{"href":"https:\/\/lyfilter.com\/tr\/wp-json\/wp\/v2\/types\/product"}],"replies":[{"embeddable":true,"href":"https:\/\/lyfilter.com\/tr\/wp-json\/wp\/v2\/comments?post=2042"}],"wp:featuredmedia":[{"embeddable":true,"href":"https:\/\/lyfilter.com\/tr\/wp-json\/wp\/v2\/media\/2050"}],"wp:attachment":[{"href":"https:\/\/lyfilter.com\/tr\/wp-json\/wp\/v2\/media?parent=2042"}],"wp:term":[{"taxonomy":"product_brand","embeddable":true,"href":"https:\/\/lyfilter.com\/tr\/wp-json\/wp\/v2\/product_brand?post=2042"},{"taxonomy":"product_cat","embeddable":true,"href":"https:\/\/lyfilter.com\/tr\/wp-json\/wp\/v2\/product_cat?post=2042"},{"taxonomy":"product_tag","embeddable":true,"href":"https:\/\/lyfilter.com\/tr\/wp-json\/wp\/v2\/product_tag?post=2042"}],"curies":[{"name":"wp","href":"https:\/\/api.w.org\/{rel}","templated":true}]}}