{"id":2028,"date":"2026-01-06T03:46:43","date_gmt":"2026-01-06T03:46:43","guid":{"rendered":"https:\/\/lyfilter.com\/?post_type=product&#038;p=2028"},"modified":"2026-01-06T03:46:43","modified_gmt":"2026-01-06T03:46:43","slug":"customized-oem1-5-10-microns-polypropylene-filter-pp-spun-filter-cartridge","status":"publish","type":"product","link":"https:\/\/lyfilter.com\/tr\/customized-oem1-5-10-microns-polypropylene-filter-pp-spun-filter-cartridge\/","title":{"rendered":"\u00d6zelle\u015ftirilmi\u015f OEM1 5 10 mikron polipropilen filtre pp b\u00fck\u00fclm\u00fc\u015f filtre kartu\u015fu"},"content":{"rendered":"<table>\n<thead>\n<tr>\n<th>\u00d6\u011fe<\/th>\n<th>Detaylar<\/th>\n<\/tr>\n<\/thead>\n<tbody>\n<tr>\n<td>Durum<\/td>\n<td>Yeni<\/td>\n<\/tr>\n<tr>\n<td>Uygulanabilir sekt\u00f6rler<\/td>\n<td>Oteller, \u00fcretim tesisleri, yiyecek ve i\u00e7ecek fabrikalar\u0131, \u00e7iftlikler, restoranlar, perakende, ev kullan\u0131m\u0131, in\u015faat, enerji ve madencilik, bask\u0131, reklam<\/td>\n<\/tr>\n<tr>\n<td>Men\u015fe yeri<\/td>\n<td>Guangdong, \u00c7in<\/td>\n<\/tr>\n<tr>\n<td>Marka ad\u0131<\/td>\n<td>Lvyuan \/ OEM<\/td>\n<\/tr>\n<tr>\n<td>\u00dcr\u00fcn ad\u0131<\/td>\n<td>1 5 10 mikron polipropilen filtre PP spun filtre kartu\u015fu<\/td>\n<\/tr>\n<tr>\n<td>Filtre tipi<\/td>\n<td>Oluk, kabartma, noktalar, \u015firket logosu<\/td>\n<\/tr>\n<tr>\n<td>Do\u011fruluk<\/td>\n<td>1-100 mikron<\/td>\n<\/tr>\n<tr>\n<td>D\u0131\u015f \u00e7ap<\/td>\n<td>10-200 mm<\/td>\n<\/tr>\n<tr>\n<td>\u0130\u00e7 \u00e7ap<\/td>\n<td>OEM<\/td>\n<\/tr>\n<tr>\n<td>Filtre adapt\u00f6r\u00fc<\/td>\n<td>D\u00fcz tip, tip 222, tip 226, tip 215<\/td>\n<\/tr>\n<tr>\n<td>Temel bile\u015fenler<\/td>\n<td>Bas\u0131n\u00e7l\u0131 kap<\/td>\n<\/tr>\n<tr>\n<td>En y\u00fcksek s\u0131cakl\u0131k<\/td>\n<td>80 \u2103<\/td>\n<\/tr>\n<tr>\n<td>\u0130\u015f bas\u0131nc\u0131 d\u00fc\u015f\u00fc\u015f\u00fc<\/td>\n<td>0,1 kgf\/cm\u00b2<\/td>\n<\/tr>\n<tr>\n<td>Maksimum bas\u0131n\u00e7 d\u00fc\u015f\u00fc\u015f\u00fc<\/td>\n<td>3 kgf\/cm\u00b2<\/td>\n<\/tr>\n<tr>\n<td>En y\u00fcksek kapal\u0131 bas\u0131n\u00e7<\/td>\n<td>5 kgf\/cm\u00b2<\/td>\n<\/tr>\n<tr>\n<td>Garanti<\/td>\n<td>1 y\u0131l<\/td>\n<\/tr>\n<tr>\n<td>\u00c7ekirdek bile\u015fenlerin garantisi<\/td>\n<td>1 y\u0131l<\/td>\n<\/tr>\n<tr>\n<td>Sat\u0131\u015f sonras\u0131 hizmet<\/td>\n<td>\u00c7evrimi\u00e7i destek<\/td>\n<\/tr>\n<tr>\n<td>Garanti sonras\u0131 servis<\/td>\n<td>\u00c7evrimi\u00e7i destek<\/td>\n<\/tr>\n<tr>\n<td>Yerel hizmet konumu<\/td>\n<td>Hi\u00e7biri<\/td>\n<\/tr>\n<tr>\n<td>Showroom konumu<\/td>\n<td>Hi\u00e7biri<\/td>\n<\/tr>\n<tr>\n<td>Video \u00e7\u0131k\u0131\u015f denetimi<\/td>\n<td>Sa\u011fland\u0131<\/td>\n<\/tr>\n<tr>\n<td>Makine test raporu<\/td>\n<td>Sa\u011fland\u0131<\/td>\n<\/tr>\n<tr>\n<td>Pazarlama t\u00fcr\u00fc<\/td>\n<td>S\u0131radan \u00fcr\u00fcn<\/td>\n<\/tr>\n<\/tbody>\n<\/table>","protected":false},"excerpt":{"rendered":"<p>Bu PP spun filtre kartu\u015fu, bir\u00e7ok sekt\u00f6rde ince partik\u00fclleri giderir. Sabit ak\u0131\u015f, kolay montaj ve g\u00fcnl\u00fck kullan\u0131mda g\u00fcvenilir performans i\u00e7in \u00fcretilmi\u015ftir.<\/p>","protected":false},"featured_media":2036,"comment_status":"open","ping_status":"closed","template":"","meta":{"_gspb_post_css":""},"product_brand":[],"product_cat":[23,17],"product_tag":[634,868,867,729,675,866],"class_list":{"0":"post-2028","1":"product","2":"type-product","3":"status-publish","4":"has-post-thumbnail","6":"product_cat-pp-filter-cartridge","7":"product_cat-sediment-filter","8":"product_tag-1-micron-water-filter","9":"product_tag-10-micron-filter-cartridge","10":"product_tag-industrial-pp-filter","11":"product_tag-polypropylene-filter-cartridge","12":"product_tag-pp-spun-filter-cartridge","13":"product_tag-water-filtration-cartridge","15":"first","16":"instock","17":"shipping-taxable","18":"product-type-simple"},"_links":{"self":[{"href":"https:\/\/lyfilter.com\/tr\/wp-json\/wp\/v2\/product\/2028","targetHints":{"allow":["GET"]}}],"collection":[{"href":"https:\/\/lyfilter.com\/tr\/wp-json\/wp\/v2\/product"}],"about":[{"href":"https:\/\/lyfilter.com\/tr\/wp-json\/wp\/v2\/types\/product"}],"replies":[{"embeddable":true,"href":"https:\/\/lyfilter.com\/tr\/wp-json\/wp\/v2\/comments?post=2028"}],"wp:featuredmedia":[{"embeddable":true,"href":"https:\/\/lyfilter.com\/tr\/wp-json\/wp\/v2\/media\/2036"}],"wp:attachment":[{"href":"https:\/\/lyfilter.com\/tr\/wp-json\/wp\/v2\/media?parent=2028"}],"wp:term":[{"taxonomy":"product_brand","embeddable":true,"href":"https:\/\/lyfilter.com\/tr\/wp-json\/wp\/v2\/product_brand?post=2028"},{"taxonomy":"product_cat","embeddable":true,"href":"https:\/\/lyfilter.com\/tr\/wp-json\/wp\/v2\/product_cat?post=2028"},{"taxonomy":"product_tag","embeddable":true,"href":"https:\/\/lyfilter.com\/tr\/wp-json\/wp\/v2\/product_tag?post=2028"}],"curies":[{"name":"wp","href":"https:\/\/api.w.org\/{rel}","templated":true}]}}