{"id":2022,"date":"2026-01-06T03:42:59","date_gmt":"2026-01-06T03:42:59","guid":{"rendered":"https:\/\/lyfilter.com\/?post_type=product&#038;p=2022"},"modified":"2026-01-06T03:42:59","modified_gmt":"2026-01-06T03:42:59","slug":"5-micron-pp-filter-sediment-cartridge-10-inch-for-water-filter-parts","status":"publish","type":"product","link":"https:\/\/lyfilter.com\/tr\/5-micron-pp-filter-sediment-cartridge-10-inch-for-water-filter-parts\/","title":{"rendered":"5 mikron PP filtre Tortu Kartu\u015fu 10 in\u00e7 su filtresi par\u00e7alar\u0131 i\u00e7in"},"content":{"rendered":"<table>\n<thead>\n<tr>\n<th>\u00d6\u011fe<\/th>\n<th>Detaylar<\/th>\n<\/tr>\n<\/thead>\n<tbody>\n<tr>\n<td>Men\u015fe yeri<\/td>\n<td>Guangdong, \u00c7in<\/td>\n<\/tr>\n<tr>\n<td>Marka ad\u0131<\/td>\n<td>Lvyuan \/ OEM<\/td>\n<\/tr>\n<tr>\n<td>Model numaras\u0131<\/td>\n<td>LY-PPF serisi<\/td>\n<\/tr>\n<tr>\n<td>\u00dcr\u00fcn ad\u0131<\/td>\n<td>5 mikron PP filtre<\/td>\n<\/tr>\n<tr>\n<td>Uygulama<\/td>\n<td>Su filtresi par\u00e7alar\u0131, ters osmoz<\/td>\n<\/tr>\n<tr>\n<td>Kullan\u0131m<\/td>\n<td>S\u0131v\u0131 kartu\u015f filtre<\/td>\n<\/tr>\n<tr>\n<td>Filtre ortam\u0131<\/td>\n<td>Polipropilen PP membran<\/td>\n<\/tr>\n<tr>\n<td>Mikron oran\u0131<\/td>\n<td>1, 3, 5, 10 mikron<\/td>\n<\/tr>\n<tr>\n<td>Uzunluk<\/td>\n<td>10 in\u00e7<\/td>\n<\/tr>\n<tr>\n<td>U\u00e7 kapa\u011f\u0131<\/td>\n<td>DOE<\/td>\n<\/tr>\n<tr>\n<td>Stil<\/td>\n<td>D\u00fcz<\/td>\n<\/tr>\n<tr>\n<td>\u0130\u00e7 \u00e7ekirdek<\/td>\n<td>Hi\u00e7biri<\/td>\n<\/tr>\n<tr>\n<td>Sertifikasyon<\/td>\n<td>CE, SGS<\/td>\n<\/tr>\n<tr>\n<td>Sat\u0131\u015f birimleri<\/td>\n<td>Tek \u00fcr\u00fcn<\/td>\n<\/tr>\n<tr>\n<td>Tek paket boyutu<\/td>\n<td>32 \u00d7 32 \u00d7 53 cm<\/td>\n<\/tr>\n<tr>\n<td>Tek br\u00fct a\u011f\u0131rl\u0131k<\/td>\n<td>6.0 kg<\/td>\n<\/tr>\n<tr>\n<td>Paket tipi<\/td>\n<td>Sert karton, her par\u00e7a i\u00e7in poli torba<\/td>\n<\/tr>\n<\/tbody>\n<\/table>","protected":false},"excerpt":{"rendered":"<p>Bu 5 mikron PP filtre kartu\u015fu, RO sistemlerini korumak i\u00e7in tortu ve ince partik\u00fclleri giderir. G\u00fcnl\u00fck su filtrasyonu i\u00e7in basit ve g\u00fcvenilir bir se\u00e7imdir.<\/p>","protected":false},"featured_media":2023,"comment_status":"open","ping_status":"closed","template":"","meta":{"_gspb_post_css":""},"product_brand":[],"product_cat":[23,17],"product_tag":[832,819,681,660,632,864],"class_list":{"0":"post-2022","1":"product","2":"type-product","3":"status-publish","4":"has-post-thumbnail","6":"product_cat-pp-filter-cartridge","7":"product_cat-sediment-filter","8":"product_tag-10-inch-water-filter","9":"product_tag-5-micron-pp-filter","10":"product_tag-liquid-cartridge-filter","11":"product_tag-pp-membrane-filter","12":"product_tag-pp-water-filter-cartridge","13":"product_tag-ro-sediment-filter","15":"first","16":"instock","17":"shipping-taxable","18":"product-type-simple"},"_links":{"self":[{"href":"https:\/\/lyfilter.com\/tr\/wp-json\/wp\/v2\/product\/2022","targetHints":{"allow":["GET"]}}],"collection":[{"href":"https:\/\/lyfilter.com\/tr\/wp-json\/wp\/v2\/product"}],"about":[{"href":"https:\/\/lyfilter.com\/tr\/wp-json\/wp\/v2\/types\/product"}],"replies":[{"embeddable":true,"href":"https:\/\/lyfilter.com\/tr\/wp-json\/wp\/v2\/comments?post=2022"}],"wp:featuredmedia":[{"embeddable":true,"href":"https:\/\/lyfilter.com\/tr\/wp-json\/wp\/v2\/media\/2023"}],"wp:attachment":[{"href":"https:\/\/lyfilter.com\/tr\/wp-json\/wp\/v2\/media?parent=2022"}],"wp:term":[{"taxonomy":"product_brand","embeddable":true,"href":"https:\/\/lyfilter.com\/tr\/wp-json\/wp\/v2\/product_brand?post=2022"},{"taxonomy":"product_cat","embeddable":true,"href":"https:\/\/lyfilter.com\/tr\/wp-json\/wp\/v2\/product_cat?post=2022"},{"taxonomy":"product_tag","embeddable":true,"href":"https:\/\/lyfilter.com\/tr\/wp-json\/wp\/v2\/product_tag?post=2022"}],"curies":[{"name":"wp","href":"https:\/\/api.w.org\/{rel}","templated":true}]}}