{"id":2014,"date":"2026-01-06T03:40:48","date_gmt":"2026-01-06T03:40:48","guid":{"rendered":"https:\/\/lyfilter.com\/?post_type=product&#038;p=2014"},"modified":"2026-01-06T03:40:48","modified_gmt":"2026-01-06T03:40:48","slug":"20-inch-1-stage-water-filter-cartridge-gac-activated-carbon-udf-cto-pp","status":"publish","type":"product","link":"https:\/\/lyfilter.com\/tr\/20-inch-1-stage-water-filter-cartridge-gac-activated-carbon-udf-cto-pp\/","title":{"rendered":"20 in\u00e7 1 a\u015famal\u0131 su filtresi Kartu\u015f GAC aktif karbon UDF + CTO + PP"},"content":{"rendered":"<table>\n<thead>\n<tr>\n<th>\u00d6\u011fe<\/th>\n<th>Detaylar<\/th>\n<\/tr>\n<\/thead>\n<tbody>\n<tr>\n<td>Men\u015fe yeri<\/td>\n<td>Guangdong, \u00c7in<\/td>\n<\/tr>\n<tr>\n<td>Marka ad\u0131<\/td>\n<td>Lvyuan \/ OEM<\/td>\n<\/tr>\n<tr>\n<td>Model numaras\u0131<\/td>\n<td>LY-PPF serisi<\/td>\n<\/tr>\n<tr>\n<td>\u00dcr\u00fcn ad\u0131<\/td>\n<td>20 in\u00e7 1 kademeli su filtresi<\/td>\n<\/tr>\n<tr>\n<td>Uygulama<\/td>\n<td>Su filtresi par\u00e7alar\u0131, ters osmoz<\/td>\n<\/tr>\n<tr>\n<td>Kullan\u0131m<\/td>\n<td>S\u0131v\u0131 kartu\u015f filtre<\/td>\n<\/tr>\n<tr>\n<td>Filtre ortam\u0131<\/td>\n<td>Polipropilen PP membran<\/td>\n<\/tr>\n<tr>\n<td>Mikron oran\u0131<\/td>\n<td>1, 3, 5, 10, 20 mikron<\/td>\n<\/tr>\n<tr>\n<td>Uzunluk<\/td>\n<td>5\u2033, 10\u2033, 20\u2033, 30\u2033, 40\u2033, 50\u2033 in\u00e7<\/td>\n<\/tr>\n<tr>\n<td>U\u00e7 kapa\u011f\u0131<\/td>\n<td>DOE, 222+Fin, 222+Flat, 226+Fin, 226+Flat<\/td>\n<\/tr>\n<tr>\n<td>Conta \/ O-ring malzemesi<\/td>\n<td>Silikon, EPDM, Viton<\/td>\n<\/tr>\n<tr>\n<td>\u0130\u00e7 \u00e7ekirdek<\/td>\n<td>PP veya hi\u00e7biri<\/td>\n<\/tr>\n<tr>\n<td>Sertifikasyon<\/td>\n<td>CE, SGS<\/td>\n<\/tr>\n<tr>\n<td>Tedarik yetene\u011fi<\/td>\n<td>G\u00fcnde 5000 par\u00e7a<\/td>\n<\/tr>\n<\/tbody>\n<\/table>","protected":false},"excerpt":{"rendered":"<p>Bu 20 in\u00e7 PP su filtresi kartu\u015fu, RO ve su filtreleme sistemleri i\u00e7in g\u00fcvenilir tortu giderme sa\u011flar. Suyun temiz kalmas\u0131na ve sistemlerin korunmas\u0131na yard\u0131mc\u0131 olur.<\/p>","protected":false},"featured_media":2016,"comment_status":"open","ping_status":"closed","template":"","meta":{"_gspb_post_css":""},"product_brand":[],"product_cat":[23,17],"product_tag":[863,691,660,632,732,325],"class_list":{"0":"post-2014","1":"product","2":"type-product","3":"status-publish","4":"has-post-thumbnail","6":"product_cat-pp-filter-cartridge","7":"product_cat-sediment-filter","8":"product_tag-1-stage-water-filter","9":"product_tag-20-inch-water-filter-cartridge","10":"product_tag-pp-membrane-filter","11":"product_tag-pp-water-filter-cartridge","12":"product_tag-ro-filter-cartridge","13":"product_tag-sediment-filter-cartridge","15":"first","16":"instock","17":"shipping-taxable","18":"product-type-simple"},"_links":{"self":[{"href":"https:\/\/lyfilter.com\/tr\/wp-json\/wp\/v2\/product\/2014","targetHints":{"allow":["GET"]}}],"collection":[{"href":"https:\/\/lyfilter.com\/tr\/wp-json\/wp\/v2\/product"}],"about":[{"href":"https:\/\/lyfilter.com\/tr\/wp-json\/wp\/v2\/types\/product"}],"replies":[{"embeddable":true,"href":"https:\/\/lyfilter.com\/tr\/wp-json\/wp\/v2\/comments?post=2014"}],"wp:featuredmedia":[{"embeddable":true,"href":"https:\/\/lyfilter.com\/tr\/wp-json\/wp\/v2\/media\/2016"}],"wp:attachment":[{"href":"https:\/\/lyfilter.com\/tr\/wp-json\/wp\/v2\/media?parent=2014"}],"wp:term":[{"taxonomy":"product_brand","embeddable":true,"href":"https:\/\/lyfilter.com\/tr\/wp-json\/wp\/v2\/product_brand?post=2014"},{"taxonomy":"product_cat","embeddable":true,"href":"https:\/\/lyfilter.com\/tr\/wp-json\/wp\/v2\/product_cat?post=2014"},{"taxonomy":"product_tag","embeddable":true,"href":"https:\/\/lyfilter.com\/tr\/wp-json\/wp\/v2\/product_tag?post=2014"}],"curies":[{"name":"wp","href":"https:\/\/api.w.org\/{rel}","templated":true}]}}