{"id":2002,"date":"2026-01-06T03:35:09","date_gmt":"2026-01-06T03:35:09","guid":{"rendered":"https:\/\/lyfilter.com\/?post_type=product&#038;p=2002"},"modified":"2026-01-06T03:35:09","modified_gmt":"2026-01-06T03:35:09","slug":"10-20-inch-ppfgaccto-home-pure-water-filter-cartridge","status":"publish","type":"product","link":"https:\/\/lyfilter.com\/tr\/10-20-inch-ppfgaccto-home-pure-water-filter-cartridge\/","title":{"rendered":"10 20 in\u00e7 PPF+GAC+CTO Home Pure su filtre kartu\u015fu"},"content":{"rendered":"<table>\n<thead>\n<tr>\n<th>\u00d6\u011fe<\/th>\n<th>Detaylar<\/th>\n<\/tr>\n<\/thead>\n<tbody>\n<tr>\n<td>Men\u015fe yeri<\/td>\n<td>Guangdong, \u00c7in<\/td>\n<\/tr>\n<tr>\n<td>Marka ad\u0131<\/td>\n<td>Lvyuan \/ OEM<\/td>\n<\/tr>\n<tr>\n<td>Model numaras\u0131<\/td>\n<td>LY-PPF serisi<\/td>\n<\/tr>\n<tr>\n<td>\u00dcr\u00fcn ad\u0131<\/td>\n<td>Ev saf su filtre kartu\u015fu<\/td>\n<\/tr>\n<tr>\n<td>Uygulama<\/td>\n<td>Su filtresi par\u00e7alar\u0131, ters osmoz<\/td>\n<\/tr>\n<tr>\n<td>Kullan\u0131m<\/td>\n<td>S\u0131v\u0131 kartu\u015f filtre<\/td>\n<\/tr>\n<tr>\n<td>Filtre ortam\u0131<\/td>\n<td>PP eriyik \u00fcflemeli filtre kartu\u015fu<\/td>\n<\/tr>\n<tr>\n<td>Mikron oran\u0131<\/td>\n<td>1, 3, 5, 10-100 mikron<\/td>\n<\/tr>\n<tr>\n<td>Uzunluk<\/td>\n<td>5\u2033, 10\u2033, 20\u2033, 30\u2033, 40\u2033, 50\u2033 in\u00e7<\/td>\n<\/tr>\n<tr>\n<td>U\u00e7 kapa\u011f\u0131<\/td>\n<td>DOE, 222+Fin, 222+Flat, 226+Fin, 226+Flat<\/td>\n<\/tr>\n<tr>\n<td>Conta \/ O-ring malzemesi<\/td>\n<td>Silikon, EPDM, Viton<\/td>\n<\/tr>\n<tr>\n<td>\u0130\u00e7 \u00e7ekirdek<\/td>\n<td>PP veya hi\u00e7biri<\/td>\n<\/tr>\n<tr>\n<td>Sertifikasyon<\/td>\n<td>CE, SGS<\/td>\n<\/tr>\n<tr>\n<td>Tedarik yetene\u011fi<\/td>\n<td>G\u00fcnde 5000 par\u00e7a<\/td>\n<\/tr>\n<\/tbody>\n<\/table>","protected":false},"excerpt":{"rendered":"<p>Bu PP eriyik \u00fcflemeli su filtresi kartu\u015fu RO sisteminizin korunmas\u0131na yard\u0131mc\u0131 olur. Daha temiz, daha lezzetli su i\u00e7in \u00e7oklu mikron seviyelerinde tortuyu giderir.<\/p>","protected":false},"featured_media":2010,"comment_status":"open","ping_status":"closed","template":"","meta":{"_gspb_post_css":""},"product_brand":[],"product_cat":[17,23],"product_tag":[767,681,725,632,732,325],"class_list":{"0":"post-2002","1":"product","2":"type-product","3":"status-publish","4":"has-post-thumbnail","6":"product_cat-sediment-filter","7":"product_cat-pp-filter-cartridge","8":"product_tag-home-water-filter-cartridge","9":"product_tag-liquid-cartridge-filter","10":"product_tag-pp-melt-blown-filter","11":"product_tag-pp-water-filter-cartridge","12":"product_tag-ro-filter-cartridge","13":"product_tag-sediment-filter-cartridge","15":"first","16":"instock","17":"shipping-taxable","18":"product-type-simple"},"_links":{"self":[{"href":"https:\/\/lyfilter.com\/tr\/wp-json\/wp\/v2\/product\/2002","targetHints":{"allow":["GET"]}}],"collection":[{"href":"https:\/\/lyfilter.com\/tr\/wp-json\/wp\/v2\/product"}],"about":[{"href":"https:\/\/lyfilter.com\/tr\/wp-json\/wp\/v2\/types\/product"}],"replies":[{"embeddable":true,"href":"https:\/\/lyfilter.com\/tr\/wp-json\/wp\/v2\/comments?post=2002"}],"wp:featuredmedia":[{"embeddable":true,"href":"https:\/\/lyfilter.com\/tr\/wp-json\/wp\/v2\/media\/2010"}],"wp:attachment":[{"href":"https:\/\/lyfilter.com\/tr\/wp-json\/wp\/v2\/media?parent=2002"}],"wp:term":[{"taxonomy":"product_brand","embeddable":true,"href":"https:\/\/lyfilter.com\/tr\/wp-json\/wp\/v2\/product_brand?post=2002"},{"taxonomy":"product_cat","embeddable":true,"href":"https:\/\/lyfilter.com\/tr\/wp-json\/wp\/v2\/product_cat?post=2002"},{"taxonomy":"product_tag","embeddable":true,"href":"https:\/\/lyfilter.com\/tr\/wp-json\/wp\/v2\/product_tag?post=2002"}],"curies":[{"name":"wp","href":"https:\/\/api.w.org\/{rel}","templated":true}]}}