{"id":1960,"date":"2026-01-06T03:00:12","date_gmt":"2026-01-06T03:00:12","guid":{"rendered":"https:\/\/lyfilter.com\/?post_type=product&#038;p=1960"},"modified":"2026-01-06T03:04:20","modified_gmt":"2026-01-06T03:04:20","slug":"5-10-20-30-40-inchpp-sediment-water-purifier-cartridge-filter-for-industrial-water-filtration","status":"publish","type":"product","link":"https:\/\/lyfilter.com\/tr\/5-10-20-30-40-inchpp-sediment-water-purifier-cartridge-filter-for-industrial-water-filtration\/","title":{"rendered":"5 10 20\u201d 30 40 inchPP Sediment Su Ar\u0131tma Kartu\u015fu End\u00fcstriyel Su Filtrasyonu i\u00e7in Filtre"},"content":{"rendered":"<table>\n<thead>\n<tr>\n<th>\u00d6\u011fe<\/th>\n<th>Detaylar<\/th>\n<\/tr>\n<\/thead>\n<tbody>\n<tr>\n<td>Uygulanabilir sekt\u00f6rler<\/td>\n<td>\u00dcretim tesisi, yiyecek ve i\u00e7ecek fabrikas\u0131, ev kullan\u0131m\u0131, su ar\u0131tma<\/td>\n<\/tr>\n<tr>\n<td>Men\u015fe yeri<\/td>\n<td>Guangdong, \u00c7in<\/td>\n<\/tr>\n<tr>\n<td>Marka ad\u0131<\/td>\n<td>Lvyuan, OEM, ODM<\/td>\n<\/tr>\n<tr>\n<td>Malzeme<\/td>\n<td>PP<\/td>\n<\/tr>\n<tr>\n<td>Hammadde<\/td>\n<td>PP elyaf<\/td>\n<\/tr>\n<tr>\n<td>Uzunluk<\/td>\n<td>20 in\u00e7<\/td>\n<\/tr>\n<tr>\n<td>Boyut<\/td>\n<td>508 \u00d7 63 \u00d7 63 mm<\/td>\n<\/tr>\n<tr>\n<td>A\u011f\u0131rl\u0131k<\/td>\n<td>\u00d6zelle\u015ftirilmi\u015f<\/td>\n<\/tr>\n<tr>\n<td>G\u00fc\u00e7<\/td>\n<td>0<\/td>\n<\/tr>\n<tr>\n<td>\u00d6zellik<\/td>\n<td>Y\u00fcksek verimlilik<\/td>\n<\/tr>\n<tr>\n<td>Kald\u0131rma oran\u0131<\/td>\n<td>1 mikron, 5 mikron<\/td>\n<\/tr>\n<tr>\n<td>Kullan\u0131m<\/td>\n<td>Su ar\u0131tma<\/td>\n<\/tr>\n<tr>\n<td>Uygulama<\/td>\n<td>End\u00fcstri<\/td>\n<\/tr>\n<tr>\n<td>Renk<\/td>\n<td>Beyaz<\/td>\n<\/tr>\n<tr>\n<td>G\u00f6r\u00fcn\u00fc\u015f<\/td>\n<td>Parlak<\/td>\n<\/tr>\n<tr>\n<td>Sertifikasyon<\/td>\n<td>SGS<\/td>\n<\/tr>\n<tr>\n<td>Garanti<\/td>\n<td>Kullan\u0131lam\u0131yor<\/td>\n<\/tr>\n<tr>\n<td>Sat\u0131\u015f sonras\u0131 hizmet<\/td>\n<td>\u00c7evrimi\u00e7i destek<\/td>\n<\/tr>\n<tr>\n<td>Paketleme<\/td>\n<td>Ka\u011f\u0131t kutu<\/td>\n<\/tr>\n<tr>\n<td>Sat\u0131\u015f birimleri<\/td>\n<td>Tek \u00fcr\u00fcn<\/td>\n<\/tr>\n<tr>\n<td>Tek paket boyutu<\/td>\n<td>53 \u00d7 34 \u00d7 33 cm<\/td>\n<\/tr>\n<tr>\n<td>Tek br\u00fct a\u011f\u0131rl\u0131k<\/td>\n<td>5,8 kg<\/td>\n<\/tr>\n<tr>\n<td>Paket tipi<\/td>\n<td>Ka\u011f\u0131t kutu<\/td>\n<\/tr>\n<tr>\n<td>Teslim s\u00fcresi (1-1000 kutu)<\/td>\n<td>7 g\u00fcn<\/td>\n<\/tr>\n<tr>\n<td>Teslim s\u00fcresi (&gt;1000 kutu)<\/td>\n<td>M\u00fczakere edilecek<\/td>\n<\/tr>\n<\/tbody>\n<\/table>","protected":false},"excerpt":{"rendered":"<p>Bu 20 in\u00e7 PP su filtresi kartu\u015fu, ince partik\u00fclleri verimli bir \u015fekilde temizler. G\u00fcvenilir mikron filtreleme ile end\u00fcstriyel, g\u0131da ve ev tipi su ar\u0131tmaya uygundur.<\/p>","protected":false},"featured_media":1968,"comment_status":"open","ping_status":"closed","template":"","meta":{"_gspb_post_css":""},"product_brand":[],"product_cat":[23,17],"product_tag":[634,855,635,856,638,632],"class_list":{"0":"post-1960","1":"product","2":"type-product","3":"status-publish","4":"has-post-thumbnail","6":"product_cat-pp-filter-cartridge","7":"product_cat-sediment-filter","8":"product_tag-1-micron-water-filter","9":"product_tag-20-inch-water-filter","10":"product_tag-5-micron-water-filter","11":"product_tag-industrial-water-treatment-filter","12":"product_tag-pp-fiber-filter-cartridge","13":"product_tag-pp-water-filter-cartridge","15":"first","16":"instock","17":"shipping-taxable","18":"product-type-simple"},"_links":{"self":[{"href":"https:\/\/lyfilter.com\/tr\/wp-json\/wp\/v2\/product\/1960","targetHints":{"allow":["GET"]}}],"collection":[{"href":"https:\/\/lyfilter.com\/tr\/wp-json\/wp\/v2\/product"}],"about":[{"href":"https:\/\/lyfilter.com\/tr\/wp-json\/wp\/v2\/types\/product"}],"replies":[{"embeddable":true,"href":"https:\/\/lyfilter.com\/tr\/wp-json\/wp\/v2\/comments?post=1960"}],"wp:featuredmedia":[{"embeddable":true,"href":"https:\/\/lyfilter.com\/tr\/wp-json\/wp\/v2\/media\/1968"}],"wp:attachment":[{"href":"https:\/\/lyfilter.com\/tr\/wp-json\/wp\/v2\/media?parent=1960"}],"wp:term":[{"taxonomy":"product_brand","embeddable":true,"href":"https:\/\/lyfilter.com\/tr\/wp-json\/wp\/v2\/product_brand?post=1960"},{"taxonomy":"product_cat","embeddable":true,"href":"https:\/\/lyfilter.com\/tr\/wp-json\/wp\/v2\/product_cat?post=1960"},{"taxonomy":"product_tag","embeddable":true,"href":"https:\/\/lyfilter.com\/tr\/wp-json\/wp\/v2\/product_tag?post=1960"}],"curies":[{"name":"wp","href":"https:\/\/api.w.org\/{rel}","templated":true}]}}