{"id":1942,"date":"2026-01-06T02:53:34","date_gmt":"2026-01-06T02:53:34","guid":{"rendered":"https:\/\/lyfilter.com\/?post_type=product&#038;p=1942"},"modified":"2026-01-06T02:53:34","modified_gmt":"2026-01-06T02:53:34","slug":"double-layers-microns-filtration-5-micronx10-micron-spun-polypropylene-filter-cartridge-for-water-treatment-purification","status":"publish","type":"product","link":"https:\/\/lyfilter.com\/tr\/double-layers-microns-filtration-5-micronx10-micron-spun-polypropylene-filter-cartridge-for-water-treatment-purification\/","title":{"rendered":"Su ar\u0131tma safla\u015ft\u0131rmas\u0131 i\u00e7in \u00e7ift katmanl\u0131 mikron filtreleme (5 mikronx10 mikron) b\u00fck\u00fclm\u00fc\u015f polipropilen filtre kartu\u015fu"},"content":{"rendered":"<div class=\"scc-wrapper detail-module module-productPackagingAndQuickDetail\" data-spm=\"prilinga1e\">\n<div class=\"widget-detail-overview\">\n<div class=\"do-content\">\n<div class=\"do-overview\">\n<div class=\"do-entry do-entry-separate\">\n<div class=\"do-entry-list\"><\/div>\n<\/div>\n<div class=\"do-entry do-entry-full\">\n<div class=\"do-entry-list\">\n<dl class=\"do-entry-item\">\n<dd class=\"do-entry-item-val\" title=\"Teslim S\u00fcresi\">\n<div class=\"table-responsive\">\n<table>\n<thead>\n<tr>\n<th>\u00d6\u011fe<\/th>\n<th>DETAYLAR<\/th>\n<\/tr>\n<\/thead>\n<tbody>\n<tr>\n<td>durum<\/td>\n<td>yeni<\/td>\n<\/tr>\n<tr>\n<td>\u00dcR\u00dcN ADI<\/td>\n<td>su ar\u0131tma i\u00e7in mikron spun polipropilen filtre kartu\u015fu<\/td>\n<\/tr>\n<tr>\n<td>marka ad\u0131<\/td>\n<td>lvyuan\/oem<\/td>\n<\/tr>\n<tr>\n<td>men\u015fe yeri<\/td>\n<td>guangdong, \u00e7i\u0307n<\/td>\n<\/tr>\n<tr>\n<td>malzeme<\/td>\n<td>poli\u0307propi\u0307len<\/td>\n<\/tr>\n<tr>\n<td>do\u011fruluk<\/td>\n<td>1-100 mikron<\/td>\n<\/tr>\n<tr>\n<td>d\u0131\u015f \u00e7ap<\/td>\n<td>10-200 mm<\/td>\n<\/tr>\n<tr>\n<td>i\u00e7 \u00e7ap<\/td>\n<td>oem<\/td>\n<\/tr>\n<tr>\n<td>filtre tipi<\/td>\n<td>oluk, kabartma, noktalar, \u015firket logosu<\/td>\n<\/tr>\n<tr>\n<td>filtre adapt\u00f6r\u00fc<\/td>\n<td>d\u00fcz tip, tip 222, tip 226, tip 215<\/td>\n<\/tr>\n<tr>\n<td>en y\u00fcksek s\u0131cakl\u0131k<\/td>\n<td>80\u2103<\/td>\n<\/tr>\n<tr>\n<td>i\u015f bas\u0131nc\u0131 d\u00fc\u015f\u00fc\u015f\u00fc<\/td>\n<td>0,1 kgf\/cm\u00b2<\/td>\n<\/tr>\n<tr>\n<td>en y\u00fcksek kapal\u0131<\/td>\n<td>5 kgf\/cm\u00b2<\/td>\n<\/tr>\n<tr>\n<td>maksimum bas\u0131n\u00e7 d\u00fc\u015f\u00fc\u015f\u00fc<\/td>\n<td>3 kgf\/cm\u00b2<\/td>\n<\/tr>\n<tr>\n<td>boyut<\/td>\n<td>oem<\/td>\n<\/tr>\n<tr>\n<td>a\u011f\u0131rl\u0131k<\/td>\n<td>oem<\/td>\n<\/tr>\n<tr>\n<td>g\u00fc\u00e7<\/td>\n<td>0<\/td>\n<\/tr>\n<tr>\n<td>Garanti<\/td>\n<td>Kullan\u0131lamaz<\/td>\n<\/tr>\n<tr>\n<td>sat\u0131\u015f sonras\u0131 hizmet sa\u011fland\u0131<\/td>\n<td>online destek<\/td>\n<\/tr>\n<tr>\n<td>uygulanabi\u0307li\u0307r sekt\u00f6rler<\/td>\n<td>oteller, konfeksiyon ma\u011fazalar\u0131, yap\u0131 malzemeleri ma\u011fazalar\u0131, \u00fcretim tesisi, makine tamir at\u00f6lyeleri, yiyecek ve i\u00e7ecek fabrikas\u0131, \u00e7iftlikler, restoran, ev kullan\u0131m\u0131, perakende, g\u0131da ma\u011fazas\u0131, matbaalar, in\u015faat i\u015fleri, enerji ve madencilik, yiyecek ve i\u00e7ecek ma\u011fazalar\u0131, reklam \u015firketi<\/td>\n<\/tr>\n<tr>\n<td>sat\u0131\u015f birimleri<\/td>\n<td>tek \u00fcr\u00fcn<\/td>\n<\/tr>\n<tr>\n<td>tek paket boyutu<\/td>\n<td>26 \u00d7 3 \u00d7 3 cm<\/td>\n<\/tr>\n<tr>\n<td>tek br\u00fct a\u011f\u0131rl\u0131k<\/td>\n<td>1.000 kg<\/td>\n<\/tr>\n<tr>\n<td>paket t\u00fcr\u00fc<\/td>\n<td>su ar\u0131tma ar\u0131tma i\u00e7in \u00e7ift katmanl\u0131 mikron filtrasyon (5 mikron \u00d7 10 mikron) b\u00fck\u00fclm\u00fc\u015f polipropilen filtre kartu\u015fu; ka\u011f\u0131t kartonda paketlenmi\u015ftir<\/td>\n<\/tr>\n<tr>\n<td>teslim s\u00fcresi (1-100 adet)<\/td>\n<td>3 g\u00fcn<\/td>\n<\/tr>\n<tr>\n<td>teslim s\u00fcresi (101-500 adet)<\/td>\n<td>5 g\u00fcn<\/td>\n<\/tr>\n<tr>\n<td>teslim s\u00fcresi (501-5000 adet)<\/td>\n<td>10 g\u00fcn<\/td>\n<\/tr>\n<tr>\n<td>teslim s\u00fcresi (&gt;5000 adet)<\/td>\n<td>m\u00fczakere edilecek<\/td>\n<\/tr>\n<\/tbody>\n<\/table>\n<\/div>\n<\/dd>\n<\/dl>\n<\/div>\n<\/div>\n<\/div>\n<\/div>\n<\/div>\n<\/div>\n<div class=\"scc-wrapper detail-module module-detailVideo\" data-spm=\"detailvideo\"><\/div>\n<div class=\"scc-wrapper detail-module module-productSpecification\" data-spm=\"pronpeci14\">\n<div id=\"J-rich-text-description\" class=\"richtext richtext-detail rich-text-description\">\n<div id=\"detail_decorate_root\" data-host=\"111218246\" data-id=\"detail_decorate_root\">\n<div id=\"_root\" class=\"engine-app\" data-reactroot=\"\">\n<div id=\"ali-anchor-AliMagic-c52arj\" class=\"magic-0\" data-section=\"AliMagic-c52arj\" data-section-title=\"Product Description\">\u00dcr\u00fcn A\u00e7\u0131klamas\u0131<\/div>\n<div class=\"icbu-pc-images magic-1\">\n<div>\n<div class=\"flex-layout-v\">\n<div class=\"flex-layout-h magic-1\">\n<div class=\"magic-2\"><img decoding=\"async\" class=\"magic-3\" src=\"https:\/\/img.yfisher.com\/m6076\/172572676906t\/jpg70-t3-scale100.webp\" alt=\"Su ar\u0131tma safla\u015ft\u0131rmas\u0131 i\u00e7in \u00e7ift katmanl\u0131 mikron filtrasyon (5 mikronx10 mikron) b\u00fck\u00fclm\u00fc\u015f polipropilen filtre kartu\u015fu 7\" data-lazy=\"2\" title=\"\"><\/div>\n<\/div>\n<\/div>\n<\/div>\n<\/div>\n<div class=\"icbu-pc-images magic-1\">\n<div>\n<div class=\"flex-layout-h\">\n<div class=\"flex-layout-v magic-4\">\n<div class=\"magic-5\"><img decoding=\"async\" class=\"magic-6\" src=\"https:\/\/img.yfisher.com\/m6076\/1725726769ezm\/png70-t3-scale100.webp\" alt=\"Su ar\u0131tma safla\u015ft\u0131rmas\u0131 i\u00e7in \u00e7ift katmanl\u0131 mikron filtrasyon (5 mikronx10 mikron) b\u00fck\u00fclm\u00fc\u015f polipropilen filtre kartu\u015fu 9\" data-lazy=\"2\" title=\"\"><\/div>\n<\/div>\n<div class=\"text-wrapper magic-7\">\n<div class=\"text-wrapper-right text-theme-light text-align-left\">\n<div class=\"text-title\">\n<h3 class=\"magic-8\"><span class=\"magic-9\">\u00a0<\/span><\/h3>\n<h3 class=\"magic-8\"><span class=\"magic-9\">\u00a0<\/span><\/h3>\n<h3 class=\"magic-8\"><span class=\"magic-9\">PP spun melt \u00fcflemeli filtre i\u00e7in \u00e7e\u015fitli boyutlar<\/span><\/h3>\n<\/div>\n<div class=\"text-content\">\n<p class=\"magic-10\"><span class=\"magic-9\">PP meltblown filtre kartu\u015fu (PPF)\u00a0<\/span><\/p>\n<p class=\"magic-10\"><span class=\"magic-9\">polipropilen malzemeden yap\u0131lm\u0131\u015ft\u0131r.\u00a0<\/span><\/p>\n<p class=\"magic-10\"><span class=\"magic-9\">As\u0131l\u0131 maddeleri uzakla\u015ft\u0131rabilir,\u00a0<\/span><\/p>\n<p class=\"magic-10\"><span class=\"magic-9\">par\u00e7ac\u0131klar\u0131 ve pas\u0131 etkili bir \u015fekilde temizler.\u00a0<\/span><\/p>\n<p class=\"magic-10\"><span class=\"magic-9\">Bu t\u00fcr bir kartu\u015f \u00f6n k\u0131s\u0131m i\u00e7in kullan\u0131l\u0131r\u00a0<\/span><\/p>\n<p class=\"magic-10\"><span class=\"magic-9\">korumak i\u00e7in filtre kartu\u015fu\u00a0<\/span><\/p>\n<p class=\"magic-10\"><span class=\"magic-9\">Di\u011ferleri.<\/span><\/p>\n<\/div>\n<\/div>\n<\/div>\n<\/div>\n<\/div>\n<\/div>\n<div class=\"icbu-pc-images magic-1\">\n<div>\n<div class=\"flex-layout-h\">\n<div class=\"text-wrapper magic-11\">\n<div class=\"text-wrapper-left text-theme-light text-align-left\">\n<div class=\"text-title\">\n<h3 class=\"magic-8\"><span class=\"magic-9\">\u00a0<\/span><\/h3>\n<h3 class=\"magic-8\"><span class=\"magic-9\">\u00a0<\/span><\/h3>\n<h3 class=\"magic-8\"><span class=\"magic-9\">OEM boyutlar\u0131 PP eriyik \u00fcflemeli filtre kartu\u015fu<\/span><\/h3>\n<\/div>\n<div class=\"text-content\">\n<p class=\"magic-10\"><span class=\"magic-9\">Lvyuan PP <a href=\"https:\/\/lyfilter.com\/tr\/melt-blown-filter-cartridge.html\/\">eriyik \u00fcflemeli filtre kartu\u015fu<\/a>serisi, su ar\u0131tma i\u00e7in bir t\u00fcr standart ve basit filtre kartu\u015fudur. Herhangi bir kimyasal yap\u0131\u015ft\u0131r\u0131c\u0131 olmadan polipropilen elyaf\u0131n kayna\u015fmas\u0131 ve i\u00e7 i\u00e7e ge\u00e7mesidir. 100% saf polipropilen PP hammaddeden yap\u0131lm\u0131\u015ft\u0131r.\u00a0<\/span><\/p>\n<p class=\"magic-10\"><span class=\"magic-9\"><b><span style=\"color: #71a3a1;\">Bayan Vickie Yung<br \/>\nMob.\/Whatsapp: +86 15975359293<br \/>\nSkype: vickie9293<\/span><\/b><br \/>\n<\/span><\/p>\n<\/div>\n<\/div>\n<\/div>\n<div class=\"flex-layout-v magic-4\">\n<div class=\"magic-5\"><img decoding=\"async\" class=\"magic-6\" src=\"https:\/\/img.yfisher.com\/m6076\/1725726769nrd\/png70-t3-scale100.webp\" alt=\"Su ar\u0131tma safla\u015ft\u0131rmas\u0131 i\u00e7in \u00e7ift katmanl\u0131 mikron filtrasyon (5 mikronx10 mikron) b\u00fck\u00fclm\u00fc\u015f polipropilen filtre kartu\u015fu 11\" data-lazy=\"2\" title=\"\"><\/div>\n<\/div>\n<\/div>\n<\/div>\n<\/div>\n<div class=\"icbu-pc-images magic-1\">\n<div>\n<div class=\"flex-layout-h\">\n<div class=\"flex-layout-v magic-4\">\n<div class=\"magic-5\"><img decoding=\"async\" class=\"magic-6\" src=\"https:\/\/img.yfisher.com\/m6076\/1725726769ek9\/png70-t3-scale100.webp\" alt=\"Su ar\u0131tma safla\u015ft\u0131rmas\u0131 i\u00e7in \u00e7ift katmanl\u0131 mikron filtrasyon (5 mikronx10 mikron) b\u00fck\u00fclm\u00fc\u015f polipropilen filtre kartu\u015fu 13\" data-lazy=\"2\" title=\"\"><\/div>\n<\/div>\n<div class=\"text-wrapper magic-7\">\n<div class=\"text-wrapper-right text-theme-light text-align-left\">\n<div class=\"text-title\">\n<h3 class=\"magic-8\"><span class=\"magic-9\">\u00a0<\/span><\/h3>\n<h3 class=\"magic-8\"><span class=\"magic-9\">\u00a0<\/span><\/h3>\n<h3 class=\"magic-8\"><span class=\"magic-9\">\u00d6zelle\u015ftirilmi\u015f \u00e7ift mikron PP su filtresi<\/span><\/h3>\n<\/div>\n<div class=\"text-content\">\n<p class=\"magic-10\"><span class=\"magic-9\">Mikronlar \u00f6zelle\u015ftirilebilir, 2 kat mikron PP <a href=\"https:\/\/lyfilter.com\/tr\/products.html\/\">su fi\u0307ltre kartu\u015flari<\/a> G\u00fc\u00e7l\u00fc kirletici tutma kapasitesi sa\u011flamak i\u00e7in, as\u0131l\u0131 madde, partik\u00fcl ve pas gibi kirleticileri etkili bir \u015fekilde giderebilir, verimli filtreleme ve uzun hizmet \u00f6mr\u00fc sa\u011flar.\u00a0<\/span><\/p>\n<\/div>\n<\/div>\n<\/div>\n<\/div>\n<\/div>\n<\/div>\n<div class=\"icbu-pc-images magic-1\">\n<div>\n<div class=\"flex-layout-h\">\n<div class=\"text-wrapper magic-11\">\n<div class=\"text-wrapper-left text-theme-light text-align-left\">\n<div class=\"text-title\">\n<h3 class=\"magic-8\"><span class=\"magic-9\">Kompozit malzemeli PP filtre kartu\u015fu<\/span><\/h3>\n<\/div>\n<div class=\"text-content\">\n<p class=\"magic-10\"><span class=\"magic-9\"><a href=\"https:\/\/lyfilter.com\/tr\/pp-filter-cartridge.html\/\">PP filtre kartu\u015fu<\/a> Kompozit filtre ile farkl\u0131 talepleri kar\u015f\u0131lamak i\u00e7in farkl\u0131 boyut ve filtrasyon malzemeleri \u00f6zelle\u015ftirilebilir.\u00a0<\/span><\/p>\n<\/div>\n<\/div>\n<\/div>\n<div class=\"flex-layout-v magic-4\">\n<div class=\"magic-5\"><img decoding=\"async\" class=\"magic-6\" src=\"https:\/\/img.yfisher.com\/m6076\/17257267697zl\/png70-t3-scale100.webp\" alt=\"Su ar\u0131tma ar\u0131tma i\u00e7in \u00e7ift katmanl\u0131 mikron filtreleme (5 mikronx10 mikron) b\u00fck\u00fclm\u00fc\u015f polipropilen filtre kartu\u015fu 15\" data-lazy=\"2\" title=\"\"><\/div>\n<\/div>\n<\/div>\n<\/div>\n<\/div>\n<div class=\"icbu-pc-images magic-1\">\n<div>\n<div class=\"flex-layout-h\">\n<div class=\"flex-layout-v magic-4\">\n<div class=\"magic-5\"><img decoding=\"async\" class=\"magic-6\" src=\"https:\/\/img.yfisher.com\/m6076\/1725726769o3n\/png70-t3-scale100.webp\" alt=\"\u00c7ift katmanl\u0131 mikron filtreleme (5 mikronx10 mikron) su ar\u0131tma safla\u015ft\u0131rmas\u0131 i\u00e7in b\u00fck\u00fclm\u00fc\u015f polipropilen filtre kartu\u015fu 17\" data-lazy=\"2\" title=\"\"><\/div>\n<\/div>\n<div class=\"text-wrapper magic-7\">\n<div class=\"text-wrapper-right text-theme-light text-align-left\">\n<div class=\"text-title\">\n<h3 class=\"magic-8\"><span class=\"magic-9\">PP su filtresi eleman\u0131 i\u00e7in OEM adapt\u00f6rler<\/span><\/h3>\n<\/div>\n<div class=\"text-content\">\n<p class=\"magic-10\"><span class=\"magic-9\">Farkl\u0131 filtre adapt\u00f6rleri mevcuttur.<\/span><\/p>\n<p class=\"magic-10\"><span class=\"magic-9\">\u0130ste\u011fe ba\u011fl\u0131 olarak silikon, EPDM, NBR, Viton.\u00a0<\/span><\/p>\n<\/div>\n<\/div>\n<\/div>\n<\/div>\n<\/div>\n<\/div>\n<div class=\"ife-detail-decorate-table\">\n<div class=\"table-responsive\">\n<table class=\"all magic-12\">\n<tbody>\n<tr>\n<td colspan=\"1\" rowspan=\"1\">\n<div class=\"magic-13\">\u00dcr\u00fcn ad\u0131<\/div>\n<\/td>\n<td colspan=\"3\" rowspan=\"1\">\n<div class=\"magic-14\">Su ar\u0131tma safla\u015ft\u0131rmas\u0131 i\u00e7in \u00e7ift katmanl\u0131 mikron filtreleme (5 mikronx10 mikron) b\u00fck\u00fclm\u00fc\u015f polipropilen filtre kartu\u015fu<\/div>\n<\/td>\n<\/tr>\n<tr>\n<td colspan=\"1\" rowspan=\"1\">\n<div class=\"magic-13\">Malzeme<\/div>\n<\/td>\n<td colspan=\"3\" rowspan=\"1\">\n<div class=\"magic-14\">100% Saf polipropilen malzeme<\/div>\n<\/td>\n<\/tr>\n<tr>\n<td colspan=\"1\" rowspan=\"1\">\n<div class=\"magic-13\">Y\u00fczey<\/div>\n<\/td>\n<td colspan=\"3\" rowspan=\"1\">\n<div class=\"magic-14\">Oluk, Bas\u0131n\u00e7 noktalar\u0131, D\u00fcz, \u00c7aprazlama<\/div>\n<\/td>\n<\/tr>\n<tr>\n<td colspan=\"1\" rowspan=\"1\">\n<div class=\"magic-13\">Mikron<\/div>\n<\/td>\n<td colspan=\"3\" rowspan=\"1\">\n<div class=\"magic-17\">1 ~100 mikron<\/div>\n<\/td>\n<\/tr>\n<tr>\n<td colspan=\"1\" rowspan=\"1\">\n<div class=\"magic-13\">D\u0131\u015f \u00e7ap<\/div>\n<\/td>\n<td colspan=\"3\" rowspan=\"1\">\n<div class=\"magic-17\">OEM<\/div>\n<\/td>\n<\/tr>\n<tr>\n<td colspan=\"1\" rowspan=\"1\">\n<div class=\"magic-13\">\u0130\u00e7 \u00e7ap<\/div>\n<\/td>\n<td colspan=\"3\" rowspan=\"1\">\n<div class=\"magic-17\">OEM<\/div>\n<\/td>\n<\/tr>\n<tr>\n<td colspan=\"1\" rowspan=\"1\">\n<div class=\"magic-13\">Aray\u00fcz<\/div>\n<\/td>\n<td colspan=\"3\" rowspan=\"1\">\n<div class=\"magic-17\">D\u00fcz, ge\u00e7meli, vidal\u0131<\/div>\n<\/td>\n<\/tr>\n<tr>\n<td colspan=\"1\" rowspan=\"1\">\n<div class=\"magic-13\">U\u00e7 kapa\u011f\u0131<\/div>\n<\/td>\n<td colspan=\"3\" rowspan=\"1\">\n<div class=\"magic-17\">222\/D\u00fcz, 222\/Kanat, 226\/D\u00fcz, 226\/Kanat, 215\/D\u00fcz, 215\/Kanat<\/div>\n<\/td>\n<\/tr>\n<tr>\n<td colspan=\"1\" rowspan=\"1\">\n<div class=\"magic-13\">Uzunluk<\/div>\n<\/td>\n<td colspan=\"3\" rowspan=\"1\">\n<div class=\"magic-17\">OEM<\/div>\n<\/td>\n<\/tr>\n<tr>\n<td colspan=\"1\" rowspan=\"1\">\n<div class=\"magic-13\">Maksimum diferansiyel bas\u0131n\u00e7<\/div>\n<\/td>\n<td colspan=\"3\" rowspan=\"1\">\n<div class=\"magic-17\">3 kgf\/cm\u00b2<\/div>\n<\/td>\n<\/tr>\n<tr>\n<td colspan=\"1\" rowspan=\"1\">\n<div class=\"magic-13\">Maksimum \u00e7al\u0131\u015fma s\u0131cakl\u0131\u011f\u0131<\/div>\n<\/td>\n<td colspan=\"3\" rowspan=\"1\">\n<div class=\"magic-17\">80\u00b0c<\/div>\n<\/td>\n<\/tr>\n<tr>\n<td colspan=\"1\" rowspan=\"1\">\n<div class=\"magic-13\">\u00c7al\u0131\u015fma diferansiyel bas\u0131nc\u0131<\/div>\n<\/td>\n<td colspan=\"3\" rowspan=\"1\">\n<div class=\"magic-17\">0.1kgf\/cm2<\/div>\n<\/td>\n<\/tr>\n<tr>\n<td colspan=\"1\" rowspan=\"1\">\n<div class=\"magic-13\">Marka\/Logo<\/div>\n<\/td>\n<td colspan=\"3\" rowspan=\"1\">\n<div class=\"magic-17\">OEM<\/div>\n<\/td>\n<\/tr>\n<\/tbody>\n<\/table>\n<\/div>\n<\/div>\n<div id=\"ali-anchor-AliMagic-gysdug\" class=\"magic-0\" data-section=\"AliMagic-gysdug\" data-section-title=\"Detailed Images\">Detayl\u0131 G\u00f6r\u00fcnt\u00fcler<\/div>\n<div class=\"detail-decorate-json-renderer-container\">\n<div class=\"magic-18\">\n<div class=\"magic-19\">\n<div class=\"magic-20\">\n<div class=\"magic-21\"><img decoding=\"async\" class=\"magic-22\" src=\"https:\/\/img.yfisher.com\/m6076\/1725726769xty\/png70-t3-scale100.webp\" alt=\"Su ar\u0131tma safla\u015ft\u0131rmas\u0131 i\u00e7in \u00e7ift katmanl\u0131 mikron filtrasyon (5 mikronx10 mikron) b\u00fck\u00fclm\u00fc\u015f polipropilen filtre kartu\u015fu 19\" data-lazy=\"2\" title=\"\"><\/div>\n<\/div>\n<div class=\"magic-23\">\n<div class=\"magic-24\">\n<p class=\"magic-10\"><span style=\"font-size: large;\">\u00a0 \u00a0 \u00a0 \u00a0 \u00a0 \u00a0 \u00a0 \u00a0 \u00a0 \u00a0 \u00a0 \u00a0 \u00a0 \u00a0Parlak y\u00fczey<\/span><\/p>\n<\/div>\n<\/div>\n<\/div>\n<div class=\"magic-19\">\n<div class=\"magic-20\">\n<div class=\"magic-21\"><img decoding=\"async\" class=\"magic-22\" src=\"https:\/\/img.yfisher.com\/m6076\/1725726769vkf\/png70-t3-scale100.webp\" alt=\"Su ar\u0131tma safla\u015ft\u0131rmas\u0131 i\u00e7in \u00e7ift katmanl\u0131 mikron filtrasyon (5 mikronx10 mikron) b\u00fck\u00fclm\u00fc\u015f polipropilen filtre kartu\u015fu 21\" data-lazy=\"2\" title=\"\"><\/div>\n<\/div>\n<div class=\"magic-23\">\n<div class=\"magic-24\">\n<p class=\"magic-10\"><span style=\"font-size: large;\">\u00a0 \u00a0 \u00a0 \u00a0 \u00a0 \u00a0 \u00a0 \u00a0 \u00a0 \u00a0 \u00a0 \u00a0 \u00a0Kabartma y\u00fczey<\/span><\/p>\n<\/div>\n<\/div>\n<\/div>\n<\/div>\n<\/div>\n<div class=\"detail-decorate-json-renderer-container\">\n<div class=\"magic-18\">\n<div class=\"magic-25\">\n<div class=\"magic-20\">\n<div class=\"magic-20\">\n<div class=\"magic-26\"><img decoding=\"async\" class=\"magic-27\" src=\"https:\/\/img.yfisher.com\/m6076\/17257267698g9\/png70-t3-scale100.webp\" alt=\"Su ar\u0131tma safla\u015ft\u0131rmas\u0131 i\u00e7in \u00e7ift katmanl\u0131 mikron filtrasyon (5 mikronx10 mikron) b\u00fck\u00fclm\u00fc\u015f polipropilen filtre kartu\u015fu 23\" data-lazy=\"2\" title=\"\"><\/div>\n<\/div>\n<\/div>\n<div class=\"magic-23\">\n<div class=\"magic-24\">\n<p class=\"magic-10\"><span style=\"font-size: large;\">\u00a0 \u00a0 \u00a0 \u00a0 \u00a0 Portakal kabu\u011fu y\u00fczeyi<\/span><\/p>\n<\/div>\n<\/div>\n<\/div>\n<div class=\"magic-25\">\n<div class=\"magic-20\">\n<div class=\"magic-20\">\n<div class=\"magic-26\"><img decoding=\"async\" class=\"magic-27\" src=\"https:\/\/img.yfisher.com\/m6076\/17257267699d3\/png70-t3-scale100.webp\" alt=\"\u00c7ift katmanl\u0131 mikron filtreleme (5 mikronx10 mikron) su ar\u0131tma safla\u015ft\u0131rmas\u0131 i\u00e7in b\u00fck\u00fclm\u00fc\u015f polipropilen filtre kartu\u015fu 25\" data-lazy=\"2\" title=\"\"><\/div>\n<\/div>\n<\/div>\n<div class=\"magic-23\">\n<div class=\"magic-24\">\n<p class=\"magic-10\"><span style=\"font-size: large;\">\u00a0 \u00a0 \u00a0 \u00a0 \u00a0 \u00a0 \u00a0 Yivli y\u00fczey<\/span><\/p>\n<\/div>\n<\/div>\n<\/div>\n<div class=\"magic-25\">\n<div class=\"magic-20\">\n<div class=\"magic-20\">\n<div class=\"magic-26\"><img decoding=\"async\" class=\"magic-27\" src=\"https:\/\/img.yfisher.com\/m6076\/1725726769wls\/png70-t3-scale100.webp\" alt=\"Su ar\u0131tma safla\u015ft\u0131rmas\u0131 i\u00e7in \u00e7ift katmanl\u0131 mikron filtrasyon (5 mikronx10 mikron) b\u00fck\u00fclm\u00fc\u015f polipropilen filtre kartu\u015fu 27\" data-lazy=\"2\" title=\"\"><\/div>\n<\/div>\n<\/div>\n<div class=\"magic-23\">\n<div class=\"magic-24\">\n<p class=\"magic-10\"><span style=\"font-size: large;\">\u00a0 \u00a0 \u00a0 \u00a0 \u00a0 \u00a0 \u00a0\u0130\u011fneli y\u00fczey<\/span><\/p>\n<\/div>\n<\/div>\n<\/div>\n<\/div>\n<\/div>\n<div class=\"detail-decorate-json-renderer-container\">\n<div class=\"magic-18\">\n<div class=\"magic-19\">\n<div class=\"magic-20\">\n<div class=\"magic-21\"><img decoding=\"async\" class=\"magic-28\" src=\"https:\/\/img.yfisher.com\/m6076\/1725726769opm\/png70-t3-scale100.webp\" alt=\"Su ar\u0131tma ar\u0131tma i\u00e7in \u00e7ift katmanl\u0131 mikron filtreleme (5 mikronx10 mikron) b\u00fck\u00fclm\u00fc\u015f polipropilen filtre kartu\u015fu 29\" data-lazy=\"2\" title=\"\"><\/div>\n<\/div>\n<div class=\"magic-23\">\n<div class=\"magic-24\">\n<p class=\"magic-10\"><b>\u00a0 \u00a0 Paslanmaz \u00e7elik \u00e7ekirdekli PP spun su filtre kartu\u015fu<\/b><\/p>\n<\/div>\n<\/div>\n<\/div>\n<div class=\"magic-19\">\n<div class=\"magic-20\">\n<div class=\"magic-21\"><img decoding=\"async\" class=\"magic-28\" src=\"https:\/\/img.yfisher.com\/m6076\/17257267698ge\/png70-t3-scale100.webp\" alt=\"Su ar\u0131tma ar\u0131tma i\u00e7in \u00e7ift katmanl\u0131 mikron filtreleme (5 mikronx10 mikron) b\u00fck\u00fclm\u00fc\u015f polipropilen filtre kartu\u015fu 31\" data-lazy=\"2\" title=\"\"><\/div>\n<\/div>\n<div class=\"magic-23\">\n<div class=\"magic-24\">\n<p class=\"magic-10\"><b>\u00a0 \u00a0 \u00a0 \u00a0 \u00a0 \u00a0 \u00a0 \u00a0 \u00a0SS \u00e7ekirdekli PP eriyik \u00fcflemeli filtre kartu\u015fu<\/b><\/p>\n<\/div>\n<\/div>\n<\/div>\n<\/div>\n<\/div>\n<div class=\"icbu-pc-images magic-1\">\n<div>\n<div class=\"flex-layout-v\">\n<div class=\"flex-layout-h magic-1\">\n<div class=\"magic-29\"><img decoding=\"async\" class=\"magic-30\" src=\"https:\/\/img.yfisher.com\/m6076\/1725726769d2o\/png70-t3-scale100.webp\" alt=\"Su ar\u0131tma ar\u0131tma i\u00e7in \u00e7ift katmanl\u0131 mikron filtreleme (5 mikronx10 mikron) b\u00fck\u00fclm\u00fc\u015f polipropilen filtre kartu\u015fu 33\" data-lazy=\"2\" title=\"\"><\/div>\n<div class=\"magic-31\"><img decoding=\"async\" class=\"magic-30\" src=\"https:\/\/img.yfisher.com\/m6076\/1725726769csx\/png70-t3-scale100.webp\" alt=\"Su ar\u0131tma ar\u0131tma i\u00e7in \u00e7ift katmanl\u0131 mikron filtreleme (5 mikronx10 mikron) b\u00fck\u00fclm\u00fc\u015f polipropilen filtre kartu\u015fu 35\" data-lazy=\"2\" title=\"\"><\/div>\n<\/div>\n<\/div>\n<\/div>\n<\/div>\n<div class=\"detail-decorate-json-renderer-container\">\n<div class=\"magic-18\">\n<div class=\"magic-19\">\n<div class=\"magic-20\">\n<div class=\"magic-21\"><img decoding=\"async\" class=\"magic-22\" src=\"https:\/\/img.yfisher.com\/m6076\/17257267691y8\/png70-t3-scale100.webp\" alt=\"Su ar\u0131tma ar\u0131tma i\u00e7in \u00e7ift katmanl\u0131 mikron filtreleme (5 mikronx10 mikron) b\u00fck\u00fclm\u00fc\u015f polipropilen filtre kartu\u015fu 37\" data-lazy=\"2\" title=\"\"><\/div>\n<\/div>\n<div class=\"magic-23\">\n<div class=\"magic-24\">\n<p class=\"magic-10\"><span><b>\u00a0 \u00a0 \u00a0 Talebinizi kar\u015f\u0131lamak i\u00e7in OEM boyutlar\u0131 sa\u011flayabiliriz\u00a0<\/b><\/span><\/p>\n<\/div>\n<\/div>\n<\/div>\n<div class=\"magic-19\">\n<div class=\"magic-20\">\n<div class=\"magic-21\"><img decoding=\"async\" class=\"magic-28\" src=\"https:\/\/img.yfisher.com\/m6076\/1725726770jgy\/png70-t3-scale100.webp\" alt=\"\u00c7ift katmanl\u0131 mikron filtreleme (5 mikronx10 mikron) su ar\u0131tma safla\u015ft\u0131rmas\u0131 i\u00e7in b\u00fck\u00fclm\u00fc\u015f polipropilen filtre kartu\u015fu 39\" data-lazy=\"2\" title=\"\"><\/div>\n<\/div>\n<div class=\"magic-23\">\n<div class=\"magic-24\">\n<p class=\"magic-10\"><b><span style=\"font-size: medium;\">\u00a0 \u00a0 \u00a0 \u00a0 \u00a0 \u00a0\u00a0<\/span><span>Filtreye \u015firket logonuz bas\u0131labilir<\/span><\/b><\/p>\n<\/div>\n<\/div>\n<\/div>\n<\/div>\n<\/div>\n<\/div>\n<\/div>\n<\/div>\n<\/div>","protected":false},"excerpt":{"rendered":"<p>Bu spun PP kartu\u015f, su ar\u0131tma sistemlerinin daha az t\u0131kanma ve ar\u0131za s\u00fcresiyle daha temiz \u00e7al\u0131\u015fmas\u0131n\u0131 sa\u011flaman\u0131za yard\u0131mc\u0131 olur. Muhafazan\u0131za uyan mikron derecesini ve adapt\u00f6r\u00fc se\u00e7in ve markal\u0131 yedekler i\u00e7in logonuzu ekleyin.<\/p>","protected":false},"featured_media":1946,"comment_status":"open","ping_status":"closed","template":"","meta":{"_gspb_post_css":""},"product_brand":[],"product_cat":[23,17],"product_tag":[327,848,846,847,845,844],"class_list":{"0":"post-1942","1":"product","2":"type-product","3":"status-publish","4":"has-post-thumbnail","6":"product_cat-pp-filter-cartridge","7":"product_cat-sediment-filter","8":"product_tag-1-100-micron-filter","9":"product_tag-10-200mm-od-cartridge","10":"product_tag-222-226-215-flat-adaptor","11":"product_tag-oem-logo-filter-cartridge","12":"product_tag-polypropylene-water-treatment-filter","13":"product_tag-spun-pp-filter-cartridge","15":"first","16":"instock","17":"shipping-taxable","18":"product-type-simple"},"_links":{"self":[{"href":"https:\/\/lyfilter.com\/tr\/wp-json\/wp\/v2\/product\/1942","targetHints":{"allow":["GET"]}}],"collection":[{"href":"https:\/\/lyfilter.com\/tr\/wp-json\/wp\/v2\/product"}],"about":[{"href":"https:\/\/lyfilter.com\/tr\/wp-json\/wp\/v2\/types\/product"}],"replies":[{"embeddable":true,"href":"https:\/\/lyfilter.com\/tr\/wp-json\/wp\/v2\/comments?post=1942"}],"wp:featuredmedia":[{"embeddable":true,"href":"https:\/\/lyfilter.com\/tr\/wp-json\/wp\/v2\/media\/1946"}],"wp:attachment":[{"href":"https:\/\/lyfilter.com\/tr\/wp-json\/wp\/v2\/media?parent=1942"}],"wp:term":[{"taxonomy":"product_brand","embeddable":true,"href":"https:\/\/lyfilter.com\/tr\/wp-json\/wp\/v2\/product_brand?post=1942"},{"taxonomy":"product_cat","embeddable":true,"href":"https:\/\/lyfilter.com\/tr\/wp-json\/wp\/v2\/product_cat?post=1942"},{"taxonomy":"product_tag","embeddable":true,"href":"https:\/\/lyfilter.com\/tr\/wp-json\/wp\/v2\/product_tag?post=1942"}],"curies":[{"name":"wp","href":"https:\/\/api.w.org\/{rel}","templated":true}]}}