{"id":1940,"date":"2026-01-06T02:50:36","date_gmt":"2026-01-06T02:50:36","guid":{"rendered":"https:\/\/lyfilter.com\/?post_type=product&#038;p=1940"},"modified":"2026-01-06T02:50:36","modified_gmt":"2026-01-06T02:50:36","slug":"10-20-inch-5-micron-big-pp-sediment-filter-cartridge-big-size-pp-string-wound-filter","status":"publish","type":"product","link":"https:\/\/lyfilter.com\/tr\/10-20-inch-5-micron-big-pp-sediment-filter-cartridge-big-size-pp-string-wound-filter\/","title":{"rendered":"10 20 in\u00e7 5 mikron b\u00fcy\u00fck pp sediment filtre kartu\u015fu\/b\u00fcy\u00fck boy pp ip sar\u0131ml\u0131 filtre"},"content":{"rendered":"<div class=\"pro_aliData\">\n<div class=\"detail-box\">\n<div class=\"scc-wrapper detail-module module-productSpecification\" data-spm=\"pronpeci14\">\n<div id=\"J-rich-text-description\" class=\"richtext richtext-detail rich-text-description\">\n<p>Parametreler:<\/p>\n<div class=\"table-responsive\">\n<table class=\"aliDataTable\">\n<tbody>\n<tr align=\"left\">\n<td valign=\"top\">\u00dcr\u00fcn<\/td>\n<td valign=\"top\">10 20 in\u00e7 5 mikron b\u00fcy\u00fck pp sediment filtre kartu\u015fu\/b\u00fcy\u00fck boy pp ip sar\u0131ml\u0131 filtre<\/td>\n<\/tr>\n<tr align=\"left\">\n<td valign=\"top\">Malzeme<\/td>\n<td valign=\"top\">PP, polipropilen<\/td>\n<\/tr>\n<tr align=\"left\">\n<td valign=\"top\">Stil<\/td>\n<td valign=\"top\">Oluk, Bas\u0131n\u00e7 noktalar\u0131, D\u00fcz, \u00c7aprazlama<\/td>\n<\/tr>\n<tr align=\"left\">\n<td valign=\"top\">Hassas filtreleme<\/td>\n<td valign=\"top\">1~100 mikron<\/td>\n<\/tr>\n<tr align=\"left\">\n<td valign=\"top\">D\u0131\u015f \u00e7ap<\/td>\n<td valign=\"top\">60~65mm<\/td>\n<\/tr>\n<tr align=\"left\">\n<td valign=\"top\">\u0130\u00e7 \u00e7ap<\/td>\n<td valign=\"top\">28mm veya 30mm<\/td>\n<\/tr>\n<tr align=\"left\">\n<td valign=\"top\">Aray\u00fcz<\/td>\n<td valign=\"top\">D\u00fcz, ge\u00e7meli, vidal\u0131<\/td>\n<\/tr>\n<tr align=\"left\">\n<td valign=\"top\">U\u00e7 kapa\u011f\u0131 tipi<\/td>\n<td valign=\"top\">222flat, 222fin, 226flat, 226fin, 215flat, 215fin<\/td>\n<\/tr>\n<tr align=\"left\">\n<td valign=\"top\">Uzunluk<\/td>\n<td valign=\"top\">5\u201d,10\u201d,20\u201d,30\u201d,40\u201d,50\u2033,60\u2033<\/td>\n<\/tr>\n<tr align=\"left\">\n<td valign=\"top\">Maksimum diferansiyel bas\u0131n\u00e7<\/td>\n<td valign=\"top\">3 kgf\/cm\u00b2<\/td>\n<\/tr>\n<tr align=\"left\">\n<td valign=\"top\">Maksimum \u00e7al\u0131\u015fma s\u0131cakl\u0131\u011f\u0131<\/td>\n<td valign=\"top\">80\u00b0c<\/td>\n<\/tr>\n<tr align=\"left\">\n<td valign=\"top\">\u00c7al\u0131\u015fma diferansiyel bas\u0131nc\u0131<\/td>\n<td valign=\"top\">0.1kgf\/cm2<\/td>\n<\/tr>\n<tr align=\"left\">\n<td valign=\"top\">Marka<\/td>\n<td valign=\"top\">Lvyuan\/OEM<\/td>\n<\/tr>\n<tr align=\"left\">\n<td valign=\"top\">Ortak a\u011f\u0131rl\u0131k<\/td>\n<td valign=\"top\">100- 120g\/10\u2033 (\u00d6zelle\u015ftirilebilir)<\/td>\n<\/tr>\n<\/tbody>\n<\/table>\n<\/div>\n<p>\u00d6zellikler :<\/p>\n<p>1. As\u0131l\u0131 maddeleri, partik\u00fclleri ve pas\u0131 etkili bir \u015fekilde ta\u015f\u0131y\u0131n.<\/p>\n<p>2. Su \u00f6n filtreleme<\/p>\n<p>3. Geni\u015f kimyasal uyumluluk<\/p>\n<p>4. Bas\u0131n\u00e7 ge\u00e7irmez<\/p>\n<p>5. Y\u00fcksek kimyasal diren\u00e7.<\/p>\n<p>6. Her t\u00fcrl\u00fc adapt\u00f6r mevcuttur<\/p>\n<p>7. Y\u00fcksek kirletici tutma kapasitesi ve uzun servis \u00f6mr\u00fc.<\/p>\n<p>Kapsam:<\/p>\n<p>\u00d6n filtrasyon veya RO sistemi, solvent, kimya end\u00fcstrisi, petrol end\u00fcstrisi,<\/p>\n<p>i\u00e7me suyu ar\u0131tma, elektronik ve enerji end\u00fcstrileri, kaplama,<\/p>\n<p>yiyecek ve i\u00e7ecek, \u015farap, vb.<\/p>\n<p>&nbsp;<\/p>\n<p>Paketleme Detay\u0131: 10 \u2033: 50 ADET \/ CTN; 20 \u2033: 25 ADET \/ CTN; 30 \u2033: 25 ADET \/ CTN; 40 \u2033: 25 ADET \/ CTN<\/p>\n<p>Teslimat Detay\u0131: 30% depozitosunu ald\u0131ktan sonra 7 g\u00fcn i\u00e7inde<\/p>\n<p>\u00dcr\u00fcn G\u00f6sterileri:<\/p>\n<p><img decoding=\"async\" src=\"https:\/\/img.yfisher.com\/m6076\/1725731201we9\/jpg70-t3-scale100.webp\" alt=\"10 20 in\u00e7 5 mikron b\u00fcy\u00fck pp sediment filtre kartu\u015fu\/b\u00fcy\u00fck boy pp ip sar\u0131ml\u0131 filtre 3\" data-alt=\"10 20 inch 5 micron big pp sediment filter cartridge\/big size pp string wound filter\" data-=\"\" data-lazy=\"2\" title=\"\"><\/p>\n<p><img decoding=\"async\" src=\"https:\/\/img.yfisher.com\/m6076\/1725727044jk0\/jpg70-t3-scale100.webp\" alt=\"10 20 in\u00e7 5 mikron b\u00fcy\u00fck pp sediment filtre kartu\u015fu\/b\u00fcy\u00fck boy pp ip sar\u0131ml\u0131 filtre 5\" data-alt=\"10 20 inch 5 micron big pp sediment filter cartridge\/big size pp string wound filter\" data-=\"\" data-lazy=\"2\" title=\"\"><\/p>\n<p><img decoding=\"async\" src=\"https:\/\/img.yfisher.com\/m6076\/1725731201n1y\/jpg70-t3-scale100.webp\" alt=\"10 20 in\u00e7 5 mikron b\u00fcy\u00fck pp sediment filtre kartu\u015fu\/b\u00fcy\u00fck boy pp ip sar\u0131ml\u0131 filtre 7\" data-alt=\"10 20 inch 5 micron big pp sediment filter cartridge\/big size pp string wound filter\" data-=\"\" data-lazy=\"2\" title=\"\"><\/p>\n<p><img decoding=\"async\" src=\"https:\/\/img.yfisher.com\/m6076\/1725727044ad0\/jpg70-t3-scale100.webp\" alt=\"10 20 in\u00e7 5 mikron b\u00fcy\u00fck pp sediment filtre kartu\u015fu\/b\u00fcy\u00fck boy pp ip sar\u0131ml\u0131 filtre 9\" data-alt=\"10 20 inch 5 micron big pp sediment filter cartridge\/big size pp string wound filter\" data-=\"\" data-lazy=\"2\" title=\"\"><\/p>\n<p><img decoding=\"async\" src=\"https:\/\/img.yfisher.com\/m6076\/1725727044yry\/jpg70-t3-scale100.webp\" alt=\"10 20 in\u00e7 5 mikron b\u00fcy\u00fck pp sediment filtre kartu\u015fu\/b\u00fcy\u00fck boy pp ip sar\u0131ml\u0131 filtre 11\" data-alt=\"10 20 inch 5 micron big pp sediment filter cartridge\/big size pp string wound filter\" data-=\"\" data-lazy=\"2\" title=\"\"><\/p>\n<p><img decoding=\"async\" src=\"https:\/\/img.yfisher.com\/m6076\/17257312014p8\/jpg70-t3-scale100.webp\" alt=\"10 20 in\u00e7 5 mikron b\u00fcy\u00fck pp sediment filtre kartu\u015fu\/b\u00fcy\u00fck boy pp ip sar\u0131ml\u0131 filtre 13\" data-alt=\"10 20 inch 5 micron big pp sediment filter cartridge\/big size pp string wound filter\" data-=\"\" data-lazy=\"2\" title=\"\"><\/p>\n<p><img decoding=\"async\" src=\"https:\/\/img.yfisher.com\/m6076\/17257270449f1\/jpg70-t3-scale100.webp\" alt=\"10 20 in\u00e7 5 mikron b\u00fcy\u00fck pp sediment filtre kartu\u015fu\/b\u00fcy\u00fck boy pp ip sar\u0131ml\u0131 filtre 15\" data-alt=\"10 20 inch 5 micron big pp sediment filter cartridge\/big size pp string wound filter\" data-=\"\" data-lazy=\"2\" title=\"\"><\/p>\n<p><img decoding=\"async\" src=\"https:\/\/img.yfisher.com\/m6076\/1725727044bwm\/jpg70-t3-scale100.webp\" alt=\"10 20 in\u00e7 5 mikron b\u00fcy\u00fck pp sediment filtre kartu\u015fu\/b\u00fcy\u00fck boy pp ip sar\u0131ml\u0131 filtre 17\" data-alt=\"10 20 inch 5 micron big pp sediment filter cartridge\/big size pp string wound filter\" data-=\"\" data-lazy=\"2\" title=\"\"><\/p>\n<p>Pls daha fazla ayr\u0131nt\u0131 veya teklif i\u00e7in bizimle ileti\u015fime ge\u00e7mekten \u00e7ekinmeyin<\/p>\n<p>\u00dcr\u00fcnlerimizle veya \u015firketimizle ilgileniyorsan\u0131z : )<\/p>\n<p><strong>\u0130leti\u015fim Bilgilerim -----<\/strong><\/p>\n<p><img decoding=\"async\" src=\"https:\/\/img.yfisher.com\/m6076\/172572799710g\/jpg70-t3-scale100.webp\" alt=\"10 20 in\u00e7 5 mikron b\u00fcy\u00fck pp sediment filtre kartu\u015fu\/b\u00fcy\u00fck boy pp ip sar\u0131ml\u0131 filtre 19\" data-alt=\"10 20 inch 5 micron big pp sediment filter cartridge\/big size pp string wound filter\" data-=\"\" data-lazy=\"2\" title=\"\"><\/p>\n<\/div>\n<\/div>\n<div data-module=\"detailMarketPackage\"><\/div>\n<div data-module=\"productAuth\"><\/div>\n<\/div>\n<\/div>\n<div class=\"diffStatement\">Guangzhou Lvyuan Su Ar\u0131tma Equipment Co, Ltd g\u00fc\u00e7l\u00fc reaksiyon yetene\u011fi ve yeni \u00fcr\u00fcn geli\u015ftirme yetene\u011fine sahiptir.\u00a0<a href=\"https:\/\/lyfilter.com\/tr\/products.html\/\">su fi\u0307ltre kartu\u015flari<\/a>\u00a0alan. Kendinden destekli fiber matris, hem ekonomik hem de g\u00fc\u00e7l\u00fc olan \u00e7ekirdeksiz bir tasar\u0131m sa\u011flar. Guangzhou Lvyuan Su Ar\u0131tma Equipment Co, Ltd m\u00fc\u015fterilerimiz sipari\u015flerini onaylad\u0131ktan sonra en erken zamanda \u00fcretim ve teslimat ayarlayacakt\u0131r. Kendinden destekli fiber matris, hem ekonomik hem de g\u00fc\u00e7l\u00fc olan \u00e7ekirdeksiz bir tasar\u0131m sa\u011flar.<\/div>","protected":false},"excerpt":{"rendered":"<p>Bu b\u00fcy\u00fck boyutlu PP tortu kartu\u015fu, daha y\u00fcksek ak\u0131\u015f ve daha a\u011f\u0131r kir y\u00fckleri i\u00e7in \u00fcretilmi\u015ftir, b\u00f6ylece sisteminiz sabit kal\u0131r ve suyunuz temiz kal\u0131r. Muhafazan\u0131za uyan mikron de\u011ferini, uzunlu\u011fu ve aray\u00fcz\u00fc se\u00e7in ve markal\u0131 yedek par\u00e7alar istiyorsan\u0131z logonuzu ekleyin.<\/p>","protected":false},"featured_media":1943,"comment_status":"open","ping_status":"closed","template":"","meta":{"_gspb_post_css":""},"product_brand":[],"product_cat":[23,17],"product_tag":[671,841,842,840,843,783],"class_list":{"0":"post-1940","1":"product","2":"type-product","3":"status-publish","4":"has-post-thumbnail","6":"product_cat-pp-filter-cartridge","7":"product_cat-sediment-filter","8":"product_tag-1-100-micron-filter-cartridge","9":"product_tag-10-40-inch-sediment-cartridge","10":"product_tag-222-226-215-filter-interface","11":"product_tag-big-pp-sediment-filter","12":"product_tag-custom-logo-filter-cartridge","13":"product_tag-high-flow-pp-cartridge","15":"first","16":"instock","17":"shipping-taxable","18":"product-type-simple"},"_links":{"self":[{"href":"https:\/\/lyfilter.com\/tr\/wp-json\/wp\/v2\/product\/1940","targetHints":{"allow":["GET"]}}],"collection":[{"href":"https:\/\/lyfilter.com\/tr\/wp-json\/wp\/v2\/product"}],"about":[{"href":"https:\/\/lyfilter.com\/tr\/wp-json\/wp\/v2\/types\/product"}],"replies":[{"embeddable":true,"href":"https:\/\/lyfilter.com\/tr\/wp-json\/wp\/v2\/comments?post=1940"}],"wp:featuredmedia":[{"embeddable":true,"href":"https:\/\/lyfilter.com\/tr\/wp-json\/wp\/v2\/media\/1943"}],"wp:attachment":[{"href":"https:\/\/lyfilter.com\/tr\/wp-json\/wp\/v2\/media?parent=1940"}],"wp:term":[{"taxonomy":"product_brand","embeddable":true,"href":"https:\/\/lyfilter.com\/tr\/wp-json\/wp\/v2\/product_brand?post=1940"},{"taxonomy":"product_cat","embeddable":true,"href":"https:\/\/lyfilter.com\/tr\/wp-json\/wp\/v2\/product_cat?post=1940"},{"taxonomy":"product_tag","embeddable":true,"href":"https:\/\/lyfilter.com\/tr\/wp-json\/wp\/v2\/product_tag?post=1940"}],"curies":[{"name":"wp","href":"https:\/\/api.w.org\/{rel}","templated":true}]}}