{"id":1926,"date":"2026-01-06T02:46:29","date_gmt":"2026-01-06T02:46:29","guid":{"rendered":"https:\/\/lyfilter.com\/?post_type=product&#038;p=1926"},"modified":"2026-01-07T07:58:22","modified_gmt":"2026-01-07T07:58:22","slug":"pes-pleated-filter-cartridge-precision-flow-meter-water-sensor","status":"publish","type":"product","link":"https:\/\/lyfilter.com\/tr\/pes-pleated-filter-cartridge-precision-flow-meter-water-sensor\/","title":{"rendered":"PES Pileli Filtre Kartu\u015fu\/hassas debi \u00f6l\u00e7er su sens\u00f6r\u00fc"},"content":{"rendered":"<p><strong>PES Pileli Filtre Kartu\u015fu\/hassas debi \u00f6l\u00e7er su sens\u00f6r\u00fc<\/strong><\/p>\n<p><img decoding=\"async\" src=\"https:\/\/img.yfisher.com\/m6076\/1725731185aiz\/jpg70-t3-scale100.webp\" alt=\"PES Pileli Filtre Kartu\u015fu\/hassas debi \u00f6l\u00e7er su sens\u00f6r\u00fc 2\" data-alt=\"PES Pleated Filter Cartridge\/precision flow meter water sensor\" data-lazy=\"2\" title=\"\"><img decoding=\"async\" src=\"https:\/\/img.yfisher.com\/m6076\/1725731185xk6\/jpg70-t3-scale100.webp\" alt=\"PES Pileli Filtre Kartu\u015fu\/hassas debi \u00f6l\u00e7er su sens\u00f6r\u00fc 4\" data-alt=\"PES Pleated Filter Cartridge\/precision flow meter water sensor\" data-=\"\" data-lazy=\"2\" title=\"\"><img decoding=\"async\" src=\"https:\/\/img.yfisher.com\/m6076\/17257311852i8\/jpg70-t3-scale100.webp\" alt=\"PES Pileli Filtre Kartu\u015fu\/hassas debi \u00f6l\u00e7er su sens\u00f6r\u00fc 6\" data-alt=\"PES Pleated Filter Cartridge\/precision flow meter water sensor\" data-lazy=\"2\" title=\"\"><img decoding=\"async\" src=\"https:\/\/img.yfisher.com\/m6076\/1725731185fat\/jpg70-t3-scale100.webp\" alt=\"PES Pileli Filtre Kartu\u015fu\/hassas debi \u00f6l\u00e7er su sens\u00f6r\u00fc 8\" data-alt=\"PES Pleated Filter Cartridge\/precision flow meter water sensor\" data-lazy=\"2\" title=\"\"><img decoding=\"async\" src=\"https:\/\/img.yfisher.com\/m6076\/172573118513n\/jpg70-t3-scale100.webp\" alt=\"PES Pileli Filtre Kartu\u015fu\/hassas ak\u0131\u015f \u00f6l\u00e7er su sens\u00f6r\u00fc 10\" data-alt=\"PES Pleated Filter Cartridge\/precision flow meter water sensor\" data-lazy=\"2\" title=\"\"><\/p>\n<p><strong>\u00dcr\u00fcn Tan\u0131t\u0131m\u0131<\/strong><\/p>\n<p>PP kartu\u015f, filtrasyon ortam\u0131 olarak pileli PP fiber membran kullan\u0131r.<br \/>\nPP kartu\u015f, geli\u015fmi\u015f bir sabit yo\u011fun filtredir ve 0,1um'dan 60um'a kadar \u00e7ok \u00e7e\u015fitli tutma de\u011ferlerinde mevcuttur. G\u00f6zenek boyutu, besleme bas\u0131nc\u0131n\u0131n titre\u015fiminden etkilenmez. Benzersiz d\u00fc\u015f\u00fck diferansiyel bas\u0131nc\u0131, y\u00fcksek ak\u0131\u015f hacmi, m\u00fckemmel filtreleme ve bir\u00e7ok m\u00fc\u015fterinin ilgisini \u00e7ekmesi nedeniyle<\/p>\n<p>spesifikasyon<\/p>\n<p>&nbsp;<\/p>\n<p><strong>Rekabet\u00e7i Avantajlar<\/strong><\/p>\n<p>1. Kuyu ve Y\u00fcksek Kalite Kontrol, ,<br \/>\n2. H\u0131zl\u0131 Teslimat, ,<br \/>\n3. M\u00fc\u015fterinin Tasar\u0131m ve Logosu Ho\u015f Geldiniz, ,<br \/>\n4. Toprak Dostu \u00dcr\u00fcnler, ,<br \/>\n5. D\u00fc\u015f\u00fck bas\u0131n\u00e7 d\u00fc\u015f\u00fc\u015f\u00fc, uzun servis \u00f6mr\u00fc<\/p>\n<p>6. Tam kapsaml\u0131 kald\u0131rma de\u011ferleri<\/p>\n<p>7. Y\u00fcksek kir tutma kapasitesi i\u00e7in kademeli g\u00f6zenek yo\u011funlu\u011fu<\/p>\n<p>8. M\u00fckemmel kimyasal uyumluluk.<\/p>\n<p>Organik \u00e7\u00f6z\u00fcc\u00fcleri, asit bazlar\u0131 filtrelemek i\u00e7in uygundur<\/p>\n<p>&nbsp;<\/p>\n<p><strong>\u00d6zellikler:<br \/>\n<\/strong>1. Membran y\u0131\u011f\u0131n\u0131, PP s\u00fcper ince elyaf membran ve ithal deflekt\u00f6r tabakas\u0131ndan olu\u015fur ve b\u00fcy\u00fck miktarda kirletici alma \u00f6zelli\u011fine sahiptir.<br \/>\n2. Kapsaml\u0131 uygulanabilirlik<br \/>\n3. B\u00fcy\u00fck ak\u0131\u015f, k\u00fc\u00e7\u00fck diren\u00e7, b\u00fcy\u00fck miktarda kirletici alma ve uzun kullan\u0131m \u00f6mr\u00fc<br \/>\n4. Ba\u011flay\u0131c\u0131 i\u00e7ermeyen s\u0131cak kaynak tekni\u011finin benimsenmesi ve herhangi bir kimyasal kirletici madde ta\u015f\u0131mamas\u0131<br \/>\n5. Her Farmas\u00f6tik S\u0131n\u0131f filtre kartu\u015fu enjeksiyon suyu ile y\u0131kanm\u0131\u015ft\u0131r; Her Elektronik S\u0131n\u0131f filtre kartu\u015fu ultra saf su ile y\u0131kanm\u0131\u015ft\u0131r.<\/p>\n<p><strong>Uygulama:<br \/>\n<\/strong>1. Elektronik end\u00fcstrisi: Kimyasal \u00fcr\u00fcnler ve saf su<br \/>\n2. Ters osmoz i\u00e7in g\u00fcvenlik filtresi<br \/>\n3. Yiyecek ve i\u00e7ecek end\u00fcstrisi: Maden suyu, \u015faraplar ve meyve suyu vb.<br \/>\n4. \u0130la\u00e7 end\u00fcstrisi: \u0130la\u00e7 s\u0131v\u0131s\u0131, gazlar vb.<br \/>\n5. Kimya end\u00fcstrisi: Organik \u00e7\u00f6z\u00fcc\u00fc vb.<br \/>\n6. Petrol end\u00fcstrisi: Petrol sahas\u0131 su bask\u0131n\u0131<br \/>\n7. \u00c7e\u015fitli gazlar i\u00e7in ince filtreleme<br \/>\n8. \u00c7ok daha ince \u00f6n filtreleme<\/p>\n<p>&nbsp;<\/p>\n<p><strong>Fayda \u00d6zeti<\/strong><br \/>\n1. evrensel kimyasal uyumluluk, b\u00fcy\u00fck ak\u0131\u015f hacmi, d\u00fc\u015f\u00fck diferansiyel bas\u0131n\u00e7 ve uzun \u00f6m\u00fcr.<br \/>\n2. \u00e7e\u015fitli filtrasyonlar\u0131 kar\u015f\u0131lamak i\u00e7in \u00e7ok \u00e7e\u015fitli tutma dereceleri<br \/>\n3. termal ba\u011flama tekni\u011finin uygulanmas\u0131, sa\u011flam ve \u00fcr\u00fcnlere kirlilik yok<br \/>\n4. Genel y\u00f6ntemlerle temizleyin ve sterilizasyon kabini ve buhar ile sterilize edin<\/p>\n<h4><strong>spesifikasyon<\/strong><\/h4>\n<div class=\"table-responsive\">\n<table class=\"aliDataTable\">\n<tbody>\n<tr align=\"left\">\n<td valign=\"top\" width=\"284\"><strong>Uzunluk<\/strong><\/td>\n<td valign=\"top\" width=\"284\"><strong>5\u201d, 10\u201d ,20\u201d , 30\u201d , 40\u201d<\/strong><\/td>\n<\/tr>\n<tr align=\"left\">\n<td valign=\"top\"><strong>Hassasiyet<\/strong><\/td>\n<td valign=\"top\"><strong>0.1,\u00a00.22,\u00a00.45,\u00a01,\u00a05,\u00a010,\u00a020,25,\u00a030,\u00a050,\u00a060<\/strong><\/td>\n<\/tr>\n<\/tbody>\n<\/table>\n<\/div>\n<p>&nbsp;<\/p>\n<h4><\/h4>\n<h4><strong>Teknik \u00f6zellikler\u00a0<\/strong><\/h4>\n<div class=\"table-responsive\">\n<table class=\"aliDataTable\">\n<tbody>\n<tr align=\"left\">\n<td valign=\"top\" width=\"188\"><strong>Filtrasyon hassasiyeti\u00a0<\/strong><\/td>\n<td valign=\"top\" width=\"380\"><strong>0.1,\u00a0\u00a00.2,\u00a0\u00a00.45,\u00a0\u00a00.65,\u00a0\u00a00.8,\u00a0\u00a01,\u00a0\u00a02,\u00a0\u00a03,\u00a0\u00a05,\u00a0\u00a010,\u00a0\u00a020,\u00a0\u00a025,\u00a0\u00a030,\u00a0\u00a050,\u00a0\u00a060<\/strong><\/td>\n<\/tr>\n<tr align=\"left\">\n<td valign=\"top\"><strong>Etkin filtrasyon alan\u0131<\/strong><\/td>\n<td valign=\"top\"><strong>0.40-0.7<\/strong><\/td>\n<\/tr>\n<tr align=\"left\">\n<td valign=\"top\"><strong>Maks. \u00c7al\u0131\u015fma bas\u0131nc\u0131<\/strong><\/td>\n<td valign=\"top\"><strong>\u00a0042Mpa25\u00b0C<\/strong><\/td>\n<\/tr>\n<tr align=\"left\">\n<td valign=\"top\"><strong>Maks. \u00c7al\u0131\u015fma s\u0131cakl\u0131\u011f\u0131<\/strong><\/td>\n<td valign=\"top\"><strong>88\u00b0C, 0,28Mpa; 60\u00b0C, 0,42Mpa<\/strong><\/td>\n<\/tr>\n<tr align=\"left\">\n<td valign=\"top\"><strong>Sterilizasyon s\u0131cakl\u0131\u011f\u0131<\/strong><\/td>\n<td valign=\"top\"><strong>121\u00b0C 30 dakika<\/strong><\/td>\n<\/tr>\n<\/tbody>\n<\/table>\n<\/div>\n<p>&nbsp;<\/p>\n<h4><strong>Ba\u011flant\u0131\u00a0<\/strong><\/h4>\n<div class=\"table-responsive\">\n<table class=\"aliDataTable\">\n<tbody>\n<tr align=\"left\">\n<td valign=\"top\" width=\"284\"><strong>M\u0131zrak tipi<\/strong><\/td>\n<td valign=\"top\" width=\"284\"><strong>\u00a0<img decoding=\"async\" src=\"https:\/\/img.yfisher.com\/m6076\/1725731185qn2\/jpg70-t3-scale100.webp\" alt=\"PES Pileli Filtre Kartu\u015fu\/hassas debi \u00f6l\u00e7er su sens\u00f6r\u00fc 12\" data-alt=\"PES Pleated Filter Cartridge\/precision flow meter water sensor\" data-=\"\" data-lazy=\"2\" title=\"\"><\/strong><\/td>\n<\/tr>\n<tr align=\"left\">\n<td valign=\"top\"><strong>215 tip<\/strong><\/td>\n<td valign=\"top\"><strong>\u00a0<img decoding=\"async\" src=\"https:\/\/img.yfisher.com\/m6076\/1725731185bp0\/jpg70-t3-scale100.webp\" alt=\"PES Pileli Filtre Kartu\u015fu\/hassas debi \u00f6l\u00e7er su sens\u00f6r\u00fc 14\" data-alt=\"PES Pleated Filter Cartridge\/precision flow meter water sensor\" data-=\"\" data-lazy=\"2\" title=\"\"><\/strong><\/td>\n<\/tr>\n<tr align=\"left\">\n<td valign=\"top\"><\/td>\n<td valign=\"top\"><\/td>\n<\/tr>\n<tr align=\"left\">\n<td valign=\"top\"><strong>226 tip<\/strong><\/td>\n<td valign=\"top\"><strong>\u00a0<img decoding=\"async\" src=\"https:\/\/img.yfisher.com\/m6076\/1725731185ogz\/jpg70-t3-scale100.webp\" alt=\"PES Pileli Filtre Kartu\u015fu\/hassas debi \u00f6l\u00e7er su sens\u00f6r\u00fc 16\" data-alt=\"PES Pleated Filter Cartridge\/precision flow meter water sensor\" data-=\"\" data-lazy=\"2\" title=\"\"><\/strong><\/td>\n<\/tr>\n<tr align=\"left\">\n<td valign=\"top\"><strong>Plaka tipi<\/strong><\/td>\n<td valign=\"top\"><strong>\u00a0\u00a0<img decoding=\"async\" src=\"https:\/\/img.yfisher.com\/m6076\/1725731185yjw\/jpg70-t3-scale100.webp\" alt=\"PES Pileli Filtre Kartu\u015fu\/hassas debi \u00f6l\u00e7er su sens\u00f6r\u00fc 18\" data-alt=\"PES Pleated Filter Cartridge\/precision flow meter water sensor\" data-=\"\" data-lazy=\"2\" title=\"\"><\/strong><\/td>\n<\/tr>\n<\/tbody>\n<\/table>\n<\/div>\n<p>&nbsp;<\/p>\n<p><strong>\u00a0<\/strong><\/p>\n<p><strong>Filtre membran malzemesi<\/strong><\/p>\n<p>&nbsp;<\/p>\n<div class=\"table-responsive\">\n<table class=\"aliDataTable\">\n<tbody>\n<tr align=\"left\">\n<td valign=\"top\" width=\"284\"><strong>Filtre membran malzemesi<\/strong><\/td>\n<td valign=\"top\" width=\"284\"><strong>Uygulama\u00a0<\/strong><\/td>\n<\/tr>\n<tr align=\"left\">\n<td valign=\"top\"><strong>PP<\/strong><\/td>\n<td rowspan=\"5\" valign=\"top\"><strong>1. Elektronik end\u00fcstrisi: ters osmoz su sistemi\u00a0<\/strong><\/p>\n<p><strong>\u00f6n filtreleme, deiyonize su sistemi \u00f6n filtreleme<\/strong><\/p>\n<p><strong>2. G\u0131da \u00fcreticisi: i\u00e7ecek filtrasyonu,\u00a0<\/strong><\/p>\n<p><strong>bira ve maden suyu<\/strong><\/p>\n<p><strong>3. Kimyasal tesis: organik \u00e7\u00f6z\u00fcc\u00fc ve m\u00fcrekkep filtrasyonu.<\/strong><\/p>\n<p><strong>4. \u0130la\u00e7 end\u00fcstrisi: filtrasyon\u00a0<\/strong><\/p>\n<p><strong>farmas\u00f6tikler, biyolojik serum \u00fcr\u00fcnleri,<\/strong><\/p>\n<p><strong>bas\u0131n\u00e7l\u0131 hava ve gaz\u00a0<\/strong><\/p>\n<p><strong>5.Di\u011ferleri: kaplama \u00e7\u00f6zeltisinin filtrasyonu, proses s\u0131v\u0131lar\u0131,<\/strong><\/p>\n<p><strong>\u00a0fotorezist ve manyetik medya.<\/strong><\/p>\n<p><strong>\u00a0<\/strong><\/td>\n<\/tr>\n<tr align=\"left\">\n<td valign=\"top\"><strong>PTFE<\/strong><\/td>\n<\/tr>\n<tr align=\"left\">\n<td valign=\"top\"><strong>PES<\/strong><\/td>\n<\/tr>\n<tr align=\"left\">\n<td valign=\"top\"><strong>N66<\/strong><\/td>\n<\/tr>\n<tr align=\"left\">\n<td valign=\"top\"><strong>Karbon fiber<\/strong><\/td>\n<\/tr>\n<\/tbody>\n<\/table>\n<\/div>","protected":false},"excerpt":{"rendered":"<table>\n<thead>\n<tr>\n<th>\u00d6\u011fe<\/th>\n<th>DETAYLAR<\/th>\n<\/tr>\n<\/thead>\n<tbody>\n<tr>\n<td>uygulanabi\u0307li\u0307r sekt\u00f6rler<\/td>\n<td>Oteller, Yiyecek &amp; \u0130\u00e7ecek Fabrikas\u0131, Restoran, Yiyecek D\u00fckkan\u0131, Yiyecek &amp; \u0130\u00e7ecek Ma\u011fazalar\u0131<\/td>\n<\/tr>\n<tr>\n<td>men\u015fe yeri<\/td>\n<td>Guangdong, \u00c7in<\/td>\n<\/tr>\n<tr>\n<td>marka ad\u0131<\/td>\n<td>LvYuan\/OEM<\/td>\n<\/tr>\n<tr>\n<td>pazarlama t\u00fcr\u00fc<\/td>\n<td>Yeni \u00dcr\u00fcn 2020<\/td>\n<\/tr>\n<tr>\n<td>video giden-denetim<\/td>\n<td>Sa\u011fland\u0131<\/td>\n<\/tr>\n<tr>\n<td>garanti\u0307 sonrasi hi\u0307zmet<\/td>\n<td>Video teknik deste\u011fi<\/td>\n<\/tr>\n<tr>\n<td>sat\u0131\u015f sonras\u0131 hizmet sa\u011fland\u0131<\/td>\n<td>Video teknik deste\u011fi<\/td>\n<\/tr>\n<tr>\n<td>yerel hi\u0307zmet yeri\u0307<\/td>\n<td>Hi\u00e7biri<\/td>\n<\/tr>\n<tr>\n<td>showroom konumu<\/td>\n<td>Hi\u00e7biri<\/td>\n<\/tr>\n<tr>\n<td>maki\u0307ne test raporu<\/td>\n<td>Mevcut de\u011fil<\/td>\n<\/tr>\n<tr>\n<td>Garanti<\/td>\n<td>1 Y\u0131l<\/td>\n<\/tr>\n<tr>\n<td>temel bile\u015fenlerin garantisi<\/td>\n<td>1 Y\u0131l<\/td>\n<\/tr>\n<tr>\n<td>malzeme<\/td>\n<td>ka\u011f\u0131t karton; Polipropilen veya PVDF, PTFE, PES, N66<\/td>\n<\/tr>\n<tr>\n<td>y\u00fczey<\/td>\n<td>Polipropilen<\/td>\n<\/tr>\n<tr>\n<td>mikron derecesi<\/td>\n<td>0.1, 0.45, 0.5, 0.68, 0.8, 1, 2-60 \u00b5m<\/td>\n<\/tr>\n<tr>\n<td>boyut<\/td>\n<td>normal karton 53\u00d732\u00d732 cm; 5\u2033, 10\u2033, 20\u2033, 30\u2033, 40\u2033 veya \u00f6zelle\u015ftirilmi\u015f<\/td>\n<\/tr>\n<tr>\n<td>a\u011f\u0131rl\u0131k<\/td>\n<td>vaka baz\u0131nda<\/td>\n<\/tr>\n<tr>\n<td>g\u00fc\u00e7<\/td>\n<td>NA<\/td>\n<\/tr>\n<tr>\n<td>renk<\/td>\n<td>Beyaz<\/td>\n<\/tr>\n<tr>\n<td>Kalite<\/td>\n<td>M\u00fckemmel, g\u0131da s\u0131n\u0131f\u0131<\/td>\n<\/tr>\n<tr>\n<td>i\u00e7 \u00e7ap<\/td>\n<td>32mm, 35mm<\/td>\n<\/tr>\n<tr>\n<td>d\u0131\u015f \u00e7ap<\/td>\n<td>68mm, 70mm<\/td>\n<\/tr>\n<tr>\n<td>aray\u00fcz<\/td>\n<td>d\u00fcz tip, 215, 222, 226<\/td>\n<\/tr>\n<tr>\n<td>\u00e7ekirdek boyutu<\/td>\n<td>\u00e7ekirdekli veya \u00e7ekirdeksiz<\/td>\n<\/tr>\n<tr>\n<td>temel bile\u015fenler<\/td>\n<td>Varsa elektronik par\u00e7a<\/td>\n<\/tr>\n<tr>\n<td>tedarik yetene\u011fi<\/td>\n<td>G\u00fcnde 5000 Adet \/ Adet<\/td>\n<\/tr>\n<\/tbody>\n<\/table>","protected":false},"featured_media":1941,"comment_status":"open","ping_status":"closed","template":"","meta":{"_gspb_post_css":""},"product_brand":[],"product_cat":[17,23],"product_tag":[836,838,839,834,835,837],"class_list":{"0":"post-1926","1":"product","2":"type-product","3":"status-publish","4":"has-post-thumbnail","6":"product_cat-sediment-filter","7":"product_cat-pp-filter-cartridge","8":"product_tag-0-1-60-micron-filter","9":"product_tag-222-226-interface-cartridge","10":"product_tag-beverage-water-filtration","11":"product_tag-food-grade-filter-cartridge","12":"product_tag-membrane-filter-cartridge","13":"product_tag-pp-pvdf-ptfe-pes-n66","15":"first","16":"instock","17":"shipping-taxable","18":"product-type-simple"},"_links":{"self":[{"href":"https:\/\/lyfilter.com\/tr\/wp-json\/wp\/v2\/product\/1926","targetHints":{"allow":["GET"]}}],"collection":[{"href":"https:\/\/lyfilter.com\/tr\/wp-json\/wp\/v2\/product"}],"about":[{"href":"https:\/\/lyfilter.com\/tr\/wp-json\/wp\/v2\/types\/product"}],"replies":[{"embeddable":true,"href":"https:\/\/lyfilter.com\/tr\/wp-json\/wp\/v2\/comments?post=1926"}],"wp:featuredmedia":[{"embeddable":true,"href":"https:\/\/lyfilter.com\/tr\/wp-json\/wp\/v2\/media\/1941"}],"wp:attachment":[{"href":"https:\/\/lyfilter.com\/tr\/wp-json\/wp\/v2\/media?parent=1926"}],"wp:term":[{"taxonomy":"product_brand","embeddable":true,"href":"https:\/\/lyfilter.com\/tr\/wp-json\/wp\/v2\/product_brand?post=1926"},{"taxonomy":"product_cat","embeddable":true,"href":"https:\/\/lyfilter.com\/tr\/wp-json\/wp\/v2\/product_cat?post=1926"},{"taxonomy":"product_tag","embeddable":true,"href":"https:\/\/lyfilter.com\/tr\/wp-json\/wp\/v2\/product_tag?post=1926"}],"curies":[{"name":"wp","href":"https:\/\/api.w.org\/{rel}","templated":true}]}}