{"id":1920,"date":"2026-01-06T02:41:53","date_gmt":"2026-01-06T02:41:53","guid":{"rendered":"https:\/\/lyfilter.com\/?post_type=product&#038;p=1920"},"modified":"2026-01-06T02:41:53","modified_gmt":"2026-01-06T02:41:53","slug":"cheap-price-top-grade-5-micron-pp-filter-cartridge-for-ro-micro-filter","status":"publish","type":"product","link":"https:\/\/lyfilter.com\/tr\/cheap-price-top-grade-5-micron-pp-filter-cartridge-for-ro-micro-filter\/","title":{"rendered":"RO mikro filtre i\u00e7in Ucuz Fiyat \u00dcst S\u0131n\u0131f 5 mikron pp filtre kartu\u015fu"},"content":{"rendered":"<table>\n<thead>\n<tr>\n<th>\u00d6\u011fe<\/th>\n<th>DETAYLAR<\/th>\n<\/tr>\n<\/thead>\n<tbody>\n<tr>\n<td>\u00dcR\u00dcN ADI<\/td>\n<td>PP CTO UDF ro su filtresi par\u00e7alar\u0131<\/td>\n<\/tr>\n<tr>\n<td>marka ad\u0131<\/td>\n<td>Lvyuan \/ OEM<\/td>\n<\/tr>\n<tr>\n<td>men\u015fe yeri<\/td>\n<td>Guangdong, \u00c7in<\/td>\n<\/tr>\n<tr>\n<td>malzeme<\/td>\n<td>karton<\/td>\n<\/tr>\n<tr>\n<td>filtre malzemesi<\/td>\n<td>Polipropilen PP membran<\/td>\n<\/tr>\n<tr>\n<td>mikron oran\u0131<\/td>\n<td>1, 3, 5, 10 mikron<\/td>\n<\/tr>\n<tr>\n<td>uzunluk se\u00e7enekleri<\/td>\n<td>5\u2033, 10\u2033, 20\u2033, 30\u2033, 40\u2033, 50\u2033<\/td>\n<\/tr>\n<tr>\n<td>u\u00e7 kapak se\u00e7enekleri\u0307<\/td>\n<td>DOE, 222+Fin, 222+Flat, 226+Fin, 226+Flat<\/td>\n<\/tr>\n<tr>\n<td>conta \/ o-ring malzemesi<\/td>\n<td>Silikon \/ EPDM \/ Viton<\/td>\n<\/tr>\n<tr>\n<td>i\u00e7 \u00e7ekirdek<\/td>\n<td>PP veya hi\u00e7biri<\/td>\n<\/tr>\n<tr>\n<td>kullan\u0131m<\/td>\n<td>S\u0131v\u0131 kartu\u015f filtre<\/td>\n<\/tr>\n<tr>\n<td>uygulama<\/td>\n<td>su filtresi par\u00e7alar\u0131, Ters Osmoz<\/td>\n<\/tr>\n<tr>\n<td>BELGELEND\u0130RME<\/td>\n<td>CE, SGS<\/td>\n<\/tr>\n<tr>\n<td>boyut<\/td>\n<td>ba\u011fl\u0131d\u0131r<\/td>\n<\/tr>\n<tr>\n<td>a\u011f\u0131rl\u0131k<\/td>\n<td>ba\u011fl\u0131d\u0131r<\/td>\n<\/tr>\n<tr>\n<td>g\u00fc\u00e7<\/td>\n<td>0<\/td>\n<\/tr>\n<tr>\n<td>Garanti<\/td>\n<td>Kullan\u0131lam\u0131yor<\/td>\n<\/tr>\n<tr>\n<td>sat\u0131\u015f sonras\u0131 hizmet sa\u011fland\u0131<\/td>\n<td>\u00c7evrimi\u00e7i destek<\/td>\n<\/tr>\n<tr>\n<td>tedarik yetene\u011fi<\/td>\n<td>G\u00fcnde 5000 Adet \/ Adet<\/td>\n<\/tr>\n<tr>\n<td>uygulanabi\u0307li\u0307r sekt\u00f6rler<\/td>\n<td>Oteller, Konfeksiyon Ma\u011fazalar\u0131, \u0130n\u015faat Malzemesi Ma\u011fazalar\u0131, \u00dcretim Tesisi, Makine Tamir At\u00f6lyeleri, Yiyecek ve \u0130\u00e7ecek Fabrikas\u0131, \u00c7iftlikler, Restoran, Ev Kullan\u0131m\u0131, Perakende, Yiyecek Ma\u011fazas\u0131, Matbaalar, \u0130n\u015faat i\u015fleri, Enerji ve Madencilik, Yiyecek ve \u0130\u00e7ecek Ma\u011fazalar\u0131, Reklam \u015eirketi<\/td>\n<\/tr>\n<\/tbody>\n<\/table>","protected":false},"excerpt":{"rendered":"<p>item details product name PP CTO UDF ro water filter parts brand name Lvyuan \/ OEM place of origin Guangdong, China material carton filter media Polypropylene PP membrane micron rate 1, 3, 5, 10 micron length options 5&#8243;, 10&#8243;, 20&#8243;, 30&#8243;, 40&#8243;, 50&#8243; end cap options DOE, 222+Fin, 222+Flat, 226+Fin, 226+Flat gasket \/ o-ring material [&hellip;]<\/p>\n","protected":false},"featured_media":1928,"comment_status":"open","ping_status":"closed","template":"","meta":{"_gspb_post_css":""},"product_brand":[],"product_cat":[23,17],"product_tag":[831,819,683,830,826,829],"class_list":{"0":"post-1920","1":"product","2":"type-product","3":"status-publish","4":"has-post-thumbnail","6":"product_cat-pp-filter-cartridge","7":"product_cat-sediment-filter","8":"product_tag-1-10-micron-filter-cartridge","9":"product_tag-5-micron-pp-filter","10":"product_tag-doe-222-226-end-caps","11":"product_tag-pp-cto-udf-cartridge","12":"product_tag-ro-water-filter-parts","13":"product_tag-silicon-epdm-viton-o-rings","15":"first","16":"instock","17":"shipping-taxable","18":"product-type-simple"},"_links":{"self":[{"href":"https:\/\/lyfilter.com\/tr\/wp-json\/wp\/v2\/product\/1920","targetHints":{"allow":["GET"]}}],"collection":[{"href":"https:\/\/lyfilter.com\/tr\/wp-json\/wp\/v2\/product"}],"about":[{"href":"https:\/\/lyfilter.com\/tr\/wp-json\/wp\/v2\/types\/product"}],"replies":[{"embeddable":true,"href":"https:\/\/lyfilter.com\/tr\/wp-json\/wp\/v2\/comments?post=1920"}],"wp:featuredmedia":[{"embeddable":true,"href":"https:\/\/lyfilter.com\/tr\/wp-json\/wp\/v2\/media\/1928"}],"wp:attachment":[{"href":"https:\/\/lyfilter.com\/tr\/wp-json\/wp\/v2\/media?parent=1920"}],"wp:term":[{"taxonomy":"product_brand","embeddable":true,"href":"https:\/\/lyfilter.com\/tr\/wp-json\/wp\/v2\/product_brand?post=1920"},{"taxonomy":"product_cat","embeddable":true,"href":"https:\/\/lyfilter.com\/tr\/wp-json\/wp\/v2\/product_cat?post=1920"},{"taxonomy":"product_tag","embeddable":true,"href":"https:\/\/lyfilter.com\/tr\/wp-json\/wp\/v2\/product_tag?post=1920"}],"curies":[{"name":"wp","href":"https:\/\/api.w.org\/{rel}","templated":true}]}}