{"id":1913,"date":"2026-01-06T01:42:04","date_gmt":"2026-01-06T01:42:04","guid":{"rendered":"https:\/\/lyfilter.com\/?post_type=product&#038;p=1913"},"modified":"2026-01-06T01:42:04","modified_gmt":"2026-01-06T01:42:04","slug":"ro-water-filter-parts-1st-stage-pp-ppf-sediment-filter-cartridge-with-1-5-micron","status":"publish","type":"product","link":"https:\/\/lyfilter.com\/tr\/ro-water-filter-parts-1st-stage-pp-ppf-sediment-filter-cartridge-with-1-5-micron\/","title":{"rendered":"RO su filtresi par\u00e7alar\u0131 1. a\u015fama PP PPF tortu filtresi 1 5 mikronlu kartu\u015f"},"content":{"rendered":"<table>\n<thead>\n<tr>\n<th>\u00d6\u011fe<\/th>\n<th>DETAYLAR<\/th>\n<\/tr>\n<\/thead>\n<tbody>\n<tr>\n<td>\u00dcR\u00dcN ADI<\/td>\n<td>ro su fi\u0307ltresi\u0307 par\u00e7alari<\/td>\n<\/tr>\n<tr>\n<td>model numaras\u0131<\/td>\n<td>LY-PPF serisi<\/td>\n<\/tr>\n<tr>\n<td>marka ad\u0131<\/td>\n<td>Lvyuan \/ OEM<\/td>\n<\/tr>\n<tr>\n<td>men\u015fe yeri<\/td>\n<td>Guangdong, \u00c7in<\/td>\n<\/tr>\n<tr>\n<td>filtre malzemesi<\/td>\n<td>Polipropilen PP membran<\/td>\n<\/tr>\n<tr>\n<td>mikron oran\u0131<\/td>\n<td>1, 2, 3, 5, 10, 20 mikron<\/td>\n<\/tr>\n<tr>\n<td>uzunluk se\u00e7enekleri<\/td>\n<td>5\u2033, 10\u2033, 20\u2033, 30\u2033, 40\u2033, 50\u2033<\/td>\n<\/tr>\n<tr>\n<td>u\u00e7 kapak se\u00e7enekleri\u0307<\/td>\n<td>DOE, 222+Fin, 222+Flat, 226+Fin, 226+Flat<\/td>\n<\/tr>\n<tr>\n<td>conta \/ o-ring malzemesi<\/td>\n<td>Silikon \/ EPDM \/ Viton<\/td>\n<\/tr>\n<tr>\n<td>i\u00e7 \u00e7ekirdek<\/td>\n<td>PP veya hi\u00e7biri<\/td>\n<\/tr>\n<tr>\n<td>kullan\u0131m<\/td>\n<td>S\u0131v\u0131 kartu\u015f filtre<\/td>\n<\/tr>\n<tr>\n<td>uygulama<\/td>\n<td>su filtresi par\u00e7alar\u0131, Ters Osmoz<\/td>\n<\/tr>\n<tr>\n<td>BELGELEND\u0130RME<\/td>\n<td>CE, SGS<\/td>\n<\/tr>\n<tr>\n<td>tedarik yetene\u011fi<\/td>\n<td>G\u00fcnde 5000 Adet \/ Adet<\/td>\n<\/tr>\n<\/tbody>\n<\/table>","protected":false},"excerpt":{"rendered":"<p>Bu RO filtre kartu\u015flar\u0131, ince tortular\u0131 RO membran\u0131n\u0131za ula\u015fmadan \u00f6nce yakalayarak suyun temiz bir \u015fekilde akmas\u0131n\u0131 sa\u011flaman\u0131za yard\u0131mc\u0131 olur. Basit ve g\u00fcvenilir bir de\u011fi\u015ftirme i\u00e7in muhafazan\u0131zla e\u015fle\u015fen mikron derecesini, uzunlu\u011fu, u\u00e7 kapak stilini ve o-ring malzemesini se\u00e7in.<\/p>","protected":false},"featured_media":1921,"comment_status":"open","ping_status":"closed","template":"","meta":{"_gspb_post_css":""},"product_brand":[],"product_cat":[23,17],"product_tag":[828,683,827,803,826,829],"class_list":{"0":"post-1913","1":"product","2":"type-product","3":"status-publish","4":"has-post-thumbnail","6":"product_cat-pp-filter-cartridge","7":"product_cat-sediment-filter","8":"product_tag-1-20-micron-sediment-filter","9":"product_tag-doe-222-226-end-caps","10":"product_tag-ly-ppf-series-cartridge","11":"product_tag-pp-membrane-filter-cartridge","12":"product_tag-ro-water-filter-parts","13":"product_tag-silicon-epdm-viton-o-rings","15":"first","16":"instock","17":"shipping-taxable","18":"product-type-simple"},"_links":{"self":[{"href":"https:\/\/lyfilter.com\/tr\/wp-json\/wp\/v2\/product\/1913","targetHints":{"allow":["GET"]}}],"collection":[{"href":"https:\/\/lyfilter.com\/tr\/wp-json\/wp\/v2\/product"}],"about":[{"href":"https:\/\/lyfilter.com\/tr\/wp-json\/wp\/v2\/types\/product"}],"replies":[{"embeddable":true,"href":"https:\/\/lyfilter.com\/tr\/wp-json\/wp\/v2\/comments?post=1913"}],"wp:featuredmedia":[{"embeddable":true,"href":"https:\/\/lyfilter.com\/tr\/wp-json\/wp\/v2\/media\/1921"}],"wp:attachment":[{"href":"https:\/\/lyfilter.com\/tr\/wp-json\/wp\/v2\/media?parent=1913"}],"wp:term":[{"taxonomy":"product_brand","embeddable":true,"href":"https:\/\/lyfilter.com\/tr\/wp-json\/wp\/v2\/product_brand?post=1913"},{"taxonomy":"product_cat","embeddable":true,"href":"https:\/\/lyfilter.com\/tr\/wp-json\/wp\/v2\/product_cat?post=1913"},{"taxonomy":"product_tag","embeddable":true,"href":"https:\/\/lyfilter.com\/tr\/wp-json\/wp\/v2\/product_tag?post=1913"}],"curies":[{"name":"wp","href":"https:\/\/api.w.org\/{rel}","templated":true}]}}