{"id":1872,"date":"2026-01-06T01:25:02","date_gmt":"2026-01-06T01:25:02","guid":{"rendered":"https:\/\/lyfilter.com\/?post_type=product&#038;p=1872"},"modified":"2026-04-24T23:44:22","modified_gmt":"2026-04-24T23:44:22","slug":"manufacturer-all-dimension-polypropylene-ppf-water-filter-cartridge-filters-for-water-treatment-plant","status":"publish","type":"product","link":"https:\/\/lyfilter.com\/tr\/manufacturer-all-dimension-polypropylene-ppf-water-filter-cartridge-filters-for-water-treatment-plant\/","title":{"rendered":"\u00dcretici Su Ar\u0131tma Tesisi i\u00e7in T\u00fcm Boyut Polipropilen PPF Su Filtresi Kartu\u015f Filtreleri"},"content":{"rendered":"<table>\n<thead>\n<tr>\n<th>\u00d6\u011fe<\/th>\n<th>DETAYLAR<\/th>\n<\/tr>\n<\/thead>\n<tbody>\n<tr>\n<td>\u00dcR\u00dcN ADI<\/td>\n<td>ppf filtre<\/td>\n<\/tr>\n<tr>\n<td>marka ad\u0131<\/td>\n<td>lvyuan \/ oem<\/td>\n<\/tr>\n<tr>\n<td>men\u015fe yeri<\/td>\n<td>guangdong, \u00e7i\u0307n<\/td>\n<\/tr>\n<tr>\n<td>malzeme<\/td>\n<td>poli\u0307propi\u0307len<\/td>\n<\/tr>\n<tr>\n<td>filtre malzemesi<\/td>\n<td>polipropilen PP b\u00fck\u00fclm\u00fc\u015f<\/td>\n<\/tr>\n<tr>\n<td>mikron oran\u0131<\/td>\n<td>1 \/ 3 \/ 5 \/ 10 \/ 25 \/ 50 \/ 75 \/ 100 mikron<\/td>\n<\/tr>\n<tr>\n<td>uzunluk se\u00e7enekleri<\/td>\n<td>5\u2033, 10\u2033, 20\u2033, 30\u2033, 40\u2033, 50\u2033<\/td>\n<\/tr>\n<tr>\n<td>u\u00e7 kapak se\u00e7enekleri\u0307<\/td>\n<td>DOE \/ 222Fin \/ 226Fin \/ 222Flat \/ 226Flat<\/td>\n<\/tr>\n<tr>\n<td>conta \/ o-ring malzemesi<\/td>\n<td>silikon \/ EPDM \/ viton<\/td>\n<\/tr>\n<tr>\n<td>i\u00e7 \u00e7ekirdek<\/td>\n<td>PP \/ paslanmaz \u00e7elik \/ yok<\/td>\n<\/tr>\n<tr>\n<td>kullan\u0131m<\/td>\n<td>s\u0131v\u0131 kartu\u015f filtre<\/td>\n<\/tr>\n<tr>\n<td>uygulama<\/td>\n<td>su filtresi par\u00e7alar\u0131, ters osmoz<\/td>\n<\/tr>\n<tr>\n<td>BELGELEND\u0130RME<\/td>\n<td>CE, SGS<\/td>\n<\/tr>\n<tr>\n<td>boyut<\/td>\n<td>standart veya \u00f6zelle\u015fti\u0307rme<\/td>\n<\/tr>\n<tr>\n<td>a\u011f\u0131rl\u0131k<\/td>\n<td>ba\u011fl\u0131d\u0131r<\/td>\n<\/tr>\n<tr>\n<td>g\u00fc\u00e7<\/td>\n<td>0<\/td>\n<\/tr>\n<tr>\n<td>Garanti<\/td>\n<td>Kullan\u0131lamaz<\/td>\n<\/tr>\n<tr>\n<td>sat\u0131\u015f sonras\u0131 hizmet sa\u011fland\u0131<\/td>\n<td>online destek<\/td>\n<\/tr>\n<tr>\n<td>tedarik yetene\u011fi<\/td>\n<td>G\u00fcnde 5000 adet\/par\u00e7a<\/td>\n<\/tr>\n<tr>\n<td>uygulanabi\u0307li\u0307r sekt\u00f6rler<\/td>\n<td>oteller, konfeksiyon ma\u011fazalar\u0131, yap\u0131 malzemeleri ma\u011fazalar\u0131, \u00fcretim tesisi, makine tamir at\u00f6lyeleri, yiyecek ve i\u00e7ecek fabrikas\u0131, \u00e7iftlikler, restoran, ev kullan\u0131m\u0131, perakende, g\u0131da ma\u011fazas\u0131, matbaalar, in\u015faat i\u015fleri, enerji ve madencilik, yiyecek ve i\u00e7ecek ma\u011fazalar\u0131, reklam \u015firketi<\/td>\n<\/tr>\n<\/tbody>\n<\/table>","protected":false},"excerpt":{"rendered":"<p>Bu PP spun kartu\u015flar, RO sisteminize ula\u015fmadan \u00f6nce kum, pas ve siltleri yakalar. Muhafazan\u0131za uyan mikron de\u011ferini, uzunlu\u011fu, u\u00e7 kapak stilini ve o-ring malzemesini se\u00e7in, ard\u0131ndan ak\u0131\u015f d\u00fc\u015ft\u00fc\u011f\u00fcnde yeni bir kartu\u015fla de\u011fi\u015ftirin.<\/p>","protected":false},"featured_media":1893,"comment_status":"open","ping_status":"closed","template":"","meta":{"_gspb_post_css":""},"product_brand":[],"product_cat":[23,17],"product_tag":[671,683,710,817,649,724],"class_list":{"0":"post-1872","1":"product","2":"type-product","3":"status-publish","4":"has-post-thumbnail","6":"product_cat-pp-filter-cartridge","7":"product_cat-sediment-filter","8":"product_tag-1-100-micron-filter-cartridge","9":"product_tag-doe-222-226-end-caps","10":"product_tag-pp-spun-sediment-filter","11":"product_tag-ppf-filter-cartridge","12":"product_tag-reverse-osmosis-prefilter","13":"product_tag-water-filtration-parts","15":"first","16":"instock","17":"shipping-taxable","18":"product-type-simple"},"_links":{"self":[{"href":"https:\/\/lyfilter.com\/tr\/wp-json\/wp\/v2\/product\/1872","targetHints":{"allow":["GET"]}}],"collection":[{"href":"https:\/\/lyfilter.com\/tr\/wp-json\/wp\/v2\/product"}],"about":[{"href":"https:\/\/lyfilter.com\/tr\/wp-json\/wp\/v2\/types\/product"}],"replies":[{"embeddable":true,"href":"https:\/\/lyfilter.com\/tr\/wp-json\/wp\/v2\/comments?post=1872"}],"wp:featuredmedia":[{"embeddable":true,"href":"https:\/\/lyfilter.com\/tr\/wp-json\/wp\/v2\/media\/1893"}],"wp:attachment":[{"href":"https:\/\/lyfilter.com\/tr\/wp-json\/wp\/v2\/media?parent=1872"}],"wp:term":[{"taxonomy":"product_brand","embeddable":true,"href":"https:\/\/lyfilter.com\/tr\/wp-json\/wp\/v2\/product_brand?post=1872"},{"taxonomy":"product_cat","embeddable":true,"href":"https:\/\/lyfilter.com\/tr\/wp-json\/wp\/v2\/product_cat?post=1872"},{"taxonomy":"product_tag","embeddable":true,"href":"https:\/\/lyfilter.com\/tr\/wp-json\/wp\/v2\/product_tag?post=1872"}],"curies":[{"name":"wp","href":"https:\/\/api.w.org\/{rel}","templated":true}]}}