{"id":1855,"date":"2026-01-05T10:15:34","date_gmt":"2026-01-05T10:15:34","guid":{"rendered":"https:\/\/lyfilter.com\/?post_type=product&#038;p=1855"},"modified":"2026-01-05T10:15:34","modified_gmt":"2026-01-05T10:15:34","slug":"alternative-mp-filtri-5-3-micron-polypropylene-depth-filter-cartridge-price-for-oil-paint-hydraulic-water-filtration","status":"publish","type":"product","link":"https:\/\/lyfilter.com\/tr\/alternative-mp-filtri-5-3-micron-polypropylene-depth-filter-cartridge-price-for-oil-paint-hydraulic-water-filtration\/","title":{"rendered":"Alternatif mp filtri 5 3 mikron Ya\u011f boya hidrolik su filtrasyonu i\u00e7in polipropilen derinlik filtre kartu\u015fu fiyat\u0131"},"content":{"rendered":"<table>\n<thead>\n<tr>\n<th>\u00d6\u011fe<\/th>\n<th>Detaylar<\/th>\n<\/tr>\n<\/thead>\n<tbody>\n<tr>\n<td>ba\u015fl\u0131k<\/td>\n<td>pp spun derinlik filtre kartu\u015fu<\/td>\n<\/tr>\n<tr>\n<td>durum<\/td>\n<td>yeni<\/td>\n<\/tr>\n<tr>\n<td>uygulanabi\u0307li\u0307r sekt\u00f6rler<\/td>\n<td>oteller, konfeksiyon ma\u011fazalar\u0131, yap\u0131 malzemeleri ma\u011fazalar\u0131, \u00fcretim tesisi, makine tamir at\u00f6lyeleri, yiyecek ve i\u00e7ecek fabrikas\u0131, \u00e7iftlikler, restoran, ev kullan\u0131m\u0131, perakende, g\u0131da ma\u011fazas\u0131, matbaalar, in\u015faat i\u015fleri, enerji ve madencilik, yiyecek ve i\u00e7ecek ma\u011fazalar\u0131, reklam \u015firketi<\/td>\n<\/tr>\n<tr>\n<td>men\u015fe yeri<\/td>\n<td>guangdong, \u00e7i\u0307n<\/td>\n<\/tr>\n<tr>\n<td>marka ad\u0131<\/td>\n<td>lvyuan \/ oem<\/td>\n<\/tr>\n<tr>\n<td>malzeme<\/td>\n<td>poli\u0307propi\u0307len<\/td>\n<\/tr>\n<tr>\n<td>a\u011f\u0131rl\u0131k<\/td>\n<td>ba\u011fl\u0131d\u0131r<\/td>\n<\/tr>\n<tr>\n<td>boyut<\/td>\n<td>standart veya \u00f6zelle\u015fti\u0307rme<\/td>\n<\/tr>\n<tr>\n<td>g\u00fc\u00e7<\/td>\n<td>0<\/td>\n<\/tr>\n<tr>\n<td>Garanti<\/td>\n<td>Kullan\u0131lamaz<\/td>\n<\/tr>\n<tr>\n<td>\u00dcR\u00dcN ADI<\/td>\n<td>derinlik filtresi<\/td>\n<\/tr>\n<tr>\n<td>mikron oran\u0131<\/td>\n<td>1\/3\/5\/10\/25\/50\/75\/100 mikron filtre kartu\u015fu<\/td>\n<\/tr>\n<tr>\n<td>BELGELEND\u0130RME<\/td>\n<td>ce, sgs<\/td>\n<\/tr>\n<tr>\n<td>uygulama<\/td>\n<td>su filtresi par\u00e7alar\u0131, ters osmoz<\/td>\n<\/tr>\n<tr>\n<td>uzunluk<\/td>\n<td>5\u2033, 10\u2033, 20\u2033, 30\u2033, 40\u2033, 50\u2033 in\u00e7<\/td>\n<\/tr>\n<tr>\n<td>filtre malzemesi<\/td>\n<td>poli\u0307propi\u0307len (pp) b\u00fck\u00fclm\u00fc\u015f<\/td>\n<\/tr>\n<tr>\n<td>u\u00e7 kapa\u011f\u0131<\/td>\n<td>doe\/222fin\/226fin\/222flat\/226flat<\/td>\n<\/tr>\n<tr>\n<td>conta \/ o halka malzemesi\u0307<\/td>\n<td>silikon\/epdm\/viton<\/td>\n<\/tr>\n<tr>\n<td>kullan\u0131m<\/td>\n<td>s\u0131v\u0131 kartu\u015f filtre<\/td>\n<\/tr>\n<tr>\n<td>i\u00e7 \u00e7ekirdek<\/td>\n<td>pp, paslanmaz \u00e7elik, yok<\/td>\n<\/tr>\n<tr>\n<td>sat\u0131\u015f sonras\u0131 hizmet sa\u011fland\u0131<\/td>\n<td>online destek<\/td>\n<\/tr>\n<tr>\n<td>tedarik yetene\u011fi<\/td>\n<td>G\u00fcnde 5000 adet\/adet (polipropilen filtre kartu\u015fu)<\/td>\n<\/tr>\n<\/tbody>\n<\/table>","protected":false},"excerpt":{"rendered":"<p>Bu PP e\u011frilmi\u015f derinlik filtresi tortu ve ince partik\u00fcllerin yakalanmas\u0131na yard\u0131mc\u0131 olur, b\u00f6ylece suyunuz daha temiz kal\u0131r ve RO sisteminiz daha sorunsuz \u00e7al\u0131\u015f\u0131r. Kurulumunuza uygun mikron derecesini, uzunlu\u011fu, u\u00e7 kapak stilini ve conta malzemesini se\u00e7in. CE\/SGS sertifikal\u0131d\u0131r ve \u00e7evrimi\u00e7i destek ile desteklenir.<\/p>","protected":false},"featured_media":1865,"comment_status":"open","ping_status":"closed","template":"","meta":{"_gspb_post_css":""},"product_brand":[],"product_cat":[23,17],"product_tag":[327,650,681,729,816,649],"class_list":{"0":"post-1855","1":"product","2":"type-product","3":"status-publish","4":"has-post-thumbnail","6":"product_cat-pp-filter-cartridge","7":"product_cat-sediment-filter","8":"product_tag-1-100-micron-filter","9":"product_tag-doe-222-226-end-cap","10":"product_tag-liquid-cartridge-filter","11":"product_tag-polypropylene-filter-cartridge","12":"product_tag-pp-spun-depth-filter","13":"product_tag-reverse-osmosis-prefilter","15":"first","16":"instock","17":"shipping-taxable","18":"product-type-simple"},"_links":{"self":[{"href":"https:\/\/lyfilter.com\/tr\/wp-json\/wp\/v2\/product\/1855","targetHints":{"allow":["GET"]}}],"collection":[{"href":"https:\/\/lyfilter.com\/tr\/wp-json\/wp\/v2\/product"}],"about":[{"href":"https:\/\/lyfilter.com\/tr\/wp-json\/wp\/v2\/types\/product"}],"replies":[{"embeddable":true,"href":"https:\/\/lyfilter.com\/tr\/wp-json\/wp\/v2\/comments?post=1855"}],"wp:featuredmedia":[{"embeddable":true,"href":"https:\/\/lyfilter.com\/tr\/wp-json\/wp\/v2\/media\/1865"}],"wp:attachment":[{"href":"https:\/\/lyfilter.com\/tr\/wp-json\/wp\/v2\/media?parent=1855"}],"wp:term":[{"taxonomy":"product_brand","embeddable":true,"href":"https:\/\/lyfilter.com\/tr\/wp-json\/wp\/v2\/product_brand?post=1855"},{"taxonomy":"product_cat","embeddable":true,"href":"https:\/\/lyfilter.com\/tr\/wp-json\/wp\/v2\/product_cat?post=1855"},{"taxonomy":"product_tag","embeddable":true,"href":"https:\/\/lyfilter.com\/tr\/wp-json\/wp\/v2\/product_tag?post=1855"}],"curies":[{"name":"wp","href":"https:\/\/api.w.org\/{rel}","templated":true}]}}