{"id":1848,"date":"2026-01-05T10:12:13","date_gmt":"2026-01-05T10:12:13","guid":{"rendered":"https:\/\/lyfilter.com\/?post_type=product&#038;p=1848"},"modified":"2026-01-05T10:12:13","modified_gmt":"2026-01-05T10:12:13","slug":"big-diameter-4-5x40-inch-water-filter-pleated-melt-blown-filter-cartridge-polypropylene-filter-with-plastic-connector-code","status":"publish","type":"product","link":"https:\/\/lyfilter.com\/tr\/big-diameter-4-5x40-inch-water-filter-pleated-melt-blown-filter-cartridge-polypropylene-filter-with-plastic-connector-code\/","title":{"rendered":"B\u00fcy\u00fck \u00e7apl\u0131 4,5 \u00d7 40 in\u00e7 su filtresi pileli \/ eriyik \u00fcflemeli filtre kartu\u015fu plastik konekt\u00f6r kodlu polipropilen filtre"},"content":{"rendered":"<table>\n<thead>\n<tr>\n<th>\u00d6\u011fe<\/th>\n<th>Detaylar<\/th>\n<\/tr>\n<\/thead>\n<tbody>\n<tr>\n<td>ba\u015fl\u0131k<\/td>\n<td>su filtresi pileli \/ eriyik \u00fcflemeli filtre kartu\u015fu polipropilen filtre<\/td>\n<\/tr>\n<tr>\n<td>durum<\/td>\n<td>yeni<\/td>\n<\/tr>\n<tr>\n<td>uygulanabi\u0307li\u0307r sekt\u00f6rler<\/td>\n<td>oteller, konfeksiyon ma\u011fazalar\u0131, yap\u0131 malzemeleri ma\u011fazalar\u0131, \u00fcretim tesisi, makine tamir at\u00f6lyeleri, yiyecek ve i\u00e7ecek fabrikas\u0131, \u00e7iftlikler, restoran, ev kullan\u0131m\u0131, perakende, g\u0131da ma\u011fazas\u0131, matbaalar, in\u015faat i\u015fleri, enerji ve madencilik, yiyecek ve i\u00e7ecek ma\u011fazalar\u0131, reklam \u015firketi<\/td>\n<\/tr>\n<tr>\n<td>men\u015fe yeri<\/td>\n<td>guangdong, \u00e7i\u0307n<\/td>\n<\/tr>\n<tr>\n<td>marka ad\u0131<\/td>\n<td>lvyuan\/oem<\/td>\n<\/tr>\n<tr>\n<td>malzeme<\/td>\n<td>poli\u0307propi\u0307len<\/td>\n<\/tr>\n<tr>\n<td>a\u011f\u0131rl\u0131k<\/td>\n<td>oem<\/td>\n<\/tr>\n<tr>\n<td>boyut<\/td>\n<td>oem<\/td>\n<\/tr>\n<tr>\n<td>g\u00fc\u00e7<\/td>\n<td>0<\/td>\n<\/tr>\n<tr>\n<td>Garanti<\/td>\n<td>Kullan\u0131lamaz<\/td>\n<\/tr>\n<tr>\n<td>\u00dcR\u00dcN ADI<\/td>\n<td>su filtresi pileli \/ eriyik \u00fcflemeli filtre kartu\u015fu polipropilen filtre<\/td>\n<\/tr>\n<tr>\n<td>filtre tipi<\/td>\n<td>oluk, kabartma, noktalar, \u015firket logosu<\/td>\n<\/tr>\n<tr>\n<td>d\u0131\u015f \u00e7ap<\/td>\n<td>10-200 mm<\/td>\n<\/tr>\n<tr>\n<td>do\u011fruluk<\/td>\n<td>1-100 mikron<\/td>\n<\/tr>\n<tr>\n<td>i\u00e7 \u00e7ap<\/td>\n<td>oem<\/td>\n<\/tr>\n<tr>\n<td>filtre adapt\u00f6r\u00fc<\/td>\n<td>\u00f6zelle\u015ftirilmi\u015f<\/td>\n<\/tr>\n<tr>\n<td>en y\u00fcksek s\u0131cakl\u0131k<\/td>\n<td>80\u2103<\/td>\n<\/tr>\n<tr>\n<td>i\u015f bas\u0131nc\u0131 d\u00fc\u015f\u00fc\u015f\u00fc<\/td>\n<td>0,1 kgf\/c\u33a1<\/td>\n<\/tr>\n<tr>\n<td>en y\u00fcksek kapal\u0131<\/td>\n<td>5 kgf\/c\u33a1<\/td>\n<\/tr>\n<tr>\n<td>maksimum bas\u0131n\u00e7 d\u00fc\u015f\u00fc\u015f\u00fc<\/td>\n<td>3 kgf\/c\u33a1<\/td>\n<\/tr>\n<tr>\n<td>sat\u0131\u015f sonras\u0131 hizmet sa\u011fland\u0131<\/td>\n<td>online destek<\/td>\n<\/tr>\n<tr>\n<td>sat\u0131\u015f birimleri<\/td>\n<td>tek \u00fcr\u00fcn<\/td>\n<\/tr>\n<tr>\n<td>tek paket boyutu<\/td>\n<td>111 \u00d7 35 \u00d7 35 cm<\/td>\n<\/tr>\n<tr>\n<td>tek br\u00fct a\u011f\u0131rl\u0131k<\/td>\n<td>15.000 kg<\/td>\n<\/tr>\n<tr>\n<td>paket t\u00fcr\u00fc<\/td>\n<td>b\u00fcy\u00fck \u00e7apl\u0131 4,5 \u00d7 40 in\u00e7 pilili \/ eriyik \u00fcflemeli polipropilen filtre kartu\u015fu, plastik konekt\u00f6rl\u00fc; ihracat ka\u011f\u0131t kartonunda paketlenmi\u015ftir<\/td>\n<\/tr>\n<tr>\n<td>teslim s\u00fcresi (1-100 adet)<\/td>\n<td>2 g\u00fcn<\/td>\n<\/tr>\n<tr>\n<td>teslim s\u00fcresi (101-500 adet)<\/td>\n<td>3 g\u00fcn<\/td>\n<\/tr>\n<tr>\n<td>teslim s\u00fcresi (501-5000 adet)<\/td>\n<td>7 g\u00fcn<\/td>\n<\/tr>\n<tr>\n<td>teslim s\u00fcresi (&gt;5000 adet)<\/td>\n<td>m\u00fczakere edilecek<\/td>\n<\/tr>\n<\/tbody>\n<\/table>","protected":false},"excerpt":{"rendered":"<p>Bu polipropilen filtre kartu\u015fu tortu ve ince partik\u00fclleri azaltmaya yard\u0131mc\u0131 olur, b\u00f6ylece suyunuz daha temiz kal\u0131r ve ekipman\u0131n\u0131z daha g\u00fcvenilir \u015fekilde \u00e7al\u0131\u015f\u0131r. Pileli veya eriyik \u00fcflemeli stilleri se\u00e7in, mikron derecesini se\u00e7in ve kurulumunuza uyacak \u015fekilde boyutu, adapt\u00f6rleri ve markay\u0131 \u00f6zelle\u015ftirin. \u0130hracat i\u00e7in paketlenmi\u015ftir ve \u00e7evrimi\u00e7i destek ile desteklenmektedir.<\/p>","protected":false},"featured_media":1856,"comment_status":"open","ping_status":"closed","template":"","meta":{"_gspb_post_css":""},"product_brand":[],"product_cat":[23,17],"product_tag":[327,815,746,722,814,729],"class_list":{"0":"post-1848","1":"product","2":"type-product","3":"status-publish","4":"has-post-thumbnail","6":"product_cat-pp-filter-cartridge","7":"product_cat-sediment-filter","8":"product_tag-1-100-micron-filter","9":"product_tag-custom-adaptor-cartridge","10":"product_tag-melt-blown-filter-cartridge","11":"product_tag-oem-water-filter","12":"product_tag-pleated-water-filter-cartridge","13":"product_tag-polypropylene-filter-cartridge","15":"first","16":"instock","17":"shipping-taxable","18":"product-type-simple"},"_links":{"self":[{"href":"https:\/\/lyfilter.com\/tr\/wp-json\/wp\/v2\/product\/1848","targetHints":{"allow":["GET"]}}],"collection":[{"href":"https:\/\/lyfilter.com\/tr\/wp-json\/wp\/v2\/product"}],"about":[{"href":"https:\/\/lyfilter.com\/tr\/wp-json\/wp\/v2\/types\/product"}],"replies":[{"embeddable":true,"href":"https:\/\/lyfilter.com\/tr\/wp-json\/wp\/v2\/comments?post=1848"}],"wp:featuredmedia":[{"embeddable":true,"href":"https:\/\/lyfilter.com\/tr\/wp-json\/wp\/v2\/media\/1856"}],"wp:attachment":[{"href":"https:\/\/lyfilter.com\/tr\/wp-json\/wp\/v2\/media?parent=1848"}],"wp:term":[{"taxonomy":"product_brand","embeddable":true,"href":"https:\/\/lyfilter.com\/tr\/wp-json\/wp\/v2\/product_brand?post=1848"},{"taxonomy":"product_cat","embeddable":true,"href":"https:\/\/lyfilter.com\/tr\/wp-json\/wp\/v2\/product_cat?post=1848"},{"taxonomy":"product_tag","embeddable":true,"href":"https:\/\/lyfilter.com\/tr\/wp-json\/wp\/v2\/product_tag?post=1848"}],"curies":[{"name":"wp","href":"https:\/\/api.w.org\/{rel}","templated":true}]}}