{"id":1834,"date":"2026-01-05T09:55:47","date_gmt":"2026-01-05T09:55:47","guid":{"rendered":"https:\/\/lyfilter.com\/?post_type=product&#038;p=1834"},"modified":"2026-05-08T01:16:51","modified_gmt":"2026-05-08T01:16:51","slug":"5-micron-filter-20-inch-sediment-melt-blown-pp-filter-cartridge-for-water-filter-system","status":"publish","type":"product","link":"https:\/\/lyfilter.com\/tr\/5-micron-filter-20-inch-sediment-melt-blown-pp-filter-cartridge-for-water-filter-system\/","title":{"rendered":"5 Mikron Filtre Su Filtre Sistemi i\u00e7in 20 \u0130n\u00e7 Sediment Eriyik \u00dcflemeli PP Filtre Kartu\u015fu"},"content":{"rendered":"<table>\n<thead>\n<tr>\n<th>\u00d6\u011fe<\/th>\n<th>Detaylar<\/th>\n<\/tr>\n<\/thead>\n<tbody>\n<tr>\n<td>ba\u015fl\u0131k<\/td>\n<td>pp su ar\u0131tma filtre kartu\u015fu<\/td>\n<\/tr>\n<tr>\n<td>durum<\/td>\n<td>yeni<\/td>\n<\/tr>\n<tr>\n<td>uygulanabi\u0307li\u0307r sekt\u00f6rler<\/td>\n<td>\u00fcretim tesisi, yiyecek ve i\u00e7ecek fabrikas\u0131, ev kullan\u0131m\u0131, su ar\u0131tma<\/td>\n<\/tr>\n<tr>\n<td>garanti\u0307 sonrasi hi\u0307zmet<\/td>\n<td>online destek<\/td>\n<\/tr>\n<tr>\n<td>yerel hi\u0307zmet yeri\u0307<\/td>\n<td>Hi\u00e7biri<\/td>\n<\/tr>\n<tr>\n<td>showroom konumu<\/td>\n<td>Hi\u00e7biri<\/td>\n<\/tr>\n<tr>\n<td>men\u015fe yeri<\/td>\n<td>guangdong, \u00e7i\u0307n<\/td>\n<\/tr>\n<tr>\n<td>marka ad\u0131<\/td>\n<td>lvyuan, oem, odm<\/td>\n<\/tr>\n<tr>\n<td>malzeme<\/td>\n<td>pp<\/td>\n<\/tr>\n<tr>\n<td>hammadde<\/td>\n<td>pp elyaf<\/td>\n<\/tr>\n<tr>\n<td>a\u011f\u0131rl\u0131k<\/td>\n<td>\u00f6zelle\u015ftirilmi\u015f<\/td>\n<\/tr>\n<tr>\n<td>boyut<\/td>\n<td>\u00f6zelle\u015ftirilmi\u015f, ince, jumbo<\/td>\n<\/tr>\n<tr>\n<td>g\u00fc\u00e7<\/td>\n<td>0<\/td>\n<\/tr>\n<tr>\n<td>Garanti<\/td>\n<td>Kullan\u0131lamaz<\/td>\n<\/tr>\n<tr>\n<td>\u00f6zellik<\/td>\n<td>\u00f6zelle\u015ftirilmi\u015f boyut ve logo \u00e7elik \u00e7alma<\/td>\n<\/tr>\n<tr>\n<td>BELGELEND\u0130RME<\/td>\n<td>sgs<\/td>\n<\/tr>\n<tr>\n<td>\u015fekil<\/td>\n<td>Silindir<\/td>\n<\/tr>\n<tr>\n<td>kullan\u0131m<\/td>\n<td>su ar\u0131tma<\/td>\n<\/tr>\n<tr>\n<td>uygulama<\/td>\n<td>end\u00fcstri<\/td>\n<\/tr>\n<tr>\n<td>renk<\/td>\n<td>beyaz<\/td>\n<\/tr>\n<tr>\n<td>g\u00f6r\u00fcn\u00fcm<\/td>\n<td>kabartmal\u0131, parlak, vb.<\/td>\n<\/tr>\n<tr>\n<td>paketleme<\/td>\n<td>KA\u011eIT KUTU<\/td>\n<\/tr>\n<tr>\n<td>tedarik yetene\u011fi<\/td>\n<td>Haftada 5000 par\u00e7a\/adet<\/td>\n<\/tr>\n<\/tbody>\n<\/table>","protected":false},"excerpt":{"rendered":"<p>Bu PP filtre kartu\u015fu, g\u00fcnl\u00fck kullan\u0131m ve end\u00fcstriyel ar\u0131tma i\u00e7in suyun daha temiz tutulmas\u0131na yard\u0131mc\u0131 olur. \u0130nce veya jumbo boyutlar\u0131 se\u00e7in, a\u011f\u0131rl\u0131\u011f\u0131 ve kaplamay\u0131 \u00f6zelle\u015ftirin ve tutarl\u0131 bir marka g\u00f6r\u00fcn\u00fcm\u00fc i\u00e7in logonuzu ekleyin. SGS sertifikal\u0131d\u0131r ve \u00e7evrimi\u00e7i destekle birlikte koruyucu ka\u011f\u0131t kutu ambalaj\u0131nda g\u00f6nderilir.<\/p>","protected":false},"featured_media":1849,"comment_status":"open","ping_status":"closed","template":"","meta":{"_gspb_post_css":""},"product_brand":[],"product_cat":[23,17],"product_tag":[812,320,632,302,813,340],"class_list":{"0":"post-1834","1":"product","2":"type-product","3":"status-publish","4":"has-post-thumbnail","6":"product_cat-pp-filter-cartridge","7":"product_cat-sediment-filter","8":"product_tag-custom-size-filter","9":"product_tag-pp-fiber-filter","10":"product_tag-pp-water-filter-cartridge","11":"product_tag-sgs-certified-filter","12":"product_tag-slim-jumbo-cartridge","13":"product_tag-water-treatment-filter","15":"first","16":"instock","17":"shipping-taxable","18":"product-type-simple"},"_links":{"self":[{"href":"https:\/\/lyfilter.com\/tr\/wp-json\/wp\/v2\/product\/1834","targetHints":{"allow":["GET"]}}],"collection":[{"href":"https:\/\/lyfilter.com\/tr\/wp-json\/wp\/v2\/product"}],"about":[{"href":"https:\/\/lyfilter.com\/tr\/wp-json\/wp\/v2\/types\/product"}],"replies":[{"embeddable":true,"href":"https:\/\/lyfilter.com\/tr\/wp-json\/wp\/v2\/comments?post=1834"}],"wp:featuredmedia":[{"embeddable":true,"href":"https:\/\/lyfilter.com\/tr\/wp-json\/wp\/v2\/media\/1849"}],"wp:attachment":[{"href":"https:\/\/lyfilter.com\/tr\/wp-json\/wp\/v2\/media?parent=1834"}],"wp:term":[{"taxonomy":"product_brand","embeddable":true,"href":"https:\/\/lyfilter.com\/tr\/wp-json\/wp\/v2\/product_brand?post=1834"},{"taxonomy":"product_cat","embeddable":true,"href":"https:\/\/lyfilter.com\/tr\/wp-json\/wp\/v2\/product_cat?post=1834"},{"taxonomy":"product_tag","embeddable":true,"href":"https:\/\/lyfilter.com\/tr\/wp-json\/wp\/v2\/product_tag?post=1834"}],"curies":[{"name":"wp","href":"https:\/\/api.w.org\/{rel}","templated":true}]}}