{"id":1827,"date":"2026-01-05T09:47:57","date_gmt":"2026-01-05T09:47:57","guid":{"rendered":"https:\/\/lyfilter.com\/?post_type=product&#038;p=1827"},"modified":"2026-01-05T09:49:31","modified_gmt":"2026-01-05T09:49:31","slug":"oemjumbo-size-meltblown-filter5-micron-pp-sediment-filters-cartridge","status":"publish","type":"product","link":"https:\/\/lyfilter.com\/tr\/oemjumbo-size-meltblown-filter5-micron-pp-sediment-filters-cartridge\/","title":{"rendered":"OEMjumbo boy meltblown filtre5 mikron pp tortu filtreleri kartu\u015fu"},"content":{"rendered":"<table>\n<thead>\n<tr>\n<th>\u00d6\u011fe<\/th>\n<th>Detaylar<\/th>\n<\/tr>\n<\/thead>\n<tbody>\n<tr>\n<td>ba\u015fl\u0131k<\/td>\n<td>pp sediment filtreleri kartu\u015f<\/td>\n<\/tr>\n<tr>\n<td>durum<\/td>\n<td>yeni<\/td>\n<\/tr>\n<tr>\n<td>uygulanabi\u0307li\u0307r sekt\u00f6rler<\/td>\n<td>oteller, konfeksiyon ma\u011fazalar\u0131, yap\u0131 malzemeleri ma\u011fazalar\u0131, \u00fcretim tesisi, makine tamir at\u00f6lyeleri, yiyecek ve i\u00e7ecek fabrikas\u0131, \u00e7iftlikler, restoran, ev kullan\u0131m\u0131, perakende, g\u0131da ma\u011fazas\u0131, matbaalar, in\u015faat i\u015fleri, enerji ve madencilik, yiyecek ve i\u00e7ecek ma\u011fazalar\u0131, reklam \u015firketi<\/td>\n<\/tr>\n<tr>\n<td>garanti\u0307 sonrasi hi\u0307zmet<\/td>\n<td>online destek<\/td>\n<\/tr>\n<tr>\n<td>yerel hi\u0307zmet yeri\u0307<\/td>\n<td>Hi\u00e7biri<\/td>\n<\/tr>\n<tr>\n<td>showroom konumu<\/td>\n<td>Hi\u00e7biri<\/td>\n<\/tr>\n<tr>\n<td>video giden-denetim<\/td>\n<td>sa\u011flanan<\/td>\n<\/tr>\n<tr>\n<td>maki\u0307ne test raporu<\/td>\n<td>sa\u011flanan<\/td>\n<\/tr>\n<tr>\n<td>pazarlama t\u00fcr\u00fc<\/td>\n<td>s\u0131radan \u00fcr\u00fcn<\/td>\n<\/tr>\n<tr>\n<td>temel bile\u015fenlerin garantisi<\/td>\n<td>1 y\u0131l<\/td>\n<\/tr>\n<tr>\n<td>temel bile\u015fenler<\/td>\n<td>bas\u0131n\u00e7l\u0131 kap<\/td>\n<\/tr>\n<tr>\n<td>men\u015fe yeri<\/td>\n<td>guangdong, \u00e7i\u0307n<\/td>\n<\/tr>\n<tr>\n<td>marka ad\u0131<\/td>\n<td>lvyuan\/oem<\/td>\n<\/tr>\n<tr>\n<td>Garanti<\/td>\n<td>1 y\u0131l<\/td>\n<\/tr>\n<tr>\n<td>sat\u0131\u015f sonras\u0131 hizmet sa\u011fland\u0131<\/td>\n<td>online destek<\/td>\n<\/tr>\n<tr>\n<td>\u00dcR\u00dcN ADI<\/td>\n<td>pp sediment filtreleri kartu\u015f<\/td>\n<\/tr>\n<tr>\n<td>filtre tipi<\/td>\n<td>oluk, kabartma, noktalar, \u015firket logosu<\/td>\n<\/tr>\n<tr>\n<td>d\u0131\u015f \u00e7ap<\/td>\n<td>10-200 mm<\/td>\n<\/tr>\n<tr>\n<td>do\u011fruluk<\/td>\n<td>1-100 mikron<\/td>\n<\/tr>\n<tr>\n<td>i\u00e7 \u00e7ap<\/td>\n<td>oem<\/td>\n<\/tr>\n<tr>\n<td>filtre adapt\u00f6r\u00fc<\/td>\n<td>\u00f6zelle\u015ftirilmi\u015f<\/td>\n<\/tr>\n<tr>\n<td>en y\u00fcksek s\u0131cakl\u0131k<\/td>\n<td>80\u2103<\/td>\n<\/tr>\n<tr>\n<td>i\u015f bas\u0131nc\u0131 d\u00fc\u015f\u00fc\u015f\u00fc<\/td>\n<td>0,1 kgf\/c\u33a1<\/td>\n<\/tr>\n<tr>\n<td>en y\u00fcksek kapal\u0131<\/td>\n<td>5 kgf\/c\u33a1<\/td>\n<\/tr>\n<tr>\n<td>maksimum bas\u0131n\u00e7 d\u00fc\u015f\u00fc\u015f\u00fc<\/td>\n<td>3 kgf\/c\u33a1<\/td>\n<\/tr>\n<\/tbody>\n<\/table>","protected":false},"excerpt":{"rendered":"<p>Bu PP tortu filtresi kartu\u015fu kum, pas ve ince partik\u00fcllerin tutulmas\u0131na yard\u0131mc\u0131 olarak suyunuzun daha temiz kalmas\u0131n\u0131 ve ekipman\u0131n\u0131z\u0131n daha sorunsuz \u00e7al\u0131\u015fmas\u0131n\u0131 sa\u011flar. OEM markas\u0131 ve \u00f6zel adapt\u00f6rler ile kurulumunuza uygun mikron derecesini ve boyutunu se\u00e7in. \u00c7evrimi\u00e7i destek ve 1 y\u0131ll\u0131k garanti dahildir.<\/p>","protected":false},"featured_media":1842,"comment_status":"open","ping_status":"closed","template":"","meta":{"_gspb_post_css":""},"product_brand":[],"product_cat":[23,17],"product_tag":[327,811,810,669,808,357],"class_list":{"0":"post-1827","1":"product","2":"type-product","3":"status-publish","4":"has-post-thumbnail","6":"product_cat-pp-filter-cartridge","7":"product_cat-sediment-filter","8":"product_tag-1-100-micron-filter","9":"product_tag-industrial-sediment-filter","10":"product_tag-oem-filter-cartridge","11":"product_tag-pp-sediment-filter-cartridge","12":"product_tag-spun-pp-filter","13":"product_tag-water-filter-cartridge","15":"first","16":"instock","17":"shipping-taxable","18":"product-type-simple"},"_links":{"self":[{"href":"https:\/\/lyfilter.com\/tr\/wp-json\/wp\/v2\/product\/1827","targetHints":{"allow":["GET"]}}],"collection":[{"href":"https:\/\/lyfilter.com\/tr\/wp-json\/wp\/v2\/product"}],"about":[{"href":"https:\/\/lyfilter.com\/tr\/wp-json\/wp\/v2\/types\/product"}],"replies":[{"embeddable":true,"href":"https:\/\/lyfilter.com\/tr\/wp-json\/wp\/v2\/comments?post=1827"}],"wp:featuredmedia":[{"embeddable":true,"href":"https:\/\/lyfilter.com\/tr\/wp-json\/wp\/v2\/media\/1842"}],"wp:attachment":[{"href":"https:\/\/lyfilter.com\/tr\/wp-json\/wp\/v2\/media?parent=1827"}],"wp:term":[{"taxonomy":"product_brand","embeddable":true,"href":"https:\/\/lyfilter.com\/tr\/wp-json\/wp\/v2\/product_brand?post=1827"},{"taxonomy":"product_cat","embeddable":true,"href":"https:\/\/lyfilter.com\/tr\/wp-json\/wp\/v2\/product_cat?post=1827"},{"taxonomy":"product_tag","embeddable":true,"href":"https:\/\/lyfilter.com\/tr\/wp-json\/wp\/v2\/product_tag?post=1827"}],"curies":[{"name":"wp","href":"https:\/\/api.w.org\/{rel}","templated":true}]}}