{"id":1818,"date":"2026-01-05T09:41:48","date_gmt":"2026-01-05T09:41:48","guid":{"rendered":"https:\/\/lyfilter.com\/?post_type=product&#038;p=1818"},"modified":"2026-04-24T16:45:54","modified_gmt":"2026-04-24T16:45:54","slug":"5-small-water-filter-pp-filter-cartridge-filter-with-transparent-housing","status":"publish","type":"product","link":"https:\/\/lyfilter.com\/tr\/5-small-water-filter-pp-filter-cartridge-filter-with-transparent-housing\/","title":{"rendered":"5\u2033 k\u00fc\u00e7\u00fck su filtresi\/pp filtre kartu\u015fu\/\u015feffaf muhafazal\u0131 filtre"},"content":{"rendered":"<table>\n<thead>\n<tr>\n<th>\u00d6\u011fe<\/th>\n<th>Detaylar<\/th>\n<\/tr>\n<\/thead>\n<tbody>\n<tr>\n<td>men\u015fe yeri<\/td>\n<td>Guangdong, \u00c7in<\/td>\n<\/tr>\n<tr>\n<td>marka ad\u0131<\/td>\n<td>LvYuan\/OEM<\/td>\n<\/tr>\n<tr>\n<td>model numaras\u0131<\/td>\n<td>LY-PP-05<\/td>\n<\/tr>\n<tr>\n<td>renk<\/td>\n<td>beyaz<\/td>\n<\/tr>\n<tr>\n<td>boyut<\/td>\n<td>5, 10, 20, 30, 40 in\u00e7<\/td>\n<\/tr>\n<tr>\n<td>i\u00e7 \u00e7ap<\/td>\n<td>28, 30 mm<\/td>\n<\/tr>\n<tr>\n<td>d\u0131\u015f \u00e7ap<\/td>\n<td>60-62 mm<\/td>\n<\/tr>\n<tr>\n<td>\u00e7ekirdek boyutu<\/td>\n<td>\u00e7ekirdek; \u00e7ekirdeksiz<\/td>\n<\/tr>\n<tr>\n<td>mikron derecesi<\/td>\n<td>0.1, 5, 10, 20, 50, 100 mikron<\/td>\n<\/tr>\n<tr>\n<td>aray\u00fcz<\/td>\n<td>d\u00fcz tip; 222; 226<\/td>\n<\/tr>\n<tr>\n<td>y\u00fczey<\/td>\n<td>oluk; noktalar<\/td>\n<\/tr>\n<tr>\n<td>malzeme<\/td>\n<td>poli\u0307propi\u0307len<\/td>\n<\/tr>\n<tr>\n<td>model<\/td>\n<td>ince; jumbo<\/td>\n<\/tr>\n<tr>\n<td>tedarik yetene\u011fi<\/td>\n<td>G\u00fcnde 5000 Adet \/ Adet<\/td>\n<\/tr>\n<\/tbody>\n<\/table>","protected":false},"excerpt":{"rendered":"<p>Bu PP filtre kartu\u015fu, ince veya jumbo se\u00e7enekleri ve geni\u015f mikron aral\u0131\u011f\u0131 ile esnek kurulumlar i\u00e7in \u00fcretilmi\u015ftir. Muhafazan\u0131za uygun aray\u00fcz\u00fc ve \u00e7ekirdek tipini se\u00e7in.<\/p>","protected":false},"featured_media":1826,"comment_status":"open","ping_status":"closed","template":"","meta":{"_gspb_post_css":""},"product_brand":[],"product_cat":[23,17],"product_tag":[804,806,807,663,648,805],"class_list":{"0":"post-1818","1":"product","2":"type-product","3":"status-publish","4":"has-post-thumbnail","6":"product_cat-pp-filter-cartridge","7":"product_cat-sediment-filter","8":"product_tag-0-1-micron-pp-cartridge","9":"product_tag-222-226-filter-interface","10":"product_tag-groove-points-surface-filter","11":"product_tag-jumbo-pp-filter-cartridge","12":"product_tag-pp-filter-cartridge","13":"product_tag-slim-pp-filter","15":"first","16":"instock","17":"shipping-taxable","18":"product-type-simple"},"_links":{"self":[{"href":"https:\/\/lyfilter.com\/tr\/wp-json\/wp\/v2\/product\/1818","targetHints":{"allow":["GET"]}}],"collection":[{"href":"https:\/\/lyfilter.com\/tr\/wp-json\/wp\/v2\/product"}],"about":[{"href":"https:\/\/lyfilter.com\/tr\/wp-json\/wp\/v2\/types\/product"}],"replies":[{"embeddable":true,"href":"https:\/\/lyfilter.com\/tr\/wp-json\/wp\/v2\/comments?post=1818"}],"wp:featuredmedia":[{"embeddable":true,"href":"https:\/\/lyfilter.com\/tr\/wp-json\/wp\/v2\/media\/1826"}],"wp:attachment":[{"href":"https:\/\/lyfilter.com\/tr\/wp-json\/wp\/v2\/media?parent=1818"}],"wp:term":[{"taxonomy":"product_brand","embeddable":true,"href":"https:\/\/lyfilter.com\/tr\/wp-json\/wp\/v2\/product_brand?post=1818"},{"taxonomy":"product_cat","embeddable":true,"href":"https:\/\/lyfilter.com\/tr\/wp-json\/wp\/v2\/product_cat?post=1818"},{"taxonomy":"product_tag","embeddable":true,"href":"https:\/\/lyfilter.com\/tr\/wp-json\/wp\/v2\/product_tag?post=1818"}],"curies":[{"name":"wp","href":"https:\/\/api.w.org\/{rel}","templated":true}]}}