{"id":1803,"date":"2026-01-05T09:33:16","date_gmt":"2026-01-05T09:33:16","guid":{"rendered":"https:\/\/lyfilter.com\/?post_type=product&#038;p=1803"},"modified":"2026-01-05T09:33:16","modified_gmt":"2026-01-05T09:33:16","slug":"aqua-fair-pp-filter-cartridge-for-home-commercial-industry-use","status":"publish","type":"product","link":"https:\/\/lyfilter.com\/tr\/aqua-fair-pp-filter-cartridge-for-home-commercial-industry-use\/","title":{"rendered":"Ev ticari end\u00fcstri kullan\u0131m\u0131 i\u00e7in Aqua fair PP filtre kartu\u015fu"},"content":{"rendered":"<table>\n<thead>\n<tr>\n<th>\u00d6\u011fe<\/th>\n<th>Detaylar<\/th>\n<\/tr>\n<\/thead>\n<tbody>\n<tr>\n<td>men\u015fe yeri<\/td>\n<td>Guangdong, \u00c7in<\/td>\n<\/tr>\n<tr>\n<td>marka ad\u0131<\/td>\n<td>Lvyuan \/ OEM<\/td>\n<\/tr>\n<tr>\n<td>model numaras\u0131<\/td>\n<td>LY-PPF serisi<\/td>\n<\/tr>\n<tr>\n<td>\u00dcR\u00dcN ADI<\/td>\n<td>Aqua fair PP filtre kartu\u015fu<\/td>\n<\/tr>\n<tr>\n<td>mikron oran\u0131<\/td>\n<td>1, 2, 3, 5, 10, 20-100 mikron<\/td>\n<\/tr>\n<tr>\n<td>BELGELEND\u0130RME<\/td>\n<td>CE, SGS<\/td>\n<\/tr>\n<tr>\n<td>uygulama<\/td>\n<td>su filtresi par\u00e7alar\u0131; Ters Osmoz<\/td>\n<\/tr>\n<tr>\n<td>uzunluk<\/td>\n<td>5\u2033, 10\u2033, 20\u2033, 30\u2033, 40\u2033, 50\u2033 in\u00e7<\/td>\n<\/tr>\n<tr>\n<td>filtre malzemesi<\/td>\n<td>Polipropilen (PP) membran<\/td>\n<\/tr>\n<tr>\n<td>u\u00e7 kapa\u011f\u0131<\/td>\n<td>DOE; 222+Fin; 222+Flat; 226+Fin; 226+Flat<\/td>\n<\/tr>\n<tr>\n<td>conta\/o halka malzemesi<\/td>\n<td>Silikon \/ EPDM \/ Viton<\/td>\n<\/tr>\n<tr>\n<td>kullan\u0131m<\/td>\n<td>S\u0131v\u0131 Kartu\u015f filtre<\/td>\n<\/tr>\n<tr>\n<td>i\u00e7 \u00e7ekirdek<\/td>\n<td>PP veya Yok<\/td>\n<\/tr>\n<tr>\n<td>tedarik yetene\u011fi<\/td>\n<td>G\u00fcnde 5000 Adet \/ Adet (Aqua fair PP filtre kartu\u015fu)<\/td>\n<\/tr>\n<\/tbody>\n<\/table>","protected":false},"excerpt":{"rendered":"<p>Aqua fair PP filtre kartu\u015fu, daha sorunsuz RO ve su filtreleme performans\u0131 i\u00e7in tortuyu azaltmaya yard\u0131mc\u0131 olur. Muhafazan\u0131za uyan mikron derecesini, uzunlu\u011fu ve u\u00e7 kapa\u011f\u0131n\u0131 se\u00e7in.<\/p>","protected":false},"featured_media":1817,"comment_status":"open","ping_status":"closed","template":"","meta":{"_gspb_post_css":""},"product_brand":[],"product_cat":[17,23],"product_tag":[327,800,650,776,648,649],"class_list":{"0":"post-1803","1":"product","2":"type-product","3":"status-publish","4":"has-post-thumbnail","6":"product_cat-sediment-filter","7":"product_cat-pp-filter-cartridge","8":"product_tag-1-100-micron-filter","9":"product_tag-aqua-fair-pp-filter-cartridge","10":"product_tag-doe-222-226-end-cap","11":"product_tag-polypropylene-membrane-cartridge","12":"product_tag-pp-filter-cartridge","13":"product_tag-reverse-osmosis-prefilter","15":"first","16":"instock","17":"shipping-taxable","18":"product-type-simple"},"_links":{"self":[{"href":"https:\/\/lyfilter.com\/tr\/wp-json\/wp\/v2\/product\/1803","targetHints":{"allow":["GET"]}}],"collection":[{"href":"https:\/\/lyfilter.com\/tr\/wp-json\/wp\/v2\/product"}],"about":[{"href":"https:\/\/lyfilter.com\/tr\/wp-json\/wp\/v2\/types\/product"}],"replies":[{"embeddable":true,"href":"https:\/\/lyfilter.com\/tr\/wp-json\/wp\/v2\/comments?post=1803"}],"wp:featuredmedia":[{"embeddable":true,"href":"https:\/\/lyfilter.com\/tr\/wp-json\/wp\/v2\/media\/1817"}],"wp:attachment":[{"href":"https:\/\/lyfilter.com\/tr\/wp-json\/wp\/v2\/media?parent=1803"}],"wp:term":[{"taxonomy":"product_brand","embeddable":true,"href":"https:\/\/lyfilter.com\/tr\/wp-json\/wp\/v2\/product_brand?post=1803"},{"taxonomy":"product_cat","embeddable":true,"href":"https:\/\/lyfilter.com\/tr\/wp-json\/wp\/v2\/product_cat?post=1803"},{"taxonomy":"product_tag","embeddable":true,"href":"https:\/\/lyfilter.com\/tr\/wp-json\/wp\/v2\/product_tag?post=1803"}],"curies":[{"name":"wp","href":"https:\/\/api.w.org\/{rel}","templated":true}]}}