{"id":1749,"date":"2026-01-05T08:53:47","date_gmt":"2026-01-05T08:53:47","guid":{"rendered":"https:\/\/lyfilter.com\/?post_type=product&#038;p=1749"},"modified":"2026-01-05T08:53:47","modified_gmt":"2026-01-05T08:53:47","slug":"industrial-liquid-pre-filtration-system-5-microns-water-sediment-cartridge-filter-with-pp-plastic-stainless-steel-core","status":"publish","type":"product","link":"https:\/\/lyfilter.com\/tr\/industrial-liquid-pre-filtration-system-5-microns-water-sediment-cartridge-filter-with-pp-plastic-stainless-steel-core\/","title":{"rendered":"End\u00fcstriyel s\u0131v\u0131 \u00f6n filtreleme sistemi PP plastik\/paslanmaz \u00e7elik \u00e7ekirdekli 5 mikron su tortu kartu\u015f filtresi"},"content":{"rendered":"<table>\n<thead>\n<tr>\n<th>\u00d6\u011fe<\/th>\n<th>Detaylar<\/th>\n<\/tr>\n<\/thead>\n<tbody>\n<tr>\n<td>uygulanabi\u0307li\u0307r sekt\u00f6rler<\/td>\n<td>Yiyecek &amp; \u0130\u00e7ecek Fabrikas\u0131; \u00c7iftlikler; Restoran; Ev Kullan\u0131m\u0131; Yiyecek &amp; \u0130\u00e7ecek D\u00fckkanlar\u0131<\/td>\n<\/tr>\n<tr>\n<td>men\u015fe yeri<\/td>\n<td>Guangdong, \u00c7in<\/td>\n<\/tr>\n<tr>\n<td>marka ad\u0131<\/td>\n<td>LVYUAN\/OEM<\/td>\n<\/tr>\n<tr>\n<td>malzeme<\/td>\n<td>Polipropilen<\/td>\n<\/tr>\n<tr>\n<td>a\u011f\u0131rl\u0131k<\/td>\n<td>OEM<\/td>\n<\/tr>\n<tr>\n<td>boyut<\/td>\n<td>OEM<\/td>\n<\/tr>\n<tr>\n<td>g\u00fc\u00e7<\/td>\n<td>0<\/td>\n<\/tr>\n<tr>\n<td>Garanti<\/td>\n<td>Kullan\u0131lam\u0131yor<\/td>\n<\/tr>\n<tr>\n<td>\u00dcR\u00dcN ADI<\/td>\n<td>Jumbo sediment PP beyaz filtre polipropilen su filtresi kartu\u015fu<\/td>\n<\/tr>\n<tr>\n<td>filtre tipi<\/td>\n<td>Oluk; Kabartma; Noktalar; \u015firket logosu<\/td>\n<\/tr>\n<tr>\n<td>d\u0131\u015f \u00e7ap<\/td>\n<td>10-200 mm<\/td>\n<\/tr>\n<tr>\n<td>do\u011fruluk<\/td>\n<td>1-100 mikron<\/td>\n<\/tr>\n<tr>\n<td>i\u00e7 \u00e7ap<\/td>\n<td>OEM<\/td>\n<\/tr>\n<tr>\n<td>filtre adapt\u00f6r\u00fc<\/td>\n<td>D\u00fcz tip; Tip 222; Tip 226; Tip 215<\/td>\n<\/tr>\n<tr>\n<td>en y\u00fcksek s\u0131cakl\u0131k<\/td>\n<td>80\u2103<\/td>\n<\/tr>\n<tr>\n<td>i\u015f bas\u0131nc\u0131 d\u00fc\u015f\u00fc\u015f\u00fc<\/td>\n<td>0,1 kgf\/c\u33a1<\/td>\n<\/tr>\n<tr>\n<td>en y\u00fcksek kapal\u0131<\/td>\n<td>5 kgf\/c\u33a1<\/td>\n<\/tr>\n<tr>\n<td>maksimum bas\u0131n\u00e7 d\u00fc\u015f\u00fc\u015f\u00fc<\/td>\n<td>3 kgf\/c\u33a1<\/td>\n<\/tr>\n<tr>\n<td>sat\u0131\u015f sonras\u0131 hizmet sa\u011fland\u0131<\/td>\n<td>\u00c7evrimi\u00e7i destek<\/td>\n<\/tr>\n<tr>\n<td>sat\u0131\u015f birimleri<\/td>\n<td>Tek \u00fcr\u00fcn<\/td>\n<\/tr>\n<tr>\n<td>tek paket boyutu<\/td>\n<td>53 \u00d7 33 \u00d7 33 cm<\/td>\n<\/tr>\n<tr>\n<td>tek br\u00fct a\u011f\u0131rl\u0131k<\/td>\n<td>9.000 kg<\/td>\n<\/tr>\n<tr>\n<td>paket t\u00fcr\u00fc<\/td>\n<td>Ka\u011f\u0131t kartonda paketlenmi\u015ftir (end\u00fcstriyel s\u0131v\u0131 \u00f6n filtreleme sistemi; PP plastik \/ paslanmaz \u00e7elik \u00e7ekirdekli 5 mikron su tortu kartu\u015f filtresi)<\/td>\n<\/tr>\n<tr>\n<td>teslim s\u00fcresi (1-100 adet)<\/td>\n<td>3 g\u00fcn<\/td>\n<\/tr>\n<tr>\n<td>teslim s\u00fcresi (101-500 adet)<\/td>\n<td>5 g\u00fcn<\/td>\n<\/tr>\n<tr>\n<td>teslim s\u00fcresi (501-5000 adet)<\/td>\n<td>10 g\u00fcn<\/td>\n<\/tr>\n<tr>\n<td>teslim s\u00fcresi (&gt;5000 adet)<\/td>\n<td>M\u00fczakere edilecek<\/td>\n<\/tr>\n<\/tbody>\n<\/table>","protected":false},"excerpt":{"rendered":"<p>Bu jumbo PP tortu kartu\u015fu, ana filtreleme a\u015famas\u0131ndan \u00f6nce partik\u00fcllerin azalt\u0131lmas\u0131na yard\u0131mc\u0131 olarak mutfaklarda, \u00e7iftliklerde ve s\u0131v\u0131 sistemlerinde suyun daha temiz kalmas\u0131n\u0131 sa\u011flar. Uygun olan adapt\u00f6r\u00fc se\u00e7in.<\/p>","protected":false},"featured_media":1750,"comment_status":"open","ping_status":"closed","template":"","meta":{"_gspb_post_css":""},"product_brand":[],"product_cat":[23,17],"product_tag":[791,790,789,792,632,754],"class_list":{"0":"post-1749","1":"product","2":"type-product","3":"status-publish","4":"has-post-thumbnail","6":"product_cat-pp-filter-cartridge","7":"product_cat-sediment-filter","8":"product_tag-5-micron-sediment-cartridge","9":"product_tag-industrial-pre-filtration-cartridge","10":"product_tag-jumbo-pp-sediment-cartridge","11":"product_tag-polypropylene-jumbo-filter","12":"product_tag-pp-water-filter-cartridge","13":"product_tag-water-filter-adaptor-222-226","15":"first","16":"instock","17":"shipping-taxable","18":"product-type-simple"},"_links":{"self":[{"href":"https:\/\/lyfilter.com\/tr\/wp-json\/wp\/v2\/product\/1749","targetHints":{"allow":["GET"]}}],"collection":[{"href":"https:\/\/lyfilter.com\/tr\/wp-json\/wp\/v2\/product"}],"about":[{"href":"https:\/\/lyfilter.com\/tr\/wp-json\/wp\/v2\/types\/product"}],"replies":[{"embeddable":true,"href":"https:\/\/lyfilter.com\/tr\/wp-json\/wp\/v2\/comments?post=1749"}],"wp:featuredmedia":[{"embeddable":true,"href":"https:\/\/lyfilter.com\/tr\/wp-json\/wp\/v2\/media\/1750"}],"wp:attachment":[{"href":"https:\/\/lyfilter.com\/tr\/wp-json\/wp\/v2\/media?parent=1749"}],"wp:term":[{"taxonomy":"product_brand","embeddable":true,"href":"https:\/\/lyfilter.com\/tr\/wp-json\/wp\/v2\/product_brand?post=1749"},{"taxonomy":"product_cat","embeddable":true,"href":"https:\/\/lyfilter.com\/tr\/wp-json\/wp\/v2\/product_cat?post=1749"},{"taxonomy":"product_tag","embeddable":true,"href":"https:\/\/lyfilter.com\/tr\/wp-json\/wp\/v2\/product_tag?post=1749"}],"curies":[{"name":"wp","href":"https:\/\/api.w.org\/{rel}","templated":true}]}}