{"id":1724,"date":"2026-01-05T08:32:17","date_gmt":"2026-01-05T08:32:17","guid":{"rendered":"https:\/\/lyfilter.com\/?post_type=product&#038;p=1724"},"modified":"2026-01-05T08:32:17","modified_gmt":"2026-01-05T08:32:17","slug":"drinking-water-filter-parts-water-filter-cartridge-pp-for-filtro-agua","status":"publish","type":"product","link":"https:\/\/lyfilter.com\/tr\/drinking-water-filter-parts-water-filter-cartridge-pp-for-filtro-agua\/","title":{"rendered":"\u0130\u00e7me suyu filtre par\u00e7alar\u0131 filtro agua i\u00e7in su filtre kartu\u015fu pp"},"content":{"rendered":"<table>\n<thead>\n<tr>\n<th>\u00d6\u011fe<\/th>\n<th>Detaylar<\/th>\n<\/tr>\n<\/thead>\n<tbody>\n<tr>\n<td>uygulanabi\u0307li\u0307r sekt\u00f6rler<\/td>\n<td>\u00dcretim Tesisi; Yiyecek ve \u0130\u00e7ecek Fabrikas\u0131; Ev Kullan\u0131m\u0131; su ar\u0131tma<\/td>\n<\/tr>\n<tr>\n<td>men\u015fe yeri<\/td>\n<td>Guangdong, \u00c7in<\/td>\n<\/tr>\n<tr>\n<td>marka ad\u0131<\/td>\n<td>Lvyuan; OEM; ODM<\/td>\n<\/tr>\n<tr>\n<td>malzeme<\/td>\n<td>pp<\/td>\n<\/tr>\n<tr>\n<td>a\u011f\u0131rl\u0131k<\/td>\n<td>\u00f6zelle\u015ftirilmi\u015f<\/td>\n<\/tr>\n<tr>\n<td>boyut<\/td>\n<td>\u00f6zelle\u015ftirilmi\u015f; ince; jumbo<\/td>\n<\/tr>\n<tr>\n<td>g\u00fc\u00e7<\/td>\n<td>0<\/td>\n<\/tr>\n<tr>\n<td>Garanti<\/td>\n<td>Kullan\u0131lam\u0131yor<\/td>\n<\/tr>\n<tr>\n<td>\u00f6zellik<\/td>\n<td>\u00f6zelle\u015ftirilmi\u015f boyut ve logo \u00e7elik \u00e7alma<\/td>\n<\/tr>\n<tr>\n<td>BELGELEND\u0130RME<\/td>\n<td>SGS<\/td>\n<\/tr>\n<tr>\n<td>\u015fekil<\/td>\n<td>Silindir<\/td>\n<\/tr>\n<tr>\n<td>kullan\u0131m<\/td>\n<td>su ar\u0131tma<\/td>\n<\/tr>\n<tr>\n<td>uygulama<\/td>\n<td>end\u00fcstri<\/td>\n<\/tr>\n<tr>\n<td>renk<\/td>\n<td>beyaz<\/td>\n<\/tr>\n<tr>\n<td>paketleme<\/td>\n<td>KA\u011eIT KUTU<\/td>\n<\/tr>\n<tr>\n<td>hammadde<\/td>\n<td>pp elyaf<\/td>\n<\/tr>\n<tr>\n<td>g\u00f6r\u00fcn\u00fcm<\/td>\n<td>kabartmal\u0131; parlak; vb.<\/td>\n<\/tr>\n<tr>\n<td>sat\u0131\u015f sonras\u0131 hizmet sa\u011fland\u0131<\/td>\n<td>\u00c7evrimi\u00e7i destek<\/td>\n<\/tr>\n<tr>\n<td>tedarik yetene\u011fi<\/td>\n<td>5000 Adet\/Hafta ba\u015f\u0131na<\/td>\n<\/tr>\n<\/tbody>\n<\/table>","protected":false},"excerpt":{"rendered":"<p>Bu PP fiber silindir filtre eleman\u0131, end\u00fcstriyel ve ev kurulumlar\u0131nda su ar\u0131t\u0131m\u0131n\u0131 destekler. Daha iyi bir uyum i\u00e7in boyutu, kaplamay\u0131 ve markay\u0131 \u00f6zelle\u015ftirebilirsiniz.<\/p>","protected":false},"featured_media":1732,"comment_status":"open","ping_status":"closed","template":"","meta":{"_gspb_post_css":""},"product_brand":[],"product_cat":[17,23],"product_tag":[749,750,747,757,668,748],"class_list":{"0":"post-1724","1":"product","2":"type-product","3":"status-publish","4":"has-post-thumbnail","6":"product_cat-sediment-filter","7":"product_cat-pp-filter-cartridge","8":"product_tag-custom-pp-filter-element","9":"product_tag-embossed-pp-filter","10":"product_tag-pp-cylinder-filter-element","11":"product_tag-pp-fiber-filter-element","12":"product_tag-slim-jumbo-filter","13":"product_tag-water-treatment-filter-element","15":"first","16":"instock","17":"shipping-taxable","18":"product-type-simple"},"_links":{"self":[{"href":"https:\/\/lyfilter.com\/tr\/wp-json\/wp\/v2\/product\/1724","targetHints":{"allow":["GET"]}}],"collection":[{"href":"https:\/\/lyfilter.com\/tr\/wp-json\/wp\/v2\/product"}],"about":[{"href":"https:\/\/lyfilter.com\/tr\/wp-json\/wp\/v2\/types\/product"}],"replies":[{"embeddable":true,"href":"https:\/\/lyfilter.com\/tr\/wp-json\/wp\/v2\/comments?post=1724"}],"wp:featuredmedia":[{"embeddable":true,"href":"https:\/\/lyfilter.com\/tr\/wp-json\/wp\/v2\/media\/1732"}],"wp:attachment":[{"href":"https:\/\/lyfilter.com\/tr\/wp-json\/wp\/v2\/media?parent=1724"}],"wp:term":[{"taxonomy":"product_brand","embeddable":true,"href":"https:\/\/lyfilter.com\/tr\/wp-json\/wp\/v2\/product_brand?post=1724"},{"taxonomy":"product_cat","embeddable":true,"href":"https:\/\/lyfilter.com\/tr\/wp-json\/wp\/v2\/product_cat?post=1724"},{"taxonomy":"product_tag","embeddable":true,"href":"https:\/\/lyfilter.com\/tr\/wp-json\/wp\/v2\/product_tag?post=1724"}],"curies":[{"name":"wp","href":"https:\/\/api.w.org\/{rel}","templated":true}]}}