{"id":1691,"date":"2026-01-05T08:08:38","date_gmt":"2026-01-05T08:08:38","guid":{"rendered":"https:\/\/lyfilter.com\/?post_type=product&#038;p=1691"},"modified":"2026-01-05T08:08:38","modified_gmt":"2026-01-05T08:08:38","slug":"whole-sale-pp-sediment-filter-cartridge-melt-brown-filter","status":"publish","type":"product","link":"https:\/\/lyfilter.com\/tr\/whole-sale-pp-sediment-filter-cartridge-melt-brown-filter\/","title":{"rendered":"T\u00fcm sat\u0131\u015f PP tortu filtre kartu\u015fu Kahverengi filtreyi eritin"},"content":{"rendered":"<table>\n<thead>\n<tr>\n<th>\u00d6\u011fe<\/th>\n<th>Detaylar<\/th>\n<\/tr>\n<\/thead>\n<tbody>\n<tr>\n<td>men\u015fe yeri<\/td>\n<td>Guangdong, \u00c7in<\/td>\n<\/tr>\n<tr>\n<td>marka ad\u0131<\/td>\n<td>Lvyuan \/ OEM<\/td>\n<\/tr>\n<tr>\n<td>model numaras\u0131<\/td>\n<td>LY-PPF serisi<\/td>\n<\/tr>\n<tr>\n<td>\u00dcR\u00dcN ADI<\/td>\n<td>pp sediment filtre kartu\u015fu<\/td>\n<\/tr>\n<tr>\n<td>mikron oran\u0131<\/td>\n<td>1, 3, 5, 10 mikron filtre kartu\u015fu<\/td>\n<\/tr>\n<tr>\n<td>uygulama<\/td>\n<td>su fi\u0307ltresi\u0307 g\u00f6vde kartu\u015fu<\/td>\n<\/tr>\n<tr>\n<td>uzunluk<\/td>\n<td>5\u2033, 10\u2033, 20\u2033, 30\u2033, 40\u2033, 50\u2033 in\u00e7<\/td>\n<\/tr>\n<tr>\n<td>filtre malzemesi<\/td>\n<td>Polipropilen (PP) membran<\/td>\n<\/tr>\n<tr>\n<td>u\u00e7 kapa\u011f\u0131<\/td>\n<td>DOE; 222+Fin; 222+Flat; 226+Fin; 226+Flat<\/td>\n<\/tr>\n<tr>\n<td>conta\/o halka malzemesi<\/td>\n<td>Silikon \/ EPDM \/ Viton<\/td>\n<\/tr>\n<tr>\n<td>kullan\u0131m<\/td>\n<td>gaz; S\u0131v\u0131 filtre kartu\u015fu<\/td>\n<\/tr>\n<tr>\n<td>i\u00e7 \u00e7ekirdek<\/td>\n<td>PP veya Yok<\/td>\n<\/tr>\n<tr>\n<td>tedarik yetene\u011fi<\/td>\n<td>G\u00fcnde 5000 Adet \/ Adet (pp sediment filtre kartu\u015fu)<\/td>\n<\/tr>\n<\/tbody>\n<\/table>","protected":false},"excerpt":{"rendered":"<p>Bu PP tortu filtresi kartu\u015fu, gaz veya s\u0131v\u0131 filtrasyon kurulumlar\u0131nda partik\u00fcllerin azalt\u0131lmas\u0131na yard\u0131mc\u0131 olur. Filtre muhafazan\u0131za uyan mikron de\u011ferini, uzunlu\u011fu ve contay\u0131 se\u00e7in.<\/p>","protected":false},"featured_media":1701,"comment_status":"open","ping_status":"closed","template":"","meta":{"_gspb_post_css":""},"product_brand":[],"product_cat":[23,17],"product_tag":[774,650,777,776,669,775],"class_list":{"0":"post-1691","1":"product","2":"type-product","3":"status-publish","4":"has-post-thumbnail","6":"product_cat-pp-filter-cartridge","7":"product_cat-sediment-filter","8":"product_tag-1-3-5-10-micron-filter","9":"product_tag-doe-222-226-end-cap","10":"product_tag-gas-liquid-filter-cartridge","11":"product_tag-polypropylene-membrane-cartridge","12":"product_tag-pp-sediment-filter-cartridge","13":"product_tag-water-filter-housing-cartridge","15":"first","16":"instock","17":"shipping-taxable","18":"product-type-simple"},"_links":{"self":[{"href":"https:\/\/lyfilter.com\/tr\/wp-json\/wp\/v2\/product\/1691","targetHints":{"allow":["GET"]}}],"collection":[{"href":"https:\/\/lyfilter.com\/tr\/wp-json\/wp\/v2\/product"}],"about":[{"href":"https:\/\/lyfilter.com\/tr\/wp-json\/wp\/v2\/types\/product"}],"replies":[{"embeddable":true,"href":"https:\/\/lyfilter.com\/tr\/wp-json\/wp\/v2\/comments?post=1691"}],"wp:featuredmedia":[{"embeddable":true,"href":"https:\/\/lyfilter.com\/tr\/wp-json\/wp\/v2\/media\/1701"}],"wp:attachment":[{"href":"https:\/\/lyfilter.com\/tr\/wp-json\/wp\/v2\/media?parent=1691"}],"wp:term":[{"taxonomy":"product_brand","embeddable":true,"href":"https:\/\/lyfilter.com\/tr\/wp-json\/wp\/v2\/product_brand?post=1691"},{"taxonomy":"product_cat","embeddable":true,"href":"https:\/\/lyfilter.com\/tr\/wp-json\/wp\/v2\/product_cat?post=1691"},{"taxonomy":"product_tag","embeddable":true,"href":"https:\/\/lyfilter.com\/tr\/wp-json\/wp\/v2\/product_tag?post=1691"}],"curies":[{"name":"wp","href":"https:\/\/api.w.org\/{rel}","templated":true}]}}