{"id":1661,"date":"2026-01-05T07:50:13","date_gmt":"2026-01-05T07:50:13","guid":{"rendered":"https:\/\/lyfilter.com\/?post_type=product&#038;p=1661"},"modified":"2026-04-16T06:48:19","modified_gmt":"2026-04-16T06:48:19","slug":"wrinkle-hard-orange-peel-surface-pp-water-polypropylene-melt-blown-dept-filter-cartridge-from-guangzhou-suppliers","status":"publish","type":"product","link":"https:\/\/lyfilter.com\/tr\/wrinkle-hard-orange-peel-surface-pp-water-polypropylene-melt-blown-dept-filter-cartridge-from-guangzhou-suppliers\/","title":{"rendered":"K\u0131r\u0131\u015f\u0131kl\u0131k Sert Portakal Kabu\u011fu Y\u00fczey PP su polipropilen eriyik \u00fcflemeli dept filtre kartu\u015fu Guangzhou tedarik\u00e7ilerinden"},"content":{"rendered":"<table>\n<thead>\n<tr>\n<th>\u00d6\u011fe<\/th>\n<th>Detaylar<\/th>\n<\/tr>\n<\/thead>\n<tbody>\n<tr>\n<td>durum<\/td>\n<td>Yeni<\/td>\n<\/tr>\n<tr>\n<td>uygulanabi\u0307li\u0307r sekt\u00f6rler<\/td>\n<td>Oteller; Konfeksiyon Ma\u011fazalar\u0131; \u0130n\u015faat Malzemesi Ma\u011fazalar\u0131; \u00dcretim Tesisi; Makine Tamir At\u00f6lyeleri; Yiyecek ve \u0130\u00e7ecek Fabrikas\u0131; \u00c7iftlikler; Restoran; Ev Kullan\u0131m\u0131; Perakende; Yiyecek Ma\u011fazas\u0131; Matbaalar; \u0130n\u015faat i\u015fleri; Enerji ve Madencilik; Yiyecek ve \u0130\u00e7ecek Ma\u011fazalar\u0131; Reklam \u015eirketi<\/td>\n<\/tr>\n<tr>\n<td>garanti\u0307 sonrasi hi\u0307zmet<\/td>\n<td>\u00c7evrimi\u00e7i destek<\/td>\n<\/tr>\n<tr>\n<td>yerel hi\u0307zmet yeri\u0307<\/td>\n<td>Hi\u00e7biri<\/td>\n<\/tr>\n<tr>\n<td>showroom konumu<\/td>\n<td>Hi\u00e7biri<\/td>\n<\/tr>\n<tr>\n<td>men\u015fe yeri<\/td>\n<td>Guangdong, \u00c7in<\/td>\n<\/tr>\n<tr>\n<td>marka ad\u0131<\/td>\n<td>Lvyuan \/ OEM<\/td>\n<\/tr>\n<tr>\n<td>malzeme<\/td>\n<td>karton<\/td>\n<\/tr>\n<tr>\n<td>a\u011f\u0131rl\u0131k<\/td>\n<td>ba\u011fl\u0131d\u0131r<\/td>\n<\/tr>\n<tr>\n<td>boyut<\/td>\n<td>ba\u011fl\u0131d\u0131r<\/td>\n<\/tr>\n<tr>\n<td>g\u00fc\u00e7<\/td>\n<td>0<\/td>\n<\/tr>\n<tr>\n<td>Garanti<\/td>\n<td>Kullan\u0131lam\u0131yor<\/td>\n<\/tr>\n<tr>\n<td>\u00dcR\u00dcN ADI<\/td>\n<td>portakal kabu\u011fu pp su fi\u0307ltresi\u0307<\/td>\n<\/tr>\n<tr>\n<td>mikron oran\u0131<\/td>\n<td>1, 3, 5, 10-100 mikron filtre kartu\u015fu<\/td>\n<\/tr>\n<tr>\n<td>BELGELEND\u0130RME<\/td>\n<td>CE, SGS<\/td>\n<\/tr>\n<tr>\n<td>uygulama<\/td>\n<td>su filtresi par\u00e7alar\u0131, Ters Osmoz<\/td>\n<\/tr>\n<tr>\n<td>uzunluk<\/td>\n<td>5\u2033, 10\u2033, 20\u2033, 30\u2033, 40\u2033, 50\u2033 in\u00e7<\/td>\n<\/tr>\n<tr>\n<td>filtre malzemesi<\/td>\n<td>Polipropilen (PP) membran<\/td>\n<\/tr>\n<tr>\n<td>u\u00e7 kapa\u011f\u0131<\/td>\n<td>DOE; 222+Fin; 222+Flat; 226+Fin; 226+Flat<\/td>\n<\/tr>\n<tr>\n<td>oem d\u0131\u015f \u00e7ap<\/td>\n<td>15 mm ila 200 mm se\u00e7ene\u011fi<\/td>\n<\/tr>\n<tr>\n<td>kullan\u0131m<\/td>\n<td>S\u0131v\u0131 Kartu\u015f filtre<\/td>\n<\/tr>\n<tr>\n<td>i\u00e7 \u00e7ekirdek<\/td>\n<td>PP veya Yok<\/td>\n<\/tr>\n<tr>\n<td>tedarik yetene\u011fi<\/td>\n<td>G\u00fcnde 5000 Adet \/ Adet (eriyik \u00fcflemeli filtre)<\/td>\n<\/tr>\n<\/tbody>\n<\/table>","protected":false},"excerpt":{"rendered":"<p>Bu portakal kabu\u011fu PP su filtresi, RO ve filtrasyon sistemlerinde daha temiz su i\u00e7in tortu ve ince partik\u00fcllerin yakalanmas\u0131na yard\u0131mc\u0131 olur. Muhafazan\u0131za uyan mikron derecesini, uzunlu\u011fu ve u\u00e7 kapa\u011f\u0131n\u0131 se\u00e7in.<\/p>","protected":false},"featured_media":1669,"comment_status":"open","ping_status":"closed","template":"","meta":{"_gspb_post_css":""},"product_brand":[],"product_cat":[23,17],"product_tag":[327,681,737,766,632,649],"class_list":{"0":"post-1661","1":"product","2":"type-product","3":"status-publish","4":"has-post-thumbnail","6":"product_cat-pp-filter-cartridge","7":"product_cat-sediment-filter","8":"product_tag-1-100-micron-filter","9":"product_tag-liquid-cartridge-filter","10":"product_tag-melt-blown-pp-cartridge","11":"product_tag-orange-peel-pp-water-filter","12":"product_tag-pp-water-filter-cartridge","13":"product_tag-reverse-osmosis-prefilter","15":"first","16":"instock","17":"shipping-taxable","18":"product-type-simple"},"_links":{"self":[{"href":"https:\/\/lyfilter.com\/tr\/wp-json\/wp\/v2\/product\/1661","targetHints":{"allow":["GET"]}}],"collection":[{"href":"https:\/\/lyfilter.com\/tr\/wp-json\/wp\/v2\/product"}],"about":[{"href":"https:\/\/lyfilter.com\/tr\/wp-json\/wp\/v2\/types\/product"}],"replies":[{"embeddable":true,"href":"https:\/\/lyfilter.com\/tr\/wp-json\/wp\/v2\/comments?post=1661"}],"wp:featuredmedia":[{"embeddable":true,"href":"https:\/\/lyfilter.com\/tr\/wp-json\/wp\/v2\/media\/1669"}],"wp:attachment":[{"href":"https:\/\/lyfilter.com\/tr\/wp-json\/wp\/v2\/media?parent=1661"}],"wp:term":[{"taxonomy":"product_brand","embeddable":true,"href":"https:\/\/lyfilter.com\/tr\/wp-json\/wp\/v2\/product_brand?post=1661"},{"taxonomy":"product_cat","embeddable":true,"href":"https:\/\/lyfilter.com\/tr\/wp-json\/wp\/v2\/product_cat?post=1661"},{"taxonomy":"product_tag","embeddable":true,"href":"https:\/\/lyfilter.com\/tr\/wp-json\/wp\/v2\/product_tag?post=1661"}],"curies":[{"name":"wp","href":"https:\/\/api.w.org\/{rel}","templated":true}]}}