{"id":1654,"date":"2026-01-05T07:46:02","date_gmt":"2026-01-05T07:46:02","guid":{"rendered":"https:\/\/lyfilter.com\/?post_type=product&#038;p=1654"},"modified":"2026-01-05T07:46:02","modified_gmt":"2026-01-05T07:46:02","slug":"good-discount-price10-20-inch-5-micron-pp-melt-blown-water-cartridge-for-removal-sediment-water-filtration","status":"publish","type":"product","link":"https:\/\/lyfilter.com\/tr\/good-discount-price10-20-inch-5-micron-pp-melt-blown-water-cartridge-for-removal-sediment-water-filtration\/","title":{"rendered":"\u0130yi indirim fiyat\u013110 20 in\u00e7 5 mikron PP eriyik \u00fcflemeli su kartu\u015fu, tortu giderme su filtrasyonu i\u00e7in"},"content":{"rendered":"<table>\n<thead>\n<tr>\n<th>\u00d6\u011fe<\/th>\n<th>Detaylar<\/th>\n<\/tr>\n<\/thead>\n<tbody>\n<tr>\n<td>men\u015fe yeri<\/td>\n<td>Guangdong, \u00c7in<\/td>\n<\/tr>\n<tr>\n<td>marka ad\u0131<\/td>\n<td>Lvyuan veya OEM<\/td>\n<\/tr>\n<tr>\n<td>model numaras\u0131<\/td>\n<td>LY-PP<\/td>\n<\/tr>\n<tr>\n<td>g\u00fc\u00e7 (w)<\/td>\n<td>0<\/td>\n<\/tr>\n<tr>\n<td>Gerilim (v)<\/td>\n<td>0<\/td>\n<\/tr>\n<tr>\n<td>tip<\/td>\n<td>Ters Osmoz<\/td>\n<\/tr>\n<tr>\n<td>BELGELEND\u0130RME<\/td>\n<td>ce; SGS<\/td>\n<\/tr>\n<tr>\n<td>kullan\u0131m<\/td>\n<td>Ev Tipi \u00d6n Filtreleme<\/td>\n<\/tr>\n<tr>\n<td>\u015fekil<\/td>\n<td>Silindir<\/td>\n<\/tr>\n<tr>\n<td>renk<\/td>\n<td>beyaz<\/td>\n<\/tr>\n<tr>\n<td>paketleme<\/td>\n<td>KA\u011eIT KUTU<\/td>\n<\/tr>\n<tr>\n<td>hammadde<\/td>\n<td>pp elyaf<\/td>\n<\/tr>\n<tr>\n<td>g\u00f6r\u00fcn\u00fcm<\/td>\n<td>kabartmal\u0131; parlak; vb.<\/td>\n<\/tr>\n<tr>\n<td>mikron oran\u0131<\/td>\n<td>5-10 mikron<\/td>\n<\/tr>\n<tr>\n<td>uzunluk<\/td>\n<td>10\u2033 \/ 20\u2033 \/ 30\u2033 \/ 40\u2033<\/td>\n<\/tr>\n<tr>\n<td>filtre malzemesi<\/td>\n<td>PP<\/td>\n<\/tr>\n<tr>\n<td>Sertifika<\/td>\n<td>ISO9001 \/ SGS<\/td>\n<\/tr>\n<tr>\n<td>isim<\/td>\n<td>PP su kartu\u015fu<\/td>\n<\/tr>\n<tr>\n<td>tedarik yetene\u011fi<\/td>\n<td>5000 Adet\/Hafta ba\u015f\u0131na<\/td>\n<\/tr>\n<\/tbody>\n<\/table>","protected":false},"excerpt":{"rendered":"<p>Bu PP su kartu\u015fu, RO sisteminize ula\u015fmadan \u00f6nce tortuyu yakalamak i\u00e7in ev tipi \u00f6n filtreleme i\u00e7in yap\u0131lm\u0131\u015ft\u0131r. Muhafazan\u0131za uyan uzunlu\u011fu ve mikron derecesini se\u00e7in.<\/p>","protected":false},"featured_media":1667,"comment_status":"open","ping_status":"closed","template":"","meta":{"_gspb_post_css":""},"product_brand":[],"product_cat":[23,17],"product_tag":[765,764,762,638,761,763],"class_list":{"0":"post-1654","1":"product","2":"type-product","3":"status-publish","4":"has-post-thumbnail","6":"product_cat-pp-filter-cartridge","7":"product_cat-sediment-filter","8":"product_tag-10-20-30-40-inch-cartridge","9":"product_tag-5-10-micron-pp-filter","10":"product_tag-household-prefilter-cartridge","11":"product_tag-pp-fiber-filter-cartridge","12":"product_tag-pp-water-cartridge","13":"product_tag-reverse-osmosis-pre-filtration","15":"first","16":"instock","17":"shipping-taxable","18":"product-type-simple"},"_links":{"self":[{"href":"https:\/\/lyfilter.com\/tr\/wp-json\/wp\/v2\/product\/1654","targetHints":{"allow":["GET"]}}],"collection":[{"href":"https:\/\/lyfilter.com\/tr\/wp-json\/wp\/v2\/product"}],"about":[{"href":"https:\/\/lyfilter.com\/tr\/wp-json\/wp\/v2\/types\/product"}],"replies":[{"embeddable":true,"href":"https:\/\/lyfilter.com\/tr\/wp-json\/wp\/v2\/comments?post=1654"}],"wp:featuredmedia":[{"embeddable":true,"href":"https:\/\/lyfilter.com\/tr\/wp-json\/wp\/v2\/media\/1667"}],"wp:attachment":[{"href":"https:\/\/lyfilter.com\/tr\/wp-json\/wp\/v2\/media?parent=1654"}],"wp:term":[{"taxonomy":"product_brand","embeddable":true,"href":"https:\/\/lyfilter.com\/tr\/wp-json\/wp\/v2\/product_brand?post=1654"},{"taxonomy":"product_cat","embeddable":true,"href":"https:\/\/lyfilter.com\/tr\/wp-json\/wp\/v2\/product_cat?post=1654"},{"taxonomy":"product_tag","embeddable":true,"href":"https:\/\/lyfilter.com\/tr\/wp-json\/wp\/v2\/product_tag?post=1654"}],"curies":[{"name":"wp","href":"https:\/\/api.w.org\/{rel}","templated":true}]}}