{"id":1634,"date":"2026-01-05T07:30:44","date_gmt":"2026-01-05T07:30:44","guid":{"rendered":"https:\/\/lyfilter.com\/?post_type=product&#038;p=1634"},"modified":"2026-01-05T07:30:44","modified_gmt":"2026-01-05T07:30:44","slug":"customized-sizes-1-5-10-microns-melt-blown-series-pp-polypropylene-water-filter-cartridge-sediment-for-liquid-water-filter","status":"publish","type":"product","link":"https:\/\/lyfilter.com\/tr\/customized-sizes-1-5-10-microns-melt-blown-series-pp-polypropylene-water-filter-cartridge-sediment-for-liquid-water-filter\/","title":{"rendered":"\u00d6zelle\u015ftirilmi\u015f boyutlar 1 5 10 mikron eriyik \u00fcflemeli seri PP polipropilen su filtresi kartu\u015fu s\u0131v\u0131 su filtresi i\u00e7in tortu"},"content":{"rendered":"<table>\n<thead>\n<tr>\n<th>\u00d6\u011fe<\/th>\n<th>Detaylar<\/th>\n<\/tr>\n<\/thead>\n<tbody>\n<tr>\n<td>uygulanabi\u0307li\u0307r sekt\u00f6rler<\/td>\n<td>Yiyecek &amp; \u0130\u00e7ecek Fabrikas\u0131; \u00c7iftlikler; Restoran; Ev Kullan\u0131m\u0131; Yiyecek &amp; \u0130\u00e7ecek D\u00fckkanlar\u0131<\/td>\n<\/tr>\n<tr>\n<td>men\u015fe yeri<\/td>\n<td>Guangdong, \u00c7in<\/td>\n<\/tr>\n<tr>\n<td>marka ad\u0131<\/td>\n<td>LVYUAN\/OEM<\/td>\n<\/tr>\n<tr>\n<td>malzeme<\/td>\n<td>Polipropilen<\/td>\n<\/tr>\n<tr>\n<td>a\u011f\u0131rl\u0131k<\/td>\n<td>OEM<\/td>\n<\/tr>\n<tr>\n<td>boyut<\/td>\n<td>OEM<\/td>\n<\/tr>\n<tr>\n<td>g\u00fc\u00e7<\/td>\n<td>0<\/td>\n<\/tr>\n<tr>\n<td>Garanti<\/td>\n<td>Kullan\u0131lam\u0131yor<\/td>\n<\/tr>\n<tr>\n<td>\u00dcR\u00dcN ADI<\/td>\n<td>Eriyik \u00fcflemeli seri PP polipropilen su filtresi kartu\u015fu tortusu<\/td>\n<\/tr>\n<tr>\n<td>filtre tipi<\/td>\n<td>Oluk; Kabartma; Noktalar; \u015firket logosu<\/td>\n<\/tr>\n<tr>\n<td>d\u0131\u015f \u00e7ap<\/td>\n<td>10-200 mm<\/td>\n<\/tr>\n<tr>\n<td>do\u011fruluk<\/td>\n<td>1-100 mikron<\/td>\n<\/tr>\n<tr>\n<td>i\u00e7 \u00e7ap<\/td>\n<td>OEM<\/td>\n<\/tr>\n<tr>\n<td>filtre adapt\u00f6r\u00fc<\/td>\n<td>D\u00fcz tip; Tip 222; Tip 226; Tip 215<\/td>\n<\/tr>\n<tr>\n<td>en y\u00fcksek s\u0131cakl\u0131k<\/td>\n<td>80\u2103<\/td>\n<\/tr>\n<tr>\n<td>i\u015f bas\u0131nc\u0131 d\u00fc\u015f\u00fc\u015f\u00fc<\/td>\n<td>0,1 kgf\/c\u33a1<\/td>\n<\/tr>\n<tr>\n<td>en y\u00fcksek kapal\u0131<\/td>\n<td>5 kgf\/c\u33a1<\/td>\n<\/tr>\n<tr>\n<td>maksimum bas\u0131n\u00e7 d\u00fc\u015f\u00fc\u015f\u00fc<\/td>\n<td>3 kgf\/c\u33a1<\/td>\n<\/tr>\n<tr>\n<td>sat\u0131\u015f sonras\u0131 hizmet sa\u011fland\u0131<\/td>\n<td>\u00c7evrimi\u00e7i destek<\/td>\n<\/tr>\n<tr>\n<td>sat\u0131\u015f birimleri<\/td>\n<td>Tek \u00fcr\u00fcn<\/td>\n<\/tr>\n<tr>\n<td>tek paket boyutu<\/td>\n<td>53 \u00d7 33 \u00d7 33 cm<\/td>\n<\/tr>\n<tr>\n<td>tek br\u00fct a\u011f\u0131rl\u0131k<\/td>\n<td>9.000 kg<\/td>\n<\/tr>\n<tr>\n<td>paket t\u00fcr\u00fc<\/td>\n<td>Ka\u011f\u0131t kartonda paketlenmi\u015ftir (s\u0131v\u0131 su filtresi i\u00e7in 1\/5\/10 mikron eriyik \u00fcflemeli PP tortu kartu\u015fu)<\/td>\n<\/tr>\n<tr>\n<td>teslim s\u00fcresi (1-100 adet)<\/td>\n<td>2 g\u00fcn<\/td>\n<\/tr>\n<tr>\n<td>teslim s\u00fcresi (101-500 adet)<\/td>\n<td>3 g\u00fcn<\/td>\n<\/tr>\n<tr>\n<td>teslim s\u00fcresi (501-5000 adet)<\/td>\n<td>7 g\u00fcn<\/td>\n<\/tr>\n<tr>\n<td>teslim s\u00fcresi (&gt;5000 adet)<\/td>\n<td>M\u00fczakere edilecek<\/td>\n<\/tr>\n<\/tbody>\n<\/table>","protected":false},"excerpt":{"rendered":"<p>Bu eriyik \u00fcflemeli PP kartu\u015f, mutfaklar, \u00e7iftlikler ve k\u00fc\u00e7\u00fck tesisler i\u00e7in s\u0131v\u0131 su filtrasyonunda tortuyu azaltmaya yard\u0131mc\u0131 olur. Muhafazan\u0131za uyan adapt\u00f6r tipini ve mikron de\u011ferini se\u00e7in.<\/p>","protected":false},"featured_media":1636,"comment_status":"open","ping_status":"closed","template":"","meta":{"_gspb_post_css":""},"product_brand":[],"product_cat":[23,17],"product_tag":[664,753,661,347,758,754],"class_list":{"0":"post-1634","1":"product","2":"type-product","3":"status-publish","4":"has-post-thumbnail","6":"product_cat-pp-filter-cartridge","7":"product_cat-sediment-filter","8":"product_tag-1-5-10-micron-filter","9":"product_tag-liquid-water-filter-cartridge","10":"product_tag-melt-blown-pp-filter-cartridge","11":"product_tag-polypropylene-water-filter","12":"product_tag-pp-sediment-cartridge","13":"product_tag-water-filter-adaptor-222-226","15":"first","16":"instock","17":"shipping-taxable","18":"product-type-simple"},"_links":{"self":[{"href":"https:\/\/lyfilter.com\/tr\/wp-json\/wp\/v2\/product\/1634","targetHints":{"allow":["GET"]}}],"collection":[{"href":"https:\/\/lyfilter.com\/tr\/wp-json\/wp\/v2\/product"}],"about":[{"href":"https:\/\/lyfilter.com\/tr\/wp-json\/wp\/v2\/types\/product"}],"replies":[{"embeddable":true,"href":"https:\/\/lyfilter.com\/tr\/wp-json\/wp\/v2\/comments?post=1634"}],"wp:featuredmedia":[{"embeddable":true,"href":"https:\/\/lyfilter.com\/tr\/wp-json\/wp\/v2\/media\/1636"}],"wp:attachment":[{"href":"https:\/\/lyfilter.com\/tr\/wp-json\/wp\/v2\/media?parent=1634"}],"wp:term":[{"taxonomy":"product_brand","embeddable":true,"href":"https:\/\/lyfilter.com\/tr\/wp-json\/wp\/v2\/product_brand?post=1634"},{"taxonomy":"product_cat","embeddable":true,"href":"https:\/\/lyfilter.com\/tr\/wp-json\/wp\/v2\/product_cat?post=1634"},{"taxonomy":"product_tag","embeddable":true,"href":"https:\/\/lyfilter.com\/tr\/wp-json\/wp\/v2\/product_tag?post=1634"}],"curies":[{"name":"wp","href":"https:\/\/api.w.org\/{rel}","templated":true}]}}