{"id":1607,"date":"2026-01-05T07:17:38","date_gmt":"2026-01-05T07:17:38","guid":{"rendered":"https:\/\/lyfilter.com\/?post_type=product&#038;p=1607"},"modified":"2026-01-05T07:17:38","modified_gmt":"2026-01-05T07:17:38","slug":"the-sediment-cartridge-filterprices-with-10-20-30-40-inch-for-domestic-water-filters","status":"publish","type":"product","link":"https:\/\/lyfilter.com\/tr\/the-sediment-cartridge-filterprices-with-10-20-30-40-inch-for-domestic-water-filters\/","title":{"rendered":"Tortu kartu\u015f filtresikullan\u0131m suyu filtreleri i\u00e7in 10 20 30 40 in\u00e7lik fiyatlar"},"content":{"rendered":"<table>\n<thead>\n<tr>\n<th>\u00d6\u011fe<\/th>\n<th>Detaylar<\/th>\n<\/tr>\n<\/thead>\n<tbody>\n<tr>\n<td>uygulanabi\u0307li\u0307r sekt\u00f6rler<\/td>\n<td>\u00dcretim Tesisi; Yiyecek ve \u0130\u00e7ecek Fabrikas\u0131; Ev Kullan\u0131m\u0131; su ar\u0131tma<\/td>\n<\/tr>\n<tr>\n<td>men\u015fe yeri<\/td>\n<td>Guangdong, \u00c7in<\/td>\n<\/tr>\n<tr>\n<td>marka ad\u0131<\/td>\n<td>Lvyuan; OEM; ODM<\/td>\n<\/tr>\n<tr>\n<td>malzeme<\/td>\n<td>pp<\/td>\n<\/tr>\n<tr>\n<td>a\u011f\u0131rl\u0131k<\/td>\n<td>\u00f6zelle\u015ftirilmi\u015f<\/td>\n<\/tr>\n<tr>\n<td>boyut<\/td>\n<td>\u00f6zelle\u015ftirilmi\u015f; ince; jumbo<\/td>\n<\/tr>\n<tr>\n<td>g\u00fc\u00e7<\/td>\n<td>0<\/td>\n<\/tr>\n<tr>\n<td>Garanti<\/td>\n<td>Kullan\u0131lam\u0131yor<\/td>\n<\/tr>\n<tr>\n<td>\u00f6zellik<\/td>\n<td>\u00f6zelle\u015ftirilmi\u015f boyut ve logo; \u00e7elik \u00e7alma<\/td>\n<\/tr>\n<tr>\n<td>BELGELEND\u0130RME<\/td>\n<td>SGS<\/td>\n<\/tr>\n<tr>\n<td>\u015fekil<\/td>\n<td>Silindir<\/td>\n<\/tr>\n<tr>\n<td>kullan\u0131m<\/td>\n<td>su ar\u0131tma<\/td>\n<\/tr>\n<tr>\n<td>uygulama<\/td>\n<td>end\u00fcstri<\/td>\n<\/tr>\n<tr>\n<td>renk<\/td>\n<td>beyaz<\/td>\n<\/tr>\n<tr>\n<td>paketleme<\/td>\n<td>KA\u011eIT KUTU<\/td>\n<\/tr>\n<tr>\n<td>hammadde<\/td>\n<td>pp elyaf<\/td>\n<\/tr>\n<tr>\n<td>g\u00f6r\u00fcn\u00fcm<\/td>\n<td>kabartmal\u0131; parlak; vb.<\/td>\n<\/tr>\n<tr>\n<td>sat\u0131\u015f sonras\u0131 hizmet sa\u011fland\u0131<\/td>\n<td>\u00c7evrimi\u00e7i destek<\/td>\n<\/tr>\n<tr>\n<td>tedarik yetene\u011fi<\/td>\n<td>5000 Adet\/Hafta ba\u015f\u0131na<\/td>\n<\/tr>\n<\/tbody>\n<\/table>","protected":false},"excerpt":{"rendered":"<p>Bu PP silindir filtre eleman\u0131, tesislerde ve ev sistemlerinde g\u00fcnl\u00fck su ar\u0131tma ihtiya\u00e7lar\u0131n\u0131 destekler. Daha kolay uyum ve tutarl\u0131 kullan\u0131m i\u00e7in boyutu, kaplamay\u0131 ve markay\u0131 \u00f6zelle\u015ftirebilirsiniz.<\/p>","protected":false},"featured_media":1615,"comment_status":"open","ping_status":"closed","template":"","meta":{"_gspb_post_css":""},"product_brand":[],"product_cat":[23,17],"product_tag":[749,750,636,747,668,748],"class_list":{"0":"post-1607","1":"product","2":"type-product","3":"status-publish","4":"has-post-thumbnail","6":"product_cat-pp-filter-cartridge","7":"product_cat-sediment-filter","8":"product_tag-custom-pp-filter-element","9":"product_tag-embossed-pp-filter","10":"product_tag-industrial-water-treatment","11":"product_tag-pp-cylinder-filter-element","12":"product_tag-slim-jumbo-filter","13":"product_tag-water-treatment-filter-element","15":"first","16":"instock","17":"shipping-taxable","18":"product-type-simple"},"_links":{"self":[{"href":"https:\/\/lyfilter.com\/tr\/wp-json\/wp\/v2\/product\/1607","targetHints":{"allow":["GET"]}}],"collection":[{"href":"https:\/\/lyfilter.com\/tr\/wp-json\/wp\/v2\/product"}],"about":[{"href":"https:\/\/lyfilter.com\/tr\/wp-json\/wp\/v2\/types\/product"}],"replies":[{"embeddable":true,"href":"https:\/\/lyfilter.com\/tr\/wp-json\/wp\/v2\/comments?post=1607"}],"wp:featuredmedia":[{"embeddable":true,"href":"https:\/\/lyfilter.com\/tr\/wp-json\/wp\/v2\/media\/1615"}],"wp:attachment":[{"href":"https:\/\/lyfilter.com\/tr\/wp-json\/wp\/v2\/media?parent=1607"}],"wp:term":[{"taxonomy":"product_brand","embeddable":true,"href":"https:\/\/lyfilter.com\/tr\/wp-json\/wp\/v2\/product_brand?post=1607"},{"taxonomy":"product_cat","embeddable":true,"href":"https:\/\/lyfilter.com\/tr\/wp-json\/wp\/v2\/product_cat?post=1607"},{"taxonomy":"product_tag","embeddable":true,"href":"https:\/\/lyfilter.com\/tr\/wp-json\/wp\/v2\/product_tag?post=1607"}],"curies":[{"name":"wp","href":"https:\/\/api.w.org\/{rel}","templated":true}]}}