{"id":1587,"date":"2026-01-05T07:11:17","date_gmt":"2026-01-05T07:11:17","guid":{"rendered":"https:\/\/lyfilter.com\/?post_type=product&#038;p=1587"},"modified":"2026-05-07T08:46:14","modified_gmt":"2026-05-07T08:46:14","slug":"high-flow-water-filter-rate-pp-material-40-inch-big-blue-water-filter-cartridge-for-10-micron-industrial-water-filter-machine","status":"publish","type":"product","link":"https:\/\/lyfilter.com\/tr\/high-flow-water-filter-rate-pp-material-40-inch-big-blue-water-filter-cartridge-for-10-micron-industrial-water-filter-machine\/","title":{"rendered":"Y\u00fcksek ak\u0131\u015fl\u0131 su filtresi oran\u0131 PP malzeme 10 mikron end\u00fcstriyel su filtresi makinesi i\u00e7in 40 in\u00e7 b\u00fcy\u00fck mavi su filtresi kartu\u015fu"},"content":{"rendered":"<table>\n<thead>\n<tr>\n<th>\u00d6\u011fe<\/th>\n<th>Detaylar<\/th>\n<\/tr>\n<\/thead>\n<tbody>\n<tr>\n<td>durum<\/td>\n<td>Yeni<\/td>\n<\/tr>\n<tr>\n<td>uygulanabi\u0307li\u0307r sekt\u00f6rler<\/td>\n<td>Oteller; Konfeksiyon Ma\u011fazalar\u0131; \u0130n\u015faat Malzemesi Ma\u011fazalar\u0131; \u00dcretim Tesisi; Makine Tamir At\u00f6lyeleri; Yiyecek ve \u0130\u00e7ecek Fabrikas\u0131; \u00c7iftlikler; Restoran; Ev Kullan\u0131m\u0131; Perakende; Yiyecek Ma\u011fazas\u0131; Matbaalar; \u0130n\u015faat i\u015fleri; Enerji ve Madencilik; Yiyecek ve \u0130\u00e7ecek Ma\u011fazalar\u0131; Reklam \u015eirketi<\/td>\n<\/tr>\n<tr>\n<td>men\u015fe yeri<\/td>\n<td>Guangdong, \u00c7in<\/td>\n<\/tr>\n<tr>\n<td>marka ad\u0131<\/td>\n<td>LVYUAN\/OEM<\/td>\n<\/tr>\n<tr>\n<td>malzeme<\/td>\n<td>Polipropilen<\/td>\n<\/tr>\n<tr>\n<td>a\u011f\u0131rl\u0131k<\/td>\n<td>OEM<\/td>\n<\/tr>\n<tr>\n<td>boyut<\/td>\n<td>OEM<\/td>\n<\/tr>\n<tr>\n<td>g\u00fc\u00e7<\/td>\n<td>0<\/td>\n<\/tr>\n<tr>\n<td>Garanti<\/td>\n<td>Kullan\u0131lam\u0131yor<\/td>\n<\/tr>\n<tr>\n<td>\u00dcR\u00dcN ADI<\/td>\n<td>End\u00fcstriyel su filtresi makinesi i\u00e7in PP b\u00fcy\u00fck mavi su filtresi kartu\u015fu<\/td>\n<\/tr>\n<tr>\n<td>filtre tipi<\/td>\n<td>Oluk; Kabartma; Noktalar; \u015firket logosu<\/td>\n<\/tr>\n<tr>\n<td>d\u0131\u015f \u00e7ap<\/td>\n<td>10-200 mm<\/td>\n<\/tr>\n<tr>\n<td>do\u011fruluk<\/td>\n<td>1-100 mikron<\/td>\n<\/tr>\n<tr>\n<td>i\u00e7 \u00e7ap<\/td>\n<td>OEM<\/td>\n<\/tr>\n<tr>\n<td>filtre adapt\u00f6r\u00fc<\/td>\n<td>\u00d6zelle\u015ftirilmi\u015f<\/td>\n<\/tr>\n<tr>\n<td>en y\u00fcksek s\u0131cakl\u0131k<\/td>\n<td>80\u2103<\/td>\n<\/tr>\n<tr>\n<td>i\u015f bas\u0131nc\u0131 d\u00fc\u015f\u00fc\u015f\u00fc<\/td>\n<td>0,1 kgf\/c\u33a1<\/td>\n<\/tr>\n<tr>\n<td>en y\u00fcksek kapal\u0131<\/td>\n<td>5 kgf\/c\u33a1<\/td>\n<\/tr>\n<tr>\n<td>maksimum bas\u0131n\u00e7 d\u00fc\u015f\u00fc\u015f\u00fc<\/td>\n<td>3 kgf\/c\u33a1<\/td>\n<\/tr>\n<tr>\n<td>sat\u0131\u015f sonras\u0131 hizmet sa\u011fland\u0131<\/td>\n<td>\u00c7evrimi\u00e7i destek<\/td>\n<\/tr>\n<tr>\n<td>sat\u0131\u015f birimleri<\/td>\n<td>Tek \u00fcr\u00fcn<\/td>\n<\/tr>\n<tr>\n<td>tek paket boyutu<\/td>\n<td>111 \u00d7 35 \u00d7 35 cm<\/td>\n<\/tr>\n<tr>\n<td>tek br\u00fct a\u011f\u0131rl\u0131k<\/td>\n<td>15.000 kg<\/td>\n<\/tr>\n<tr>\n<td>paket t\u00fcr\u00fc<\/td>\n<td>\u0130hracat ka\u011f\u0131t kartonu; end\u00fcstriyel makine i\u00e7in y\u00fcksek ak\u0131\u015fl\u0131 PP malzeme 40 in\u00e7 b\u00fcy\u00fck mavi kartu\u015f (10 mikron)<\/td>\n<\/tr>\n<tr>\n<td>teslim s\u00fcresi (1-100 adet)<\/td>\n<td>2 g\u00fcn<\/td>\n<\/tr>\n<tr>\n<td>teslim s\u00fcresi (101-500 adet)<\/td>\n<td>3 g\u00fcn<\/td>\n<\/tr>\n<tr>\n<td>teslim s\u00fcresi (501-5000 adet)<\/td>\n<td>7 g\u00fcn<\/td>\n<\/tr>\n<tr>\n<td>teslim s\u00fcresi (&gt;5000 adet)<\/td>\n<td>M\u00fczakere edilecek<\/td>\n<\/tr>\n<\/tbody>\n<\/table>","protected":false},"excerpt":{"rendered":"<p>Bu PP Big Blue kartu\u015f, tutarl\u0131 ak\u0131\u015fa ve g\u00fcvenilir partik\u00fcl giderimine ihtiya\u00e7 duydu\u011funuz end\u00fcstriyel su filtresi makineleri i\u00e7in \u00fcretilmi\u015ftir. Adapt\u00f6r\u00fc ve kaplamay\u0131 kurulumunuza uyacak \u015fekilde \u00f6zelle\u015ftirin.<\/p>","protected":false},"featured_media":1596,"comment_status":"open","ping_status":"closed","template":"","meta":{"_gspb_post_css":""},"product_brand":[],"product_cat":[23,17],"product_tag":[297,744,741,343,743,742],"class_list":{"0":"post-1587","1":"product","2":"type-product","3":"status-publish","4":"has-post-thumbnail","6":"product_cat-pp-filter-cartridge","7":"product_cat-sediment-filter","8":"product_tag-1-100-micron-cartridge","9":"product_tag-10-micron-big-blue-filter","10":"product_tag-big-blue-water-filter-cartridge","11":"product_tag-high-flow-pp-filter","12":"product_tag-industrial-water-filter-cartridge","13":"product_tag-pp-big-blue-cartridge","15":"first","16":"instock","17":"shipping-taxable","18":"product-type-simple"},"_links":{"self":[{"href":"https:\/\/lyfilter.com\/tr\/wp-json\/wp\/v2\/product\/1587","targetHints":{"allow":["GET"]}}],"collection":[{"href":"https:\/\/lyfilter.com\/tr\/wp-json\/wp\/v2\/product"}],"about":[{"href":"https:\/\/lyfilter.com\/tr\/wp-json\/wp\/v2\/types\/product"}],"replies":[{"embeddable":true,"href":"https:\/\/lyfilter.com\/tr\/wp-json\/wp\/v2\/comments?post=1587"}],"wp:featuredmedia":[{"embeddable":true,"href":"https:\/\/lyfilter.com\/tr\/wp-json\/wp\/v2\/media\/1596"}],"wp:attachment":[{"href":"https:\/\/lyfilter.com\/tr\/wp-json\/wp\/v2\/media?parent=1587"}],"wp:term":[{"taxonomy":"product_brand","embeddable":true,"href":"https:\/\/lyfilter.com\/tr\/wp-json\/wp\/v2\/product_brand?post=1587"},{"taxonomy":"product_cat","embeddable":true,"href":"https:\/\/lyfilter.com\/tr\/wp-json\/wp\/v2\/product_cat?post=1587"},{"taxonomy":"product_tag","embeddable":true,"href":"https:\/\/lyfilter.com\/tr\/wp-json\/wp\/v2\/product_tag?post=1587"}],"curies":[{"name":"wp","href":"https:\/\/api.w.org\/{rel}","templated":true}]}}