{"id":1552,"date":"2026-01-05T06:33:03","date_gmt":"2026-01-05T06:33:03","guid":{"rendered":"https:\/\/lyfilter.com\/?post_type=product&#038;p=1552"},"modified":"2026-01-05T06:33:03","modified_gmt":"2026-01-05T06:33:03","slug":"pp-spun-filter-cartridge-5-micron-polypropylene-filter-cartridge-10-inch-wholesale","status":"publish","type":"product","link":"https:\/\/lyfilter.com\/tr\/pp-spun-filter-cartridge-5-micron-polypropylene-filter-cartridge-10-inch-wholesale\/","title":{"rendered":"PP b\u00fck\u00fclm\u00fc\u015f filtre kartu\u015fu 5 mikron Polipropilen filtre kartu\u015fu 10 in\u00e7 Toptan Sat\u0131\u015f"},"content":{"rendered":"<div class=\"do-title\">Genel Bak\u0131\u015f<\/div>\n<div id=\"car-parts-model\"><\/div>\n<div class=\"do-content\">\n<div class=\"do-overview\">\n<div class=\"do-entry do-entry-separate\">\n<div class=\"do-entry-title\">H\u0131zl\u0131 Ayr\u0131nt\u0131lar<\/div>\n<div class=\"do-entry-list\">\n<dl id=\"1\" class=\"do-entry-item\">\n<dt class=\"do-entry-item\"><span class=\"attr-name J-attr-name\" title=\"Men\u015fe Yeri\">Men\u015fe Yeri:<\/span><\/dt>\n<dd class=\"do-entry-item-val\">\n<div class=\"ellipsis\" title=\"Guangdong, \u00c7in\">Guangdong, \u00c7in<\/div>\n<\/dd>\n<\/dl>\n<dl id=\"2\" class=\"do-entry-item\">\n<dt class=\"do-entry-item\"><span class=\"attr-name J-attr-name\" title=\"Marka Ad\u0131\">Marka ad\u0131:<\/span><\/dt>\n<dd class=\"do-entry-item-val\">\n<div class=\"ellipsis\" title=\"Lvyuan \/ OEM\">Lvyuan \/ OEM<\/div>\n<\/dd>\n<\/dl>\n<dl id=\"3\" class=\"do-entry-item\">\n<dt class=\"do-entry-item\"><span class=\"attr-name J-attr-name\" title=\"Model Numaras\u0131\">Model Numaras\u0131:<\/span><\/dt>\n<dd class=\"do-entry-item-val\">\n<div class=\"ellipsis\" title=\"LY-PPF serisi\">LY-PPF serisi<\/div>\n<\/dd>\n<\/dl>\n<dl id=\"\" class=\"do-entry-item\">\n<dt class=\"do-entry-item\"><span class=\"attr-name J-attr-name\" title=\"\u00dcr\u00fcn ad\u0131\">\u00dcr\u00fcn ad\u0131:<\/span><\/dt>\n<dd class=\"do-entry-item-val\">\n<div class=\"ellipsis\" title=\"pp spun filtre kartu\u015fu\">pp spun filtre kartu\u015fu<\/div>\n<\/dd>\n<\/dl>\n<dl id=\"\" class=\"do-entry-item\">\n<dt class=\"do-entry-item\"><span class=\"attr-name J-attr-name\" title=\"Mikron Oran\u0131\">Mikron Oran\u0131:<\/span><\/dt>\n<dd class=\"do-entry-item-val\">\n<div class=\"ellipsis\" title=\"1, 3, 5, 10 mikron filtre kartu\u015fu\">1, 3, 5, 10 mikron filtre kartu\u015fu<\/div>\n<\/dd>\n<\/dl>\n<dl id=\"\" class=\"do-entry-item\">\n<dt class=\"do-entry-item\"><span class=\"attr-name J-attr-name\" title=\"Sertifikasyon\">Sertifika:<\/span><\/dt>\n<dd class=\"do-entry-item-val\">\n<div class=\"ellipsis\" title=\"CE SGS\">CE SGS<\/div>\n<\/dd>\n<\/dl>\n<dl id=\"\" class=\"do-entry-item\">\n<dt class=\"do-entry-item\"><span class=\"attr-name J-attr-name\" title=\"uygulama\">uygulama:<\/span><\/dt>\n<dd class=\"do-entry-item-val\">\n<div class=\"ellipsis\" title=\"su filtresi par\u00e7alar\u0131, Ters Osmoz\">su filtresi par\u00e7alar\u0131, Ters Osmoz<\/div>\n<\/dd>\n<\/dl>\n<dl id=\"\" class=\"do-entry-item\">\n<dt class=\"do-entry-item\"><span class=\"attr-name J-attr-name\" title=\"Uzunluk\">Uzunluk:<\/span><\/dt>\n<dd class=\"do-entry-item-val\">\n<div class=\"ellipsis\" title=\"10 in\u00e7\">10 in\u00e7<\/div>\n<\/dd>\n<\/dl>\n<dl id=\"\" class=\"do-entry-item\">\n<dt class=\"do-entry-item\"><span class=\"attr-name J-attr-name\" title=\"Filtre Ortam\u0131\">Filtre Ortam\u0131:<\/span><\/dt>\n<dd class=\"do-entry-item-val\">\n<div class=\"ellipsis\" title=\"Polipropilen PP membran\">Polipropilen PP membran<\/div>\n<\/dd>\n<\/dl>\n<dl id=\"\" class=\"do-entry-item\">\n<dt class=\"do-entry-item\"><span class=\"attr-name J-attr-name\" title=\"U\u00e7 Kapa\u011f\u0131\">U\u00e7 Kapa\u011f\u0131:<\/span><\/dt>\n<dd class=\"do-entry-item-val\">\n<div class=\"ellipsis\" title=\"DOE\">DOE<\/div>\n<\/dd>\n<\/dl>\n<dl id=\"\" class=\"do-entry-item\">\n<dt class=\"do-entry-item\"><span class=\"attr-name J-attr-name\" title=\"Kullan\u0131m\">Kullan\u0131m:<\/span><\/dt>\n<dd class=\"do-entry-item-val\">\n<div class=\"ellipsis\" title=\"S\u0131v\u0131 Kartu\u015f filtre\">S\u0131v\u0131 Kartu\u015f filtre<\/div>\n<\/dd>\n<\/dl>\n<dl id=\"\" class=\"do-entry-item\">\n<dt class=\"do-entry-item\"><span class=\"attr-name J-attr-name\" title=\"\u0130\u00e7 \u00e7ekirdek\">\u0130\u00e7 \u00e7ekirdek:<\/span><\/dt>\n<dd class=\"do-entry-item-val\">\n<div class=\"ellipsis\" title=\"Hi\u00e7biri\">Hi\u00e7biri<\/div>\n<\/dd>\n<\/dl>\n<dl id=\"\" class=\"do-entry-item\">\n<dt class=\"do-entry-item\"><span class=\"attr-name J-attr-name\" title=\"Stil\">Stil:<\/span><\/dt>\n<dd class=\"do-entry-item-val\">\n<div class=\"ellipsis\" title=\"D\u00fcz\">D\u00fcz<\/div>\n<\/dd>\n<\/dl>\n<\/div>\n<\/div>\n<div class=\"do-entry do-entry-full\">\n<h3 class=\"do-entry-title\">Paketleme ve Teslimat<\/h3>\n<div class=\"do-entry-list\">\n<dl class=\"do-entry-item\">\n<dt class=\"do-entry-item-key\">Sat\u0131\u015f Birimleri:<\/dt>\n<dd class=\"do-entry-item-val\">Tek \u00fcr\u00fcn<\/dd>\n<\/dl>\n<dl class=\"do-entry-item\">\n<dt class=\"do-entry-item-key\" title=\"Tek cilt:\">Tek cilt:<\/dt>\n<dd class=\"do-entry-item-val\">1155 cm\u00a0<sup>3<\/sup><\/dd>\n<\/dl>\n<dl class=\"do-entry-item\">\n<dt class=\"do-entry-item-key\" title=\"Tek br\u00fct a\u011f\u0131rl\u0131k:\">Tek br\u00fct a\u011f\u0131rl\u0131k:<\/dt>\n<dd class=\"do-entry-item-val\">120.000 kg<\/dd>\n<\/dl>\n<dl class=\"do-entry-item\">\n<dt class=\"do-entry-item-key\">Paket Tipi:<\/dt>\n<dd class=\"do-entry-item-val pkg-method\">Sert Karton. Her par\u00e7a i\u00e7in poli torba.<\/dd>\n<\/dl>\n<dl class=\"do-entry-item product-package-image\">\n<dt class=\"do-entry-item-key\" title=\"Resim \u00d6rne\u011fi: \">Resim \u00d6rne\u011fi:<\/dt>\n<dd class=\"do-entry-item-val\">\n<div class=\"package-img-container\"><img decoding=\"async\" class=\"package-img-entry\" src=\"https:\/\/img.yfisher.com\/m6076\/1725728883sly\/jpg70-t3-scale100.webp\" alt=\"paket-img\" data-lazy=\"2\" title=\"\"><\/div>\n<\/dd>\n<\/dl>\n<dl class=\"do-entry-item\">\n<dt class=\"do-entry-item-key\" title=\"Teslim S\u00fcresi\">Teslim S\u00fcresi\u00a0<i class=\"next-icon next-icon-help next-icon-xs js-leadtimes-tips\"><\/i>:<\/dt>\n<dd class=\"do-entry-item-val\" title=\"Teslim S\u00fcresi\">\n<div class=\"table-responsive\">\n<table class=\"supply-ability-table ui2-table ui2-table-normal ui2-table-zebra ui2-table-hover\">\n<tbody>\n<tr>\n<td>Miktar (Adet)<\/td>\n<td>1 - 50000<\/td>\n<td>&gt;50000<\/td>\n<\/tr>\n<tr>\n<td>Tahmini Zaman (g\u00fcn)<\/td>\n<td>15<\/td>\n<td>M\u00fczakere edilecek<\/td>\n<\/tr>\n<\/tbody>\n<\/table>\n<\/div>\n<\/dd>\n<\/dl>\n<\/div>\n<\/div>\n<\/div>\n<\/div>","protected":false},"excerpt":{"rendered":"<p>Bu pp spun filtre kartu\u015fu, ince partik\u00fclleri RO sisteminize veya di\u011fer su filtresi par\u00e7alar\u0131na ula\u015fmadan \u00f6nce yakalaman\u0131za yard\u0131mc\u0131 olur. \u0130htiyac\u0131n\u0131z olan berrakl\u0131\u011fa uymas\u0131 i\u00e7in 1, 3, 5 veya 10 mikron de\u011ferlerini se\u00e7in.<\/p>","protected":false},"featured_media":1553,"comment_status":"open","ping_status":"closed","template":"","meta":{"_gspb_post_css":""},"product_brand":[],"product_cat":[23,17],"product_tag":[730,681,729,675,649,731],"class_list":{"0":"post-1552","1":"product","2":"type-product","3":"status-publish","4":"has-post-thumbnail","6":"product_cat-pp-filter-cartridge","7":"product_cat-sediment-filter","8":"product_tag-10-inch-filter-cartridge","9":"product_tag-liquid-cartridge-filter","10":"product_tag-polypropylene-filter-cartridge","11":"product_tag-pp-spun-filter-cartridge","12":"product_tag-reverse-osmosis-prefilter","13":"product_tag-water-filter-parts","15":"first","16":"instock","17":"shipping-taxable","18":"product-type-simple"},"_links":{"self":[{"href":"https:\/\/lyfilter.com\/tr\/wp-json\/wp\/v2\/product\/1552","targetHints":{"allow":["GET"]}}],"collection":[{"href":"https:\/\/lyfilter.com\/tr\/wp-json\/wp\/v2\/product"}],"about":[{"href":"https:\/\/lyfilter.com\/tr\/wp-json\/wp\/v2\/types\/product"}],"replies":[{"embeddable":true,"href":"https:\/\/lyfilter.com\/tr\/wp-json\/wp\/v2\/comments?post=1552"}],"wp:featuredmedia":[{"embeddable":true,"href":"https:\/\/lyfilter.com\/tr\/wp-json\/wp\/v2\/media\/1553"}],"wp:attachment":[{"href":"https:\/\/lyfilter.com\/tr\/wp-json\/wp\/v2\/media?parent=1552"}],"wp:term":[{"taxonomy":"product_brand","embeddable":true,"href":"https:\/\/lyfilter.com\/tr\/wp-json\/wp\/v2\/product_brand?post=1552"},{"taxonomy":"product_cat","embeddable":true,"href":"https:\/\/lyfilter.com\/tr\/wp-json\/wp\/v2\/product_cat?post=1552"},{"taxonomy":"product_tag","embeddable":true,"href":"https:\/\/lyfilter.com\/tr\/wp-json\/wp\/v2\/product_tag?post=1552"}],"curies":[{"name":"wp","href":"https:\/\/api.w.org\/{rel}","templated":true}]}}