{"id":1551,"date":"2026-01-05T06:51:53","date_gmt":"2026-01-05T06:51:53","guid":{"rendered":"https:\/\/lyfilter.com\/?post_type=product&#038;p=1551"},"modified":"2026-01-05T06:51:53","modified_gmt":"2026-01-05T06:51:53","slug":"household-ro-water-10-inch-granular-udf-activated-carbon-filter-cartridge-gac-for-pre-filtration","status":"publish","type":"product","link":"https:\/\/lyfilter.com\/tr\/household-ro-water-10-inch-granular-udf-activated-carbon-filter-cartridge-gac-for-pre-filtration\/","title":{"rendered":"Ev RO su 10 in\u00e7 gran\u00fcl UDF aktif karbon filtre kartu\u015fu \u00d6n filtreleme i\u00e7in GAC"},"content":{"rendered":"<table>\n<thead>\n<tr>\n<th>\u00d6\u011fe<\/th>\n<th>Detaylar<\/th>\n<\/tr>\n<\/thead>\n<tbody>\n<tr>\n<td>s\u0131n\u0131fland\u0131rma<\/td>\n<td>Kimyasal Yard\u0131mc\u0131 Ajan<\/td>\n<\/tr>\n<tr>\n<td>Hay\u0131r.<\/td>\n<td>ba\u011fl\u0131d\u0131r<\/td>\n<\/tr>\n<tr>\n<td>di\u011fer isimler<\/td>\n<td>ba\u011fl\u0131d\u0131r<\/td>\n<\/tr>\n<tr>\n<td>mf<\/td>\n<td>ba\u011fl\u0131d\u0131r<\/td>\n<\/tr>\n<tr>\n<td>einecs no.<\/td>\n<td>ba\u011fl\u0131d\u0131r<\/td>\n<\/tr>\n<tr>\n<td>safl\u0131k<\/td>\n<td>ba\u011fl\u0131d\u0131r<\/td>\n<\/tr>\n<tr>\n<td>men\u015fe yeri<\/td>\n<td>Guangdong, \u00c7in<\/td>\n<\/tr>\n<tr>\n<td>tip<\/td>\n<td>Karbon Siyah\u0131<\/td>\n<\/tr>\n<tr>\n<td>kullan\u0131m<\/td>\n<td>Kaplama Yard\u0131mc\u0131 Maddeleri; Elektronik Kimyasallar\u0131; Deri Yard\u0131mc\u0131 Maddeleri; Ka\u011f\u0131t Kimyasallar\u0131; Petrol Katk\u0131 Maddeleri; Plastik Yard\u0131mc\u0131 Maddeleri; Kau\u00e7uk Yard\u0131mc\u0131 Maddeleri; Y\u00fczey Aktif Maddeler; Tekstil Yard\u0131mc\u0131 Maddeleri; Su Ar\u0131tma Kimyasallar\u0131; S\u0131v\u0131 Kartu\u015f filtre<\/td>\n<\/tr>\n<tr>\n<td>marka ad\u0131<\/td>\n<td>Lvyuan \/ OEM<\/td>\n<\/tr>\n<tr>\n<td>model numaras\u0131<\/td>\n<td>LY-PPF serisi<\/td>\n<\/tr>\n<tr>\n<td>\u00dcR\u00dcN ADI<\/td>\n<td>ro fi\u0307ltre kartu\u015fu<\/td>\n<\/tr>\n<tr>\n<td>mikron oran\u0131<\/td>\n<td>1, 3, 5, 10 mikron filtre kartu\u015fu<\/td>\n<\/tr>\n<tr>\n<td>BELGELEND\u0130RME<\/td>\n<td>CE, SGS<\/td>\n<\/tr>\n<tr>\n<td>uygulama<\/td>\n<td>su filtresi par\u00e7alar\u0131, Ters Osmoz<\/td>\n<\/tr>\n<tr>\n<td>uzunluk<\/td>\n<td>5\u2033, 10\u2033, 20\u2033, 30\u2033, 40\u2033, 50\u2033 in\u00e7<\/td>\n<\/tr>\n<tr>\n<td>filtre malzemesi<\/td>\n<td>Polipropilen (PP) membran<\/td>\n<\/tr>\n<tr>\n<td>u\u00e7 kapa\u011f\u0131<\/td>\n<td>DOE; 222+Fin; 222+Flat; 226+Fin; 226+Flat<\/td>\n<\/tr>\n<tr>\n<td>conta\/o halka malzemesi<\/td>\n<td>Silikon \/ EPDM \/ Viton<\/td>\n<\/tr>\n<tr>\n<td>tedarik yetene\u011fi<\/td>\n<td>G\u00fcnde 5000 Adet \/ Adet (udf aktif karbon filtre)<\/td>\n<\/tr>\n<\/tbody>\n<\/table>","protected":false},"excerpt":{"rendered":"<p>Bu RO filtre kartu\u015fu daha temiz, daha g\u00fcvenilir su i\u00e7in ince partik\u00fclleri azaltman\u0131za yard\u0131mc\u0131 olur. Muhafazan\u0131za uyan mikron derecesini, boyutu, u\u00e7 kapa\u011f\u0131 ve contay\u0131 se\u00e7in.<\/p>","protected":false},"featured_media":1561,"comment_status":"open","ping_status":"closed","template":"","meta":{"_gspb_post_css":""},"product_brand":[],"product_cat":[23,17],"product_tag":[644,734,660,733,732,731],"class_list":{"0":"post-1551","1":"product","2":"type-product","3":"status-publish","4":"has-post-thumbnail","6":"product_cat-pp-filter-cartridge","7":"product_cat-sediment-filter","8":"product_tag-1-micron-filter-cartridge","9":"product_tag-doe-end-cap","10":"product_tag-pp-membrane-filter","11":"product_tag-reverse-osmosis-cartridge","12":"product_tag-ro-filter-cartridge","13":"product_tag-water-filter-parts","15":"first","16":"instock","17":"shipping-taxable","18":"product-type-simple"},"_links":{"self":[{"href":"https:\/\/lyfilter.com\/tr\/wp-json\/wp\/v2\/product\/1551","targetHints":{"allow":["GET"]}}],"collection":[{"href":"https:\/\/lyfilter.com\/tr\/wp-json\/wp\/v2\/product"}],"about":[{"href":"https:\/\/lyfilter.com\/tr\/wp-json\/wp\/v2\/types\/product"}],"replies":[{"embeddable":true,"href":"https:\/\/lyfilter.com\/tr\/wp-json\/wp\/v2\/comments?post=1551"}],"wp:featuredmedia":[{"embeddable":true,"href":"https:\/\/lyfilter.com\/tr\/wp-json\/wp\/v2\/media\/1561"}],"wp:attachment":[{"href":"https:\/\/lyfilter.com\/tr\/wp-json\/wp\/v2\/media?parent=1551"}],"wp:term":[{"taxonomy":"product_brand","embeddable":true,"href":"https:\/\/lyfilter.com\/tr\/wp-json\/wp\/v2\/product_brand?post=1551"},{"taxonomy":"product_cat","embeddable":true,"href":"https:\/\/lyfilter.com\/tr\/wp-json\/wp\/v2\/product_cat?post=1551"},{"taxonomy":"product_tag","embeddable":true,"href":"https:\/\/lyfilter.com\/tr\/wp-json\/wp\/v2\/product_tag?post=1551"}],"curies":[{"name":"wp","href":"https:\/\/api.w.org\/{rel}","templated":true}]}}