{"id":1533,"date":"2026-01-04T10:55:37","date_gmt":"2026-01-04T10:55:37","guid":{"rendered":"https:\/\/lyfilter.com\/?post_type=product&#038;p=1533"},"modified":"2026-01-04T11:03:32","modified_gmt":"2026-01-04T11:03:32","slug":"best-quality-filtro-carbon-activado-agua-filtros-de-sedimento-pp","status":"publish","type":"product","link":"https:\/\/lyfilter.com\/tr\/best-quality-filtro-carbon-activado-agua-filtros-de-sedimento-pp\/","title":{"rendered":"En \u0130yi Kalite filtro karbon aktifle\u015ftirilmi\u015f su filtros de sedimento PP"},"content":{"rendered":"<table>\n<thead>\n<tr>\n<th>Genel Bak\u0131\u015f<\/th>\n<th>\u00dcr\u00fcn ad\u0131<\/th>\n<th>filtro carbon activado agua<\/th>\n<\/tr>\n<\/thead>\n<tbody>\n<tr>\n<td>Genel Bak\u0131\u015f<\/td>\n<td>Seri \/ Model<\/td>\n<td>LY-PPF serisi<\/td>\n<\/tr>\n<tr>\n<td>Genel Bak\u0131\u015f<\/td>\n<td>Marka<\/td>\n<td>Lvyuan \/ OEM<\/td>\n<\/tr>\n<tr>\n<td>H\u0131zl\u0131 Ayr\u0131nt\u0131lar<\/td>\n<td>Men\u015fe Yeri<\/td>\n<td>Guangdong, \u00c7in<\/td>\n<\/tr>\n<tr>\n<td>H\u0131zl\u0131 Ayr\u0131nt\u0131lar<\/td>\n<td>Filtre Ortam\u0131<\/td>\n<td>PP eriyik \u00fcflemeli filtre kartu\u015fu<\/td>\n<\/tr>\n<tr>\n<td>H\u0131zl\u0131 Ayr\u0131nt\u0131lar<\/td>\n<td>Mikron Oran\u0131<\/td>\n<td>1, 3, 5, 10 ~ 100<\/td>\n<\/tr>\n<tr>\n<td>H\u0131zl\u0131 Ayr\u0131nt\u0131lar<\/td>\n<td>Uygulama<\/td>\n<td>Su filtresi par\u00e7alar\u0131, Reverse Osmosis<\/td>\n<\/tr>\n<tr>\n<td>H\u0131zl\u0131 Ayr\u0131nt\u0131lar<\/td>\n<td>Kullan\u0131m<\/td>\n<td>S\u0131v\u0131 kartu\u015f filtre<\/td>\n<\/tr>\n<tr>\n<td>H\u0131zl\u0131 Ayr\u0131nt\u0131lar<\/td>\n<td>Uzunluk<\/td>\n<td>5\u2033, 10\u2033, 20\u2033, 30\u2033, 40\u2033, 50\u2033<\/td>\n<\/tr>\n<tr>\n<td>H\u0131zl\u0131 Ayr\u0131nt\u0131lar<\/td>\n<td>U\u00e7 Kapa\u011f\u0131<\/td>\n<td>DOE, 222+Fin, 222+Flat, 226+Fin, 226+Flat<\/td>\n<\/tr>\n<tr>\n<td>H\u0131zl\u0131 Ayr\u0131nt\u0131lar<\/td>\n<td>Conta \/ O-ring malzemesi<\/td>\n<td>Silikon \/ EPDM \/ Viton<\/td>\n<\/tr>\n<tr>\n<td>H\u0131zl\u0131 Ayr\u0131nt\u0131lar<\/td>\n<td>\u0130\u00e7 \u00e7ekirdek<\/td>\n<td>PP veya Yok<\/td>\n<\/tr>\n<tr>\n<td>H\u0131zl\u0131 Ayr\u0131nt\u0131lar<\/td>\n<td>Sertifikasyon<\/td>\n<td>CE, SGS<\/td>\n<\/tr>\n<tr>\n<td>Tedarik Yetene\u011fi<\/td>\n<td>G\u00fcnl\u00fck kapasite<\/td>\n<td>G\u00fcnde 5000 Adet \/ Adet<\/td>\n<\/tr>\n<\/tbody>\n<\/table>\n<p>&nbsp;<\/p>","protected":false},"excerpt":{"rendered":"<p>Bir\u00e7ok RO ve filtrasyon g\u00f6vdesine uyacak esnek mikron de\u011ferleri ve boyutlar\u0131 ile daha temiz su i\u00e7in g\u00fcvenilir bir kartu\u015f se\u00e7ene\u011fi.<\/p>","protected":false},"featured_media":1539,"comment_status":"open","ping_status":"closed","template":"","meta":{"_gspb_post_css":""},"product_brand":[],"product_cat":[23,17],"product_tag":[297,723,298,725,355,724],"class_list":{"0":"post-1533","1":"product","2":"type-product","3":"status-publish","4":"has-post-thumbnail","6":"product_cat-pp-filter-cartridge","7":"product_cat-sediment-filter","8":"product_tag-1-100-micron-cartridge","9":"product_tag-activated-carbon-cartridge","10":"product_tag-lvyuan-oem","11":"product_tag-pp-melt-blown-filter","12":"product_tag-reverse-osmosis-filter","13":"product_tag-water-filtration-parts","15":"first","16":"instock","17":"shipping-taxable","18":"product-type-simple"},"_links":{"self":[{"href":"https:\/\/lyfilter.com\/tr\/wp-json\/wp\/v2\/product\/1533","targetHints":{"allow":["GET"]}}],"collection":[{"href":"https:\/\/lyfilter.com\/tr\/wp-json\/wp\/v2\/product"}],"about":[{"href":"https:\/\/lyfilter.com\/tr\/wp-json\/wp\/v2\/types\/product"}],"replies":[{"embeddable":true,"href":"https:\/\/lyfilter.com\/tr\/wp-json\/wp\/v2\/comments?post=1533"}],"wp:featuredmedia":[{"embeddable":true,"href":"https:\/\/lyfilter.com\/tr\/wp-json\/wp\/v2\/media\/1539"}],"wp:attachment":[{"href":"https:\/\/lyfilter.com\/tr\/wp-json\/wp\/v2\/media?parent=1533"}],"wp:term":[{"taxonomy":"product_brand","embeddable":true,"href":"https:\/\/lyfilter.com\/tr\/wp-json\/wp\/v2\/product_brand?post=1533"},{"taxonomy":"product_cat","embeddable":true,"href":"https:\/\/lyfilter.com\/tr\/wp-json\/wp\/v2\/product_cat?post=1533"},{"taxonomy":"product_tag","embeddable":true,"href":"https:\/\/lyfilter.com\/tr\/wp-json\/wp\/v2\/product_tag?post=1533"}],"curies":[{"name":"wp","href":"https:\/\/api.w.org\/{rel}","templated":true}]}}