{"id":1532,"date":"2026-01-04T10:51:46","date_gmt":"2026-01-04T10:51:46","guid":{"rendered":"https:\/\/lyfilter.com\/?post_type=product&#038;p=1532"},"modified":"2026-01-04T10:51:47","modified_gmt":"2026-01-04T10:51:47","slug":"jumbo-pp-udf-cto-carbon-10-big-blue-cartridge-with-water-filter-housing","status":"publish","type":"product","link":"https:\/\/lyfilter.com\/tr\/jumbo-pp-udf-cto-carbon-10-big-blue-cartridge-with-water-filter-housing\/","title":{"rendered":"Jumbo PP UDF CTO karbon 10\u2033 su filtresi muhafazal\u0131 b\u00fcy\u00fck mavi kartu\u015f"},"content":{"rendered":"<table>\n<thead>\n<tr>\n<th>B\u00f6l\u00fcm<\/th>\n<th>\u00d6\u011fe<\/th>\n<th>Detaylar<\/th>\n<\/tr>\n<\/thead>\n<tbody>\n<tr>\n<td>Genel Bak\u0131\u015f<\/td>\n<td>\u00dcr\u00fcn ad\u0131<\/td>\n<td>10 b\u00fcy\u00fck mavi kartu\u015f<\/td>\n<\/tr>\n<tr>\n<td>H\u0131zl\u0131 Ayr\u0131nt\u0131lar<\/td>\n<td>Men\u015fe Yeri<\/td>\n<td>Guangdong, \u00c7in<\/td>\n<\/tr>\n<tr>\n<td>H\u0131zl\u0131 Ayr\u0131nt\u0131lar<\/td>\n<td>Marka Ad\u0131<\/td>\n<td>Lvyuan \/ OEM<\/td>\n<\/tr>\n<tr>\n<td>H\u0131zl\u0131 Ayr\u0131nt\u0131lar<\/td>\n<td>Model Numaras\u0131<\/td>\n<td>LY-PPF serisi<\/td>\n<\/tr>\n<tr>\n<td>H\u0131zl\u0131 Ayr\u0131nt\u0131lar<\/td>\n<td>Mikron Oran\u0131<\/td>\n<td>1, 3, 5, 10, 20 mikron filtre kartu\u015fu<\/td>\n<\/tr>\n<tr>\n<td>H\u0131zl\u0131 Ayr\u0131nt\u0131lar<\/td>\n<td>Sertifikasyon<\/td>\n<td>CE, SGS<\/td>\n<\/tr>\n<tr>\n<td>H\u0131zl\u0131 Ayr\u0131nt\u0131lar<\/td>\n<td>Uygulama<\/td>\n<td>Su filtresi par\u00e7alar\u0131, Reverse Osmosis<\/td>\n<\/tr>\n<tr>\n<td>H\u0131zl\u0131 Ayr\u0131nt\u0131lar<\/td>\n<td>Uzunluk<\/td>\n<td>5\u2033, 10\u2033, 20\u2033, 30\u2033, 40\u2033, 50\u2033 in\u00e7<\/td>\n<\/tr>\n<tr>\n<td>H\u0131zl\u0131 Ayr\u0131nt\u0131lar<\/td>\n<td>Filtre Ortam\u0131<\/td>\n<td>Polipropilen (PP) membran<\/td>\n<\/tr>\n<tr>\n<td>H\u0131zl\u0131 Ayr\u0131nt\u0131lar<\/td>\n<td>U\u00e7 Kapa\u011f\u0131<\/td>\n<td>DOE, 222+Fin, 222+Flat, 226+Fin, 226+Flat<\/td>\n<\/tr>\n<tr>\n<td>H\u0131zl\u0131 Ayr\u0131nt\u0131lar<\/td>\n<td>Conta\/O-ring malzemesi<\/td>\n<td>Silikon \/ EPDM \/ Viton<\/td>\n<\/tr>\n<tr>\n<td>H\u0131zl\u0131 Ayr\u0131nt\u0131lar<\/td>\n<td>Kullan\u0131m<\/td>\n<td>S\u0131v\u0131 kartu\u015f filtre<\/td>\n<\/tr>\n<tr>\n<td>H\u0131zl\u0131 Ayr\u0131nt\u0131lar<\/td>\n<td>\u0130\u00e7 \u00e7ekirdek<\/td>\n<td>PP veya Yok<\/td>\n<\/tr>\n<tr>\n<td>Tedarik Yetene\u011fi<\/td>\n<td>G\u00fcnl\u00fck kapasite<\/td>\n<td>G\u00fcnde 5000 Adet \/ Adet (10 b\u00fcy\u00fck mavi kartu\u015f)<\/td>\n<\/tr>\n<\/tbody>\n<\/table>","protected":false},"excerpt":{"rendered":"<p>Su sisteminizin temiz ve tutarl\u0131 \u00e7al\u0131\u015fmas\u0131na yard\u0131mc\u0131 olan g\u00fcvenilir Big Blue PP kartu\u015f filtreler, \u00e7oklu mikron de\u011ferleri, boyutlar\u0131 ve u\u00e7 kapak se\u00e7enekleriyle.<\/p>","protected":false},"featured_media":1534,"comment_status":"open","ping_status":"closed","template":"","meta":{"_gspb_post_css":""},"product_brand":[],"product_cat":[17,23],"product_tag":[721,720,681,722,648,353],"class_list":{"0":"post-1532","1":"product","2":"type-product","3":"status-publish","4":"has-post-thumbnail","6":"product_cat-sediment-filter","7":"product_cat-pp-filter-cartridge","8":"product_tag-1-20-micron-filtration","9":"product_tag-big-blue-cartridge","10":"product_tag-liquid-cartridge-filter","11":"product_tag-oem-water-filter","12":"product_tag-pp-filter-cartridge","13":"product_tag-reverse-osmosis-parts","15":"first","16":"instock","17":"shipping-taxable","18":"product-type-simple"},"_links":{"self":[{"href":"https:\/\/lyfilter.com\/tr\/wp-json\/wp\/v2\/product\/1532","targetHints":{"allow":["GET"]}}],"collection":[{"href":"https:\/\/lyfilter.com\/tr\/wp-json\/wp\/v2\/product"}],"about":[{"href":"https:\/\/lyfilter.com\/tr\/wp-json\/wp\/v2\/types\/product"}],"replies":[{"embeddable":true,"href":"https:\/\/lyfilter.com\/tr\/wp-json\/wp\/v2\/comments?post=1532"}],"wp:featuredmedia":[{"embeddable":true,"href":"https:\/\/lyfilter.com\/tr\/wp-json\/wp\/v2\/media\/1534"}],"wp:attachment":[{"href":"https:\/\/lyfilter.com\/tr\/wp-json\/wp\/v2\/media?parent=1532"}],"wp:term":[{"taxonomy":"product_brand","embeddable":true,"href":"https:\/\/lyfilter.com\/tr\/wp-json\/wp\/v2\/product_brand?post=1532"},{"taxonomy":"product_cat","embeddable":true,"href":"https:\/\/lyfilter.com\/tr\/wp-json\/wp\/v2\/product_cat?post=1532"},{"taxonomy":"product_tag","embeddable":true,"href":"https:\/\/lyfilter.com\/tr\/wp-json\/wp\/v2\/product_tag?post=1532"}],"curies":[{"name":"wp","href":"https:\/\/api.w.org\/{rel}","templated":true}]}}