{"id":1509,"date":"2026-01-04T10:47:57","date_gmt":"2026-01-04T10:47:57","guid":{"rendered":"https:\/\/lyfilter.com\/?post_type=product&#038;p=1509"},"modified":"2026-01-04T10:47:57","modified_gmt":"2026-01-04T10:47:57","slug":"cto-active-carbon-filter-cartridge-production-line","status":"publish","type":"product","link":"https:\/\/lyfilter.com\/tr\/cto-active-carbon-filter-cartridge-production-line\/","title":{"rendered":"CTO aktif karbon filtre kartu\u015fu \u00fcretim hatt\u0131"},"content":{"rendered":"<table>\n<thead>\n<tr>\n<th>genel bak\u0131\u015f<\/th>\n<th>RO ve s\u0131v\u0131 kartu\u015f filtrasyonu i\u00e7in CTO aktif karbon filtre kartu\u015fu (LY-PPF serisi).<\/th>\n<\/tr>\n<\/thead>\n<tbody>\n<tr>\n<td>men\u015fe yeri<\/td>\n<td>Guangdong, \u00c7in<\/td>\n<\/tr>\n<tr>\n<td>marka ad\u0131<\/td>\n<td>Lvyuan \/ OEM<\/td>\n<\/tr>\n<tr>\n<td>model numaras\u0131<\/td>\n<td>LY-PPF serisi<\/td>\n<\/tr>\n<tr>\n<td>\u00dcR\u00dcN ADI<\/td>\n<td>cto aktif karbon filtre kartu\u015fu \u00fcretim hatt\u0131<\/td>\n<\/tr>\n<tr>\n<td>filtre malzemesi<\/td>\n<td>Polipropilen PP membran<\/td>\n<\/tr>\n<tr>\n<td>mikron oran\u0131<\/td>\n<td>1, 3, 5, 10, 20 mikron filtre kartu\u015fu<\/td>\n<\/tr>\n<tr>\n<td>uygulama<\/td>\n<td>su filtresi par\u00e7alar\u0131; Ters Osmoz<\/td>\n<\/tr>\n<tr>\n<td>kullan\u0131m<\/td>\n<td>S\u0131v\u0131 Kartu\u015f filtre<\/td>\n<\/tr>\n<tr>\n<td>uzunluk<\/td>\n<td>5\u2033, 10\u2033, 20\u2033, 30\u2033, 40\u2033, 50\u201d in\u00e7<\/td>\n<\/tr>\n<tr>\n<td>u\u00e7 kapa\u011f\u0131<\/td>\n<td>DOE; 222+Fin; 222+Flat; 226+Fin; 226+Flat<\/td>\n<\/tr>\n<tr>\n<td>conta \/ o-ring malzemesi<\/td>\n<td>Silikon; EPDM; Viton<\/td>\n<\/tr>\n<tr>\n<td>i\u00e7 \u00e7ekirdek<\/td>\n<td>PP veya Yok<\/td>\n<\/tr>\n<tr>\n<td>BELGELEND\u0130RME<\/td>\n<td>CE; SGS<\/td>\n<\/tr>\n<tr>\n<td>tedarik yetene\u011fi<\/td>\n<td>G\u00fcnde 5000 Adet \/ Adet (aktif karbon filtre kartu\u015fu)<\/td>\n<\/tr>\n<\/tbody>\n<\/table>","protected":false},"excerpt":{"rendered":"<p>CTO karbon filtre kartu\u015fu bile\u015fenleri, RO ve s\u0131v\u0131 filtrasyon sistemlerinde suyun tad\u0131n\u0131 iyile\u015ftirmeye ve kirleri azaltmaya yard\u0131mc\u0131 olmak i\u00e7in tasarlanm\u0131\u015ft\u0131r. Mikron derecesi, uzunluk ve u\u00e7 kapa\u011f\u0131 se\u00e7eneklerini se\u00e7in.<\/p>","protected":false},"featured_media":1523,"comment_status":"open","ping_status":"closed","template":"","meta":{"_gspb_post_css":""},"product_brand":[],"product_cat":[23,17],"product_tag":[719,718,299,653,683,296],"class_list":{"0":"post-1509","1":"product","2":"type-product","3":"status-publish","4":"has-post-thumbnail","6":"product_cat-pp-filter-cartridge","7":"product_cat-sediment-filter","8":"product_tag-1-to-20-micron-filter","9":"product_tag-active-carbon-filter-parts","10":"product_tag-ce-sgs-certified","11":"product_tag-cto-carbon-filter-cartridge","12":"product_tag-doe-222-226-end-caps","13":"product_tag-reverse-osmosis-filter-parts","15":"first","16":"instock","17":"shipping-taxable","18":"product-type-simple"},"_links":{"self":[{"href":"https:\/\/lyfilter.com\/tr\/wp-json\/wp\/v2\/product\/1509","targetHints":{"allow":["GET"]}}],"collection":[{"href":"https:\/\/lyfilter.com\/tr\/wp-json\/wp\/v2\/product"}],"about":[{"href":"https:\/\/lyfilter.com\/tr\/wp-json\/wp\/v2\/types\/product"}],"replies":[{"embeddable":true,"href":"https:\/\/lyfilter.com\/tr\/wp-json\/wp\/v2\/comments?post=1509"}],"wp:featuredmedia":[{"embeddable":true,"href":"https:\/\/lyfilter.com\/tr\/wp-json\/wp\/v2\/media\/1523"}],"wp:attachment":[{"href":"https:\/\/lyfilter.com\/tr\/wp-json\/wp\/v2\/media?parent=1509"}],"wp:term":[{"taxonomy":"product_brand","embeddable":true,"href":"https:\/\/lyfilter.com\/tr\/wp-json\/wp\/v2\/product_brand?post=1509"},{"taxonomy":"product_cat","embeddable":true,"href":"https:\/\/lyfilter.com\/tr\/wp-json\/wp\/v2\/product_cat?post=1509"},{"taxonomy":"product_tag","embeddable":true,"href":"https:\/\/lyfilter.com\/tr\/wp-json\/wp\/v2\/product_tag?post=1509"}],"curies":[{"name":"wp","href":"https:\/\/api.w.org\/{rel}","templated":true}]}}