{"id":1435,"date":"2026-01-04T09:11:33","date_gmt":"2026-01-04T09:11:33","guid":{"rendered":"https:\/\/lyfilter.com\/?post_type=product&#038;p=1435"},"modified":"2026-01-04T09:11:33","modified_gmt":"2026-01-04T09:11:33","slug":"5-10-siliphos-filter-niphos-ro-cartridge-filter","status":"publish","type":"product","link":"https:\/\/lyfilter.com\/tr\/5-10-siliphos-filter-niphos-ro-cartridge-filter\/","title":{"rendered":"5\u201d 10\u201d Siliphos filtre niphos ro kartu\u015f filtre"},"content":{"rendered":"<table>\n<thead>\n<tr>\n<th>genel bak\u0131\u015f<\/th>\n<th>Ev tipi RO \u00f6n filtreleme ve kire\u00e7 \u00f6nleme i\u00e7in Siliphos (LY-PHOS) kartu\u015f.<\/th>\n<\/tr>\n<\/thead>\n<tbody>\n<tr>\n<td>men\u015fe yeri<\/td>\n<td>Guangdong, \u00c7in<\/td>\n<\/tr>\n<tr>\n<td>marka ad\u0131<\/td>\n<td>Lvyuan \/ OEM<\/td>\n<\/tr>\n<tr>\n<td>model numaras\u0131<\/td>\n<td>LY-PHOS<\/td>\n<\/tr>\n<tr>\n<td>tip<\/td>\n<td>Ters Osmoz<\/td>\n<\/tr>\n<tr>\n<td>kullan\u0131m<\/td>\n<td>Ev Tipi \u00d6n Filtreleme<\/td>\n<\/tr>\n<tr>\n<td>\u00dcR\u00dcN ADI<\/td>\n<td>siliphos filtre kartu\u015fu<\/td>\n<\/tr>\n<tr>\n<td>uygulama<\/td>\n<td>\u00f6n fi\u0307ltre elemani<\/td>\n<\/tr>\n<tr>\n<td>fonksiyon<\/td>\n<td>Kire\u00e7 \u00f6nleme; kirleri giderme<\/td>\n<\/tr>\n<tr>\n<td>filtre malzemesi<\/td>\n<td>Power PHOS; Siliphos; Polifosfat kristal bilye<\/td>\n<\/tr>\n<tr>\n<td>uzunluk<\/td>\n<td>5\u201d; 10\u201d in\u00e7<\/td>\n<\/tr>\n<tr>\n<td>renk<\/td>\n<td>Beyaz; \u015feffaf<\/td>\n<\/tr>\n<tr>\n<td>filtre \u00f6mr\u00fc<\/td>\n<td>3 ila 6 ay<\/td>\n<\/tr>\n<tr>\n<td>kurulum<\/td>\n<td>\u00d6n filtre muhafazas\u0131<\/td>\n<\/tr>\n<tr>\n<td>\u00e7al\u0131\u015fma s\u0131cakl\u0131\u011f\u0131.<\/td>\n<td>4\u00b0C-80\u00b0C<\/td>\n<\/tr>\n<tr>\n<td>g\u00fc\u00e7 (W)<\/td>\n<td>0<\/td>\n<\/tr>\n<tr>\n<td>Gerilim (V)<\/td>\n<td>0<\/td>\n<\/tr>\n<tr>\n<td>BELGELEND\u0130RME<\/td>\n<td>ce; CE; SGS<\/td>\n<\/tr>\n<tr>\n<td>tedarik yetene\u011fi<\/td>\n<td>G\u00fcnde 5000 Adet \/ Adet (siliphos filtre kartu\u015fu)<\/td>\n<\/tr>\n<\/tbody>\n<\/table>\n<div>\n<div id=\"s93cd\">\n<div id=\"ali-anchor-AliMaya-230qr\" data-section=\"AliMaya-230qr\" data-section-title=\"Product Description\">\u00dcr\u00fcn A\u00e7\u0131klamas\u0131<\/div>\n<\/div>\n<div>\n<div>\n<div id=\"tc98g\">\n<h3>5\u201d 10\u201d Siliphos filtre niphos ro kartu\u015f filtre<\/h3>\n<\/div>\n<div id=\"pk21z\">\u0130\u015flev: t\u00fcm ev \u00f6n filtreleme, kirleri giderme ve kire\u00e7 \u00f6nleme.<\/div>\n<\/div>\n<\/div>\n<div>\n<div id=\"zsyme\">\n<div class=\"table-responsive\">\n<table class=\"aliDataTable\">\n<tbody>\n<tr>\n<td>\n<div>\u00dcr\u00fcn ad\u0131<\/div>\n<\/td>\n<td>\n<div>Siliphos Ball Kire\u00e7 \u00d6nleyici Su Filtresi Kartu\u015fu<\/div>\n<\/td>\n<\/tr>\n<tr>\n<td>\n<div>Filtre ortam\u0131<\/div>\n<\/td>\n<td>\n<div>Power PHOS, Siliphos, Polifosfat kristal bilye<\/div>\n<\/td>\n<\/tr>\n<tr>\n<td>\n<div>Filtre g\u00f6vde malzemesi<\/div>\n<\/td>\n<td>\n<div>PP<\/div>\n<\/td>\n<\/tr>\n<tr>\n<td>\n<div>Uzunluk<\/div>\n<\/td>\n<td>\n<div>5, 10 in\u00e7<\/div>\n<\/td>\n<\/tr>\n<tr>\n<td>\n<div>Filtre muhafazas\u0131 rengi<\/div>\n<\/td>\n<td>\n<div>beyaz, \u015feffaf<\/div>\n<\/td>\n<\/tr>\n<tr>\n<td>\n<div>Fonksiyon<\/div>\n<\/td>\n<td>\n<div>korozyon ve kire\u00e7 \u00f6nleyici<\/div>\n<\/td>\n<\/tr>\n<tr>\n<td>\n<div>Kurulum<\/div>\n<\/td>\n<td>\n<div>Lavabo alt\u0131, Ev \u00d6n Filtrasyonu<\/div>\n<\/td>\n<\/tr>\n<tr>\n<td>\n<div>\u00d6zellik<\/div>\n<\/td>\n<td>\n<div>Yeniden doldurulabilir, tekrar kullan\u0131labilir<\/div>\n<\/td>\n<\/tr>\n<\/tbody>\n<\/table>\n<\/div>\n<\/div>\n<\/div>\n<\/div>\n<div>\n<div id=\"957py\">\n<div id=\"ali-anchor-AliMaya-juk1c\" data-section=\"AliMaya-juk1c\" data-section-title=\"Product Show\">\u00dcr\u00fcn G\u00f6sterisi<\/div>\n<\/div>\n<div>\n<div id=\"4ncof\">\n<div><img decoding=\"async\" src=\"https:\/\/img.yfisher.com\/m6076\/1725727320zlw\/jpg70-t3-scale100.webp\" alt=\"5&#039;&#039; 10&#039;&#039; Siliphos filtre niphos ro kartu\u015f filtre 7\" data-lazy=\"2\" title=\"\"><\/div>\n<\/div>\n<\/div>\n<div>\n<div id=\"3n626\">\n<div><img decoding=\"async\" src=\"https:\/\/img.yfisher.com\/m6076\/1725727320oes\/jpg70-t3-scale100.webp\" alt=\"5&#039;&#039; 10&#039;&#039; Siliphos filtre niphos ro kartu\u015f filtre 9\" data-lazy=\"2\" title=\"\"><\/div>\n<\/div>\n<\/div>\n<div>\n<div id=\"lrl76\">\n<div><img decoding=\"async\" src=\"https:\/\/img.yfisher.com\/m6076\/1725727320w0l\/jpg70-t3-scale100.webp\" alt=\"5&#039;&#039; 10&#039;&#039; Siliphos filtre niphos ro kartu\u015f filtre 11\" data-lazy=\"2\" title=\"\"><\/div>\n<\/div>\n<\/div>\n<div>\n<div id=\"80vq1\">\n<div><img decoding=\"async\" src=\"https:\/\/img.yfisher.com\/m6076\/1725727320ygr\/jpg70-t3-scale100.webp\" alt=\"5&#039;&#039; 10&#039;&#039; Siliphos filtre niphos ro kartu\u015f filtre 13\" data-lazy=\"2\" title=\"\"><\/div>\n<\/div>\n<\/div>\n<div>\n<div id=\"269du\">\n<div><img decoding=\"async\" src=\"https:\/\/img.yfisher.com\/m6076\/1725727320cit\/jpg70-t3-scale100.webp\" alt=\"5&#039;&#039; 10&#039;&#039; Siliphos filtre niphos ro kartu\u015f filtre 15\" data-lazy=\"2\" title=\"\"><\/div>\n<\/div>\n<\/div>\n<div>\n<div id=\"p0zml\">\n<div><img decoding=\"async\" src=\"https:\/\/img.yfisher.com\/m6076\/1725727320t9d\/jpg70-t3-scale100.webp\" alt=\"5&#039;&#039; 10&#039;&#039; Siliphos filtre niphos ro kartu\u015f filtre 17\" data-lazy=\"2\" title=\"\"><\/div>\n<\/div>\n<\/div>\n<\/div>\n<div>\n<div id=\"kpf9d\">\n<div id=\"ali-anchor-AliMaya-s4da1\" data-section=\"AliMaya-s4da1\" data-section-title=\"Related Products\">\u0130lgili \u00dcr\u00fcnler<\/div>\n<\/div>\n<div>\n<div id=\"eum11\">\n<div><img decoding=\"async\" src=\"https:\/\/img.yfisher.com\/m6076\/1725727320nvw\/jpg70-t3-scale100.webp\" alt=\"5&#039;&#039; 10&#039;&#039; Siliphos filtre niphos ro kartu\u015f filtre 19\" data-lazy=\"2\" title=\"\"><\/div>\n<\/div>\n<div id=\"n5p0v\">\n<div><img decoding=\"async\" src=\"https:\/\/img.yfisher.com\/m6076\/1725727320egr\/jpg70-t3-scale100.webp\" alt=\"5&#039;&#039; 10&#039;&#039; Siliphos filtre niphos ro kartu\u015f filtre 21\" data-lazy=\"2\" title=\"\"><\/div>\n<\/div>\n<div id=\"gac5y\">\n<div><img decoding=\"async\" src=\"https:\/\/img.yfisher.com\/m6076\/1725727320l12\/jpg70-t3-scale100.webp\" alt=\"5&#039;&#039; 10&#039;&#039; Siliphos filtre niphos ro kartu\u015f filtre 23\" data-lazy=\"2\" title=\"\"><\/div>\n<\/div>\n<\/div>\n<div>\n<div id=\"38zx0\">\n<div><img decoding=\"async\" src=\"https:\/\/img.yfisher.com\/m6076\/1725726953s1x\/jpg70-t3-scale100.webp\" alt=\"5&#039;&#039; 10&#039;&#039; Siliphos filtre niphos ro kartu\u015f filtre 25\" data-lazy=\"2\" title=\"\"><\/div>\n<\/div>\n<\/div>\n<\/div>","protected":false},"excerpt":{"rendered":"<p>Ev tipi RO kurulumlar\u0131 i\u00e7in \u00fcretilmi\u015f bir Siliphos \u00f6n filtre kartu\u015fu. Kire\u00e7 birikimini azaltmaya yard\u0131mc\u0131 olur ve yayg\u0131n \u00f6n filtre muhafazalar\u0131na kolayca tak\u0131larak kirleri hapseder.<\/p>","protected":false},"featured_media":1443,"comment_status":"open","ping_status":"closed","template":"","meta":{"_gspb_post_css":""},"product_brand":[],"product_cat":[23,17],"product_tag":[703,299,705,707,706,704],"class_list":{"0":"post-1435","1":"product","2":"type-product","3":"status-publish","4":"has-post-thumbnail","6":"product_cat-pp-filter-cartridge","7":"product_cat-sediment-filter","8":"product_tag-5-inch-10-inch-cartridge","9":"product_tag-ce-sgs-certified","10":"product_tag-household-ro-pre-filtration","11":"product_tag-polyphosphate-crystal-media","12":"product_tag-scale-prevention-cartridge","13":"product_tag-siliphos-filter-cartridge","15":"first","16":"instock","17":"shipping-taxable","18":"product-type-simple"},"_links":{"self":[{"href":"https:\/\/lyfilter.com\/tr\/wp-json\/wp\/v2\/product\/1435","targetHints":{"allow":["GET"]}}],"collection":[{"href":"https:\/\/lyfilter.com\/tr\/wp-json\/wp\/v2\/product"}],"about":[{"href":"https:\/\/lyfilter.com\/tr\/wp-json\/wp\/v2\/types\/product"}],"replies":[{"embeddable":true,"href":"https:\/\/lyfilter.com\/tr\/wp-json\/wp\/v2\/comments?post=1435"}],"wp:featuredmedia":[{"embeddable":true,"href":"https:\/\/lyfilter.com\/tr\/wp-json\/wp\/v2\/media\/1443"}],"wp:attachment":[{"href":"https:\/\/lyfilter.com\/tr\/wp-json\/wp\/v2\/media?parent=1435"}],"wp:term":[{"taxonomy":"product_brand","embeddable":true,"href":"https:\/\/lyfilter.com\/tr\/wp-json\/wp\/v2\/product_brand?post=1435"},{"taxonomy":"product_cat","embeddable":true,"href":"https:\/\/lyfilter.com\/tr\/wp-json\/wp\/v2\/product_cat?post=1435"},{"taxonomy":"product_tag","embeddable":true,"href":"https:\/\/lyfilter.com\/tr\/wp-json\/wp\/v2\/product_tag?post=1435"}],"curies":[{"name":"wp","href":"https:\/\/api.w.org\/{rel}","templated":true}]}}