{"id":1428,"date":"2026-01-04T09:09:08","date_gmt":"2026-01-04T09:09:08","guid":{"rendered":"https:\/\/lyfilter.com\/?post_type=product&#038;p=1428"},"modified":"2026-01-04T09:09:09","modified_gmt":"2026-01-04T09:09:09","slug":"doe-222-5-10-washable-pre-water-filter-nylon-ss-mesh-net-filter-cartridges-80-micron-for-sediment-sand-particle-removal","status":"publish","type":"product","link":"https:\/\/lyfilter.com\/tr\/doe-222-5-10-washable-pre-water-filter-nylon-ss-mesh-net-filter-cartridges-80-micron-for-sediment-sand-particle-removal\/","title":{"rendered":"DOE 222 5\u201d 10\u201d Y\u0131kanabilir \u00f6n su filtresi Naylon SS a\u011f filtre kartu\u015flar\u0131 tortu kum par\u00e7ac\u0131klar\u0131n\u0131n giderilmesi i\u00e7in 80 mikron"},"content":{"rendered":"<table>\n<thead>\n<tr>\n<th>genel bak\u0131\u015f<\/th>\n<th>\u00d6n filtreleme ve tortu\/kum giderme i\u00e7in 80 mikronluk y\u0131kanabilir a\u011f kartu\u015flar\u0131 (LY-NET).<\/th>\n<\/tr>\n<\/thead>\n<tbody>\n<tr>\n<td>tip<\/td>\n<td>Su Filtresi Par\u00e7alar\u0131<\/td>\n<\/tr>\n<tr>\n<td>uygulama<\/td>\n<td>Otel; Ticari; Ev<\/td>\n<\/tr>\n<tr>\n<td>g\u00fc\u00e7 kayna\u011f\u0131<\/td>\n<td>El Kitab\u0131<\/td>\n<\/tr>\n<tr>\n<td>men\u015fe yeri<\/td>\n<td>Guangdong, \u00c7in<\/td>\n<\/tr>\n<tr>\n<td>marka ad\u0131<\/td>\n<td>Lvyuan \/ OEM<\/td>\n<\/tr>\n<tr>\n<td>model numaras\u0131<\/td>\n<td>LY-NET<\/td>\n<\/tr>\n<tr>\n<td>\u00dcR\u00dcN ADI<\/td>\n<td>y\u0131kanabilir a\u011f kartu\u015flar\u0131 80 mikron<\/td>\n<\/tr>\n<tr>\n<td>fonksiyon<\/td>\n<td>Kire\u00e7 \u00f6nleme; kirleri giderme<\/td>\n<\/tr>\n<tr>\n<td>uygulama (kullan\u0131m)<\/td>\n<td>\u00f6n fi\u0307ltre elemani<\/td>\n<\/tr>\n<tr>\n<td>filtre malzemesi<\/td>\n<td>Power PHOS; Siliphos; Polifosfat kristal bilye<\/td>\n<\/tr>\n<tr>\n<td>uzunluk<\/td>\n<td>5\u201d; 10\u201d in\u00e7<\/td>\n<\/tr>\n<tr>\n<td>renk<\/td>\n<td>Beyaz; \u015feffaf<\/td>\n<\/tr>\n<tr>\n<td>filtre \u00f6mr\u00fc<\/td>\n<td>3 ila 6 ay<\/td>\n<\/tr>\n<tr>\n<td>kurulum<\/td>\n<td>\u00d6n filtre muhafazas\u0131<\/td>\n<\/tr>\n<tr>\n<td>\u00e7al\u0131\u015fma s\u0131cakl\u0131\u011f\u0131.<\/td>\n<td>4\u00b0C-80\u00b0C<\/td>\n<\/tr>\n<tr>\n<td>BELGELEND\u0130RME<\/td>\n<td>CE; SGS<\/td>\n<\/tr>\n<tr>\n<td>Garanti<\/td>\n<td>Hi\u00e7biri<\/td>\n<\/tr>\n<tr>\n<td>sat\u0131\u015f sonras\u0131 hizmet sa\u011fland\u0131<\/td>\n<td>Hi\u00e7biri<\/td>\n<\/tr>\n<tr>\n<td>sat\u0131\u015f birimleri<\/td>\n<td>Tek \u00fcr\u00fcn<\/td>\n<\/tr>\n<tr>\n<td>tek paket boyutu<\/td>\n<td>55 \u00d7 8 \u00d7 8 cm<\/td>\n<\/tr>\n<tr>\n<td>tek br\u00fct a\u011f\u0131rl\u0131k<\/td>\n<td>0.500 kg<\/td>\n<\/tr>\n<tr>\n<td>paket t\u00fcr\u00fc<\/td>\n<td>25 adet\/CTN; notlar: en iyi birim fiyat ve nakliye maliyeti miktara ba\u011fl\u0131d\u0131r<\/td>\n<\/tr>\n<\/tbody>\n<\/table>","protected":false},"excerpt":{"rendered":"<p>Kum ve tortuyu ana sisteminize ula\u015fmadan \u00f6nce yakalayan y\u0131kanabilir bir \u00f6n filtre kartu\u015fu. Bak\u0131m\u0131 kolayd\u0131r, kireci azaltmaya yard\u0131mc\u0131 olur ve yayg\u0131n 5\u2033 veya 10\u2033 muhafazalara uyar.<\/p>","protected":false},"featured_media":1436,"comment_status":"open","ping_status":"closed","template":"","meta":{"_gspb_post_css":""},"product_brand":[],"product_cat":[17,23],"product_tag":[703,701,299,702,366,700],"class_list":{"0":"post-1428","1":"product","2":"type-product","3":"status-publish","4":"has-post-thumbnail","6":"product_cat-sediment-filter","7":"product_cat-pp-filter-cartridge","8":"product_tag-5-inch-10-inch-cartridge","9":"product_tag-80-micron-pre-filter","10":"product_tag-ce-sgs-certified","11":"product_tag-nylon-ss-mesh-cartridge","12":"product_tag-scale-prevention-filter","13":"product_tag-washable-net-filter-cartridge","15":"first","16":"instock","17":"shipping-taxable","18":"product-type-simple"},"_links":{"self":[{"href":"https:\/\/lyfilter.com\/tr\/wp-json\/wp\/v2\/product\/1428","targetHints":{"allow":["GET"]}}],"collection":[{"href":"https:\/\/lyfilter.com\/tr\/wp-json\/wp\/v2\/product"}],"about":[{"href":"https:\/\/lyfilter.com\/tr\/wp-json\/wp\/v2\/types\/product"}],"replies":[{"embeddable":true,"href":"https:\/\/lyfilter.com\/tr\/wp-json\/wp\/v2\/comments?post=1428"}],"wp:featuredmedia":[{"embeddable":true,"href":"https:\/\/lyfilter.com\/tr\/wp-json\/wp\/v2\/media\/1436"}],"wp:attachment":[{"href":"https:\/\/lyfilter.com\/tr\/wp-json\/wp\/v2\/media?parent=1428"}],"wp:term":[{"taxonomy":"product_brand","embeddable":true,"href":"https:\/\/lyfilter.com\/tr\/wp-json\/wp\/v2\/product_brand?post=1428"},{"taxonomy":"product_cat","embeddable":true,"href":"https:\/\/lyfilter.com\/tr\/wp-json\/wp\/v2\/product_cat?post=1428"},{"taxonomy":"product_tag","embeddable":true,"href":"https:\/\/lyfilter.com\/tr\/wp-json\/wp\/v2\/product_tag?post=1428"}],"curies":[{"name":"wp","href":"https:\/\/api.w.org\/{rel}","templated":true}]}}