{"id":1421,"date":"2026-01-04T09:05:27","date_gmt":"2026-01-04T09:05:27","guid":{"rendered":"https:\/\/lyfilter.com\/?post_type=product&#038;p=1421"},"modified":"2026-01-04T09:05:27","modified_gmt":"2026-01-04T09:05:27","slug":"5-micron-pp-20-inch-jumbo-filter-cartridge-for-activated-carbon-block-uf-membrane-pleated-sediment-water-filter-cartridges","status":"publish","type":"product","link":"https:\/\/lyfilter.com\/tr\/5-micron-pp-20-inch-jumbo-filter-cartridge-for-activated-carbon-block-uf-membrane-pleated-sediment-water-filter-cartridges\/","title":{"rendered":"5 mikron PP 20 in\u00e7 jumbo filtre kartu\u015fu i\u00e7in Aktif Karbon Blok UF membran Pileli Sediment su filtresi kartu\u015flar\u0131"},"content":{"rendered":"<table>\n<thead>\n<tr>\n<th>genel bak\u0131\u015f<\/th>\n<th>RO ve s\u0131v\u0131 kartu\u015f filtrasyonu i\u00e7in 20 in\u00e7 jumbo PP spun filtre kartu\u015fu.<\/th>\n<\/tr>\n<\/thead>\n<tbody>\n<tr>\n<td>durum<\/td>\n<td>Yeni<\/td>\n<\/tr>\n<tr>\n<td>uygulanabi\u0307li\u0307r sekt\u00f6rler<\/td>\n<td>Oteller; Konfeksiyon Ma\u011fazalar\u0131; \u0130n\u015faat Malzemesi Ma\u011fazalar\u0131; \u00dcretim Tesisi; Makine Tamir At\u00f6lyeleri; Yiyecek ve \u0130\u00e7ecek Fabrikas\u0131; \u00c7iftlikler; Restoran; Ev Kullan\u0131m\u0131; Perakende; Yiyecek Ma\u011fazas\u0131; Matbaalar; \u0130n\u015faat i\u015fleri; Enerji ve Madencilik; Yiyecek ve \u0130\u00e7ecek Ma\u011fazalar\u0131; Reklam \u015eirketi<\/td>\n<\/tr>\n<tr>\n<td>men\u015fe yeri<\/td>\n<td>Guangdong, \u00c7in<\/td>\n<\/tr>\n<tr>\n<td>marka ad\u0131<\/td>\n<td>Lvyuan \/ OEM<\/td>\n<\/tr>\n<tr>\n<td>malzeme<\/td>\n<td>poli\u0307propi\u0307len<\/td>\n<\/tr>\n<tr>\n<td>boyut<\/td>\n<td>standart veya \u00f6zelle\u015fti\u0307rme<\/td>\n<\/tr>\n<tr>\n<td>a\u011f\u0131rl\u0131k<\/td>\n<td>ba\u011fl\u0131d\u0131r<\/td>\n<\/tr>\n<tr>\n<td>g\u00fc\u00e7<\/td>\n<td>0<\/td>\n<\/tr>\n<tr>\n<td>Garanti<\/td>\n<td>Kullan\u0131lam\u0131yor<\/td>\n<\/tr>\n<tr>\n<td>\u00dcR\u00dcN ADI<\/td>\n<td>20 in\u00e7 jumbo filtre kartu\u015fu<\/td>\n<\/tr>\n<tr>\n<td>filtre malzemesi<\/td>\n<td>Polipropilen PP b\u00fck\u00fclm\u00fc\u015f<\/td>\n<\/tr>\n<tr>\n<td>mikron oran\u0131<\/td>\n<td>1\/3\/5\/10\/25\/50\/75\/100 mikron filtre kartu\u015fu<\/td>\n<\/tr>\n<tr>\n<td>uygulama<\/td>\n<td>su filtresi par\u00e7alar\u0131; Ters Osmoz<\/td>\n<\/tr>\n<tr>\n<td>kullan\u0131m<\/td>\n<td>S\u0131v\u0131 Kartu\u015f filtre<\/td>\n<\/tr>\n<tr>\n<td>uzunluk<\/td>\n<td>5\u2033, 10\u2033, 20\u2033, 30\u2033, 40\u2033, 50\u201d in\u00e7<\/td>\n<\/tr>\n<tr>\n<td>u\u00e7 kapa\u011f\u0131<\/td>\n<td>DOE \/ 222Fin \/ 226Fin \/ 222Flat \/ 226Flat<\/td>\n<\/tr>\n<tr>\n<td>conta \/ o-ring malzemesi<\/td>\n<td>Silikon \/ EPDM \/ Viton<\/td>\n<\/tr>\n<tr>\n<td>i\u00e7 \u00e7ekirdek<\/td>\n<td>PP; paslanmaz \u00e7elik; yok<\/td>\n<\/tr>\n<tr>\n<td>temel bile\u015fenler<\/td>\n<td>su fi\u0307ltresi\u0307<\/td>\n<\/tr>\n<tr>\n<td>sat\u0131\u015f sonras\u0131 hizmet sa\u011fland\u0131<\/td>\n<td>\u00c7evrimi\u00e7i destek<\/td>\n<\/tr>\n<tr>\n<td>garanti\u0307 sonrasi hi\u0307zmet<\/td>\n<td>\u00c7evrimi\u00e7i destek<\/td>\n<\/tr>\n<tr>\n<td>showroom konumu<\/td>\n<td>Hi\u00e7biri<\/td>\n<\/tr>\n<tr>\n<td>yerel hi\u0307zmet yeri\u0307<\/td>\n<td>Hi\u00e7biri<\/td>\n<\/tr>\n<tr>\n<td>video giden-denetim<\/td>\n<td>Sa\u011fland\u0131<\/td>\n<\/tr>\n<tr>\n<td>maki\u0307ne test raporu<\/td>\n<td>Mevcut de\u011fil<\/td>\n<\/tr>\n<tr>\n<td>pazarlama t\u00fcr\u00fc<\/td>\n<td>S\u0131radan \u00dcr\u00fcn<\/td>\n<\/tr>\n<tr>\n<td>temel bile\u015fenlerin garantisi<\/td>\n<td>Mevcut de\u011fil<\/td>\n<\/tr>\n<tr>\n<td>sat\u0131\u015f birimleri<\/td>\n<td>Tek \u00fcr\u00fcn<\/td>\n<\/tr>\n<tr>\n<td>tek paket boyutu<\/td>\n<td>103 \u00d7 18 \u00d7 18 cm<\/td>\n<\/tr>\n<tr>\n<td>tek br\u00fct a\u011f\u0131rl\u0131k<\/td>\n<td>3.000 kg<\/td>\n<\/tr>\n<tr>\n<td>paket t\u00fcr\u00fc<\/td>\n<td>Ka\u011f\u0131t kartonlar; ambalaj notlar\u0131: 10\u2033 50 adet \/ ctn (400\u00d7400\u00d7685mm), 20\u2033 25 adet \/ ctn (400\u00d7400\u00d7685mm), 30\u2033 25 adet \/ ctn (835\u00d7435\u00d7425mm), 40\u2033 25 adet \/ ctn (1100\u00d7395\u00d7400mm)<\/td>\n<\/tr>\n<\/tbody>\n<\/table>","protected":false},"excerpt":{"rendered":"<p>Tortuyu azaltmaya ve RO veya s\u0131v\u0131 filtrasyon sisteminizi korumaya yard\u0131mc\u0131 olan 20 in\u00e7lik jumbo PP kartu\u015f. Muhafazan\u0131za uyan mikron derecesini ve u\u00e7 kapa\u011f\u0131n\u0131 se\u00e7in.<\/p>","protected":false},"featured_media":1429,"comment_status":"open","ping_status":"closed","template":"","meta":{"_gspb_post_css":""},"product_brand":[],"product_cat":[17,23],"product_tag":[695,699,299,683,675,296],"class_list":{"0":"post-1421","1":"product","2":"type-product","3":"status-publish","4":"has-post-thumbnail","6":"product_cat-sediment-filter","7":"product_cat-pp-filter-cartridge","8":"product_tag-1-to-100-micron-filtration","9":"product_tag-20-inch-jumbo-filter-cartridge","10":"product_tag-ce-sgs-certified","11":"product_tag-doe-222-226-end-caps","12":"product_tag-pp-spun-filter-cartridge","13":"product_tag-reverse-osmosis-filter-parts","15":"first","16":"instock","17":"shipping-taxable","18":"product-type-simple"},"_links":{"self":[{"href":"https:\/\/lyfilter.com\/tr\/wp-json\/wp\/v2\/product\/1421","targetHints":{"allow":["GET"]}}],"collection":[{"href":"https:\/\/lyfilter.com\/tr\/wp-json\/wp\/v2\/product"}],"about":[{"href":"https:\/\/lyfilter.com\/tr\/wp-json\/wp\/v2\/types\/product"}],"replies":[{"embeddable":true,"href":"https:\/\/lyfilter.com\/tr\/wp-json\/wp\/v2\/comments?post=1421"}],"wp:featuredmedia":[{"embeddable":true,"href":"https:\/\/lyfilter.com\/tr\/wp-json\/wp\/v2\/media\/1429"}],"wp:attachment":[{"href":"https:\/\/lyfilter.com\/tr\/wp-json\/wp\/v2\/media?parent=1421"}],"wp:term":[{"taxonomy":"product_brand","embeddable":true,"href":"https:\/\/lyfilter.com\/tr\/wp-json\/wp\/v2\/product_brand?post=1421"},{"taxonomy":"product_cat","embeddable":true,"href":"https:\/\/lyfilter.com\/tr\/wp-json\/wp\/v2\/product_cat?post=1421"},{"taxonomy":"product_tag","embeddable":true,"href":"https:\/\/lyfilter.com\/tr\/wp-json\/wp\/v2\/product_tag?post=1421"}],"curies":[{"name":"wp","href":"https:\/\/api.w.org\/{rel}","templated":true}]}}