{"id":1378,"date":"2026-01-04T08:50:05","date_gmt":"2026-01-04T08:50:05","guid":{"rendered":"https:\/\/lyfilter.com\/?post_type=product&#038;p=1378"},"modified":"2026-01-04T08:50:06","modified_gmt":"2026-01-04T08:50:06","slug":"1-box-25pcs-high-flow-40-inch-5-micron-pp-sediment-filter-cartridge-melt-blown-cartridge-filter-water","status":"publish","type":"product","link":"https:\/\/lyfilter.com\/tr\/1-box-25pcs-high-flow-40-inch-5-micron-pp-sediment-filter-cartridge-melt-blown-cartridge-filter-water\/","title":{"rendered":"1 kutu\/25 adet Y\u00fcksek Ak\u0131\u015f 40 in\u00e7 5 mikron pp tortu filtre kartu\u015fu \/ eriyik \u00fcflemeli kartu\u015f filtre suyu"},"content":{"rendered":"<table>\n<thead>\n<tr>\n<th>genel bak\u0131\u015f<\/th>\n<th>Su ar\u0131tma i\u00e7in y\u00fcksek verimli PP fiber su filtre kartu\u015fu.<\/th>\n<\/tr>\n<\/thead>\n<tbody>\n<tr>\n<td>uygulanabi\u0307li\u0307r sekt\u00f6rler<\/td>\n<td>\u00dcretim Tesisi; Yiyecek ve \u0130\u00e7ecek Fabrikas\u0131; Ev Kullan\u0131m\u0131; su ar\u0131tma<\/td>\n<\/tr>\n<tr>\n<td>men\u015fe yeri<\/td>\n<td>Guangdong, \u00c7in<\/td>\n<\/tr>\n<tr>\n<td>marka ad\u0131<\/td>\n<td>Lvyuan; OEM; ODM<\/td>\n<\/tr>\n<tr>\n<td>malzeme<\/td>\n<td>pp<\/td>\n<\/tr>\n<tr>\n<td>hammadde<\/td>\n<td>pp elyaf<\/td>\n<\/tr>\n<tr>\n<td>boyut<\/td>\n<td>1016<em>63<\/em>63 mm<\/td>\n<\/tr>\n<tr>\n<td>uzunluk<\/td>\n<td>40 in\u00e7<\/td>\n<\/tr>\n<tr>\n<td>a\u011f\u0131rl\u0131k<\/td>\n<td>\u00f6zelle\u015ftirilmi\u015f<\/td>\n<\/tr>\n<tr>\n<td>g\u00fc\u00e7<\/td>\n<td>0<\/td>\n<\/tr>\n<tr>\n<td>Garanti<\/td>\n<td>Kullan\u0131lam\u0131yor<\/td>\n<\/tr>\n<tr>\n<td>\u00f6zellik<\/td>\n<td>Y\u00fcksek Verimlilik<\/td>\n<\/tr>\n<tr>\n<td>kald\u0131rma oran\u0131<\/td>\n<td>1 mikron; 5 mikron<\/td>\n<\/tr>\n<tr>\n<td>kullan\u0131m<\/td>\n<td>su ar\u0131tma<\/td>\n<\/tr>\n<tr>\n<td>uygulama<\/td>\n<td>end\u00fcstri<\/td>\n<\/tr>\n<tr>\n<td>renk<\/td>\n<td>beyaz<\/td>\n<\/tr>\n<tr>\n<td>g\u00f6r\u00fcn\u00fcm<\/td>\n<td>Parlak<\/td>\n<\/tr>\n<tr>\n<td>ambalaj \/ paket t\u00fcr\u00fc<\/td>\n<td>KA\u011eIT KUTU<\/td>\n<\/tr>\n<tr>\n<td>sat\u0131\u015f sonras\u0131 hizmet sa\u011fland\u0131<\/td>\n<td>\u00c7evrimi\u00e7i destek<\/td>\n<\/tr>\n<tr>\n<td>sat\u0131\u015f birimleri<\/td>\n<td>Tek \u00fcr\u00fcn<\/td>\n<\/tr>\n<tr>\n<td>tek paket boyutu<\/td>\n<td>103 \u00d7 34 \u00d7 33 cm<\/td>\n<\/tr>\n<tr>\n<td>tek br\u00fct a\u011f\u0131rl\u0131k<\/td>\n<td>10.500 kg<\/td>\n<\/tr>\n<\/tbody>\n<\/table>","protected":false},"excerpt":{"rendered":"<p>Evde veya end\u00fcstriyel sistemlerde daha temiz su i\u00e7in ince tortular\u0131 gidermeye yard\u0131mc\u0131 olan y\u00fcksek verimli 40\u2033 PP fiber kartu\u015f ve ihtiyac\u0131n\u0131z oldu\u011funda \u00e7evrimi\u00e7i destek.<\/p>","protected":false},"featured_media":1385,"comment_status":"open","ping_status":"closed","template":"","meta":{"_gspb_post_css":""},"product_brand":[],"product_cat":[23,17],"product_tag":[687,686,688,643,306,308],"class_list":{"0":"post-1378","1":"product","2":"type-product","3":"status-publish","4":"has-post-thumbnail","6":"product_cat-pp-filter-cartridge","7":"product_cat-sediment-filter","8":"product_tag-1-micron-filtration","9":"product_tag-40-inch-pp-filter-cartridge","10":"product_tag-5-micron-filtration","11":"product_tag-pp-fiber-water-filter","12":"product_tag-sgs-certified","13":"product_tag-water-treatment","15":"first","16":"instock","17":"shipping-taxable","18":"product-type-simple"},"_links":{"self":[{"href":"https:\/\/lyfilter.com\/tr\/wp-json\/wp\/v2\/product\/1378","targetHints":{"allow":["GET"]}}],"collection":[{"href":"https:\/\/lyfilter.com\/tr\/wp-json\/wp\/v2\/product"}],"about":[{"href":"https:\/\/lyfilter.com\/tr\/wp-json\/wp\/v2\/types\/product"}],"replies":[{"embeddable":true,"href":"https:\/\/lyfilter.com\/tr\/wp-json\/wp\/v2\/comments?post=1378"}],"wp:featuredmedia":[{"embeddable":true,"href":"https:\/\/lyfilter.com\/tr\/wp-json\/wp\/v2\/media\/1385"}],"wp:attachment":[{"href":"https:\/\/lyfilter.com\/tr\/wp-json\/wp\/v2\/media?parent=1378"}],"wp:term":[{"taxonomy":"product_brand","embeddable":true,"href":"https:\/\/lyfilter.com\/tr\/wp-json\/wp\/v2\/product_brand?post=1378"},{"taxonomy":"product_cat","embeddable":true,"href":"https:\/\/lyfilter.com\/tr\/wp-json\/wp\/v2\/product_cat?post=1378"},{"taxonomy":"product_tag","embeddable":true,"href":"https:\/\/lyfilter.com\/tr\/wp-json\/wp\/v2\/product_tag?post=1378"}],"curies":[{"name":"wp","href":"https:\/\/api.w.org\/{rel}","templated":true}]}}