{"id":1326,"date":"2026-01-04T08:33:00","date_gmt":"2026-01-04T08:33:00","guid":{"rendered":"https:\/\/lyfilter.com\/?post_type=product&#038;p=1326"},"modified":"2026-01-04T08:33:00","modified_gmt":"2026-01-04T08:33:00","slug":"cartridge-filter-water-40-inch-pp-melt-blown-sediment-filter","status":"publish","type":"product","link":"https:\/\/lyfilter.com\/tr\/cartridge-filter-water-40-inch-pp-melt-blown-sediment-filter\/","title":{"rendered":"Kartu\u015f Filtre Su 40\u201d in\u00e7 pp eriyik \u00fcflemeli tortu filtresi"},"content":{"rendered":"<table>\n<thead>\n<tr>\n<th>overview<\/th>\n<th>Polypropylene (PP spun) water filter cartridges for RO and liquid filtration.<\/th>\n<\/tr>\n<\/thead>\n<tbody>\n<tr>\n<td>applicable industries<\/td>\n<td>Hotels; Garment Shops; Building Material Shops; Manufacturing Plant; Machinery Repair Shops; Food &amp; Beverage Factory; Farms; Restaurant; Home Use; Retail; Food Shop; Printing Shops; Construction works; Energy &amp; Mining; Food &amp; Beverage Shops; Advertising Company<\/td>\n<\/tr>\n<tr>\n<td>place of origin<\/td>\n<td>Guangdong, China<\/td>\n<\/tr>\n<tr>\n<td>brand name<\/td>\n<td>Lvyuan \/ OEM<\/td>\n<\/tr>\n<tr>\n<td>material<\/td>\n<td>polypropylene<\/td>\n<\/tr>\n<tr>\n<td>filter media<\/td>\n<td>Polypropylene PP spun<\/td>\n<\/tr>\n<tr>\n<td>product name<\/td>\n<td>cartrigdes filter water<\/td>\n<\/tr>\n<tr>\n<td>micron rate<\/td>\n<td>1\/3\/5\/10\/25\/50\/75\/100 micron filters cartridge<\/td>\n<\/tr>\n<tr>\n<td>application<\/td>\n<td>water filter parts; Reverse Osmosis<\/td>\n<\/tr>\n<tr>\n<td>usage<\/td>\n<td>Liquid Cartridge filter<\/td>\n<\/tr>\n<tr>\n<td>length<\/td>\n<td>5&#8243;, 10&#8243;, 20&#8243;, 30&#8243;, 40&#8243;, 50&#8221; inch<\/td>\n<\/tr>\n<tr>\n<td>end cap<\/td>\n<td>DOE \/ 222Fin \/ 226Fin \/ 222Flat \/ 226Flat<\/td>\n<\/tr>\n<tr>\n<td>gasket \/ o-ring material<\/td>\n<td>Silicon \/ EPDM \/ Viton<\/td>\n<\/tr>\n<tr>\n<td>inner core<\/td>\n<td>PP; stainless steel; none<\/td>\n<\/tr>\n<tr>\n<td>size<\/td>\n<td>standard or customization<\/td>\n<\/tr>\n<tr>\n<td>weight<\/td>\n<td>depends<\/td>\n<\/tr>\n<tr>\n<td>power<\/td>\n<td>0<\/td>\n<\/tr>\n<tr>\n<td>warranty<\/td>\n<td>Unavailable<\/td>\n<\/tr>\n<tr>\n<td>certification<\/td>\n<td>CE; SGS<\/td>\n<\/tr>\n<tr>\n<td>after-sales service provided<\/td>\n<td>Online support<\/td>\n<\/tr>\n<tr>\n<td>supply ability<\/td>\n<td>5000 Piece\/Pieces per Day (40&#8243; pp melt blown sediment filter)<\/td>\n<\/tr>\n<\/tbody>\n<\/table>\n<div class=\"pro_aliData\">\n<div class=\"detail-box\">\n<div class=\"scc-wrapper detail-module module-productSpecification\" data-spm=\"pronpeci14\">\n<div id=\"J-rich-text-description\" class=\"richtext richtext-detail rich-text-description\">\n<div data-maya=\"{&quot;theme&quot;:{&quot;face&quot;:&quot;yin&quot;,&quot;fontFace&quot;:&quot;Roboto&quot;,&quot;fontSize&quot;:22,&quot;colors&quot;:2},&quot;items&quot;:[{&quot;title&quot;:&quot;v2vyj&quot;,&quot;formats&quot;:[[{&quot;ddc67&quot;:&quot;Ia&quot;}],[[{&quot;6dcr0&quot;:&quot;H&quot;},{&quot;ihxpp&quot;:&quot;P&quot;}]],[[[{&quot;iat5r&quot;:&quot;Im&quot;},{&quot;qi1bl&quot;:&quot;Im&quot;},{&quot;ug60r&quot;:&quot;Im&quot;}],[[{&quot;a8ri0&quot;:&quot;P&quot;}],[{&quot;8v525&quot;:&quot;P&quot;}],[{&quot;biifk&quot;:&quot;P&quot;}]]]],[[[{&quot;grips&quot;:&quot;Im&quot;},{&quot;6k1z1&quot;:&quot;Im&quot;},{&quot;6qf6v&quot;:&quot;Im&quot;}],[[{&quot;izeat&quot;:&quot;P&quot;}],[{&quot;hsiml&quot;:&quot;P&quot;}],[{&quot;3kq2q&quot;:&quot;P&quot;}]]]],[[[{&quot;sdhn2&quot;:&quot;Im&quot;},{&quot;781et&quot;:&quot;Im&quot;},{&quot;aryut&quot;:&quot;Im&quot;}],[[{&quot;xep1s&quot;:&quot;P&quot;}],[{&quot;4g0ye&quot;:&quot;P&quot;}],[{&quot;tx2ti&quot;:&quot;P&quot;}]]]],[[[{&quot;355i4&quot;:&quot;Im&quot;},{&quot;wnggh&quot;:&quot;Im&quot;},{&quot;q64mm&quot;:&quot;Im&quot;}],[[{&quot;9627z&quot;:&quot;P&quot;}],[{&quot;lubfv&quot;:&quot;P&quot;}],[{&quot;yr741&quot;:&quot;P&quot;}]]]]]},{&quot;title&quot;:&quot;6hngk&quot;,&quot;formats&quot;:[[{&quot;tflpa&quot;:{&quot;name&quot;:&quot;Tc&quot;,&quot;theme&quot;:&quot;col-header&quot;,&quot;tableCfgs&quot;:{&quot;sizes&quot;:{&quot;colWidths&quot;:[150,545],&quot;rowHeights&quot;:[23,44,44,49,22,25,44,44,51,44,44,70,44,65,22]}}}}]]},{&quot;title&quot;:&quot;oqdw4&quot;,&quot;formats&quot;:[[{&quot;yv4ro&quot;:&quot;Ia&quot;}],[{&quot;3ce31&quot;:&quot;P&quot;}]]},{&quot;title&quot;:&quot;w40uu&quot;,&quot;formats&quot;:[[{&quot;lv8cu&quot;:&quot;Ia&quot;}]]},{&quot;title&quot;:&quot;tacxz&quot;,&quot;formats&quot;:[[{&quot;t56zq&quot;:&quot;Ia&quot;}],[{&quot;nopxx&quot;:&quot;Ia&quot;}],[{&quot;e2uvz&quot;:&quot;Ia&quot;}]]},{&quot;title&quot;:&quot;647vy&quot;,&quot;formats&quot;:[[{&quot;ogqr2&quot;:&quot;Ia&quot;}]]},{&quot;title&quot;:&quot;6w08y&quot;,&quot;formats&quot;:[[{&quot;4752f&quot;:&quot;Ia&quot;}]]}]}\">\n<div>\n<div>\n<div id=\"v2vyj\">\n<div id=\"ali-anchor-AliMaya-i37yu\" data-section=\"AliMaya-i37yu\" data-section-title=\"Product Description\">Product Description<\/div>\n<\/div>\n<div>\n<div id=\"ddc67\">\n<div><img decoding=\"async\" src=\"https:\/\/img.yfisher.com\/m6076\/17257267895xg\/jpg70-t3-scale100.webp\" alt=\"Cartridge Filter Water 40&#039;&#039; inch pp melt blown sediment filter 7\" data-lazy=\"2\" title=\"\"><\/div>\n<\/div>\n<\/div>\n<div>\n<div>\n<div id=\"6dcr0\">\n<h3>Cartridge Filter Water 40&#8221; inch pp melt blown sediment filter<\/h3>\n<\/div>\n<div id=\"ihxpp\">\n<p>Polypropylene\u00a0<a href=\"https:\/\/www.lyfilter.com\/melt-blown-filter-cartridge.html\">melt blown filter cartridge<\/a>\u00a0or PP spun water filter, PP filter,\u00a0<a href=\"https:\/\/www.lyfilter.com\/pp-filter-cartridge.html\">PP filter cartridge<\/a>\u00a0is the most widely used filtration consumable products in domestic and industrial water treatment systems. PP melt blown filter cartridges (PPF) are made of 100% pure polypropylene fiber, providing broad wide chemical compatibility.<\/p>\n<p>Melt Blown sediment filter cartridge has strong pollutants holding capacity. It can remove suspended substances, particulate and rust effectively, providing efficient filtration and long service life. It works an important role in the pre-filtration water treatment process.<\/p>\n<p>We can customs-made PP or Nylon melt blown filter cartridges in all dimension (Length, Outer diameter, inner diameter) with 1 layer to more than 3 layers and multi-layers. Special PP\/Nylon melt blown cartridge filters with varied specifications like groove, orange peel, pressure point, flat and embossing surface finish or equipped with different DOE or SOE end caps are also available.<\/p>\n<p><b>All dimension can be custom-made. In order to work out the prices for you, please kindly advise your specification requirement and quantity.<\/b><\/p>\n<\/div>\n<\/div>\n<\/div>\n<div>\n<div>\n<div>\n<div id=\"iat5r\">\n<div><img decoding=\"async\" src=\"https:\/\/img.yfisher.com\/m6076\/1725726789a4e\/jpg70-t3-scale100.webp\" alt=\"Cartridge Filter Water 40&#039;&#039; inch pp melt blown sediment filter 9\" data-lazy=\"2\" title=\"\"><\/div>\n<\/div>\n<div id=\"qi1bl\">\n<div><img decoding=\"async\" src=\"https:\/\/img.yfisher.com\/m6076\/1725726789l27\/jpg70-t3-scale100.webp\" alt=\"Cartridge Filter Water 40&#039;&#039; inch pp melt blown sediment filter 11\" data-lazy=\"2\" title=\"\"><\/div>\n<\/div>\n<div id=\"ug60r\">\n<div><img decoding=\"async\" src=\"https:\/\/img.yfisher.com\/m6076\/1725726789w2b\/jpg70-t3-scale100.webp\" alt=\"Cartridge Filter Water 40&#039;&#039; inch pp melt blown sediment filter 13\" data-lazy=\"2\" title=\"\"><\/div>\n<\/div>\n<\/div>\n<div>\n<div>\n<div id=\"a8ri0\">\n<p>Groove surface PP sediment filter cartridge<\/p>\n<\/div>\n<\/div>\n<div>\n<div id=\"8v525\">\n<p>Flat surface PP sediment filter cartridge<\/p>\n<\/div>\n<\/div>\n<div>\n<div id=\"biifk\">\n<p>Orange peel surface PP filter cartridge<\/p>\n<\/div>\n<\/div>\n<\/div>\n<\/div>\n<\/div>\n<div>\n<div>\n<div>\n<div id=\"grips\">\n<div><img decoding=\"async\" src=\"https:\/\/img.yfisher.com\/m6076\/1725726789ojg\/jpg70-t3-scale100.webp\" alt=\"Cartridge Filter Water 40&#039;&#039; inch pp melt blown sediment filter 15\" data-lazy=\"2\" title=\"\"><\/div>\n<\/div>\n<div id=\"6k1z1\">\n<div><img decoding=\"async\" src=\"https:\/\/img.yfisher.com\/m6076\/1725726789ez8\/jpg70-t3-scale100.webp\" alt=\"Cartridge Filter Water 40&#039;&#039; inch pp melt blown sediment filter 17\" data-lazy=\"2\" title=\"\"><\/div>\n<\/div>\n<div id=\"6qf6v\">\n<div><img decoding=\"async\" src=\"https:\/\/img.yfisher.com\/m6076\/1725726789p6k\/jpg70-t3-scale100.webp\" alt=\"Cartridge Filter Water 40&#039;&#039; inch pp melt blown sediment filter 19\" data-lazy=\"2\" title=\"\"><\/div>\n<\/div>\n<\/div>\n<div>\n<div>\n<div id=\"izeat\">\n<p>Embossing surface PP sediment cartridge<\/p>\n<\/div>\n<\/div>\n<div>\n<div id=\"hsiml\">\n<p>Pressure point surface PP sediment cartridge<\/p>\n<\/div>\n<\/div>\n<div>\n<div id=\"3kq2q\">\n<p>215 222 226 Flat\/Fin end cap PP filter, code 0 3 6 7 8 9 available.<\/p>\n<\/div>\n<\/div>\n<\/div>\n<\/div>\n<\/div>\n<div>\n<div>\n<div>\n<div id=\"sdhn2\">\n<div><img decoding=\"async\" src=\"https:\/\/img.yfisher.com\/m6076\/1725726789ylx\/jpg70-t3-scale100.webp\" alt=\"Cartridge Filter Water 40&#039;&#039; inch pp melt blown sediment filter 21\" data-lazy=\"2\" title=\"\"><\/div>\n<\/div>\n<div id=\"781et\">\n<div><img decoding=\"async\" src=\"https:\/\/img.yfisher.com\/m6076\/1725726789ygz\/jpg70-t3-scale100.webp\" alt=\"Cartridge Filter Water 40&#039;&#039; inch pp melt blown sediment filter 23\" data-lazy=\"2\" title=\"\"><\/div>\n<\/div>\n<div id=\"aryut\">\n<div><img alt=\"Cartridge Filter Water 40'' inch pp melt blown sediment filter 25\" data-lazy=\"0\" \/><\/div>\n<\/div>\n<\/div>\n<div>\n<div>\n<div id=\"xep1s\">\n<p>10&#215;4.5&#8221; 20&#215;4.5&#8221; Full-Flow BB Jumbo Melt Blown Cartridge<\/p>\n<\/div>\n<\/div>\n<div>\n<div id=\"4g0ye\">\n<p>PP melt blown filter cartridge with 1 2 3 layers for option<\/p>\n<\/div>\n<\/div>\n<div>\n<div id=\"tx2ti\">\n<p>Customize PP core or stainless steel shell\/core pp filter cartridge<\/p>\n<\/div>\n<\/div>\n<\/div>\n<\/div>\n<\/div>\n<div>\n<div>\n<div>\n<div id=\"355i4\">\n<div><img decoding=\"async\" src=\"https:\/\/img.yfisher.com\/m6076\/1725726789z0e\/jpg70-t3-scale100.webp\" alt=\"Cartridge Filter Water 40&#039;&#039; inch pp melt blown sediment filter 27\" data-lazy=\"2\" title=\"\"><\/div>\n<\/div>\n<div id=\"wnggh\">\n<div><img decoding=\"async\" src=\"https:\/\/img.yfisher.com\/m6076\/1725726790iyg\/jpg70-t3-scale100.webp\" alt=\"Cartridge Filter Water 40&#039;&#039; inch pp melt blown sediment filter 29\" data-lazy=\"2\" title=\"\"><\/div>\n<\/div>\n<div id=\"q64mm\">\n<div><img decoding=\"async\" src=\"https:\/\/img.yfisher.com\/m6076\/17257267909q6\/jpg70-t3-scale100.webp\" alt=\"Cartridge Filter Water 40&#039;&#039; inch pp melt blown sediment filter 31\" data-lazy=\"2\" title=\"\"><\/div>\n<\/div>\n<\/div>\n<div>\n<div>\n<div id=\"9627z\">\n<p>PP shell Polypropylene melt blown filter cartridge<\/p>\n<\/div>\n<\/div>\n<div>\n<div id=\"lubfv\">\n<p>OEM Various size PP\/Nylon melt blown filter cartridge for water\/air filtration<\/p>\n<\/div>\n<\/div>\n<div>\n<div id=\"yr741\">\n<p>Big High Flow PP melt blown filter cartridge with OEM length and OEM diameters<\/p>\n<\/div>\n<\/div>\n<\/div>\n<\/div>\n<\/div>\n<\/div>\n<div>\n<div id=\"6hngk\">\n<div id=\"ali-anchor-AliMaya-p15tz\" data-section=\"AliMaya-p15tz\" data-section-title=\"Specification\">Specification<\/div>\n<\/div>\n<div>\n<div id=\"tflpa\">\n<div class=\"table-responsive\">\n<table class=\"aliDataTable\">\n<tbody>\n<tr>\n<td>\n<div>Product Name<\/div>\n<\/td>\n<td>\n<div>PP Melt Blown sediment filter cartridge<\/div>\n<\/td>\n<\/tr>\n<tr>\n<td>\n<div>Length<\/div>\n<\/td>\n<td>\n<div>5, 10, 20, 30, 40&#8243;, 50&#8221;, 60&#8221; inch or customized<\/div>\n<\/td>\n<\/tr>\n<tr>\n<td>\n<div>Micron Rate<\/div>\n<\/td>\n<td>\n<div>1, 3 ,5 ,10 ,20 ,25 ,30 ,50 ,75, 100 micron<\/div>\n<\/td>\n<\/tr>\n<tr>\n<td>\n<div>End Cap<\/div>\n<\/td>\n<td>\n<div>DOE\/SOE, 222+Fin, 222+Flat, 226+Fin, 226+Flat, 215+Flat\/Fin<\/div>\n<\/td>\n<\/tr>\n<tr>\n<td>\n<div>Inner Diameter<\/div>\n<\/td>\n<td>\n<div>28~30mm, or OEM<\/div>\n<\/td>\n<\/tr>\n<tr>\n<td>\n<div>Outer Diameter<\/div>\n<\/td>\n<td>\n<div>60~65mm, Jumbo 110~115mm, or OEM<\/div>\n<\/td>\n<\/tr>\n<tr>\n<td>\n<div>Gasket\/O ring material<\/div>\n<\/td>\n<td>\n<div>Silicon\/EPDM\/NBR\/Viton<\/div>\n<\/td>\n<\/tr>\n<tr>\n<td>\n<div>Material<\/div>\n<\/td>\n<td>\n<div>100% pure Polypropylene or Nylon<\/div>\n<\/td>\n<\/tr>\n<tr>\n<td>\n<div>Surface<\/div>\n<\/td>\n<td>\n<div>Groove, Pressure points, Flat, Embrossing, Orange peel<\/div>\n<\/td>\n<\/tr>\n<tr>\n<td>\n<div>Inner core<\/div>\n<\/td>\n<td>\n<div>None, PP or stainless steel<\/div>\n<\/td>\n<\/tr>\n<tr>\n<td>\n<div>Interface<\/div>\n<\/td>\n<td>\n<div>Flat or insert<\/div>\n<\/td>\n<\/tr>\n<tr>\n<td>\n<div>Max. Operating Pressure Difference:<\/div>\n<\/td>\n<td>\n<div>\u2022 80\u00b0C: 1.2kg\/cm2<br \/>\n\u2022 60\u00b0C: 2.1kg\/cm2<br \/>\n\u2022 20\u00b0C: 4.2kg\/cm2<\/div>\n<\/td>\n<\/tr>\n<tr>\n<td>\n<div>Max. Operating Temperature<\/div>\n<\/td>\n<td>\n<div>80\u00b0C<\/div>\n<\/td>\n<\/tr>\n<tr>\n<td>\n<div>Recommended Change-out Pressure Difference<\/div>\n<\/td>\n<td>\n<div>2.1 bar (kg\/cm2)<\/div>\n<\/td>\n<\/tr>\n<tr>\n<td>\n<div>Common weight<\/div>\n<\/td>\n<td>\n<div>100- 120g\/10&#8243; (It can be customized)<\/div>\n<\/td>\n<\/tr>\n<\/tbody>\n<\/table>\n<\/div>\n<\/div>\n<\/div>\n<\/div>\n<div>\n<div id=\"oqdw4\">\n<div id=\"ali-anchor-AliMaya-26yxn\" data-section=\"AliMaya-26yxn\" data-section-title=\"Application\">Application<\/div>\n<\/div>\n<div>\n<div id=\"yv4ro\">\n<div><img decoding=\"async\" src=\"https:\/\/img.yfisher.com\/m6076\/1725726790j45\/jpg70-t3-scale100.webp\" alt=\"Cartridge Filter Water 40&#039;&#039; inch pp melt blown sediment filter 33\" data-lazy=\"2\" title=\"\"><\/div>\n<\/div>\n<\/div>\n<div>\n<div id=\"3ce31\">\n<p>1. Drinking Water Treatment<br \/>\n2. Industrial water treatment, like electronic, power, plating and oil industry.<br \/>\n3. Pre-filtration of RO\/DI system<br \/>\n4. Food and Beverage<br \/>\n5. Sea Water Desalination<br \/>\n6. Chemical, solvent, wine, etc.<\/p>\n<\/div>\n<\/div>\n<\/div>\n<div>\n<div id=\"w40uu\">\n<div id=\"ali-anchor-AliMaya-8v2ys\" data-section=\"AliMaya-8v2ys\" data-section-title=\"Related Products\">Related Products<\/div>\n<\/div>\n<div>\n<div id=\"lv8cu\">\n<div><img decoding=\"async\" src=\"https:\/\/img.yfisher.com\/m6076\/1725286991npi\/jpg70-t3-scale100.webp\" alt=\"Cartridge Filter Water 40&#039;&#039; inch pp melt blown sediment filter 35\" data-lazy=\"2\" title=\"\"><\/div>\n<\/div>\n<\/div>\n<\/div>\n<div>\n<div id=\"tacxz\">\n<div id=\"ali-anchor-AliMaya-kgcwv\" data-section=\"AliMaya-kgcwv\" data-section-title=\"Our Company\">Our Company<\/div>\n<\/div>\n<div>\n<div id=\"t56zq\">\n<div><img decoding=\"async\" src=\"https:\/\/img.yfisher.com\/m6076\/17252869910zy\/jpg70-t3-scale100.webp\" alt=\"Cartridge Filter Water 40&#039;&#039; inch pp melt blown sediment filter 37\" data-lazy=\"2\" title=\"\"><\/div>\n<\/div>\n<\/div>\n<div>\n<div id=\"nopxx\">\n<div><img decoding=\"async\" src=\"https:\/\/img.yfisher.com\/m6076\/1725726784cdv\/jpg70-t3-scale100.webp\" alt=\"Cartridge Filter Water 40&#039;&#039; inch pp melt blown sediment filter 39\" data-lazy=\"2\" title=\"\"><\/div>\n<\/div>\n<\/div>\n<div>\n<div id=\"e2uvz\">\n<div><img decoding=\"async\" src=\"https:\/\/img.yfisher.com\/m6076\/172528699264c\/jpg70-t3-scale100.webp\" alt=\"Cartridge Filter Water 40&#039;&#039; inch pp melt blown sediment filter 41\" data-lazy=\"2\" title=\"\"><\/div>\n<\/div>\n<\/div>\n<\/div>\n<div>\n<div id=\"647vy\">\n<div id=\"ali-anchor-AliMaya-3uszi\" data-section=\"AliMaya-3uszi\" data-section-title=\"Certification\">Certification<\/div>\n<\/div>\n<div>\n<div id=\"ogqr2\">\n<div><img decoding=\"async\" src=\"https:\/\/img.yfisher.com\/m6076\/1725286992mhb\/jpg70-t3-scale100.webp\" alt=\"Cartridge Filter Water 40&#039;&#039; inch pp melt blown sediment filter 43\" data-lazy=\"2\" title=\"\"><\/div>\n<\/div>\n<\/div>\n<\/div>\n<div>\n<div id=\"6w08y\">\n<div id=\"ali-anchor-AliMaya-3d4ry\" data-section=\"AliMaya-3d4ry\" data-section-title=\"Contact\">Contact<\/div>\n<\/div>\n<div>\n<div id=\"4752f\">\n<div><img decoding=\"async\" src=\"https:\/\/img.yfisher.com\/m6076\/1725286992iz8\/jpg70-t3-scale100.webp\" alt=\"Cartridge Filter Water 40&#039;&#039; inch pp melt blown sediment filter 45\" data-lazy=\"2\" title=\"\"><\/div>\n<\/div>\n<\/div>\n<\/div>\n<\/div>\n<\/div>\n<\/div>\n<\/div>\n<div data-module=\"detailMarketPackage\"><\/div>\n<div data-module=\"productAuth\"><\/div>\n<\/div>\n<\/div>\n<div class=\"diffStatement\">The product has the advantage of easy operation and maintenance. This will finally lead to a reduction in operation costs. It offers excellent filtration and good thermal stability. Thanks to its rapid movement and positioning of moving parts, the product greatly improves productivity and saves a lot of time. It offers excellent filtration and good thermal stability.<\/div>\n","protected":false},"excerpt":{"rendered":"<p>Bu PP spun filtre kartu\u015flar\u0131, tortuyu mikron seviyesinde tutarak su sisteminizi korumaya yard\u0131mc\u0131 olur. RO veya s\u0131v\u0131 filtrasyon kurulumunuza uyan mikron oran\u0131n\u0131, u\u00e7 kapa\u011f\u0131n\u0131 ve uzunlu\u011fu se\u00e7in.<\/p>","protected":false},"featured_media":1334,"comment_status":"open","ping_status":"closed","template":"","meta":{"_gspb_post_css":""},"product_brand":[],"product_cat":[23,17],"product_tag":[682,299,683,681,675,296],"class_list":{"0":"post-1326","1":"product","2":"type-product","3":"status-publish","4":"has-post-thumbnail","6":"product_cat-pp-filter-cartridge","7":"product_cat-sediment-filter","8":"product_tag-1-micron-to-100-micron","9":"product_tag-ce-sgs-certified","10":"product_tag-doe-222-226-end-caps","11":"product_tag-liquid-cartridge-filter","12":"product_tag-pp-spun-filter-cartridge","13":"product_tag-reverse-osmosis-filter-parts","15":"first","16":"instock","17":"shipping-taxable","18":"product-type-simple"},"_links":{"self":[{"href":"https:\/\/lyfilter.com\/tr\/wp-json\/wp\/v2\/product\/1326","targetHints":{"allow":["GET"]}}],"collection":[{"href":"https:\/\/lyfilter.com\/tr\/wp-json\/wp\/v2\/product"}],"about":[{"href":"https:\/\/lyfilter.com\/tr\/wp-json\/wp\/v2\/types\/product"}],"replies":[{"embeddable":true,"href":"https:\/\/lyfilter.com\/tr\/wp-json\/wp\/v2\/comments?post=1326"}],"wp:featuredmedia":[{"embeddable":true,"href":"https:\/\/lyfilter.com\/tr\/wp-json\/wp\/v2\/media\/1334"}],"wp:attachment":[{"href":"https:\/\/lyfilter.com\/tr\/wp-json\/wp\/v2\/media?parent=1326"}],"wp:term":[{"taxonomy":"product_brand","embeddable":true,"href":"https:\/\/lyfilter.com\/tr\/wp-json\/wp\/v2\/product_brand?post=1326"},{"taxonomy":"product_cat","embeddable":true,"href":"https:\/\/lyfilter.com\/tr\/wp-json\/wp\/v2\/product_cat?post=1326"},{"taxonomy":"product_tag","embeddable":true,"href":"https:\/\/lyfilter.com\/tr\/wp-json\/wp\/v2\/product_tag?post=1326"}],"curies":[{"name":"wp","href":"https:\/\/api.w.org\/{rel}","templated":true}]}}