{"id":1289,"date":"2026-01-04T07:45:12","date_gmt":"2026-01-04T07:45:12","guid":{"rendered":"https:\/\/lyfilter.com\/?post_type=product&#038;p=1289"},"modified":"2026-01-04T07:45:12","modified_gmt":"2026-01-04T07:45:12","slug":"big-water-filter-rate-pp-filter-core-1-5-10-microns-water-sediment-filter-cartridge-with-222-226-227-fin-plastic","status":"publish","type":"product","link":"https:\/\/lyfilter.com\/tr\/big-water-filter-rate-pp-filter-core-1-5-10-microns-water-sediment-filter-cartridge-with-222-226-227-fin-plastic\/","title":{"rendered":"B\u00fcy\u00fck su filtresi oran\u0131 PP filtre \u00e7ekirde\u011fi 1\/5\/10 mikron su tortusu filtre kartu\u015fu 222 226 227 Fin plastik"},"content":{"rendered":"<table>\n<thead>\n<tr>\n<th>Genel Bak\u0131\u015f<\/th>\n<th>Plastik u\u00e7 kapakl\u0131 PP filtre \u00e7ekirdekli su tortu filtre kartu\u015fu<\/th>\n<\/tr>\n<\/thead>\n<tbody>\n<tr>\n<td>Durum<\/td>\n<td>Yeni<\/td>\n<\/tr>\n<tr>\n<td>Uygulanabilir Sekt\u00f6rler<\/td>\n<td>Oteller, Konfeksiyon Ma\u011fazalar\u0131, \u0130n\u015faat Malzemesi Ma\u011fazalar\u0131, \u00dcretim Tesisi, Makine Tamir At\u00f6lyeleri, Yiyecek ve \u0130\u00e7ecek Fabrikas\u0131, \u00c7iftlikler, Restoran, Ev Kullan\u0131m\u0131, Perakende, Yiyecek Ma\u011fazas\u0131, Matbaalar, \u0130n\u015faat i\u015fleri, Enerji ve Madencilik, Yiyecek ve \u0130\u00e7ecek Ma\u011fazalar\u0131, Reklam \u015eirketi<\/td>\n<\/tr>\n<tr>\n<td>Garanti Sonras\u0131 Hizmet<\/td>\n<td>\u00c7evrimi\u00e7i destek<\/td>\n<\/tr>\n<tr>\n<td>Yerel Hizmet Konumu<\/td>\n<td>Hi\u00e7biri<\/td>\n<\/tr>\n<tr>\n<td>Showroom Konumu<\/td>\n<td>Hi\u00e7biri<\/td>\n<\/tr>\n<tr>\n<td>Video giden-denetim<\/td>\n<td>Sa\u011fland\u0131<\/td>\n<\/tr>\n<tr>\n<td>Makine Test Raporu<\/td>\n<td>Sa\u011fland\u0131<\/td>\n<\/tr>\n<tr>\n<td>Pazarlama T\u00fcr\u00fc<\/td>\n<td>S\u0131radan \u00dcr\u00fcn<\/td>\n<\/tr>\n<tr>\n<td>\u00c7ekirdek bile\u015fenlerin garantisi<\/td>\n<td>1 Y\u0131l<\/td>\n<\/tr>\n<tr>\n<td>\u00c7ekirdek Bile\u015fenler<\/td>\n<td>Bas\u0131n\u00e7l\u0131 kap<\/td>\n<\/tr>\n<tr>\n<td>Men\u015fe Yeri<\/td>\n<td>Guangdong, \u00c7in<\/td>\n<\/tr>\n<tr>\n<td>Marka Ad\u0131<\/td>\n<td>LVYUAN\/OEM<\/td>\n<\/tr>\n<tr>\n<td>Malzeme<\/td>\n<td>Polipropilen<\/td>\n<\/tr>\n<tr>\n<td>A\u011f\u0131rl\u0131k<\/td>\n<td>OEM<\/td>\n<\/tr>\n<tr>\n<td>Boyut<\/td>\n<td>OEM<\/td>\n<\/tr>\n<tr>\n<td>G\u00fc\u00e7<\/td>\n<td>0<\/td>\n<\/tr>\n<tr>\n<td>Garanti<\/td>\n<td>Kullan\u0131lam\u0131yor<\/td>\n<\/tr>\n<tr>\n<td>\u00dcr\u00fcn ad\u0131<\/td>\n<td>Plastik u\u00e7 kapakl\u0131 PP filtre \u00e7ekirdekli su tortu filtre kartu\u015fu<\/td>\n<\/tr>\n<tr>\n<td>Filtre tipi<\/td>\n<td>Yiv, Kabartma, Noktalar, \u015eirket logosu<\/td>\n<\/tr>\n<tr>\n<td>Do\u011fruluk<\/td>\n<td>1-100 mikron<\/td>\n<\/tr>\n<tr>\n<td>D\u0131\u015f \u00e7ap<\/td>\n<td>10-200mm<\/td>\n<\/tr>\n<tr>\n<td>\u0130\u00e7 \u00e7ap<\/td>\n<td>OEM<\/td>\n<\/tr>\n<tr>\n<td>Filtre adapt\u00f6r\u00fc<\/td>\n<td>D\u00fcz tip, Tip 222, Tip 226, Tip 215, Tip 227<\/td>\n<\/tr>\n<tr>\n<td>En y\u00fcksek s\u0131cakl\u0131k<\/td>\n<td>80\u2103<\/td>\n<\/tr>\n<tr>\n<td>\u0130\u015f bas\u0131nc\u0131 d\u00fc\u015f\u00fc\u015f\u00fc<\/td>\n<td>0,1kgf\/c\u33a1<\/td>\n<\/tr>\n<tr>\n<td>En y\u00fcksek kapal\u0131<\/td>\n<td>5kgf\/c\u33a1<\/td>\n<\/tr>\n<tr>\n<td>Maksimum bas\u0131n\u00e7 d\u00fc\u015f\u00fc\u015f\u00fc<\/td>\n<td>3kgf\/c\u33a1<\/td>\n<\/tr>\n<tr>\n<td>Sat\u0131\u015f Birimleri<\/td>\n<td>Tek \u00fcr\u00fcn<\/td>\n<\/tr>\n<tr>\n<td>Tek paket boyutu<\/td>\n<td>53 \u00d7 33 \u00d7 33 cm<\/td>\n<\/tr>\n<tr>\n<td>Tek br\u00fct a\u011f\u0131rl\u0131k<\/td>\n<td>9.000 kg<\/td>\n<\/tr>\n<tr>\n<td>Paket Tipi<\/td>\n<td>Ka\u011f\u0131t kartonda paketlenmi\u015ftir<\/td>\n<\/tr>\n<tr>\n<td>Teslim s\u00fcresi (1-100 adet)<\/td>\n<td>3 g\u00fcn<\/td>\n<\/tr>\n<tr>\n<td>Teslim s\u00fcresi (101-500 adet)<\/td>\n<td>5 g\u00fcn<\/td>\n<\/tr>\n<tr>\n<td>Teslim s\u00fcresi (501-5000 adet)<\/td>\n<td>10 g\u00fcn<\/td>\n<\/tr>\n<tr>\n<td>Teslim s\u00fcresi (&gt;5000 adet)<\/td>\n<td>M\u00fczakere edilecek<\/td>\n<\/tr>\n<\/tbody>\n<\/table>","protected":false},"excerpt":{"rendered":"<p>Bu PP tortu kartu\u015fu, g\u00f6r\u00fcn\u00fcr partik\u00fclleri azaltmaya ve evlerde ve end\u00fcstriyel tesislerde a\u015fa\u011f\u0131 ak\u0131\u015f ekipman\u0131n\u0131 korumaya yard\u0131mc\u0131 olur. Muhafaza ve ak\u0131\u015f ihtiya\u00e7lar\u0131n\u0131za uyacak mikron derecesini, \u00e7ap\u0131 ve u\u00e7 kapak adapt\u00f6r\u00fcn\u00fc se\u00e7in.<\/p>","protected":false},"featured_media":1290,"comment_status":"open","ping_status":"closed","template":"","meta":{"_gspb_post_css":""},"product_brand":[],"product_cat":[23,17],"product_tag":[671,672,674,670,673,669],"class_list":{"0":"post-1289","1":"product","2":"type-product","3":"status-publish","4":"has-post-thumbnail","6":"product_cat-pp-filter-cartridge","7":"product_cat-sediment-filter","8":"product_tag-1-100-micron-filter-cartridge","9":"product_tag-222-226-227-adaptor","10":"product_tag-oem-water-filter-cartridge","11":"product_tag-plastic-end-cap-filter-core","12":"product_tag-polypropylene-water-filter-core","13":"product_tag-pp-sediment-filter-cartridge","15":"first","16":"instock","17":"shipping-taxable","18":"product-type-simple"},"_links":{"self":[{"href":"https:\/\/lyfilter.com\/tr\/wp-json\/wp\/v2\/product\/1289","targetHints":{"allow":["GET"]}}],"collection":[{"href":"https:\/\/lyfilter.com\/tr\/wp-json\/wp\/v2\/product"}],"about":[{"href":"https:\/\/lyfilter.com\/tr\/wp-json\/wp\/v2\/types\/product"}],"replies":[{"embeddable":true,"href":"https:\/\/lyfilter.com\/tr\/wp-json\/wp\/v2\/comments?post=1289"}],"wp:featuredmedia":[{"embeddable":true,"href":"https:\/\/lyfilter.com\/tr\/wp-json\/wp\/v2\/media\/1290"}],"wp:attachment":[{"href":"https:\/\/lyfilter.com\/tr\/wp-json\/wp\/v2\/media?parent=1289"}],"wp:term":[{"taxonomy":"product_brand","embeddable":true,"href":"https:\/\/lyfilter.com\/tr\/wp-json\/wp\/v2\/product_brand?post=1289"},{"taxonomy":"product_cat","embeddable":true,"href":"https:\/\/lyfilter.com\/tr\/wp-json\/wp\/v2\/product_cat?post=1289"},{"taxonomy":"product_tag","embeddable":true,"href":"https:\/\/lyfilter.com\/tr\/wp-json\/wp\/v2\/product_tag?post=1289"}],"curies":[{"name":"wp","href":"https:\/\/api.w.org\/{rel}","templated":true}]}}