{"id":1236,"date":"2026-01-04T06:54:16","date_gmt":"2026-01-04T06:54:16","guid":{"rendered":"https:\/\/lyfilter.com\/?post_type=product&#038;p=1236"},"modified":"2026-01-07T07:01:57","modified_gmt":"2026-01-07T07:01:57","slug":"water-associate-udf-activated-cto-compressed-carbon-pp-sediment-filter-cartridge-for-drinking-water-purifier-prefiltering-1-water-associate-udf-activated-cto-compressed-carbon-pp-sediment-filter-cartr","status":"publish","type":"product","link":"https:\/\/lyfilter.com\/tr\/water-associate-udf-activated-cto-compressed-carbon-pp-sediment-filter-cartridge-for-drinking-water-purifier-prefiltering-1-water-associate-udf-activated-cto-compressed-carbon-pp-sediment-filter-cartr\/","title":{"rendered":"Su Associate UDF Aktif CTO S\u0131k\u0131\u015ft\u0131r\u0131lm\u0131\u015f Karbon PP Sediment Filtre kartu\u015fu i\u00e7me Suyu Ar\u0131tma \u00d6n Filtreleme i\u00e7in"},"content":{"rendered":"<table>\n<thead>\n<tr>\n<th>Genel Bak\u0131\u015f<\/th>\n<th>\u0130\u00e7me suyu i\u00e7in UDF\/CTO karbon filtre kartu\u015fu (LY-PPF serisi)<\/th>\n<\/tr>\n<\/thead>\n<tbody>\n<tr>\n<td>Men\u015fe Yeri<\/td>\n<td>Guangdong, \u00c7in<\/td>\n<\/tr>\n<tr>\n<td>Marka Ad\u0131<\/td>\n<td>Lvyuan \/ OEM<\/td>\n<\/tr>\n<tr>\n<td>Model Numaras\u0131<\/td>\n<td>LY-PPF serisi<\/td>\n<\/tr>\n<tr>\n<td>\u00dcr\u00fcn ad\u0131<\/td>\n<td>i\u00e7me suyu i\u00e7in udf cto karbon filtre kartu\u015fu<\/td>\n<\/tr>\n<tr>\n<td>Mikron Oran\u0131<\/td>\n<td>1, 3, 5, 10 ~100<\/td>\n<\/tr>\n<tr>\n<td>Sertifikasyon<\/td>\n<td>CE, SGS<\/td>\n<\/tr>\n<tr>\n<td>Uygulama<\/td>\n<td>su filtresi par\u00e7alar\u0131, Ters Osmoz<\/td>\n<\/tr>\n<tr>\n<td>Kullan\u0131m<\/td>\n<td>S\u0131v\u0131 Kartu\u015f filtre<\/td>\n<\/tr>\n<tr>\n<td>Uzunluk<\/td>\n<td>5\u2033, 10\u2033, 20\u2033, 30\u2033, 40\u2033, 50\u201d in\u00e7<\/td>\n<\/tr>\n<tr>\n<td>Filtre Ortam\u0131<\/td>\n<td>pp eriyik \u00fcflemeli filtre kartu\u015fu<\/td>\n<\/tr>\n<tr>\n<td>U\u00e7 Kapa\u011f\u0131<\/td>\n<td>DOE, 222+Fin, 222+Flat, 226+Fin, 226+Flat<\/td>\n<\/tr>\n<tr>\n<td>Conta\/O halka malzemesi<\/td>\n<td>Silikon \/ EPDM \/ Viton<\/td>\n<\/tr>\n<tr>\n<td>\u0130\u00e7 \u00e7ekirdek<\/td>\n<td>PP veya Yok<\/td>\n<\/tr>\n<tr>\n<td>Tedarik Yetene\u011fi<\/td>\n<td>G\u00fcnde 5000 Adet \/ Adet (i\u00e7me suyu i\u00e7in udf cto karbon filtre kartu\u015fu)<\/td>\n<\/tr>\n<\/tbody>\n<\/table>","protected":false},"excerpt":{"rendered":"<p>Bu UDF\/CTO kartu\u015f, istenmeyen partik\u00fclleri azaltarak ve a\u015fa\u011f\u0131 ak\u0131\u015f filtrelerinin korunmas\u0131na yard\u0131mc\u0131 olarak daha temiz tada sahip i\u00e7me suyu ve RO sistemleri i\u00e7in \u00fcretilmi\u015ftir. Muhafazan\u0131za uymas\u0131 i\u00e7in mikron derecesini, uzunlu\u011fu, u\u00e7 kapa\u011f\u0131 stilini ve O-ring malzemesini se\u00e7in.<\/p>","protected":false},"featured_media":1244,"comment_status":"open","ping_status":"closed","template":"","meta":{"_gspb_post_css":""},"product_brand":[],"product_cat":[23,17],"product_tag":[653,650,654,649,655,652],"class_list":{"0":"post-1236","1":"product","2":"type-product","3":"status-publish","4":"has-post-thumbnail","6":"product_cat-pp-filter-cartridge","7":"product_cat-sediment-filter","8":"product_tag-cto-carbon-filter-cartridge","9":"product_tag-doe-222-226-end-cap","10":"product_tag-drinking-water-filter","11":"product_tag-reverse-osmosis-prefilter","12":"product_tag-silicon-epdm-viton-o-ring","13":"product_tag-udf-carbon-filter-cartridge","15":"first","16":"instock","17":"shipping-taxable","18":"product-type-simple"},"_links":{"self":[{"href":"https:\/\/lyfilter.com\/tr\/wp-json\/wp\/v2\/product\/1236","targetHints":{"allow":["GET"]}}],"collection":[{"href":"https:\/\/lyfilter.com\/tr\/wp-json\/wp\/v2\/product"}],"about":[{"href":"https:\/\/lyfilter.com\/tr\/wp-json\/wp\/v2\/types\/product"}],"replies":[{"embeddable":true,"href":"https:\/\/lyfilter.com\/tr\/wp-json\/wp\/v2\/comments?post=1236"}],"wp:featuredmedia":[{"embeddable":true,"href":"https:\/\/lyfilter.com\/tr\/wp-json\/wp\/v2\/media\/1244"}],"wp:attachment":[{"href":"https:\/\/lyfilter.com\/tr\/wp-json\/wp\/v2\/media?parent=1236"}],"wp:term":[{"taxonomy":"product_brand","embeddable":true,"href":"https:\/\/lyfilter.com\/tr\/wp-json\/wp\/v2\/product_brand?post=1236"},{"taxonomy":"product_cat","embeddable":true,"href":"https:\/\/lyfilter.com\/tr\/wp-json\/wp\/v2\/product_cat?post=1236"},{"taxonomy":"product_tag","embeddable":true,"href":"https:\/\/lyfilter.com\/tr\/wp-json\/wp\/v2\/product_tag?post=1236"}],"curies":[{"name":"wp","href":"https:\/\/api.w.org\/{rel}","templated":true}]}}