{"id":1223,"date":"2026-01-04T06:46:40","date_gmt":"2026-01-04T06:46:40","guid":{"rendered":"https:\/\/lyfilter.com\/?post_type=product&#038;p=1223"},"modified":"2026-01-04T06:46:40","modified_gmt":"2026-01-04T06:46:40","slug":"oem-customized-polypropylene-melt-blown-filter-with-pp-water-filter-media-1-5-10-100micron","status":"publish","type":"product","link":"https:\/\/lyfilter.com\/tr\/oem-customized-polypropylene-melt-blown-filter-with-pp-water-filter-media-1-5-10-100micron\/","title":{"rendered":"PP su filtresi ortam\u0131 ile OEM \u00f6zelle\u015ftirilmi\u015f Polipropilen eriyik \u00fcflemeli filtre 1 5 10 100 mikron"},"content":{"rendered":"<table>\n<thead>\n<tr>\n<th>Genel Bak\u0131\u015f<\/th>\n<th>Polipropilen eriyik \u00fcflemeli filtre kartu\u015fu (LY-PPF serisi)<\/th>\n<\/tr>\n<\/thead>\n<tbody>\n<tr>\n<td>Men\u015fe Yeri<\/td>\n<td>Guangdong, \u00c7in<\/td>\n<\/tr>\n<tr>\n<td>Marka Ad\u0131<\/td>\n<td>Lvyuan \/ OEM<\/td>\n<\/tr>\n<tr>\n<td>Model Numaras\u0131<\/td>\n<td>LY-PPF serisi<\/td>\n<\/tr>\n<tr>\n<td>\u00dcr\u00fcn ad\u0131<\/td>\n<td>poli\u0307propi\u0307len eri\u0307tme \u00fcflemeli\u0307 fi\u0307ltre<\/td>\n<\/tr>\n<tr>\n<td>Mikron Oran\u0131<\/td>\n<td>1, 3, 5, 10~100 mikron filtre kartu\u015fu<\/td>\n<\/tr>\n<tr>\n<td>Sertifikasyon<\/td>\n<td>CE, SGS<\/td>\n<\/tr>\n<tr>\n<td>Uygulama<\/td>\n<td>su filtresi par\u00e7alar\u0131, Ters Osmoz<\/td>\n<\/tr>\n<tr>\n<td>Kullan\u0131m<\/td>\n<td>S\u0131v\u0131 Kartu\u015f filtre<\/td>\n<\/tr>\n<tr>\n<td>Uzunluk<\/td>\n<td>5\u2033, 10\u2033, 20\u2033, 30\u2033, 40\u2033, 50\u201d in\u00e7<\/td>\n<\/tr>\n<tr>\n<td>Filtre Ortam\u0131<\/td>\n<td>Polipropilen PP membran<\/td>\n<\/tr>\n<tr>\n<td>U\u00e7 Kapa\u011f\u0131<\/td>\n<td>DOE, 222+Fin, 222+Flat, 226+Fin, 226+Flat<\/td>\n<\/tr>\n<tr>\n<td>OEM D\u0131\u015f \u00e7ap<\/td>\n<td>15 mm'den 200 mm'ye kadar se\u00e7enek<\/td>\n<\/tr>\n<tr>\n<td>\u0130\u00e7 \u00e7ekirdek<\/td>\n<td>PP veya Yok<\/td>\n<\/tr>\n<tr>\n<td>Tedarik Yetene\u011fi<\/td>\n<td>G\u00fcnde 5000 Adet \/ Adet (pp su filtresi ortam\u0131)<\/td>\n<\/tr>\n<\/tbody>\n<\/table>","protected":false},"excerpt":{"rendered":"<p>Bu eritilerek \u015fi\u015firilmi\u015f PP kartu\u015f, ince partik\u00fclleri tutarak su sistemlerinin ve RO \u00fcnitelerinin korunmas\u0131na yard\u0131mc\u0131 olur. OEM se\u00e7enekleri ile mikron derecesini, uzunlu\u011fu, u\u00e7 kapa\u011f\u0131 stilini ve muhafazan\u0131za uyacak \u00e7ap\u0131 se\u00e7in.<\/p>","protected":false},"featured_media":1242,"comment_status":"open","ping_status":"closed","template":"","meta":{"_gspb_post_css":""},"product_brand":[],"product_cat":[23,17],"product_tag":[644,650,651,647,648,649],"class_list":{"0":"post-1223","1":"product","2":"type-product","3":"status-publish","4":"has-post-thumbnail","6":"product_cat-pp-filter-cartridge","7":"product_cat-sediment-filter","8":"product_tag-1-micron-filter-cartridge","9":"product_tag-doe-222-226-end-cap","10":"product_tag-oem-diameter-filter","11":"product_tag-polypropylene-melt-blown-filter","12":"product_tag-pp-filter-cartridge","13":"product_tag-reverse-osmosis-prefilter","15":"first","16":"instock","17":"shipping-taxable","18":"product-type-simple"},"_links":{"self":[{"href":"https:\/\/lyfilter.com\/tr\/wp-json\/wp\/v2\/product\/1223","targetHints":{"allow":["GET"]}}],"collection":[{"href":"https:\/\/lyfilter.com\/tr\/wp-json\/wp\/v2\/product"}],"about":[{"href":"https:\/\/lyfilter.com\/tr\/wp-json\/wp\/v2\/types\/product"}],"replies":[{"embeddable":true,"href":"https:\/\/lyfilter.com\/tr\/wp-json\/wp\/v2\/comments?post=1223"}],"wp:featuredmedia":[{"embeddable":true,"href":"https:\/\/lyfilter.com\/tr\/wp-json\/wp\/v2\/media\/1242"}],"wp:attachment":[{"href":"https:\/\/lyfilter.com\/tr\/wp-json\/wp\/v2\/media?parent=1223"}],"wp:term":[{"taxonomy":"product_brand","embeddable":true,"href":"https:\/\/lyfilter.com\/tr\/wp-json\/wp\/v2\/product_brand?post=1223"},{"taxonomy":"product_cat","embeddable":true,"href":"https:\/\/lyfilter.com\/tr\/wp-json\/wp\/v2\/product_cat?post=1223"},{"taxonomy":"product_tag","embeddable":true,"href":"https:\/\/lyfilter.com\/tr\/wp-json\/wp\/v2\/product_tag?post=1223"}],"curies":[{"name":"wp","href":"https:\/\/api.w.org\/{rel}","templated":true}]}}