{"id":905,"date":"2025-12-25T03:17:46","date_gmt":"2025-12-25T03:17:46","guid":{"rendered":"https:\/\/lyfilter.com\/?post_type=product&#038;p=905"},"modified":"2025-12-25T03:17:46","modified_gmt":"2025-12-25T03:17:46","slug":"melt-blown-pp-filter-cartridge-with-pp-filter-core-for-water-filtration","status":"publish","type":"product","link":"https:\/\/lyfilter.com\/pt\/melt-blown-pp-filter-cartridge-with-pp-filter-core-for-water-filtration\/","title":{"rendered":"cartucho de filtro pp fundido e soprado com n\u00facleo de filtro pp para filtragem de \u00e1gua"},"content":{"rendered":"<div class=\"pro_aliData\">\n<div class=\"detail-box\">\n<div class=\"scc-wrapper detail-module module-productSpecification\" data-spm=\"pronpeci14\">\n<div id=\"J-rich-text-description\" class=\"richtext richtext-detail rich-text-description\">\n<div id=\"detail_decorate_root\" data-host=\"111234190\" data-id=\"detail_decorate_root\">\n<div id=\"_root\" class=\"engine-app\" data-reactroot=\"\">\n<div id=\"ali-anchor-AliMagic-nzusbc\" class=\"magic-0\" data-section=\"AliMagic-nzusbc\" data-section-title=\"Product Description\">Descri\u00e7\u00e3o do produto<\/div>\n<div class=\"icbu-pc-images magic-1\">\n<div>\n<div class=\"flex-layout-v\">\n<div class=\"flex-layout-h magic-1\">\n<div class=\"magic-2\"><img decoding=\"async\" class=\"magic-3\" src=\"https:\/\/img.yfisher.com\/m6076\/1725726990g0q\/jpg70-t3-scale100.webp\" alt=\"cartucho de filtro pp fundido e soprado com n\u00facleo de filtro pp para filtragem de \u00e1gua 7\" data-lazy=\"2\" title=\"\"><\/div>\n<\/div>\n<\/div>\n<\/div>\n<\/div>\n<div class=\"detail-decorate-json-renderer-container\">\n<div class=\"magic-4\">\n<div class=\"magic-5\">\n<div class=\"magic-6\">\n<div class=\"magic-7\">\n<p class=\"magic-8\"><b>Descri\u00e7\u00e3o geral<\/b><\/p>\n<p class=\"magic-8\">Lvyuan pp <a href=\"https:\/\/lyfilter.com\/pt\/melt-blown-filter-cartridge.html\/\">cartucho de filtro fundido soprado<\/a> \u00e9 um tipo de cartucho de filtro padr\u00e3o e simples para purifica\u00e7\u00e3o de \u00e1gua. Trata-se de uma fus\u00e3o e entrela\u00e7amento de fibras de polipropileno sem qualquer cola qu\u00edmica.<\/p>\n<p class=\"magic-8\">\nEste cartucho de filtro \u00e9 feito de mat\u00e9ria-prima de polipropileno puro 100%. Este cartucho de filtro \u00e9 radom para formar micro poros 3D, o que far\u00e1 com que o cartucho tenha 3 camadas com fibras finas na superf\u00edcie e fibras grossas e filtra\u00e7\u00e3o profunda. Como a fibra e a densidade de alta classifica\u00e7\u00e3o de filtra\u00e7\u00e3o e capacidade de reten\u00e7\u00e3o de poluentes no di\u00e2metro do cartucho de filtro, baixa queda de press\u00e3o, mudan\u00e7a gradual da estrutura de filtra\u00e7\u00e3o profunda com exterior solto e interior fechado, forte capacidade de reten\u00e7\u00e3o de poluentes, pode remover contaminantes de forma eficaz, como subst\u00e2ncia suspensa, part\u00edculas e ferrugem, proporcionando filtra\u00e7\u00e3o eficiente e longa vida \u00fatil.<\/p>\n<\/div>\n<\/div>\n<\/div>\n<\/div>\n<\/div>\n<div class=\"icbu-pc-images magic-1\">\n<div>\n<div class=\"flex-layout-v\">\n<div class=\"flex-layout-h magic-1\">\n<div class=\"magic-9\"><img decoding=\"async\" class=\"magic-10\" src=\"https:\/\/img.yfisher.com\/m6076\/17257276796e1\/jpg70-t3-scale100.webp\" alt=\"cartucho de filtro pp fundido e soprado com n\u00facleo de filtro pp para filtragem de \u00e1gua 9\" data-lazy=\"2\" title=\"\"><\/div>\n<\/div>\n<\/div>\n<\/div>\n<\/div>\n<div class=\"detail-decorate-json-renderer-container\">\n<div class=\"magic-4\">\n<div class=\"magic-5\">\n<div class=\"magic-6\">\n<div class=\"magic-7\">\n<p class=\"magic-8\"><b><span style=\"font-family: Arial, Helvetica; font-size: medium;\">Carater\u00edsticas:<\/span><\/b><\/p>\n<p>1. Elevada capacidade de reten\u00e7\u00e3o de sujidade e longa vida \u00fatil.<\/p>\n<p>2. Selo de a\u00e7o de tamanho e log\u00f3tipo personalizados.<\/p>\n<p>3. N\u00e3o provocaria a queda de fibras.<\/p>\n<\/div>\n<\/div>\n<\/div>\n<\/div>\n<\/div>\n<div class=\"icbu-pc-images magic-1\">\n<div>\n<div class=\"flex-layout-v\">\n<div class=\"flex-layout-h magic-1\">\n<div class=\"magic-11\"><img decoding=\"async\" class=\"magic-12\" src=\"https:\/\/img.yfisher.com\/m6076\/172572699030m\/jpg70-t3-scale100.webp\" alt=\"cartucho de filtro pp fundido e soprado com n\u00facleo de filtro pp para filtragem de \u00e1gua 11\" data-lazy=\"2\" title=\"\"><\/div>\n<\/div>\n<\/div>\n<\/div>\n<\/div>\n<div class=\"detail-decorate-json-renderer-container\">\n<div class=\"magic-4\">\n<div class=\"magic-5\">\n<div class=\"magic-6\">\n<div class=\"magic-7\">\n<p class=\"magic-8\"><b>\u00a0Especifica\u00e7\u00e3o do cartucho de filtro de \u00e1gua soprado Lvyuan pp melt:<\/b><\/p>\n<\/div>\n<\/div>\n<\/div>\n<\/div>\n<\/div>\n<div class=\"ife-detail-decorate-table\">\n<div class=\"table-responsive\">\n<table class=\"all magic-13\">\n<tbody>\n<tr>\n<td>\n<div class=\"magic-14\">Material do meio filtrante<\/div>\n<\/td>\n<td>\n<div class=\"magic-15\">PP (polipropileno)<\/div>\n<\/td>\n<\/tr>\n<tr>\n<td>\n<div class=\"magic-14\">N\u00facleo interm\u00e9dio\/capas de extremidade<\/div>\n<\/td>\n<td>\n<div class=\"magic-15\">PP\/nenhum<\/div>\n<\/td>\n<\/tr>\n<tr>\n<td>\n<div class=\"magic-14\">Material de veda\u00e7\u00e3o<\/div>\n<\/td>\n<td>\n<div class=\"magic-15\">Silicone, EPDM, NBR, VITON, TEFLON, etc<\/div>\n<\/td>\n<\/tr>\n<tr>\n<td>\n<div class=\"magic-14\">Adaptadores<\/div>\n<\/td>\n<td>\n<div class=\"magic-15\">DOE, 222plano, 222fino, 226plano, 226fino ou personalizado<\/div>\n<\/td>\n<\/tr>\n<tr>\n<td>\n<div class=\"magic-14\">Superf\u00edcie<\/div>\n<\/td>\n<td>\n<div class=\"magic-15\">Superf\u00edcie brilhante, ranhurada, com relevo, agulhada, casca de laranja<\/div>\n<\/td>\n<\/tr>\n<tr>\n<td>\n<div class=\"magic-14\">di\u00e2metro interior<\/div>\n<\/td>\n<td>\n<div class=\"magic-15\">28 mm, 30 mm ou personalizado<\/div>\n<\/td>\n<\/tr>\n<tr>\n<td>\n<div class=\"magic-14\">di\u00e2metro exterior<\/div>\n<\/td>\n<td>\n<div class=\"magic-15\">63mm, 65mm, ou personalizado<\/div>\n<\/td>\n<\/tr>\n<tr>\n<td>\n<div class=\"magic-14\">comprimento<\/div>\n<\/td>\n<td>\n<div class=\"magic-15\">10 polegadas, 20 polegadas, 30 polegadas, 40 polegadas<\/div>\n<\/td>\n<\/tr>\n<tr>\n<td>\n<div class=\"magic-14\">press\u00e3o diferencial m\u00e1xima<\/div>\n<\/td>\n<td>\n<div class=\"magic-15\">3,5 bar a 20\u2103<\/div>\n<\/td>\n<\/tr>\n<\/tbody>\n<\/table>\n<\/div>\n<\/div>\n<div class=\"detail-decorate-json-renderer-container\">\n<div class=\"magic-4\">\n<div class=\"magic-5\">\n<div class=\"magic-6\">\n<div class=\"magic-7\">\n<p class=\"magic-8\"><b>\u00a0Com anos de fabrico de pp melt blown, podemos aceitar especifica\u00e7\u00f5es personalizadas, multi-adaptadores, dois tipos de meios filtrantes.<\/b><\/p>\n<\/div>\n<\/div>\n<\/div>\n<\/div>\n<\/div>\n<div class=\"icbu-pc-images magic-1\">\n<div>\n<div class=\"flex-layout-v\">\n<div class=\"flex-layout-h magic-1\">\n<div class=\"magic-16\"><img decoding=\"async\" class=\"magic-17\" src=\"https:\/\/img.yfisher.com\/m6076\/1725727022zxt\/jpg70-t3-scale100.webp\" alt=\"cartucho de filtro pp fundido e soprado com n\u00facleo de filtro pp para filtragem de \u00e1gua 13\" data-lazy=\"2\" title=\"\"><\/div>\n<\/div>\n<\/div>\n<\/div>\n<\/div>\n<div class=\"detail-decorate-json-renderer-container\">\n<div class=\"magic-4\">\n<div class=\"magic-5\">\n<div class=\"magic-6\">\n<div class=\"magic-7\">\n<p class=\"magic-8\"><b>Servi\u00e7o de personaliza\u00e7\u00e3o:<\/b><\/p>\n<p class=\"magic-8\">1. Aceitar tamanho e comprimento personalizados.                            2. Aceitar adpator personalizado.<\/p>\n<p>3. Aceitar a personaliza\u00e7\u00e3o da apar\u00eancia.                                    4. Aceitar duas precis\u00f5es.<\/p>\n<p>5. Aceitar grama personalizada<\/p>\n<\/div>\n<\/div>\n<\/div>\n<\/div>\n<\/div>\n<div class=\"icbu-pc-images magic-1\">\n<div>\n<div class=\"flex-layout-v\">\n<div class=\"flex-layout-h magic-1\">\n<div class=\"magic-18\"><img decoding=\"async\" class=\"magic-19\" src=\"https:\/\/img.yfisher.com\/m6076\/172572699016s\/jpg70-t3-scale100.webp\" alt=\"cartucho de filtro pp fundido e soprado com n\u00facleo de filtro pp para filtragem de \u00e1gua 15\" data-lazy=\"2\" title=\"\"><\/div>\n<\/div>\n<\/div>\n<\/div>\n<\/div>\n<div class=\"icbu-pc-images magic-1\">\n<div>\n<div class=\"flex-layout-v\">\n<div class=\"flex-layout-h magic-1\">\n<div class=\"magic-20\"><img decoding=\"async\" class=\"magic-21\" src=\"https:\/\/img.yfisher.com\/m6076\/1725726990cd9\/jpg70-t3-scale100.webp\" alt=\"cartucho de filtro pp fundido e soprado com n\u00facleo de filtro pp para filtragem de \u00e1gua 17\" data-lazy=\"2\" title=\"\"><\/div>\n<\/div>\n<\/div>\n<\/div>\n<\/div>\n<div id=\"ali-anchor-AliMagic-pwy42l\" class=\"magic-0\" data-section=\"AliMagic-pwy42l\" data-section-title=\"Application\">Aplica\u00e7\u00e3o<\/div>\n<div class=\"detail-decorate-json-renderer-container\">\n<div class=\"magic-4\">\n<div class=\"magic-5\">\n<div class=\"magic-6\">\n<div class=\"magic-7\">\n<p class=\"magic-8\">1. Pr\u00e9-tratamento de \u00e1gua RO na \u00e1gua da torneira municipal<\/p>\n<p>2. \u00c1gua industrial, filtragem de revestimento<\/p>\n<p>3. Alimenta\u00e7\u00e3o e bebidas<\/p>\n<p>4. Pr\u00e9-filtragem de \u00e1gua est\u00e9ril e de \u00e1gua ultra pura<\/p>\n<p>5. \u00c1gua qu\u00edmica e solvente<\/p>\n<\/div>\n<\/div>\n<\/div>\n<\/div>\n<\/div>\n<div class=\"icbu-pc-images magic-1\">\n<div>\n<div class=\"flex-layout-v\">\n<div class=\"flex-layout-h magic-1\">\n<div class=\"magic-22\"><img decoding=\"async\" class=\"magic-23\" src=\"https:\/\/img.yfisher.com\/m6076\/1725726869o53\/jpg70-t3-scale100.webp\" alt=\"cartucho de filtro pp fundido e soprado com n\u00facleo de filtro pp para filtragem de \u00e1gua 19\" data-lazy=\"2\" title=\"\"><\/div>\n<\/div>\n<\/div>\n<\/div>\n<\/div>\n<div class=\"icbu-pc-images magic-1\">\n<div>\n<div class=\"flex-layout-v\">\n<div class=\"flex-layout-h magic-1\">\n<div class=\"magic-24\"><img decoding=\"async\" class=\"magic-25\" src=\"https:\/\/img.yfisher.com\/m6076\/1725726963xoc\/jpg70-t3-scale100.webp\" alt=\"cartucho de filtro pp fundido e soprado com n\u00facleo de filtro pp para filtragem de \u00e1gua 21\" data-lazy=\"2\" title=\"\"><\/div>\n<\/div>\n<\/div>\n<\/div>\n<\/div>\n<div id=\"ali-anchor-AliMagic-x6u3x0\" class=\"magic-0\" data-section=\"AliMagic-x6u3x0\" data-section-title=\"Related Products\">Produtos relacionados<\/div>\n<div class=\"icbu-pc-images magic-1\">\n<div>\n<div class=\"flex-layout-v\">\n<div class=\"flex-layout-h magic-1\">\n<div class=\"magic-26\"><a href=\"https:\/\/lyfilter.com\/pt\/melt-blown-pp-filter-cartridge-with-pp-filter-core-for-water-filtration-3963.html\/\" target=\"_blank\" rel=\"noopener noreferrer\"><img decoding=\"async\" class=\"magic-27\" src=\"https:\/\/img.yfisher.com\/m6076\/17257269064o0\/jpg70-t3-scale100.webp\" alt=\"cartucho de filtro pp fundido e soprado com n\u00facleo de filtro pp para filtragem de \u00e1gua 23\" data-id=\"child-image-0\" data-lazy=\"2\" title=\"\"><\/a><\/div>\n<div class=\"magic-28\"><a href=\"https:\/\/lyfilter.com\/pt\/melt-blown-pp-filter-cartridge-with-pp-filter-core-for-water-filtration-3963.html\/\" target=\"_blank\" rel=\"noopener noreferrer\"><img decoding=\"async\" class=\"magic-29\" src=\"https:\/\/img.yfisher.com\/m6076\/1725726804kyf\/jpg70-t3-scale100.webp\" alt=\"cartucho de filtro pp fundido e soprado com n\u00facleo de filtro pp para filtragem de \u00e1gua 25\" data-id=\"child-image-1\" data-lazy=\"2\" title=\"\"><\/a><\/div>\n<div class=\"magic-28\"><a href=\"https:\/\/lyfilter.com\/pt\/melt-blown-pp-filter-cartridge-with-pp-filter-core-for-water-filtration-3963.html\/\" target=\"_blank\" rel=\"noopener noreferrer\"><img decoding=\"async\" class=\"magic-30\" src=\"https:\/\/img.yfisher.com\/m6076\/1725726811o37\/jpg70-t3-scale100.webp\" alt=\"cartucho de filtro pp fundido e soprado com n\u00facleo de filtro pp para filtragem de \u00e1gua 27\" data-id=\"child-image-2\" data-lazy=\"2\" title=\"\"><\/a><\/div>\n<div class=\"magic-28\"><a href=\"https:\/\/lyfilter.com\/pt\/melt-blown-pp-filter-cartridge-with-pp-filter-core-for-water-filtration-3963.html\/\" target=\"_blank\" rel=\"noopener noreferrer\"><img decoding=\"async\" class=\"magic-31\" src=\"https:\/\/img.yfisher.com\/m6076\/1725727679jt9\/jpg70-t3-scale100.webp\" alt=\"cartucho de filtro pp fundido e soprado com n\u00facleo de filtro pp para filtragem de \u00e1gua 29\" data-id=\"child-image-3\" data-lazy=\"1\" title=\"\"><\/a><\/div>\n<\/div>\n<\/div>\n<\/div>\n<\/div>\n<div class=\"detail-decorate-json-renderer-container\">\n<div class=\"magic-4\">\n<div class=\"magic-5\">\n<div class=\"magic-6\">\n<div class=\"magic-7\">\n<p class=\"magic-8\">\u00a0 \u00a0Membrana filtrante de Tianium filtro plissado filtro de corda enrolada filtro de carbono<\/p>\n<\/div>\n<\/div>\n<\/div>\n<\/div>\n<\/div>\n<div class=\"icbu-pc-images magic-1\">\n<div>\n<div class=\"flex-layout-v\">\n<div class=\"flex-layout-h magic-1\">\n<div class=\"magic-26\"><a href=\"https:\/\/lyfilter.com\/pt\/melt-blown-pp-filter-cartridge-with-pp-filter-core-for-water-filtration-3963.html\/\" target=\"_blank\" rel=\"noopener noreferrer\"><img decoding=\"async\" class=\"magic-32\" src=\"https:\/\/img.yfisher.com\/m6076\/1725727024tme\/jpg70-t3-scale100.webp\" alt=\"cartucho de filtro pp fundido e soprado com n\u00facleo de filtro pp para filtragem de \u00e1gua 31\" data-id=\"child-image-0\" data-lazy=\"1\" title=\"\"><\/a><\/div>\n<div class=\"magic-28\"><a href=\"https:\/\/lyfilter.com\/pt\/melt-blown-pp-filter-cartridge-with-pp-filter-core-for-water-filtration-3963.html\/\" target=\"_blank\" rel=\"noopener noreferrer\"><img decoding=\"async\" class=\"magic-33\" src=\"https:\/\/img.yfisher.com\/m6076\/1725727679pje\/jpg70-t3-scale100.webp\" alt=\"cartucho de filtro pp fundido e soprado com n\u00facleo de filtro pp para filtragem de \u00e1gua 33\" data-id=\"child-image-1\" data-lazy=\"2\" title=\"\"><\/a><\/div>\n<div class=\"magic-28\"><a href=\"https:\/\/lyfilter.com\/pt\/melt-blown-pp-filter-cartridge-with-pp-filter-core-for-water-filtration-3963.html\/\" target=\"_blank\" rel=\"noopener noreferrer\"><img decoding=\"async\" class=\"magic-34\" src=\"https:\/\/img.yfisher.com\/m6076\/1725726906nz7\/jpg70-t3-scale100.webp\" alt=\"cartucho de filtro pp fundido e soprado com n\u00facleo de filtro pp para filtragem de \u00e1gua 35\" data-id=\"child-image-2\" data-lazy=\"2\" title=\"\"><\/a><\/div>\n<div class=\"magic-28\"><a href=\"https:\/\/lyfilter.com\/pt\/melt-blown-pp-filter-cartridge-with-pp-filter-core-for-water-filtration-3963.html\/\" target=\"_blank\" rel=\"noopener noreferrer\"><img decoding=\"async\" class=\"magic-35\" src=\"https:\/\/img.yfisher.com\/m6076\/1725726906vyz\/jpg70-t3-scale100.webp\" alt=\"cartucho de filtro pp fundido e soprado com n\u00facleo de filtro pp para filtragem de \u00e1gua 37\" data-id=\"child-image-3\" data-lazy=\"2\" title=\"\"><\/a><\/div>\n<\/div>\n<\/div>\n<\/div>\n<\/div>\n<div class=\"detail-decorate-json-renderer-container\">\n<div class=\"magic-4\">\n<div class=\"magic-5\">\n<div class=\"magic-6\">\n<div class=\"magic-7\">\n<p class=\"magic-8\">\u00a0caixa de filtro de saco caixa de filtro de cartucho \u00fanico caixa de filtro de cartucho m\u00faltiplo caixa de filtro de vinho<\/p>\n<\/div>\n<\/div>\n<\/div>\n<\/div>\n<\/div>\n<div class=\"icbu-pc-images magic-1\">\n<div>\n<div class=\"flex-layout-v\">\n<div class=\"flex-layout-h magic-1\">\n<div class=\"magic-36\"><a href=\"https:\/\/lyfilter.com\/pt\/melt-blown-pp-filter-cartridge-with-pp-filter-core-for-water-filtration-3963.html\/\" target=\"_blank\" rel=\"noopener noreferrer\"><img decoding=\"async\" class=\"magic-37\" src=\"https:\/\/img.yfisher.com\/m6076\/17257268694mn\/jpg70-t3-scale100.webp\" alt=\"cartucho de filtro pp fundido e soprado com n\u00facleo de filtro pp para filtragem de \u00e1gua 39\" data-lazy=\"2\" title=\"\"><\/a><\/div>\n<\/div>\n<\/div>\n<\/div>\n<\/div>\n<div id=\"ali-anchor-AliMagic-wuidpp\" class=\"magic-0\" data-section=\"AliMagic-wuidpp\" data-section-title=\"Our Certifications\">As nossas certifica\u00e7\u00f5es<\/div>\n<div class=\"icbu-pc-images magic-1\">\n<div>\n<div class=\"flex-layout-v\">\n<div class=\"flex-layout-h magic-1\">\n<div class=\"magic-38\"><img decoding=\"async\" class=\"magic-39\" src=\"https:\/\/img.yfisher.com\/m6076\/17257267814f6\/jpg70-t3-scale100.webp\" alt=\"cartucho de filtro pp fundido e soprado com n\u00facleo de filtro pp para filtragem de \u00e1gua 41\" data-lazy=\"2\" title=\"\"><\/div>\n<\/div>\n<\/div>\n<\/div>\n<\/div>\n<div id=\"ali-anchor-AliMagic-3az86z\" class=\"magic-0\" data-section=\"AliMagic-3az86z\" data-section-title=\"About us\">Sobre n\u00f3s<\/div>\n<div class=\"detail-decorate-json-renderer-container\">\n<div class=\"magic-4\">\n<div class=\"magic-5\">\n<div class=\"magic-6\">\n<div class=\"magic-7\">\n<p class=\"magic-8\">1. 10 anos de experi\u00eancia profissional como fabricante.<\/p>\n<p>2. N\u00f3s fornecemos servi\u00e7o de personaliza\u00e7\u00e3o OEM e ODM, voc\u00ea pode encontrar todos os tipos de pe\u00e7as de filtro de \u00e1gua industrial em nossa empresa.<\/p>\n<p>3. Todos os produtos t\u00eam garantia de qualidade. A nossa certifica\u00e7\u00e3o: CE ISO SGS<\/p>\n<p class=\"magic-8\">\n4. Os nossos trabalhadores s\u00e3o eficientes e as nossas vendas s\u00e3o profissionais, vamos dar o servi\u00e7o personalizado profissional.<\/p>\n<p>5. Nossos produtos est\u00e3o exportando para mais de 100 pa\u00edses e regi\u00f5es. Recebemos uma boa reputa\u00e7\u00e3o.<\/p>\n<p>6. Muitos cooperadores est\u00e3o ao nosso lado h\u00e1 muitos anos.<\/p>\n<p>7. Estamos determinados a fornecer o melhor servi\u00e7o e boa qualidade aos nossos clientes globais, seremos uma empresa cada vez mais profissional no futuro.<\/p>\n<\/div>\n<\/div>\n<\/div>\n<\/div>\n<\/div>\n<div class=\"icbu-pc-images magic-1\">\n<div>\n<div class=\"flex-layout-v\">\n<div class=\"flex-layout-h magic-1\">\n<div class=\"magic-40\"><img decoding=\"async\" class=\"magic-41\" src=\"https:\/\/img.yfisher.com\/m6076\/1725726781v86\/jpg70-t3-scale100.webp\" alt=\"cartucho de filtro pp fundido e soprado com n\u00facleo de filtro pp para filtragem de \u00e1gua 43\" data-lazy=\"2\" title=\"\"><\/div>\n<\/div>\n<\/div>\n<\/div>\n<\/div>\n<div id=\"ali-anchor-AliMagic-muwlep\" class=\"magic-0\" data-section=\"AliMagic-muwlep\" data-section-title=\"Our Service\">O nosso servi\u00e7o<\/div>\n<div class=\"detail-decorate-json-renderer-container\">\n<div class=\"magic-4\">\n<div class=\"magic-5\">\n<div class=\"magic-6\">\n<div class=\"magic-7\">\n<p class=\"magic-8\"><b>Constru\u00edmos um relacionamento de longo prazo com nossos clientes e ganhamos uma boa reputa\u00e7\u00e3o de nossos clientes. Fornecendo o melhor servi\u00e7o que pudermos.<\/b><\/p>\n<p>1. Aceitar comprimento personalizado, pacote, logotipo etc, como voc\u00ea oferece seu desenho e imagem.<\/p>\n<p class=\"magic-8\">\n2. Aceitar a ordem de compra de amostras, aceitar MOQ=10.<\/p>\n<p>3. Responderemos no prazo de 20 horas.<\/p>\n<p>4. Recebido o pagamento, entraremos em contacto consigo na primeira vez e organizaremos a produ\u00e7\u00e3o e inform\u00e1-lo-emos do processo mais recente.<\/p>\n<p>5. Qualquer d\u00favida, entre em contacto connosco, iremos ajud\u00e1-lo a resolver o problema o mais r\u00e1pido poss\u00edvel.<\/p>\n<\/div>\n<\/div>\n<\/div>\n<\/div>\n<\/div>\n<div id=\"ali-anchor-AliMagic-mpbvmb\" class=\"magic-0\" data-section=\"AliMagic-mpbvmb\" data-section-title=\"Packing &amp; Delivery\">Embalagem e entrega<\/div>\n<div class=\"detail-decorate-json-renderer-container\">\n<div class=\"magic-4\">\n<div class=\"magic-5\">\n<div class=\"magic-6\">\n<div class=\"magic-7\">\n<p class=\"magic-8\"><b>Embalagem:<\/b><\/p>\n<p class=\"magic-8\">\nOs produtos s\u00e3o embalados em caixas de cart\u00e3o\/madeira de alta qualidade, adequadas para o transporte mar\u00edtimo de longa dist\u00e2ncia, bem como para climas e com boa resist\u00eancia \u00e0 humidade e aos choques.<\/p>\n<p><b>Prazo de entrega:<\/b><\/p>\n<p>1. Se este tipo de produtos estiver em stock, o produto ser\u00e1 enviado para si 1-7 dias ap\u00f3s o pagamento.<\/p>\n<p>2. Se este tipo de produtos n\u00e3o estiver em stock, os produtos demorar\u00e3o cerca de 7-25 dias a ser produzidos.<\/p>\n<p class=\"magic-8\">\n<b>Envio:<\/b><\/p>\n<p>Mar\u00edtimo, Ferrovi\u00e1rio, A\u00e9reo (DHL\/UPS\/TNT\/FEDEX)<\/p>\n<\/div>\n<\/div>\n<\/div>\n<\/div>\n<\/div>\n<div class=\"icbu-pc-images magic-1\">\n<div>\n<div class=\"flex-layout-v\">\n<div class=\"flex-layout-h magic-1\">\n<div class=\"magic-42\"><img decoding=\"async\" class=\"magic-43\" src=\"https:\/\/img.yfisher.com\/m6076\/1725726773qyg\/jpg70-t3-scale100.webp\" alt=\"cartucho de filtro pp fundido e soprado com n\u00facleo de filtro pp para filtragem de \u00e1gua 45\" data-lazy=\"2\" title=\"\"><\/div>\n<\/div>\n<\/div>\n<\/div>\n<\/div>\n<div id=\"ali-anchor-AliMagic-o4lh8d\" class=\"magic-0\" data-section=\"AliMagic-o4lh8d\" data-section-title=\"Contact us\">Contactar-nos<\/div>\n<div class=\"detail-decorate-json-renderer-container\">\n<div class=\"magic-4\">\n<div class=\"magic-5\">\n<div class=\"magic-6\">\n<div class=\"magic-7\">\n<p class=\"magic-8\">\u00a0wechat\/skype\/whatsapp:+8613574135785 (contacto de resposta r\u00e1pida)<\/p>\n<\/div>\n<\/div>\n<\/div>\n<\/div>\n<\/div>\n<div class=\"icbu-pc-images magic-1\">\n<div>\n<div class=\"flex-layout-v\">\n<div class=\"flex-layout-h magic-1\">\n<div class=\"magic-44\"><img decoding=\"async\" class=\"magic-45\" src=\"https:\/\/img.yfisher.com\/m6076\/1725726869dv4\/jpg70-t3-scale100.webp\" alt=\"cartucho de filtro pp fundido e soprado com n\u00facleo de filtro pp para filtragem de \u00e1gua 47\" data-lazy=\"2\" title=\"\"><\/div>\n<\/div>\n<\/div>\n<\/div>\n<\/div>\n<\/div>\n<\/div>\n<\/div>\n<\/div>\n<div data-module=\"detailMarketPackage\"><\/div>\n<div data-module=\"productAuth\"><\/div>\n<\/div>\n<\/div>\n<div class=\"diffStatement\">A utiliza\u00e7\u00e3o deste produto aumentou consideravelmente a produtividade do trabalho e reduziu a intensidade do trabalho dos trabalhadores. Por isso, \u00e9 considerado um produto indispens\u00e1vel para os fabricantes. A porosidade \u00e9 diferente consoante a profundidade do seu meio filtrante. N\u00e3o requer muito envolvimento humano, exceto para repara\u00e7\u00f5es e testes, a incid\u00eancia de acidentes e les\u00f5es tamb\u00e9m \u00e9 reduzida. Existe uma porosidade diferente ao longo da profundidade do seu meio filtrante.<\/div>","protected":false},"excerpt":{"rendered":"<table>\n<thead>\n<tr>\n<th>Campo<\/th>\n<th>Detalhes<\/th>\n<\/tr>\n<\/thead>\n<tbody>\n<tr>\n<td>Sectores aplic\u00e1veis<\/td>\n<td>F\u00e1brica de produ\u00e7\u00e3o, F\u00e1brica de alimentos e bebidas, Uso dom\u00e9stico, tratamento de \u00e1gua<\/td>\n<\/tr>\n<tr>\n<td>Local de origem<\/td>\n<td>Guangdong, China<\/td>\n<\/tr>\n<tr>\n<td>Nome da marca<\/td>\n<td>Lvyuan, OEM, ODM<\/td>\n<\/tr>\n<tr>\n<td>Material<\/td>\n<td>PP<\/td>\n<\/tr>\n<tr>\n<td>Peso<\/td>\n<td>Personalizado<\/td>\n<\/tr>\n<tr>\n<td>Tamanho<\/td>\n<td>Personalizado<\/td>\n<\/tr>\n<tr>\n<td>Pot\u00eancia<\/td>\n<td>0<\/td>\n<\/tr>\n<tr>\n<td>Garantia<\/td>\n<td>N\u00e3o dispon\u00edvel<\/td>\n<\/tr>\n<tr>\n<td>Carater\u00edstica<\/td>\n<td>Tamanho e log\u00f3tipo personalizados em a\u00e7o<\/td>\n<\/tr>\n<tr>\n<td>Certifica\u00e7\u00e3o<\/td>\n<td>SGS<\/td>\n<\/tr>\n<tr>\n<td>Forma<\/td>\n<td>Cilindro<\/td>\n<\/tr>\n<tr>\n<td>Utiliza\u00e7\u00e3o<\/td>\n<td>Tratamento da \u00e1gua<\/td>\n<\/tr>\n<tr>\n<td>Aplica\u00e7\u00e3o<\/td>\n<td>Ind\u00fastria<\/td>\n<\/tr>\n<tr>\n<td>Cor<\/td>\n<td>Branco<\/td>\n<\/tr>\n<tr>\n<td>Embalagem<\/td>\n<td>Caixa de papel<\/td>\n<\/tr>\n<tr>\n<td>Mat\u00e9ria-prima<\/td>\n<td>Fibra PP<\/td>\n<\/tr>\n<tr>\n<td>Apar\u00eancia<\/td>\n<td>Em relevo, brilhante, etc.<\/td>\n<\/tr>\n<tr>\n<td>Comprimento<\/td>\n<td>5\/10\/20\/30\/40 polegadas ou personalizado<\/td>\n<\/tr>\n<tr>\n<td>Servi\u00e7o p\u00f3s-venda prestado<\/td>\n<td>Apoio em linha<\/td>\n<\/tr>\n<tr>\n<td>Capacidade de fornecimento<\/td>\n<td>5000 pe\u00e7as\/pe\u00e7as por semana<\/td>\n<\/tr>\n<\/tbody>\n<\/table>","protected":false},"featured_media":906,"comment_status":"open","ping_status":"closed","template":"","meta":{"_gspb_post_css":""},"product_brand":[],"product_cat":[23,17],"product_tag":[386,385,324,320,306,340],"class_list":{"0":"post-905","1":"product","2":"type-product","3":"status-publish","4":"has-post-thumbnail","6":"product_cat-pp-filter-cartridge","7":"product_cat-sediment-filter","8":"product_tag-custom-length","9":"product_tag-cylinder-filter-cartridge","10":"product_tag-oem-odm-filter","11":"product_tag-pp-fiber-filter","12":"product_tag-sgs-certified","13":"product_tag-water-treatment-filter","15":"first","16":"instock","17":"shipping-taxable","18":"product-type-simple"},"_links":{"self":[{"href":"https:\/\/lyfilter.com\/pt\/wp-json\/wp\/v2\/product\/905","targetHints":{"allow":["GET"]}}],"collection":[{"href":"https:\/\/lyfilter.com\/pt\/wp-json\/wp\/v2\/product"}],"about":[{"href":"https:\/\/lyfilter.com\/pt\/wp-json\/wp\/v2\/types\/product"}],"replies":[{"embeddable":true,"href":"https:\/\/lyfilter.com\/pt\/wp-json\/wp\/v2\/comments?post=905"}],"wp:featuredmedia":[{"embeddable":true,"href":"https:\/\/lyfilter.com\/pt\/wp-json\/wp\/v2\/media\/906"}],"wp:attachment":[{"href":"https:\/\/lyfilter.com\/pt\/wp-json\/wp\/v2\/media?parent=905"}],"wp:term":[{"taxonomy":"product_brand","embeddable":true,"href":"https:\/\/lyfilter.com\/pt\/wp-json\/wp\/v2\/product_brand?post=905"},{"taxonomy":"product_cat","embeddable":true,"href":"https:\/\/lyfilter.com\/pt\/wp-json\/wp\/v2\/product_cat?post=905"},{"taxonomy":"product_tag","embeddable":true,"href":"https:\/\/lyfilter.com\/pt\/wp-json\/wp\/v2\/product_tag?post=905"}],"curies":[{"name":"wp","href":"https:\/\/api.w.org\/{rel}","templated":true}]}}