{"id":856,"date":"2025-12-24T09:45:25","date_gmt":"2025-12-24T09:45:25","guid":{"rendered":"https:\/\/lyfilter.com\/?post_type=product&#038;p=856"},"modified":"2025-12-24T09:45:26","modified_gmt":"2025-12-24T09:45:26","slug":"5-10-inch-plastic-frame-80-100-200-micron-washable-mesh-net-filter-cartridge-for-pre-water-filter-element-filtration","status":"publish","type":"product","link":"https:\/\/lyfilter.com\/pt\/5-10-inch-plastic-frame-80-100-200-micron-washable-mesh-net-filter-cartridge-for-pre-water-filter-element-filtration\/","title":{"rendered":"5 10 polegadas Moldura de pl\u00e1stico 80 100 200 m\u00edcron Cartucho de filtro de rede de malha lav\u00e1vel para pr\u00e9-filtragem de elemento filtrante de \u00e1gua"},"content":{"rendered":"<div class=\"pro_aliData\">\n<div class=\"detail-box\">\n<div class=\"scc-wrapper detail-module module-productPackagingAndQuickDetail\" data-spm=\"prilinga1e\">\n<div class=\"widget-detail-overview\">\n<div class=\"do-content\">\n<div class=\"do-overview\">\n<div class=\"do-entry do-entry-full\">\n<h3 class=\"do-entry-title\">Embalagem e entrega<\/h3>\n<div class=\"do-entry-list\">\n<dl class=\"do-entry-item\">\n<dt class=\"do-entry-item-key\">Unidades de venda:<\/dt>\n<dd class=\"do-entry-item-val\">Artigo \u00fanico<\/dd>\n<\/dl>\n<dl class=\"do-entry-item\">\n<dt class=\"do-entry-item-key\" title=\"Tamanho da embalagem individual:\">Tamanho da embalagem individual:<\/dt>\n<dd class=\"do-entry-item-val\">55X8X8 cm<\/dd>\n<\/dl>\n<dl class=\"do-entry-item\">\n<dt class=\"do-entry-item-key\" title=\"Peso bruto \u00fanico:\">Peso bruto \u00fanico:<\/dt>\n<dd class=\"do-entry-item-val\">0,500 kg<\/dd>\n<\/dl>\n<dl class=\"do-entry-item\">\n<dt class=\"do-entry-item-key\">Tipo de embalagem:<\/dt>\n<dd class=\"do-entry-item-val pkg-method\">5 10 polegadas Estrutura de pl\u00e1stico 80 100 200 m\u00edcron Cartucho de filtro de rede de malha lav\u00e1vel para pr\u00e9\u00a0<a href=\"https:\/\/lyfilter.com\/pt\/products.html\/\">elemento filtrante de \u00e1gua<\/a>\u00a0filtra\u00e7\u00e3o O melhor pre\u00e7o unit\u00e1rio e o custo de envio est\u00e3o sujeitos a altera\u00e7\u00f5es de quantidade. n\u00e3o hesite em enviar-nos um inqu\u00e9rito para obter os melhores pre\u00e7os. Pacote 25pc\/CTN<\/dd>\n<\/dl>\n<dl class=\"do-entry-item\">\n<dt class=\"do-entry-item-key\" title=\"Prazo de execu\u00e7\u00e3o\">Prazo de execu\u00e7\u00e3o\u00a0<i class=\"next-icon next-icon-help next-icon-xs js-leadtimes-tips\"><\/i>:<\/dt>\n<dd class=\"do-entry-item-val\" title=\"Prazo de execu\u00e7\u00e3o\">\n<div class=\"table-responsive\">\n<table class=\"supply-ability-table ui2-table ui2-table-normal ui2-table-zebra ui2-table-hover\">\n<tbody>\n<tr>\n<td>Quantidade (pe\u00e7as)<\/td>\n<td>1 - 10000<\/td>\n<td>&gt;10000<\/td>\n<\/tr>\n<tr>\n<td>Est. Tempo (dias)<\/td>\n<td>15<\/td>\n<td>A ser negociado<\/td>\n<\/tr>\n<\/tbody>\n<\/table>\n<\/div>\n<\/dd>\n<\/dl>\n<\/div>\n<\/div>\n<\/div>\n<\/div>\n<\/div>\n<\/div>\n<div class=\"scc-wrapper detail-module module-detailVideo\" data-spm=\"detailvideo\"><\/div>\n<div class=\"scc-wrapper detail-module module-productSpecification\" data-spm=\"pronpeci14\">\n<div id=\"J-rich-text-description\" class=\"richtext richtext-detail rich-text-description\">\n<div id=\"detail_decorate_root\" data-host=\"111218246\" data-magic-global=\"%7B%22bizId%22%3A17381045746%2C%22pageId%22%3A5071907925%2C%22siteId%22%3A5005126472%7D\" data-id=\"detail_decorate_root\">\n<div id=\"ali-anchor-AliMagic-wcaxb4\" class=\"magic-0\" data-section=\"AliMagic-wcaxb4\" data-section-title=\"Product Description\">Descri\u00e7\u00e3o do produto<\/div>\n<div class=\"detail-decorate-json-renderer-container\">\n<div class=\"magic-1\">\n<h3 class=\"magic-2\" data-id=\"title0\"><\/h3>\n<h3 class=\"magic-3\">5 10 polegadas Moldura de pl\u00e1stico 80 100 200 m\u00edcron Cartucho de filtro de rede de malha lav\u00e1vel para pr\u00e9-filtragem de elemento filtrante de \u00e1gua<\/h3>\n<div class=\"magic-4\">\n<div class=\"magic-5\">\n<div class=\"magic-6\" data-id=\"paragraph0\">\n<div>O cartucho de filtro de \u00e1gua de rede lav\u00e1vel \u00e9 fabricado apenas com polipropileno puro n\u00e3o t\u00f3xico 100% com rede de nylon lav\u00e1vel incorporada ou rede de malha de a\u00e7o inoxid\u00e1vel. Pode ser utilizado como pr\u00e9-filtro de \u00e1gua.<\/div>\n<div><\/div>\n<div>Carater\u00edsticas:<\/div>\n<div><\/div>\n<p>1. Remo\u00e7\u00e3o de sedimentos, areia e part\u00edculas em suspens\u00e3o; 2. Elevada efici\u00eancia, f\u00e1cil de limpar e de lavar em contracorrente; 3. Adapta-se a todas as caixas padr\u00e3o de configura\u00e7\u00e3o DOE e 222; 4. Baixa queda de press\u00e3o; 5. Elevada capacidade de reten\u00e7\u00e3o de sujidade; 6. Longa vida \u00fatil. 7. Temperatura m\u00e1xima de funcionamento: 55 \u2103; 8. Press\u00e3o diferencial m\u00e1xima 0,8 bar (11,6 Psi), 9. Recomenda-se a limpeza\/substitui\u00e7\u00e3o do cartucho pelo menos uma vez a cada 12 meses.<\/p><\/div>\n<\/div>\n<\/div>\n<\/div>\n<\/div>\n<div class=\"icbu-pc-images magic-7\">\n<div>\n<div class=\"flex-layout-v\">\n<div class=\"flex-layout-h magic-7\">\n<div class=\"magic-8\"><img decoding=\"async\" class=\"magic-9\" src=\"https:\/\/img.yfisher.com\/m6076\/1725727431f27\/jpg70-t3-scale100.webp\" alt=\"5 10 polegadas Moldura de pl\u00e1stico 80 100 200 m\u00edcron Cartucho de filtro de rede de malha lav\u00e1vel para pr\u00e9-filtragem de elemento filtrante de \u00e1gua 7\" data-id=\"child-image-0\" data-lazy=\"2\" title=\"\"><\/div>\n<div class=\"magic-10\"><img decoding=\"async\" class=\"magic-9\" src=\"https:\/\/img.yfisher.com\/m6076\/1725727431fv4\/jpg70-t3-scale100.webp\" alt=\"5 10 polegadas Moldura de pl\u00e1stico 80 100 200 m\u00edcron Cartucho de filtro de rede de malha lav\u00e1vel para pr\u00e9-filtragem de elementos filtrantes de \u00e1gua 9\" data-id=\"child-image-1\" data-lazy=\"2\" title=\"\"><\/div>\n<\/div>\n<\/div>\n<\/div>\n<\/div>\n<div class=\"icbu-pc-images magic-7\">\n<div>\n<div class=\"flex-layout-v\">\n<div class=\"flex-layout-h magic-7\">\n<div class=\"magic-11\"><img decoding=\"async\" class=\"magic-12\" src=\"https:\/\/img.yfisher.com\/m6076\/1725727320ygr\/jpg70-t3-scale100.webp\" alt=\"5 10 polegadas Moldura de pl\u00e1stico 80 100 200 m\u00edcron Cartucho de filtro de rede de malha lav\u00e1vel para pr\u00e9-filtragem de elementos filtrantes de \u00e1gua 11\" data-lazy=\"2\" title=\"\"><\/div>\n<\/div>\n<\/div>\n<\/div>\n<\/div>\n<div class=\"ife-detail-decorate-table\">\n<div class=\"table-responsive\">\n<table class=\"all magic-13\">\n<tbody>\n<tr>\n<td colspan=\"1\" rowspan=\"1\">\n<div class=\"magic-14\">Nome do produto<\/div>\n<\/td>\n<td colspan=\"1\" rowspan=\"1\">\n<div class=\"magic-15\">5 10 polegadas Moldura de pl\u00e1stico 80 100 200 m\u00edcron Cartucho de filtro de rede de malha lav\u00e1vel para pr\u00e9-filtragem de elemento filtrante de \u00e1gua<\/div>\n<\/td>\n<\/tr>\n<tr>\n<td colspan=\"1\" rowspan=\"1\">\n<div class=\"magic-14\">Pode ser preenchido<\/div>\n<\/td>\n<td colspan=\"1\" rowspan=\"1\">\n<div class=\"magic-15\">Power PHOS, Siliphos, Bola de cristal de polifosfato<\/div>\n<\/td>\n<\/tr>\n<tr>\n<td colspan=\"1\" rowspan=\"1\">\n<div class=\"magic-16\"><span style=\"color: #000000;\" data-spm-anchor-id=\"a2700.siteadmin.0.i42.4c773333dtqLo6\">Material l\u00edquido<\/span><\/div>\n<\/td>\n<td colspan=\"1\" rowspan=\"1\">\n<div class=\"magic-17\">Malha de nylon ou de a\u00e7o inoxid\u00e1vel<\/div>\n<\/td>\n<\/tr>\n<tr>\n<td colspan=\"1\" rowspan=\"1\">\n<div class=\"magic-14\">Material da caixa do filtro<\/div>\n<\/td>\n<td colspan=\"1\" rowspan=\"1\">\n<div class=\"magic-15\">PP<\/div>\n<\/td>\n<\/tr>\n<tr>\n<td colspan=\"1\" rowspan=\"1\">\n<div class=\"magic-14\">Comprimento<\/div>\n<\/td>\n<td colspan=\"1\" rowspan=\"1\">\n<div class=\"magic-15\">5, 10 polegadas<\/div>\n<\/td>\n<\/tr>\n<tr>\n<td colspan=\"1\" rowspan=\"1\">\n<div class=\"magic-14\">Cor da caixa do filtro<\/div>\n<\/td>\n<td colspan=\"1\" rowspan=\"1\">\n<div class=\"magic-15\">branco, transparente<\/div>\n<\/td>\n<\/tr>\n<tr>\n<td colspan=\"1\" rowspan=\"1\">\n<div class=\"magic-14\">Fun\u00e7\u00e3o<\/div>\n<\/td>\n<td colspan=\"1\" rowspan=\"1\">\n<div class=\"magic-15\">anti-corros\u00e3o e anti-calc\u00e1rio<\/div>\n<\/td>\n<\/tr>\n<tr>\n<td colspan=\"1\" rowspan=\"1\">\n<div class=\"magic-14\">Instala\u00e7\u00e3o<\/div>\n<\/td>\n<td colspan=\"1\" rowspan=\"1\">\n<div class=\"magic-15\">Debaixo do lava-loi\u00e7a, pr\u00e9-filtragem dom\u00e9stica<\/div>\n<\/td>\n<\/tr>\n<tr>\n<td colspan=\"1\" rowspan=\"1\">\n<div class=\"magic-14\">Carater\u00edstica<\/div>\n<\/td>\n<td colspan=\"1\" rowspan=\"1\">\n<div class=\"magic-15\">Recarreg\u00e1vel, reutiliz\u00e1vel<\/div>\n<\/td>\n<\/tr>\n<\/tbody>\n<\/table>\n<\/div>\n<\/div>\n<div id=\"ali-anchor-AliMagic-ku05x9\" class=\"magic-0\" data-section=\"AliMagic-ku05x9\" data-section-title=\"Product Show\">Apresenta\u00e7\u00e3o do produto<\/div>\n<div class=\"icbu-pc-images magic-7\">\n<div>\n<div class=\"flex-layout-v\">\n<div class=\"flex-layout-h magic-7\">\n<div class=\"magic-11\"><img decoding=\"async\" class=\"magic-12\" src=\"https:\/\/img.yfisher.com\/m6076\/1725727320oes\/jpg70-t3-scale100.webp\" alt=\"5 10 polegadas Estrutura de pl\u00e1stico 80 100 200 m\u00edcron Cartucho de filtro de rede de malha lav\u00e1vel para pr\u00e9-filtragem de elementos filtrantes de \u00e1gua 13\" data-lazy=\"2\" title=\"\"><\/div>\n<\/div>\n<\/div>\n<\/div>\n<\/div>\n<div class=\"icbu-pc-images magic-7\">\n<div>\n<div class=\"flex-layout-v\">\n<div class=\"flex-layout-h magic-7\">\n<div class=\"magic-11\"><img decoding=\"async\" class=\"magic-12\" src=\"https:\/\/img.yfisher.com\/m6076\/1725727320zlw\/jpg70-t3-scale100.webp\" alt=\"5 10 polegadas Estrutura de pl\u00e1stico 80 100 200 m\u00edcron Cartucho de filtro de rede de malha lav\u00e1vel para pr\u00e9-filtragem de elementos filtrantes de \u00e1gua 15\" data-lazy=\"2\" title=\"\"><\/div>\n<\/div>\n<\/div>\n<\/div>\n<\/div>\n<div class=\"icbu-pc-images magic-7\">\n<div>\n<div class=\"flex-layout-v\">\n<div class=\"flex-layout-h magic-7\">\n<div class=\"magic-18\"><img decoding=\"async\" class=\"magic-19\" src=\"https:\/\/img.yfisher.com\/m6076\/1725727320t9d\/jpg70-t3-scale100.webp\" alt=\"5 10 polegadas Estrutura de pl\u00e1stico 80 100 200 m\u00edcron Cartucho de filtro de rede de malha lav\u00e1vel para pr\u00e9-filtragem de elementos filtrantes de \u00e1gua 17\" data-lazy=\"2\" title=\"\"><\/div>\n<\/div>\n<\/div>\n<\/div>\n<\/div>\n<div id=\"ali-anchor-AliMagic-zn1rbz\" class=\"magic-0\" data-section=\"AliMagic-zn1rbz\" data-section-title=\"Our Company\">A nossa empresa<\/div>\n<div class=\"detail-decorate-json-renderer-container\">\n<div class=\"magic-1\">\n<div class=\"magic-4\">\n<div class=\"magic-5\">\n<div class=\"magic-6\">\n<p class=\"magic-20\">Guangzhou Lvyuan Water Purification Equipment Co., Ltd est\u00e1 localizada no distrito de Panyu, cidade de Guangzhou. Somos uma empresa abrangente. As nossas linhas de produ\u00e7\u00e3o competitivas incluem:<br \/>\n1. Todos os tipos de cartuchos de filtro<br \/>\n2. Caixas de filtros de cartucho e caixas de filtros de mangas<br \/>\n3. Purificador de \u00e1gua e equipamento RO, UF, MBR<br \/>\n4. Muitos tipos de equipamentos de tratamento de \u00e1gua<br \/>\n5. Muitos tipos de purificadores e equipamentos de \u00e1gua, amaciadores de \u00e1gua e muito mais.<br \/>\nDedicamo-nos ao desenvolvimento da filtra\u00e7\u00e3o h\u00e1 mais de 10 anos. N\u00f3s podemos fornecer suporte t\u00e9cnico avan\u00e7ado e solu\u00e7\u00e3o para todos os nossos clientes.<\/p>\n<\/div>\n<\/div>\n<\/div>\n<\/div>\n<\/div>\n<div class=\"icbu-pc-images magic-7\">\n<div>\n<div class=\"flex-layout-v\">\n<div class=\"flex-layout-h magic-7\">\n<div class=\"magic-21\"><img decoding=\"async\" class=\"magic-22\" src=\"https:\/\/img.yfisher.com\/m6076\/1725286988dit\/jpg70-t3-scale100.webp\" alt=\"5 10 polegadas Estrutura de pl\u00e1stico 80 100 200 m\u00edcron Cartucho de filtro de rede de malha lav\u00e1vel para pr\u00e9-filtro de \u00e1gua elemento de filtragem 19\" data-lazy=\"2\" title=\"\"><\/div>\n<\/div>\n<\/div>\n<\/div>\n<\/div>\n<div class=\"icbu-pc-images magic-7\">\n<div>\n<div class=\"flex-layout-v\">\n<div class=\"flex-layout-h magic-7\">\n<div class=\"magic-23\"><img decoding=\"async\" class=\"magic-24\" src=\"https:\/\/img.yfisher.com\/m6076\/1725726960zy4\/jpg70-t3-scale100.webp\" alt=\"5 10 polegadas Moldura de pl\u00e1stico 80 100 200 m\u00edcron Cartucho de filtro de rede de malha lav\u00e1vel para pr\u00e9-filtragem de elementos filtrantes de \u00e1gua 21\" data-lazy=\"2\" title=\"\"><\/div>\n<\/div>\n<\/div>\n<\/div>\n<\/div>\n<div id=\"ali-anchor-AliMagic-iytxe9\" class=\"magic-0\" data-section=\"AliMagic-iytxe9\" data-section-title=\"Packing &amp; Delivery\">Embalagem e entrega<\/div>\n<div class=\"icbu-pc-images magic-7\">\n<div>\n<div class=\"flex-layout-v\">\n<div class=\"flex-layout-h magic-7\">\n<div class=\"magic-25\"><img decoding=\"async\" class=\"magic-26\" src=\"https:\/\/img.yfisher.com\/m6076\/1725726953i81\/jpg70-t3-scale100.webp\" alt=\"5 10 polegadas Moldura de pl\u00e1stico 80 100 200 m\u00edcron Cartucho de filtro de rede de malha lav\u00e1vel para pr\u00e9-filtragem de elemento filtrante de \u00e1gua 23\" data-id=\"child-image-0\" data-lazy=\"2\" title=\"\"><\/div>\n<div class=\"magic-27\"><img class=\"magic-28\" alt=\"5 10 polegadas Moldura de pl\u00e1stico 80 100 200 m\u00edcron Cartucho de filtro de rede de malha lav\u00e1vel para pr\u00e9-filtragem de elementos filtrantes de \u00e1gua 25\" data-id=\"child-image-1\" data-lazy=\"0\" \/><\/div>\n<div class=\"magic-27\"><img decoding=\"async\" class=\"magic-29\" src=\"https:\/\/img.yfisher.com\/m6076\/172572695459i\/jpg70-t3-scale100.webp\" alt=\"5 10 polegadas Moldura de pl\u00e1stico 80 100 200 m\u00edcron Cartucho de filtro de rede de malha lav\u00e1vel para pr\u00e9-filtragem de elementos filtrantes de \u00e1gua 27\" data-id=\"child-image-2\" data-lazy=\"2\" title=\"\"><\/div>\n<\/div>\n<\/div>\n<\/div>\n<\/div>\n<div class=\"icbu-pc-detailSellerRecommend magic-30 J_module\" data-magic=\" \" data-magic-status=\"done\">\n<div class=\"icbu-pc-detailSellerRecommend\" data-reactroot=\"\"><\/div>\n<\/div>\n<div id=\"ali-anchor-AliMagic-aynhhf\" class=\"magic-0\" data-section=\"AliMagic-aynhhf\" data-section-title=\"Contact\">Contacto<\/div>\n<div class=\"icbu-pc-images magic-7\">\n<div>\n<div class=\"flex-layout-v\">\n<div class=\"flex-layout-h magic-7\">\n<div class=\"magic-31\"><img decoding=\"async\" class=\"magic-32\" src=\"https:\/\/img.yfisher.com\/m6076\/1725727157evo\/jpg70-t3-scale100.webp\" alt=\"5 10 polegadas Moldura de pl\u00e1stico 80 100 200 m\u00edcron Cartucho de filtro de rede de malha lav\u00e1vel para pr\u00e9-filtragem de elemento filtrante de \u00e1gua 29\" data-lazy=\"2\" title=\"\"><\/div>\n<\/div>\n<\/div>\n<\/div>\n<\/div>\n<div id=\"7663915323\" class=\"J_module\"><\/div>\n<\/div>\n<\/div>\n<\/div>\n<div data-module=\"detailMarketPackage\"><\/div>\n<div data-module=\"productAuth\"><\/div>\n<\/div>\n<\/div>\n<div class=\"diffStatement\">Guangzhou Lvyuan Water Purification Equipment Co., Ltd. \u00e9 uma empresa de alta tecnologia que integra investiga\u00e7\u00e3o e desenvolvimento, produ\u00e7\u00e3o, marketing e servi\u00e7o de\u00a0<a href=\"https:\/\/lyfilter.com\/pt\/products.html\/\">cartuchos de filtro de \u00e1gua<\/a>\u00a0em conjunto. Oferece excelente filtragem e boa estabilidade t\u00e9rmica. Guangzhou Lvyuan Water Purification Equipment Co., Ltd. utiliza caixas de cart\u00e3o s\u00f3lidas para embalar cartuchos de filtro de \u00e1gua, de modo a garantir a sua seguran\u00e7a. Oferece excelente filtragem e boa estabilidade t\u00e9rmica.<\/div>","protected":false},"excerpt":{"rendered":"<table>\n<thead>\n<tr>\n<th><strong>Campo<\/strong><\/th>\n<th><strong>Valor<\/strong><\/th>\n<\/tr>\n<\/thead>\n<tbody>\n<tr>\n<td>Tipo<\/td>\n<td>Pe\u00e7as para filtros de \u00e1gua<\/td>\n<\/tr>\n<tr>\n<td>Nome do produto<\/td>\n<td>Cartucho de rede lav\u00e1vel<\/td>\n<\/tr>\n<tr>\n<td>N\u00famero do modelo<\/td>\n<td>LY-NET<\/td>\n<\/tr>\n<tr>\n<td>Nome da marca<\/td>\n<td>Lvyuan \/ OEM<\/td>\n<\/tr>\n<tr>\n<td>Local de origem<\/td>\n<td>Guangdong, China<\/td>\n<\/tr>\n<tr>\n<td>Aplica\u00e7\u00e3o<\/td>\n<td>Hotel, Comercial, Dom\u00e9stico<\/td>\n<\/tr>\n<tr>\n<td>Fonte de energia<\/td>\n<td>Manual<\/td>\n<\/tr>\n<tr>\n<td>Servi\u00e7o p\u00f3s-venda prestado<\/td>\n<td>Nenhum<\/td>\n<\/tr>\n<tr>\n<td>Garantia<\/td>\n<td>Nenhum<\/td>\n<\/tr>\n<tr>\n<td>Certifica\u00e7\u00e3o<\/td>\n<td>CE<\/td>\n<\/tr>\n<tr>\n<td>Aplica\u00e7\u00e3o (Utiliza\u00e7\u00e3o)<\/td>\n<td>Elemento pr\u00e9-filtro<\/td>\n<\/tr>\n<tr>\n<td>Comprimento<\/td>\n<td>5\u2033, 10\u2033 polegadas<\/td>\n<\/tr>\n<tr>\n<td>Fun\u00e7\u00e3o<\/td>\n<td>Preven\u00e7\u00e3o de incrusta\u00e7\u00f5es, remo\u00e7\u00e3o de impurezas<\/td>\n<\/tr>\n<tr>\n<td>Meios filtrantes<\/td>\n<td>Power PHOS, Siliphos, Bola de cristal de polifosfato<\/td>\n<\/tr>\n<tr>\n<td>Cor<\/td>\n<td>Branco, Transparente<\/td>\n<\/tr>\n<tr>\n<td>Vida \u00fatil do filtro<\/td>\n<td>3 a 6 meses<\/td>\n<\/tr>\n<tr>\n<td>Instala\u00e7\u00e3o<\/td>\n<td>Caixa do pr\u00e9-filtro<\/td>\n<\/tr>\n<tr>\n<td>Temp. de funcionamento.<\/td>\n<td>4\u00b0C-80\u00b0C<\/td>\n<\/tr>\n<\/tbody>\n<\/table>","protected":false},"featured_media":862,"comment_status":"open","ping_status":"closed","template":"","meta":{"_gspb_post_css":""},"product_brand":[],"product_cat":[23,17],"product_tag":[369,368,365,367,366,364],"class_list":{"0":"post-856","1":"product","2":"type-product","3":"status-publish","4":"has-post-thumbnail","6":"product_cat-pp-filter-cartridge","7":"product_cat-sediment-filter","8":"product_tag-ce-certified-cartridge","9":"product_tag-hotel-water-filter-parts","10":"product_tag-ly-net-pre-filter","11":"product_tag-polyphosphate-media","12":"product_tag-scale-prevention-filter","13":"product_tag-washable-net-cartridge","15":"first","16":"instock","17":"shipping-taxable","18":"product-type-simple"},"_links":{"self":[{"href":"https:\/\/lyfilter.com\/pt\/wp-json\/wp\/v2\/product\/856","targetHints":{"allow":["GET"]}}],"collection":[{"href":"https:\/\/lyfilter.com\/pt\/wp-json\/wp\/v2\/product"}],"about":[{"href":"https:\/\/lyfilter.com\/pt\/wp-json\/wp\/v2\/types\/product"}],"replies":[{"embeddable":true,"href":"https:\/\/lyfilter.com\/pt\/wp-json\/wp\/v2\/comments?post=856"}],"wp:featuredmedia":[{"embeddable":true,"href":"https:\/\/lyfilter.com\/pt\/wp-json\/wp\/v2\/media\/862"}],"wp:attachment":[{"href":"https:\/\/lyfilter.com\/pt\/wp-json\/wp\/v2\/media?parent=856"}],"wp:term":[{"taxonomy":"product_brand","embeddable":true,"href":"https:\/\/lyfilter.com\/pt\/wp-json\/wp\/v2\/product_brand?post=856"},{"taxonomy":"product_cat","embeddable":true,"href":"https:\/\/lyfilter.com\/pt\/wp-json\/wp\/v2\/product_cat?post=856"},{"taxonomy":"product_tag","embeddable":true,"href":"https:\/\/lyfilter.com\/pt\/wp-json\/wp\/v2\/product_tag?post=856"}],"curies":[{"name":"wp","href":"https:\/\/api.w.org\/{rel}","templated":true}]}}