{"id":849,"date":"2025-12-24T09:41:32","date_gmt":"2025-12-24T09:41:32","guid":{"rendered":"https:\/\/lyfilter.com\/?post_type=product&#038;p=849"},"modified":"2025-12-24T09:41:32","modified_gmt":"2025-12-24T09:41:32","slug":"high-filtration-10-20-inch-big-blue-wine-sediment-filter-pp-water-filter-element","status":"publish","type":"product","link":"https:\/\/lyfilter.com\/pt\/high-filtration-10-20-inch-big-blue-wine-sediment-filter-pp-water-filter-element\/","title":{"rendered":"Filtro de sedimentos de vinho azul grande de 10 20 polegadas de alta filtra\u00e7\u00e3o\/elemento de filtro de \u00e1gua PP"},"content":{"rendered":"<div class=\"pro_aliData\">\n<div class=\"detail-box\">\n<div class=\"scc-wrapper detail-module module-productPackagingAndQuickDetail\" data-spm=\"prilinga1e\">\n<div class=\"widget-detail-overview\">\n<div class=\"do-content\">\n<div class=\"do-overview\">\n<div class=\"do-entry do-entry-full\">\n<h3 class=\"do-entry-title\">Embalagem e entrega<\/h3>\n<div class=\"do-entry-list\">\n<dl class=\"do-entry-item\">\n<dt class=\"do-entry-item-key\">Unidades de venda:<\/dt>\n<dd class=\"do-entry-item-val\">Artigo \u00fanico<\/dd>\n<\/dl>\n<dl class=\"do-entry-item\">\n<dt class=\"do-entry-item-key\" title=\"Tamanho da embalagem individual:\">Tamanho da embalagem individual:<\/dt>\n<dd class=\"do-entry-item-val\">30X5X5 cm<\/dd>\n<\/dl>\n<dl class=\"do-entry-item\">\n<dt class=\"do-entry-item-key\" title=\"Peso bruto \u00fanico:\">Peso bruto \u00fanico:<\/dt>\n<dd class=\"do-entry-item-val\">1.000 kg<\/dd>\n<\/dl>\n<dl class=\"do-entry-item\">\n<dt class=\"do-entry-item-key\">Tipo de embalagem:<\/dt>\n<dd class=\"do-entry-item-val pkg-method\">Filtro de sedimentos de vinho azul grande de alta filtragem de 10 a 20 polegadas Elemento de filtro de \u00e1gua em PP de 10\u201d 50 PCS\/CTN 20\u201d 25 PCS\/CTN 30\u201d 25 PCS\/CTN 40\u201d 25 PCS\/CTN<\/dd>\n<\/dl>\n<dl class=\"do-entry-item\">\n<dt class=\"do-entry-item-key\" title=\"Prazo de execu\u00e7\u00e3o\">Prazo de execu\u00e7\u00e3o\u00a0<i class=\"next-icon next-icon-help next-icon-xs js-leadtimes-tips\"><\/i>:<\/dt>\n<dd class=\"do-entry-item-val\" title=\"Prazo de execu\u00e7\u00e3o\">\n<div class=\"table-responsive\">\n<table class=\"supply-ability-table ui2-table ui2-table-normal ui2-table-zebra ui2-table-hover\">\n<tbody>\n<tr>\n<td>Quantidade (pe\u00e7as)<\/td>\n<td>1 - 500<\/td>\n<td>501 - 5000<\/td>\n<td>5001 - 10000<\/td>\n<td>&gt;10000<\/td>\n<\/tr>\n<tr>\n<td>Est. Tempo (dias)<\/td>\n<td>3<\/td>\n<td>7<\/td>\n<td>10<\/td>\n<td>A ser negociado<\/td>\n<\/tr>\n<\/tbody>\n<\/table>\n<\/div>\n<\/dd>\n<\/dl>\n<\/div>\n<\/div>\n<\/div>\n<\/div>\n<\/div>\n<\/div>\n<div class=\"scc-wrapper detail-module module-detailVideo\" data-spm=\"detailvideo\"><\/div>\n<div class=\"scc-wrapper detail-module module-productSpecification\" data-spm=\"pronpeci14\">\n<div id=\"J-rich-text-description\" class=\"richtext richtext-detail rich-text-description\">\n<p>Introdu\u00e7\u00e3o:<\/p>\n<p>O cartucho de filtro PP fundido-soprado (PPF) \u00e9 feito de material de polipropileno.<\/p>\n<p>Pode remover eficazmente as subst\u00e2ncias em suspens\u00e3o, as part\u00edculas e a ferrugem.<\/p>\n<p>Este tipo de cartucho \u00e9 utilizado para o cartucho do filtro frontal para proteger os outros.<\/p>\n<p>&nbsp;<\/p>\n<p>&nbsp;<\/p>\n<p>&nbsp;<\/p>\n<p>&nbsp;<\/p>\n<p>Par\u00e2metros:<\/p>\n<div class=\"table-responsive\">\n<table class=\"aliDataTable\">\n<tbody>\n<tr align=\"left\">\n<td valign=\"top\">Produto<\/td>\n<td valign=\"top\">Filtro de sedimentos de vinho azul grande de 10 20 polegadas de alta filtra\u00e7\u00e3o\/elemento de filtro de \u00e1gua PP<\/td>\n<\/tr>\n<tr align=\"left\">\n<td valign=\"top\">Material<\/td>\n<td valign=\"top\">PP, polipropileno<\/td>\n<\/tr>\n<tr align=\"left\">\n<td valign=\"top\">Estilo<\/td>\n<td valign=\"top\">Ranhura, Pontos de press\u00e3o, Plano, Cruzamento<\/td>\n<\/tr>\n<tr align=\"left\">\n<td valign=\"top\">Filtragem de precis\u00e3o<\/td>\n<td valign=\"top\">1~100 m\u00edcrones<\/td>\n<\/tr>\n<tr align=\"left\">\n<td valign=\"top\">Di\u00e2metro exterior<\/td>\n<td valign=\"top\">60~65mm<\/td>\n<\/tr>\n<tr align=\"left\">\n<td valign=\"top\">Di\u00e2metro interior<\/td>\n<td valign=\"top\">28mm ou 30mm<\/td>\n<\/tr>\n<tr align=\"left\">\n<td valign=\"top\">Interface<\/td>\n<td valign=\"top\">Plana, inserida, aparafusada<\/td>\n<\/tr>\n<tr align=\"left\">\n<td valign=\"top\">Tipo de tampa<\/td>\n<td valign=\"top\">222plano, 222final, 226plano, 226final, 215plano, 215final<\/td>\n<\/tr>\n<tr align=\"left\">\n<td valign=\"top\">Comprimento<\/td>\n<td valign=\"top\">5\u201d,10\u201d,20\u201d,30\u201d,40\u201d,50\u2033,60\u2033<\/td>\n<\/tr>\n<tr align=\"left\">\n<td valign=\"top\">Press\u00e3o diferencial m\u00e1xima<\/td>\n<td valign=\"top\">3 kgf\/cm\u00b2<\/td>\n<\/tr>\n<tr align=\"left\">\n<td valign=\"top\">Temperatura m\u00e1xima de funcionamento<\/td>\n<td valign=\"top\">80\u00b0c<\/td>\n<\/tr>\n<tr align=\"left\">\n<td valign=\"top\">Press\u00e3o diferencial de funcionamento<\/td>\n<td valign=\"top\">0,1kgf\/cm2<\/td>\n<\/tr>\n<tr align=\"left\">\n<td valign=\"top\">Marca<\/td>\n<td valign=\"top\">Lvyuan\/OEM<\/td>\n<\/tr>\n<tr align=\"left\">\n<td valign=\"top\">Peso comum<\/td>\n<td valign=\"top\">100- 120g\/10\u2033 (pode ser personalizado)<\/td>\n<\/tr>\n<\/tbody>\n<\/table>\n<\/div>\n<p>&nbsp;<\/p>\n<p>&nbsp;<\/p>\n<p>&nbsp;<\/p>\n<p>&nbsp;<\/p>\n<p>Carater\u00edsticas :<\/p>\n<p>1. Movimentar eficazmente as subst\u00e2ncias em suspens\u00e3o, as part\u00edculas e a ferrugem.<\/p>\n<p>2. Pr\u00e9-filtragem da \u00e1gua<\/p>\n<p>3. Ampla compatibilidade qu\u00edmica<\/p>\n<p>4. \u00c0 prova de press\u00e3o<\/p>\n<p>5. Alta resist\u00eancia qu\u00edmica.<\/p>\n<p>6. Est\u00e3o dispon\u00edveis todos os tipos de adaptadores<\/p>\n<p>7. Elevada capacidade de reten\u00e7\u00e3o de contaminantes e longa vida \u00fatil.<\/p>\n<p>&nbsp;<\/p>\n<p>&nbsp;<\/p>\n<p>&nbsp;<\/p>\n<p>&nbsp;<\/p>\n<p>\u00c2mbito de aplica\u00e7\u00e3o:<\/p>\n<p>Sistema de pr\u00e9-filtra\u00e7\u00e3o ou RO, solvente, ind\u00fastria qu\u00edmica, ind\u00fastria petrol\u00edfera,<\/p>\n<p>tratamento de \u00e1gua pot\u00e1vel, ind\u00fastrias electr\u00f3nicas e de energia, galvaniza\u00e7\u00e3o,<\/p>\n<p>alimentos e bebidas, vinho, etc.<\/p>\n<p>&nbsp;<\/p>\n<p>&nbsp;<\/p>\n<p>&nbsp;<\/p>\n<p>Detalhe da embalagem: 10 \u2033: 50PCS \/ CTN; 20 \u2033: 25PCS \/ CTN; 30 \u2033: 25PC \/ CTN; 40 \u2033: 25PCS \/ CTN<\/p>\n<p>Detalhe da entrega: Dentro de 7 dias ap\u00f3s a rece\u00e7\u00e3o do dep\u00f3sito 30%<\/p>\n<p>&nbsp;<\/p>\n<p>&nbsp;<\/p>\n<p>&nbsp;<\/p>\n<p>&nbsp;<\/p>\n<p>&nbsp;<\/p>\n<p>Mostra de produtos:<\/p>\n<p><img decoding=\"async\" src=\"https:\/\/img.yfisher.com\/m6076\/1725727044j1x\/jpg70-t3-scale100.webp\" alt=\"Filtro de sedimentos de vinho azul grande de 10 20 polegadas de alta filtra\u00e7\u00e3o\/elemento de filtro de \u00e1gua PP 7\" data-alt=\"High filtration 10 20 inch big blue wine sediment filter\/PP water filter element\" data-=\"\" data-lazy=\"2\" title=\"\"><\/p>\n<p><img decoding=\"async\" src=\"https:\/\/img.yfisher.com\/m6076\/1725727044jk0\/jpg70-t3-scale100.webp\" alt=\"Filtro de sedimentos de vinho azul grande de 10 20 polegadas de alta filtra\u00e7\u00e3o\/elemento de filtro de \u00e1gua PP 9\" data-alt=\"High filtration 10 20 inch big blue wine sediment filter\/PP water filter element\" data-=\"\" data-lazy=\"2\" title=\"\"><\/p>\n<p><img decoding=\"async\" src=\"https:\/\/img.yfisher.com\/m6076\/1725727044tl5\/jpg70-t3-scale100.webp\" alt=\"Filtro de sedimentos de vinho azul grande de 10 20 polegadas de alta filtra\u00e7\u00e3o\/elemento de filtro de \u00e1gua PP 11\" data-alt=\"High filtration 10 20 inch big blue wine sediment filter\/PP water filter element\" data-=\"\" data-lazy=\"2\" title=\"\"><\/p>\n<p><img decoding=\"async\" src=\"https:\/\/img.yfisher.com\/m6076\/1725727044ad0\/jpg70-t3-scale100.webp\" alt=\"Filtro de sedimentos de vinho azul grande de 10 20 polegadas de alta filtra\u00e7\u00e3o\/elemento de filtro de \u00e1gua PP 13\" data-alt=\"High filtration 10 20 inch big blue wine sediment filter\/PP water filter element\" data-=\"\" data-lazy=\"2\" title=\"\"><\/p>\n<p><img decoding=\"async\" src=\"https:\/\/img.yfisher.com\/m6076\/1725727044yry\/jpg70-t3-scale100.webp\" alt=\"Filtro de sedimentos de vinho azul grande de 10 20 polegadas de alta filtra\u00e7\u00e3o\/elemento de filtro de \u00e1gua PP 15\" data-alt=\"High filtration 10 20 inch big blue wine sediment filter\/PP water filter element\" data-=\"\" data-lazy=\"2\" title=\"\"><\/p>\n<p><img decoding=\"async\" src=\"https:\/\/img.yfisher.com\/m6076\/17257270441yf\/jpg70-t3-scale100.webp\" alt=\"Filtro de sedimentos de vinho azul grande de 10 20 polegadas de alta filtra\u00e7\u00e3o\/elemento de filtro de \u00e1gua PP 17\" data-alt=\"High filtration 10 20 inch big blue wine sediment filter\/PP water filter element\" data-=\"\" data-lazy=\"2\" title=\"\"><\/p>\n<p><img decoding=\"async\" src=\"https:\/\/img.yfisher.com\/m6076\/17257270449f1\/jpg70-t3-scale100.webp\" alt=\"Filtro de sedimentos de vinho azul grande de 10 20 polegadas de alta filtra\u00e7\u00e3o\/elemento de filtro de \u00e1gua PP 19\" data-alt=\"High filtration 10 20 inch big blue wine sediment filter\/PP water filter element\" data-=\"\" data-lazy=\"2\" title=\"\"><\/p>\n<p><img decoding=\"async\" src=\"https:\/\/img.yfisher.com\/m6076\/1725727044bwm\/jpg70-t3-scale100.webp\" alt=\"Filtro de sedimentos de vinho azul grande de 10 20 polegadas de alta filtra\u00e7\u00e3o\/elemento de filtro de \u00e1gua PP 21\" data-alt=\"High filtration 10 20 inch big blue wine sediment filter\/PP water filter element\" data-=\"\" data-lazy=\"2\" title=\"\"><\/p>\n<p>&nbsp;<\/p>\n<p>&nbsp;<\/p>\n<p>&nbsp;<\/p>\n<p>&nbsp;<\/p>\n<p>&nbsp;<\/p>\n<p>&nbsp;<\/p>\n<p>Por favor, n\u00e3o hesite em contactar-nos para mais detalhes ou cota\u00e7\u00f5es<\/p>\n<p>se estiver interessado nos nossos produtos ou na nossa empresa :)<\/p>\n<p>&nbsp;<\/p>\n<p>&nbsp;<\/p>\n<p>&nbsp;<\/p>\n<p>&nbsp;<\/p>\n<p><strong>As minhas informa\u00e7\u00f5es de contacto -----<\/strong><\/p>\n<p><img decoding=\"async\" src=\"https:\/\/img.yfisher.com\/m6076\/1725727044sd3\/jpg70-t3-scale100.webp\" alt=\"Filtro de sedimentos de vinho azul grande de 10 20 polegadas de alta filtra\u00e7\u00e3o\/elemento de filtro de \u00e1gua PP 23\" data-alt=\"High filtration 10 20 inch big blue wine sediment filter\/PP water filter element\" data-=\"\" data-lazy=\"2\" title=\"\"><\/p>\n<\/div>\n<\/div>\n<div data-module=\"detailMarketPackage\"><\/div>\n<div data-module=\"productAuth\"><\/div>\n<\/div>\n<\/div>\n<div class=\"diffStatement\">\u00c9 um produto muito procurado neste sector e popular entre muitos clientes. A camada de suporte interna est\u00e1 intimamente ligada ao material do filtro, tornando-o de forte resist\u00eancia ao impacto. Lvyuan Equipamento de purifica\u00e7\u00e3o de \u00e1gua construiu uma alta reputa\u00e7\u00e3o entre os clientes por grandes esfor\u00e7os em\u00a0<a href=\"https:\/\/lyfilter.com\/pt\/products.html\/\">cartuchos de filtro de \u00e1gua<\/a>\u00a0e promo\u00e7\u00e3o pesada. A camada de suporte interior est\u00e1 intimamente ligada ao material filtrante, o que lhe confere uma forte resist\u00eancia ao impacto.<\/div>","protected":false},"excerpt":{"rendered":"<table>\n<thead>\n<tr>\n<th><strong>Campo<\/strong><\/th>\n<th><strong>Valor<\/strong><\/th>\n<\/tr>\n<\/thead>\n<tbody>\n<tr>\n<td>Sectores aplic\u00e1veis<\/td>\n<td>Hot\u00e9is, lojas de vestu\u00e1rio, lojas de materiais de constru\u00e7\u00e3o, f\u00e1bricas, lojas de repara\u00e7\u00e3o de m\u00e1quinas, f\u00e1bricas de alimentos e bebidas, quintas, restaurantes, uso dom\u00e9stico, com\u00e9rcio a retalho, lojas de alimentos, gr\u00e1ficas, obras de constru\u00e7\u00e3o, energia e minas, lojas de alimentos e bebidas, empresas de publicidade<\/td>\n<\/tr>\n<tr>\n<td>Local de origem<\/td>\n<td>China<\/td>\n<\/tr>\n<tr>\n<td>Nome da marca<\/td>\n<td>Personalizado<\/td>\n<\/tr>\n<tr>\n<td>Material<\/td>\n<td>Personalizado, PP, Polipropileno<\/td>\n<\/tr>\n<tr>\n<td>Peso<\/td>\n<td>Personalizado<\/td>\n<\/tr>\n<tr>\n<td>Tamanho<\/td>\n<td>Personalizado<\/td>\n<\/tr>\n<tr>\n<td>Pot\u00eancia<\/td>\n<td>0<\/td>\n<\/tr>\n<tr>\n<td>Garantia<\/td>\n<td>1 ano<\/td>\n<\/tr>\n<tr>\n<td>Servi\u00e7o p\u00f3s-venda prestado<\/td>\n<td>Apoio em linha<\/td>\n<\/tr>\n<tr>\n<td>Nome do produto<\/td>\n<td>Filtro de sedimentos de vinho Big Blue de 10\/20 polegadas \/ elemento filtrante de \u00e1gua PP<\/td>\n<\/tr>\n<tr>\n<td>Tipo de filtro<\/td>\n<td>Ranhura, grava\u00e7\u00e3o em relevo, pontos, log\u00f3tipo da empresa<\/td>\n<\/tr>\n<tr>\n<td>Comprimento<\/td>\n<td>10 \/ 20 polegadas<\/td>\n<\/tr>\n<tr>\n<td>Di\u00e2metro exterior<\/td>\n<td>60-65 mm<\/td>\n<\/tr>\n<tr>\n<td>Micron<\/td>\n<td>1-100 m\u00edcrones<\/td>\n<\/tr>\n<tr>\n<td>Di\u00e2metro interno<\/td>\n<td>28 mm \/ 30 mm<\/td>\n<\/tr>\n<tr>\n<td>Interface do filtro<\/td>\n<td>Tipo plano, Tipo 222, Tipo 226, Tipo 215<\/td>\n<\/tr>\n<tr>\n<td>Temperatura mais elevada<\/td>\n<td>80\u2103<\/td>\n<\/tr>\n<tr>\n<td>Queda de press\u00e3o de trabalho<\/td>\n<td>0,1 kgf\/c\u33a1<\/td>\n<\/tr>\n<\/tbody>\n<\/table>","protected":false},"featured_media":855,"comment_status":"open","ping_status":"closed","template":"","meta":{"_gspb_post_css":""},"product_brand":[],"product_cat":[23,17],"product_tag":[327,362,359,360,363,361],"class_list":{"0":"post-849","1":"product","2":"type-product","3":"status-publish","4":"has-post-thumbnail","6":"product_cat-pp-filter-cartridge","7":"product_cat-sediment-filter","8":"product_tag-1-100-micron-filter","9":"product_tag-10-20-inch-cartridge","10":"product_tag-big-blue-sediment-filter","11":"product_tag-pp-water-filter-element","12":"product_tag-type-222-226-interface","13":"product_tag-wine-sediment-filtration","15":"first","16":"instock","17":"shipping-taxable","18":"product-type-simple"},"_links":{"self":[{"href":"https:\/\/lyfilter.com\/pt\/wp-json\/wp\/v2\/product\/849","targetHints":{"allow":["GET"]}}],"collection":[{"href":"https:\/\/lyfilter.com\/pt\/wp-json\/wp\/v2\/product"}],"about":[{"href":"https:\/\/lyfilter.com\/pt\/wp-json\/wp\/v2\/types\/product"}],"replies":[{"embeddable":true,"href":"https:\/\/lyfilter.com\/pt\/wp-json\/wp\/v2\/comments?post=849"}],"wp:featuredmedia":[{"embeddable":true,"href":"https:\/\/lyfilter.com\/pt\/wp-json\/wp\/v2\/media\/855"}],"wp:attachment":[{"href":"https:\/\/lyfilter.com\/pt\/wp-json\/wp\/v2\/media?parent=849"}],"wp:term":[{"taxonomy":"product_brand","embeddable":true,"href":"https:\/\/lyfilter.com\/pt\/wp-json\/wp\/v2\/product_brand?post=849"},{"taxonomy":"product_cat","embeddable":true,"href":"https:\/\/lyfilter.com\/pt\/wp-json\/wp\/v2\/product_cat?post=849"},{"taxonomy":"product_tag","embeddable":true,"href":"https:\/\/lyfilter.com\/pt\/wp-json\/wp\/v2\/product_tag?post=849"}],"curies":[{"name":"wp","href":"https:\/\/api.w.org\/{rel}","templated":true}]}}